{"id":9303,"date":"2025-02-10T11:38:07","date_gmt":"2025-02-10T10:38:07","guid":{"rendered":"https:\/\/parnassius-apollo.life\/informacje-o-uczestnikach"},"modified":"2025-02-10T11:38:12","modified_gmt":"2025-02-10T10:38:12","slug":"informacje-o-uczestnikach","status":"publish","type":"page","link":"https:\/\/parnassius-apollo.life\/pl\/informacje-o-uczestnikach","title":{"rendered":"Informacje o uczestnikach"},"content":{"rendered":"\n<p>Dzi\u0119kujemy za zainteresowanie konferencj\u0105 inauguruj\u0105c\u0105 projekt LIFE Apollo2020 <strong>Nauka, ekologia i innowacje dla ochrony <em>Parnassius apollo<\/em> w Europie \u015arodkowej<\/strong>. Z niecierpliwo\u015bci\u0105 czekamy na inspiruj\u0105ce prelekcje i owocne dyskusje w Jeleniej G\u00f3rze i online <\/p>\n\n<p>Poni\u017cej znajduj\u0105 si\u0119 wszystkie istotne informacje <strong>dla uczestnik\u00f3w na miejscu. <\/strong>Uczestnicy online otrzymaj\u0105 wiadomo\u015b\u0107 e-mail dotycz\u0105c\u0105 po\u0142\u0105czenia online w odpowiednim czasie przed konferencj\u0105. W razie jakichkolwiek pyta\u0144 prosimy o kontakt: <a href=\"mailto:info@apollo-2020.life\" target=\"_blank\" rel=\"noreferrer noopener\">info@apollo-2020.life<\/a> <\/p>\n\n<h4 class=\"wp-block-heading\">Data i miejsce<\/h4>\n\n<p>Konferencja odb\u0119dzie si\u0119 w dniach 19 &#8211; 21. wrze\u015bnia 2022 r. w <em>Centrum Przyrodniczo-Edukacyjnym Karkonoskiego Parku Narodowego &#8211; Pa\u0142acu Sobiesz\u00f3w<\/em>: <\/p>\n\n<div class=\"ghostkit-icon-box ghostkit-has-frame ghostkit-custom-ZVrNUI\"><div class=\"ghostkit-icon-box-content is-layout-flow wp-block-ghostkit-icon-box-is-layout-flow\">\n<p>Adres: <a href=\"https:\/\/www.google.pl\/maps\/place\/Centrum+Muzealno-+Edukacyjne+Karkonoskiego+Parku+Narodowego\/@50.845573,15.6386632,17z\/data=!4m5!3m4!1s0x470edc5751e11bdf:0xe7b64112bb880dc8!8m2!3d50.8455696!4d15.6408519?shorturl=1\">Cieplicka 196 \/ Karkonoska 3\/4, 58-570 Jelenia G\u00f3ra, Polska<\/a><\/p>\n<\/div><\/div>\n\n<p>Obiekt nale\u017cy do <a href=\"https:\/\/kpnmab.pl\/en\/lang\" target=\"_blank\" rel=\"noreferrer noopener\">Karkonoskiego Parku Narodowego <\/a>i jest nowo odrestaurowanym zabytkowym zespo\u0142em dworsko-pa\u0142acowym z <sup>XVIII\/XIX<\/sup> wieku, obecnie przystosowanym do cel\u00f3w edukacyjnych oraz organizacji imprez i ekspozycji.<\/p>\n\n<p>Oferuje<\/p>\n\n<ul class=\"wp-block-list\"><li>sala konferencyjna dla oko\u0142o 150 os\u00f3b<\/li><li>2 mniejsze sale warsztatowe dla 34 i 40 os\u00f3b<\/li><li>parking na 36 samochod\u00f3w, 5 autobus\u00f3w i 2 miejsca dla os\u00f3b niepe\u0142nosprawnych<\/li><\/ul>\n\n<h4 class=\"wp-block-heading\">Jak si\u0119 tam dosta\u0107<\/h4>\n\n<p><strong>Poci\u0105giem<\/strong> &#8211; stacja kolejowa Jelenia G\u00f3ra Sobiesz\u00f3w, ok. 2,5 godziny od Dworca G\u0142\u00f3wnego we Wroc\u0142awiu; nast\u0119pnie 10 minut spacerem do Pa\u0142acu Sobiesz\u00f3w.<a href=\"https:\/\/goo.gl\/maps\/WrDpUvGSoioZV6R47\"> \u0141\u0105cznie ok. 3 h z Wroc\u0142awia<\/a>. <\/p>\n\n<p><strong>Autobusem<\/strong> &#8211; autobus z <a href=\"https:\/\/www.google.com\/maps\/dir\/Dworzec+Autobusowy,+Sucha+1,+50-086+Wroc%C5%82aw\/Dworzec+autobusowy,+Obro%C5%84c%C3%B3w+Pokoju,+Jelenia+G%C3%B3ra\/@50.952175,15.817801,9z\/am=t\/data=!4m13!4m12!1m5!1m1!1s0x470fc26f63029151:0x6a147999cb74be1d!2m2!1d17.0361618!2d51.0971321!1m5!1m1!1s0x470ede3119edede5:0xab024a993a6ed5d5!2m2!1d15.7318162!2d50.9055303?shorturl=1\" target=\"_blank\" rel=\"noreferrer noopener\">Dworca Autobusowego we Wroc\u0142awiu (ul. Sucha 1\/11) do Dworca Autobusowego w Jeleniej G\u00f3rze (ul. Obro\u0144c\u00f3w Pokoju 1B)<\/a> nast\u0119pnie z <a href=\"https:\/\/www.google.com\/maps\/dir\/Podwale+02+%7C+Przystanek+autobusowy,+58-500+Jelenia+G%C3%B3ra\/Centrum+Muzealno-+Edukacyjne+Karkonoskiego+Parku+Narodowego,+Karkonoska,+Jelenia+G%C3%B3ra\/@50.8750312,15.6516983,13z\/am=t\/data=!4m15!4m14!1m5!1m1!1s0x470edf49f01aee2b:0x1d59f5aaf9c457d5!2m2!1d15.7318449!2d50.9045745!1m5!1m1!1s0x470edc5751e11bdf:0xe7b64112bb880dc8!2m2!1d15.6408519!2d50.8455696!2m1!5e0?shorturl=1\">przystanku Podwale (na prawo od Galerii Nowy Rynek) do przystanku Jelenia G\u00f3ra Sobiesz\u00f3w<\/a>. W sumie oko\u0142o 3 h z Wroc\u0142awia. <\/p>\n\n<p><strong>Samochodem<\/strong> &#8211; <a href=\"https:\/\/www.google.pl\/maps\/dir\/50.8634107,15.6070364\/Centrum+Muzealno-+Edukacyjne+Karkonoskiego+Parku+Narodowego,+Karkonoska+4,+58-570+Jelenia+G%C3%B3ra\/@50.8544155,15.6157477,15z\/am=t\/data=!4m9!4m8!1m0!1m5!1m1!1s0x470edc5751e11bdf:0xe7b64112bb880dc8!2m2!1d15.6408519!2d50.8455696!3e0?shorturl=1\" target=\"_blank\" rel=\"noreferrer noopener\">droga krajowa nr. 3, skr\u0119t na Sobiesz\u00f3w w Piechowicach &#8211; Pakoszowie, Pa\u0142ac znajduje si\u0119 3,6 km od drogi.<\/a><\/p>\n\n<p><strong>Samolotem <\/strong> &#8211; z Wroc\u0142awia: autobus 106 z lotniska we Wroc\u0142awiu do dworca kolejowego Wroc\u0142aw G\u0142\u00f3wny, nast\u0119pnie poci\u0105g lub autobus do Jeleniej G\u00f3ry Sobiesz\u00f3w;  <br\/><\/p>\n\n<p>Po\u0142\u0105czenia autobusowe\/poci\u0105gowe mo\u017cna wyszuka\u0107 na <a href=\"https:\/\/en.e-podroznik.pl\/public\/searchingResultsVW.do?startCity=Wroc%C5%82aw&amp;forward=url&amp;tabToken=d06751b0d1409f4c9e32aa62fe04b1d0&amp;toV=c%7C3991&amp;endCity=Jelenia+G%C3%B3ra&amp;fromV=c%7C13019&amp;tseVw=regularP\">tej stronie:<\/a><\/p>\n\n<h4 class=\"wp-block-heading\">Zalecenia dotycz\u0105ce zakwaterowania<\/h4>\n\n<p>Dla uczestnik\u00f3w podr\u00f3\u017cuj\u0105cych transportem publicznym<\/p>\n\n<figure class=\"wp-block-table alignwide is-style-stripes\"><table class=\"has-fixed-layout\"><thead><tr><th class=\"has-text-align-center\" data-align=\"center\">Hotel<\/th><th class=\"has-text-align-center\" data-align=\"center\">Standard<\/th><th class=\"has-text-align-center\" data-align=\"center\"><strong>Pok\u00f3j jednoosobowy na 3 noce (PLN)<\/strong><\/th><th class=\"has-text-align-center\" data-align=\"center\"><strong>Pok\u00f3j dwuosobowy na 3 noce (PLN)<\/strong><\/th><\/tr><\/thead><tbody><tr><td class=\"has-text-align-center\" data-align=\"center\"><a href=\"https:\/\/www.hotelbella.pl\/\" target=\"_blank\" rel=\"noreferrer noopener\"><strong>Hotel Bella<\/strong><\/a>  <a href=\"https:\/\/goo.gl\/maps\/rcSMT6YpWpA1YH2K6\" target=\"_blank\" rel=\"noreferrer noopener\"><em>lokalizacja<\/em><\/a><\/td><td class=\"has-text-align-center\" data-align=\"center\">Hotel ***<\/td><td class=\"has-text-align-center\" data-align=\"center\">486 &#8211; 525  <\/td><td class=\"has-text-align-center\" data-align=\"center\">741 &#8211; 873<\/td><\/tr><tr><td class=\"has-text-align-center\" data-align=\"center\"><strong><a href=\"https:\/\/hotelcieplice.pl\/\" target=\"_blank\" rel=\"noreferrer noopener\">Hotel Cieplice MEDI&amp;SPA<\/a><\/strong> <a href=\"https:\/\/goo.gl\/maps\/aXtBi7A84TZKxpeZ7\" target=\"_blank\" rel=\"noreferrer noopener\"><em>lokalizacja<\/em><\/a><\/td><td class=\"has-text-align-center\" data-align=\"center\">Hotel ***<\/td><td class=\"has-text-align-center\" data-align=\"center\">540 &#8211; 675    <\/td><td class=\"has-text-align-center\" data-align=\"center\">810 &#8211; 1230<\/td><\/tr><tr><td class=\"has-text-align-center\" data-align=\"center\"><strong><a href=\"https:\/\/uzdrowisko-cieplice.pl\/\" target=\"_blank\" rel=\"noreferrer noopener\">Edward<\/a><\/strong> <a href=\"https:\/\/goo.gl\/maps\/5E8jGQHYLPSWdh1o7\" target=\"_blank\" rel=\"noreferrer noopener\"><em>lokalizacja<\/em><\/a><\/td><td class=\"has-text-align-center\" data-align=\"center\">Uzdrowisko<\/td><td class=\"has-text-align-center\" data-align=\"center\">840 <\/td><td class=\"has-text-align-center\" data-align=\"center\">1176 &#8211; 1782<\/td><\/tr><tr><td class=\"has-text-align-center\" data-align=\"center\"><strong><a href=\"https:\/\/uzdrowisko-cieplice.pl\/\" target=\"_blank\" rel=\"noreferrer noopener\">D\u0142ugi Dom<\/a><\/strong> <em><a href=\"https:\/\/goo.gl\/maps\/VDJwey5737d8eYUM7\" target=\"_blank\" rel=\"noreferrer noopener\">lokalizacja<\/a><\/em><\/td><td class=\"has-text-align-center\" data-align=\"center\">Uzdrowisko **<\/td><td class=\"has-text-align-center\" data-align=\"center\">837 <\/td><td class=\"has-text-align-center\" data-align=\"center\">1176<\/td><\/tr><tr><td class=\"has-text-align-center\" data-align=\"center\"><strong><a href=\"http:\/\/caspar.pl\/\" target=\"_blank\" rel=\"noreferrer noopener\">Caspar<\/a> <\/strong><em><a href=\"https:\/\/g.page\/HotelRestauracjaCaspar?share\" target=\"_blank\" rel=\"noreferrer noopener\">lokalizacja<\/a><\/em><\/td><td class=\"has-text-align-center\" data-align=\"center\">Hotel ***<\/td><td class=\"has-text-align-center\" data-align=\"center\">540 &#8211; 690    <\/td><td class=\"has-text-align-center\" data-align=\"center\">870 &#8211; 1 410<\/td><\/tr><tr><td class=\"has-text-align-center\" data-align=\"center\"><strong><a href=\"http:\/\/orlegniazdo.jga.pl\/\" target=\"_blank\" rel=\"noreferrer noopener\">Pensjonat Orle Gniazdo<\/a><\/strong> <em><a href=\"https:\/\/g.page\/Pensjonat-Orle-Gniazdo?share\" target=\"_blank\" rel=\"noreferrer noopener\">lokalizacja<\/a><\/em><\/td><td class=\"has-text-align-center\" data-align=\"center\">Pensjonat<\/td><td class=\"has-text-align-center\" data-align=\"center\">336 &#8211; 400  <\/td><td class=\"has-text-align-center\" data-align=\"center\">396 &#8211; 468<\/td><\/tr><tr><td class=\"has-text-align-center\" data-align=\"center\"><a href=\"https:\/\/dom-wrzosowka.business.site\/\" target=\"_blank\" rel=\"noreferrer noopener\"><strong>Dom Wrzos\u00f3wka<\/strong><\/a> <a href=\"https:\/\/g.page\/DomWrzosowka?share\"><em>lokalizacja<\/em><\/a><\/td><td class=\"has-text-align-center\" data-align=\"center\">Pensjonat<\/td><td class=\"has-text-align-center\" data-align=\"center\">384 <\/td><td class=\"has-text-align-center\" data-align=\"center\">410 &#8211; 509<\/td><\/tr><tr><td class=\"has-text-align-center\" data-align=\"center\"><strong><a href=\"https:\/\/jagniatkowakoliba.pl\/\" target=\"_blank\" rel=\"noreferrer noopener\">Jagni\u0105tkowa Koliba<\/a><\/strong> <em><a href=\"https:\/\/g.page\/StaraWilla?share\" target=\"_blank\" rel=\"noreferrer noopener\">lokalizacja<\/a><\/em><\/td><td class=\"has-text-align-center\" data-align=\"center\">Pensjonat<\/td><td class=\"has-text-align-center\" data-align=\"center\">540 <\/td><td class=\"has-text-align-center\" data-align=\"center\">885<\/td><\/tr><tr><td class=\"has-text-align-center\" data-align=\"center\"><a href=\"https:\/\/www.booking.com\/hotel\/pl\/stara-willa.pl.html\"><strong>Stara Willa<\/strong><\/a> <a href=\"https:\/\/g.page\/StaraWilla?share\"><em>lokalizacja<\/em><\/a><\/td><td class=\"has-text-align-center\" data-align=\"center\">Pensjonat<\/td><td class=\"has-text-align-center\" data-align=\"center\">480 &#8211; 600  <\/td><td class=\"has-text-align-center\" data-align=\"center\">540 &#8211; 720<\/td><\/tr><\/tbody><\/table><\/figure>\n\n<p>Dla uczestnik\u00f3w podr\u00f3\u017cuj\u0105cych samochodem (nie\u0142atwy dost\u0119p \u015brodkami transportu publicznego)<\/p>\n\n<figure class=\"wp-block-table alignwide is-style-stripes\"><table class=\"has-fixed-layout\"><thead><tr><th class=\"has-text-align-center\" data-align=\"center\"><strong>Hotel<\/strong><\/th><th class=\"has-text-align-center\" data-align=\"center\"><strong>Standard<\/strong><\/th><th class=\"has-text-align-center\" data-align=\"center\"><strong>Pok\u00f3j jednoosobowy na 3 noce (PLN)<\/strong><\/th><th class=\"has-text-align-center\" data-align=\"center\"><strong>Pok\u00f3j dwuosobowy na 3 noce (PLN)<\/strong><\/th><\/tr><\/thead><tbody><tr><td class=\"has-text-align-center\" data-align=\"center\"><strong><a href=\"http:\/\/idar.pl\/\" target=\"_blank\" rel=\"noreferrer noopener\">Idar Apartamenty<\/a><\/strong> <em><a href=\"https:\/\/goo.gl\/maps\/2ynAhH6prR681z8j9\" target=\"_blank\" rel=\"noreferrer noopener\">lokalizacja<\/a><\/em><\/td><td class=\"has-text-align-center\" data-align=\"center\">Apartamenty<\/td><td class=\"has-text-align-center\" data-align=\"center\">510 &#8211; 690<\/td><td class=\"has-text-align-center\" data-align=\"center\">630-780<\/td><\/tr><tr><td class=\"has-text-align-center\" data-align=\"center\"><a href=\"https:\/\/www.palac-pakoszow.pl\/\" target=\"_blank\" rel=\"noreferrer noopener\"><strong>Pa\u0142ac Pakosz\u00f3w<\/strong><\/a> <em><a href=\"https:\/\/g.page\/palacpakoszow?share\" target=\"_blank\" rel=\"noreferrer noopener\">lokalizacja<\/a><\/em><\/td><td class=\"has-text-align-center\" data-align=\"center\">Hotel *****<\/td><td class=\"has-text-align-center\" data-align=\"center\">1 197 &#8211; 2 865<\/td><td class=\"has-text-align-center\" data-align=\"center\">1 197 &#8211; 3 030<\/td><\/tr><tr><td class=\"has-text-align-center\" data-align=\"center\"><strong><a href=\"https:\/\/zasiodmagora.pl\/\" target=\"_blank\" rel=\"noreferrer noopener\">Za Si\u00f3dm\u0105 G\u00f3r\u0105<\/a><\/strong> <a href=\"https:\/\/goo.gl\/maps\/B3mUGWTdCvHhjhTs5\" target=\"_blank\" rel=\"noreferrer noopener\"><em>lokalizacja<\/em><\/a><\/td><td class=\"has-text-align-center\" data-align=\"center\">Pensjonat<\/td><td class=\"has-text-align-center\" data-align=\"center\">750 &#8211; 900  <\/td><td class=\"has-text-align-center\" data-align=\"center\">750 &#8211; 900<\/td><\/tr><tr><td class=\"has-text-align-center\" data-align=\"center\"><strong><a href=\"https:\/\/hotelconcordia.pl\/\" target=\"_blank\" rel=\"noreferrer noopener\">Hotel Concordia<\/a> <\/strong><a href=\"https:\/\/goo.gl\/maps\/B3mUGWTdCvHhjhTs5\" target=\"_blank\" rel=\"noreferrer noopener\"><em>lokalizacja<\/em><\/a><\/td><td class=\"has-text-align-center\" data-align=\"center\">Hotel ***<\/td><td class=\"has-text-align-center\" data-align=\"center\">930 &#8211; 1 290<\/td><td class=\"has-text-align-center\" data-align=\"center\">1 080 &#8211; 1 560<\/td><\/tr><tr><td class=\"has-text-align-center\" data-align=\"center\"><strong><a href=\"https:\/\/www.jeleniagorahotel.pl\/\" target=\"_blank\" rel=\"noreferrer noopener\">Mercure Jelenia G\u00f3ra<\/a><\/strong> <a href=\"https:\/\/goo.gl\/maps\/PHwQP8i3mbf4wKqW7\" target=\"_blank\" rel=\"noreferrer noopener\"><em>lokalizacja<\/em><\/a><\/td><td class=\"has-text-align-center\" data-align=\"center\">Hotel ***<\/td><td class=\"has-text-align-center\" data-align=\"center\">660 &#8211; 1 017<\/td><td class=\"has-text-align-center\" data-align=\"center\">660 &#8211; 1164<\/td><\/tr><\/tbody><\/table><\/figure>\n","protected":false},"excerpt":{"rendered":"<p>Dzi\u0119kujemy za zainteresowanie konferencj\u0105 inauguruj\u0105c\u0105 projekt LIFE Apollo2020 Nauka, ekologia i innowacje dla ochrony Parnassius apollo w Europie \u015arodkowej. Z<\/p>\n","protected":false},"author":33,"featured_media":0,"parent":0,"menu_order":0,"comment_status":"closed","ping_status":"closed","template":"","meta":{"colormag_page_container_layout":"default_layout","colormag_page_sidebar_layout":"default_layout","ghostkit_customizer_options":"","ghostkit_custom_css":"","ghostkit_custom_js_head":"","ghostkit_custom_js_foot":"","ghostkit_typography":"","jetpack_post_was_ever_published":false,"footnotes":""},"class_list":["post-9303","page","type-page","status-publish","hentry"],"yoast_head":"<!-- This site is optimized with the Yoast SEO Premium plugin v27.4 (Yoast SEO v27.4) - https:\/\/yoast.com\/product\/yoast-seo-premium-wordpress\/ -->\n<title>Informacje o uczestnikach - Parnassius apollo project LIFE Apollo2020<\/title>\n<meta name=\"robots\" content=\"index, follow, max-snippet:-1, max-image-preview:large, max-video-preview:-1\" \/>\n<link rel=\"canonical\" href=\"https:\/\/parnassius-apollo.life\/pl\/informacje-o-uczestnikach\" \/>\n<meta property=\"og:locale\" content=\"pl_PL\" \/>\n<meta property=\"og:type\" content=\"article\" \/>\n<meta property=\"og:title\" content=\"Informacje o uczestnikach\" \/>\n<meta property=\"og:description\" content=\"Dzi\u0119kujemy za zainteresowanie konferencj\u0105 inauguruj\u0105c\u0105 projekt LIFE Apollo2020 Nauka, ekologia i innowacje dla ochrony Parnassius apollo w Europie \u015arodkowej. Z\" \/>\n<meta property=\"og:url\" content=\"https:\/\/parnassius-apollo.life\/pl\/informacje-o-uczestnikach\" \/>\n<meta property=\"og:site_name\" content=\"Parnassius apollo project LIFE Apollo2020\" \/>\n<meta property=\"article:modified_time\" content=\"2025-02-10T10:38:12+00:00\" \/>\n<meta property=\"og:image\" content=\"https:\/\/i0.wp.com\/parnassius-apollo.life\/wp-content\/uploads\/2022\/05\/LIFE_Apollo_Final-e1651506328254.png?fit=127%2C150&ssl=1\" \/>\n\t<meta property=\"og:image:width\" content=\"127\" \/>\n\t<meta property=\"og:image:height\" content=\"150\" \/>\n\t<meta property=\"og:image:type\" content=\"image\/png\" \/>\n<meta name=\"twitter:card\" content=\"summary_large_image\" \/>\n<meta name=\"twitter:label1\" content=\"Szacowany czas czytania\" \/>\n\t<meta name=\"twitter:data1\" content=\"2 minuty\" \/>\n<script type=\"application\/ld+json\" class=\"yoast-schema-graph\">{\"@context\":\"https:\\\/\\\/schema.org\",\"@graph\":[{\"@type\":\"WebPage\",\"@id\":\"https:\\\/\\\/parnassius-apollo.life\\\/pl\\\/informacje-o-uczestnikach\",\"url\":\"https:\\\/\\\/parnassius-apollo.life\\\/pl\\\/informacje-o-uczestnikach\",\"name\":\"Informacje o uczestnikach - Parnassius apollo project LIFE Apollo2020\",\"isPartOf\":{\"@id\":\"https:\\\/\\\/parnassius-apollo.life\\\/pl#website\"},\"datePublished\":\"2025-02-10T10:38:07+00:00\",\"dateModified\":\"2025-02-10T10:38:12+00:00\",\"breadcrumb\":{\"@id\":\"https:\\\/\\\/parnassius-apollo.life\\\/pl\\\/informacje-o-uczestnikach#breadcrumb\"},\"inLanguage\":\"pl-PL\",\"potentialAction\":[{\"@type\":\"ReadAction\",\"target\":[\"https:\\\/\\\/parnassius-apollo.life\\\/pl\\\/informacje-o-uczestnikach\"]}]},{\"@type\":\"BreadcrumbList\",\"@id\":\"https:\\\/\\\/parnassius-apollo.life\\\/pl\\\/informacje-o-uczestnikach#breadcrumb\",\"itemListElement\":[{\"@type\":\"ListItem\",\"position\":1,\"name\":\"Home\",\"item\":\"https:\\\/\\\/parnassius-apollo.life\\\/pl\"},{\"@type\":\"ListItem\",\"position\":2,\"name\":\"Informacje o uczestnikach\"}]},{\"@type\":\"WebSite\",\"@id\":\"https:\\\/\\\/parnassius-apollo.life\\\/pl#website\",\"url\":\"https:\\\/\\\/parnassius-apollo.life\\\/pl\",\"name\":\"Parnassius apollo project LIFE Apollo2020\",\"description\":\"Conservation of Parnassius apollo in Czechia, Poland and Austria\",\"publisher\":{\"@id\":\"https:\\\/\\\/parnassius-apollo.life\\\/pl#organization\"},\"potentialAction\":[{\"@type\":\"SearchAction\",\"target\":{\"@type\":\"EntryPoint\",\"urlTemplate\":\"https:\\\/\\\/parnassius-apollo.life\\\/pl?s={search_term_string}\"},\"query-input\":{\"@type\":\"PropertyValueSpecification\",\"valueRequired\":true,\"valueName\":\"search_term_string\"}}],\"inLanguage\":\"pl-PL\"},{\"@type\":\"Organization\",\"@id\":\"https:\\\/\\\/parnassius-apollo.life\\\/pl#organization\",\"name\":\"LIFE Apollo 2020\",\"alternateName\":\"Parnassius Apollo LIFE Project\",\"url\":\"https:\\\/\\\/parnassius-apollo.life\\\/pl\",\"logo\":{\"@type\":\"ImageObject\",\"inLanguage\":\"pl-PL\",\"@id\":\"https:\\\/\\\/parnassius-apollo.life\\\/pl#\\\/schema\\\/logo\\\/image\\\/\",\"url\":\"https:\\\/\\\/i0.wp.com\\\/parnassius-apollo.life\\\/wp-content\\\/uploads\\\/2022\\\/05\\\/LIFE_Apollo_Final-e1651506328254.png?fit=127%2C150&ssl=1\",\"contentUrl\":\"https:\\\/\\\/i0.wp.com\\\/parnassius-apollo.life\\\/wp-content\\\/uploads\\\/2022\\\/05\\\/LIFE_Apollo_Final-e1651506328254.png?fit=127%2C150&ssl=1\",\"width\":127,\"height\":150,\"caption\":\"LIFE Apollo 2020\"},\"image\":{\"@id\":\"https:\\\/\\\/parnassius-apollo.life\\\/pl#\\\/schema\\\/logo\\\/image\\\/\"},\"email\":\"info@apollo-2020.life\",\"legalName\":\"Karkonoski Park Narodowy\",\"numberOfEmployees\":{\"@type\":\"QuantitativeValue\",\"minValue\":\"51\",\"maxValue\":\"200\"}}]}<\/script>\n<!-- \/ Yoast SEO Premium plugin. -->","yoast_head_json":{"title":"Informacje o uczestnikach - Parnassius apollo project LIFE Apollo2020","robots":{"index":"index","follow":"follow","max-snippet":"max-snippet:-1","max-image-preview":"max-image-preview:large","max-video-preview":"max-video-preview:-1"},"canonical":"https:\/\/parnassius-apollo.life\/pl\/informacje-o-uczestnikach","og_locale":"pl_PL","og_type":"article","og_title":"Informacje o uczestnikach","og_description":"Dzi\u0119kujemy za zainteresowanie konferencj\u0105 inauguruj\u0105c\u0105 projekt LIFE Apollo2020 Nauka, ekologia i innowacje dla ochrony Parnassius apollo w Europie \u015arodkowej. Z","og_url":"https:\/\/parnassius-apollo.life\/pl\/informacje-o-uczestnikach","og_site_name":"Parnassius apollo project LIFE Apollo2020","article_modified_time":"2025-02-10T10:38:12+00:00","og_image":[{"width":127,"height":150,"url":"https:\/\/i0.wp.com\/parnassius-apollo.life\/wp-content\/uploads\/2022\/05\/LIFE_Apollo_Final-e1651506328254.png?fit=127%2C150&ssl=1","type":"image\/png"}],"twitter_card":"summary_large_image","twitter_misc":{"Szacowany czas czytania":"2 minuty"},"schema":{"@context":"https:\/\/schema.org","@graph":[{"@type":"WebPage","@id":"https:\/\/parnassius-apollo.life\/pl\/informacje-o-uczestnikach","url":"https:\/\/parnassius-apollo.life\/pl\/informacje-o-uczestnikach","name":"Informacje o uczestnikach - Parnassius apollo project LIFE Apollo2020","isPartOf":{"@id":"https:\/\/parnassius-apollo.life\/pl#website"},"datePublished":"2025-02-10T10:38:07+00:00","dateModified":"2025-02-10T10:38:12+00:00","breadcrumb":{"@id":"https:\/\/parnassius-apollo.life\/pl\/informacje-o-uczestnikach#breadcrumb"},"inLanguage":"pl-PL","potentialAction":[{"@type":"ReadAction","target":["https:\/\/parnassius-apollo.life\/pl\/informacje-o-uczestnikach"]}]},{"@type":"BreadcrumbList","@id":"https:\/\/parnassius-apollo.life\/pl\/informacje-o-uczestnikach#breadcrumb","itemListElement":[{"@type":"ListItem","position":1,"name":"Home","item":"https:\/\/parnassius-apollo.life\/pl"},{"@type":"ListItem","position":2,"name":"Informacje o uczestnikach"}]},{"@type":"WebSite","@id":"https:\/\/parnassius-apollo.life\/pl#website","url":"https:\/\/parnassius-apollo.life\/pl","name":"Parnassius apollo project LIFE Apollo2020","description":"Conservation of Parnassius apollo in Czechia, Poland and Austria","publisher":{"@id":"https:\/\/parnassius-apollo.life\/pl#organization"},"potentialAction":[{"@type":"SearchAction","target":{"@type":"EntryPoint","urlTemplate":"https:\/\/parnassius-apollo.life\/pl?s={search_term_string}"},"query-input":{"@type":"PropertyValueSpecification","valueRequired":true,"valueName":"search_term_string"}}],"inLanguage":"pl-PL"},{"@type":"Organization","@id":"https:\/\/parnassius-apollo.life\/pl#organization","name":"LIFE Apollo 2020","alternateName":"Parnassius Apollo LIFE Project","url":"https:\/\/parnassius-apollo.life\/pl","logo":{"@type":"ImageObject","inLanguage":"pl-PL","@id":"https:\/\/parnassius-apollo.life\/pl#\/schema\/logo\/image\/","url":"https:\/\/i0.wp.com\/parnassius-apollo.life\/wp-content\/uploads\/2022\/05\/LIFE_Apollo_Final-e1651506328254.png?fit=127%2C150&ssl=1","contentUrl":"https:\/\/i0.wp.com\/parnassius-apollo.life\/wp-content\/uploads\/2022\/05\/LIFE_Apollo_Final-e1651506328254.png?fit=127%2C150&ssl=1","width":127,"height":150,"caption":"LIFE Apollo 2020"},"image":{"@id":"https:\/\/parnassius-apollo.life\/pl#\/schema\/logo\/image\/"},"email":"info@apollo-2020.life","legalName":"Karkonoski Park Narodowy","numberOfEmployees":{"@type":"QuantitativeValue","minValue":"51","maxValue":"200"}}]}},"jetpack_likes_enabled":true,"jetpack_sharing_enabled":true,"_links":{"self":[{"href":"https:\/\/parnassius-apollo.life\/pl\/wp-json\/wp\/v2\/pages\/9303","targetHints":{"allow":["GET"]}}],"collection":[{"href":"https:\/\/parnassius-apollo.life\/pl\/wp-json\/wp\/v2\/pages"}],"about":[{"href":"https:\/\/parnassius-apollo.life\/pl\/wp-json\/wp\/v2\/types\/page"}],"author":[{"embeddable":true,"href":"https:\/\/parnassius-apollo.life\/pl\/wp-json\/wp\/v2\/users\/33"}],"replies":[{"embeddable":true,"href":"https:\/\/parnassius-apollo.life\/pl\/wp-json\/wp\/v2\/comments?post=9303"}],"version-history":[{"count":0,"href":"https:\/\/parnassius-apollo.life\/pl\/wp-json\/wp\/v2\/pages\/9303\/revisions"}],"wp:attachment":[{"href":"https:\/\/parnassius-apollo.life\/pl\/wp-json\/wp\/v2\/media?parent=9303"}],"curies":[{"name":"wp","href":"https:\/\/api.w.org\/{rel}","templated":true}]}}