{"id":8879,"date":"2025-01-01T14:30:04","date_gmt":"2025-01-01T13:30:04","guid":{"rendered":"https:\/\/parnassius-apollo.life\/biuletyn-informacyjny"},"modified":"2025-07-09T09:35:24","modified_gmt":"2025-07-09T07:35:24","slug":"biuletyn-informacyjny","status":"publish","type":"page","link":"https:\/\/parnassius-apollo.life\/pl\/biuletyn-informacyjny","title":{"rendered":"Biuletyn Informacyjny"},"content":{"rendered":"\n<h3 class=\"wp-block-heading\" id=\"h-stay-in-the-loop-with-parnassius-apollo2020\">\ud83c\udf3f B\u0105d\u017a na bie\u017c\u0105co z Parnassius apollo2020!<\/h3>\n\n<p>Witamy! To jest twoja brama do wszystkich najnowszych wiadomo\u015bci, spostrze\u017ce\u0144 i ekskluzywnych aktualizacji z <strong>projektu Parnassius apollo2020<\/strong>. Niezale\u017cnie od tego, czy jeste\u015b pasjonatem ochrony motyli, bior\u00f3\u017cnorodno\u015bci alpejskiej, czy po prostu jeste\u015b ciekawy, co dzieje si\u0119 za kulisami &#8211; to jest miejsce, w kt\u00f3rym musisz by\u0107.  <\/p>\n\n<p>\ud83d\udc8c <strong>Zarejestruj si\u0119 poni\u017cej<\/strong>, aby do\u0142\u0105czy\u0107 do naszej spo\u0142eczno\u015bci i jako pierwszy otrzymywa\u0107 ekscytuj\u0105ce historie, najwa\u017cniejsze informacje o badaniach, zaproszenia na wydarzenia i mo\u017cliwo\u015bci zaanga\u017cowania si\u0119.<\/p>\n\n<p>Razem chro\u0144my motyla Apollo!<\/p>\n<div class=\"tnp tnp-subscription \">\n<form method=\"post\" action=\"https:\/\/parnassius-apollo.life\/wp-admin\/admin-ajax.php?action=tnp&amp;na=s\">\n<input type=\"hidden\" name=\"nlang\" value=\"pl\">\n<div class=\"tnp-field tnp-field-firstname\"><label for=\"tnp-1\">First name or full name<\/label>\n<input class=\"tnp-name\" type=\"text\" name=\"nn\" id=\"tnp-1\" value=\"\" placeholder=\"\"><\/div>\n<div class=\"tnp-field tnp-field-email\"><label for=\"tnp-2\">Email<\/label>\n<input class=\"tnp-email\" type=\"email\" name=\"ne\" id=\"tnp-2\" value=\"\" placeholder=\"\" required><\/div>\n<div class=\"tnp-field tnp-privacy-field\"><label><input type=\"checkbox\" name=\"ny\" required class=\"tnp-privacy\"> By continuing, you accept the privacy policy<\/label><\/div><div class=\"tnp-field tnp-field-button\" style=\"text-align: left\"><input class=\"tnp-submit\" type=\"submit\" value=\"Subscribe\" style=\"\">\n<\/div>\n<\/form>\n<\/div>\n\n","protected":false},"excerpt":{"rendered":"<p>\ud83c\udf3f B\u0105d\u017a na bie\u017c\u0105co z Parnassius apollo2020! Witamy! To jest twoja brama do wszystkich najnowszych wiadomo\u015bci, spostrze\u017ce\u0144 i ekskluzywnych aktualizacji<\/p>\n","protected":false},"author":1,"featured_media":0,"parent":0,"menu_order":0,"comment_status":"closed","ping_status":"closed","template":"","meta":{"colormag_page_container_layout":"default_layout","colormag_page_sidebar_layout":"default_layout","ghostkit_customizer_options":"","ghostkit_custom_css":"","ghostkit_custom_js_head":"","ghostkit_custom_js_foot":"","ghostkit_typography":"","jetpack_post_was_ever_published":false,"footnotes":""},"class_list":["post-8879","page","type-page","status-publish","hentry"],"yoast_head":"<!-- This site is optimized with the Yoast SEO Premium plugin v27.4 (Yoast SEO v27.4) - https:\/\/yoast.com\/product\/yoast-seo-premium-wordpress\/ -->\n<title>Biuletyn Informacyjny - Parnassius apollo project LIFE Apollo2020<\/title>\n<meta name=\"robots\" content=\"index, follow, max-snippet:-1, max-image-preview:large, max-video-preview:-1\" \/>\n<link rel=\"canonical\" href=\"https:\/\/parnassius-apollo.life\/pl\/biuletyn-informacyjny\" \/>\n<meta property=\"og:locale\" content=\"pl_PL\" \/>\n<meta property=\"og:type\" content=\"article\" \/>\n<meta property=\"og:title\" content=\"Biuletyn Informacyjny\" \/>\n<meta property=\"og:description\" content=\"\ud83c\udf3f B\u0105d\u017a na bie\u017c\u0105co z Parnassius apollo2020! Witamy! To jest twoja brama do wszystkich najnowszych wiadomo\u015bci, spostrze\u017ce\u0144 i ekskluzywnych aktualizacji\" \/>\n<meta property=\"og:url\" content=\"https:\/\/parnassius-apollo.life\/pl\/biuletyn-informacyjny\" \/>\n<meta property=\"og:site_name\" content=\"Parnassius apollo project LIFE Apollo2020\" \/>\n<meta property=\"article:modified_time\" content=\"2025-07-09T07:35:24+00:00\" \/>\n<meta property=\"og:image\" content=\"https:\/\/i0.wp.com\/parnassius-apollo.life\/wp-content\/uploads\/2022\/05\/LIFE_Apollo_Final-e1651506328254.png?fit=127%2C150&ssl=1\" \/>\n\t<meta property=\"og:image:width\" content=\"127\" \/>\n\t<meta property=\"og:image:height\" content=\"150\" \/>\n\t<meta property=\"og:image:type\" content=\"image\/png\" \/>\n<meta name=\"twitter:card\" content=\"summary_large_image\" \/>\n<script type=\"application\/ld+json\" class=\"yoast-schema-graph\">{\"@context\":\"https:\\\/\\\/schema.org\",\"@graph\":[{\"@type\":\"WebPage\",\"@id\":\"https:\\\/\\\/parnassius-apollo.life\\\/pl\\\/biuletyn-informacyjny\",\"url\":\"https:\\\/\\\/parnassius-apollo.life\\\/pl\\\/biuletyn-informacyjny\",\"name\":\"Biuletyn Informacyjny - Parnassius apollo project LIFE Apollo2020\",\"isPartOf\":{\"@id\":\"https:\\\/\\\/parnassius-apollo.life\\\/pl#website\"},\"datePublished\":\"2025-01-01T13:30:04+00:00\",\"dateModified\":\"2025-07-09T07:35:24+00:00\",\"breadcrumb\":{\"@id\":\"https:\\\/\\\/parnassius-apollo.life\\\/pl\\\/biuletyn-informacyjny#breadcrumb\"},\"inLanguage\":\"pl-PL\",\"potentialAction\":[{\"@type\":\"ReadAction\",\"target\":[\"https:\\\/\\\/parnassius-apollo.life\\\/pl\\\/biuletyn-informacyjny\"]}]},{\"@type\":\"BreadcrumbList\",\"@id\":\"https:\\\/\\\/parnassius-apollo.life\\\/pl\\\/biuletyn-informacyjny#breadcrumb\",\"itemListElement\":[{\"@type\":\"ListItem\",\"position\":1,\"name\":\"Home\",\"item\":\"https:\\\/\\\/parnassius-apollo.life\\\/pl\"},{\"@type\":\"ListItem\",\"position\":2,\"name\":\"Biuletyn Informacyjny\"}]},{\"@type\":\"WebSite\",\"@id\":\"https:\\\/\\\/parnassius-apollo.life\\\/pl#website\",\"url\":\"https:\\\/\\\/parnassius-apollo.life\\\/pl\",\"name\":\"Parnassius apollo project LIFE Apollo2020\",\"description\":\"Conservation of Parnassius apollo in Czechia, Poland and Austria\",\"publisher\":{\"@id\":\"https:\\\/\\\/parnassius-apollo.life\\\/pl#organization\"},\"potentialAction\":[{\"@type\":\"SearchAction\",\"target\":{\"@type\":\"EntryPoint\",\"urlTemplate\":\"https:\\\/\\\/parnassius-apollo.life\\\/pl?s={search_term_string}\"},\"query-input\":{\"@type\":\"PropertyValueSpecification\",\"valueRequired\":true,\"valueName\":\"search_term_string\"}}],\"inLanguage\":\"pl-PL\"},{\"@type\":\"Organization\",\"@id\":\"https:\\\/\\\/parnassius-apollo.life\\\/pl#organization\",\"name\":\"LIFE Apollo 2020\",\"alternateName\":\"Parnassius Apollo LIFE Project\",\"url\":\"https:\\\/\\\/parnassius-apollo.life\\\/pl\",\"logo\":{\"@type\":\"ImageObject\",\"inLanguage\":\"pl-PL\",\"@id\":\"https:\\\/\\\/parnassius-apollo.life\\\/pl#\\\/schema\\\/logo\\\/image\\\/\",\"url\":\"https:\\\/\\\/i0.wp.com\\\/parnassius-apollo.life\\\/wp-content\\\/uploads\\\/2022\\\/05\\\/LIFE_Apollo_Final-e1651506328254.png?fit=127%2C150&ssl=1\",\"contentUrl\":\"https:\\\/\\\/i0.wp.com\\\/parnassius-apollo.life\\\/wp-content\\\/uploads\\\/2022\\\/05\\\/LIFE_Apollo_Final-e1651506328254.png?fit=127%2C150&ssl=1\",\"width\":127,\"height\":150,\"caption\":\"LIFE Apollo 2020\"},\"image\":{\"@id\":\"https:\\\/\\\/parnassius-apollo.life\\\/pl#\\\/schema\\\/logo\\\/image\\\/\"},\"email\":\"info@apollo-2020.life\",\"legalName\":\"Karkonoski Park Narodowy\",\"numberOfEmployees\":{\"@type\":\"QuantitativeValue\",\"minValue\":\"51\",\"maxValue\":\"200\"}}]}<\/script>\n<!-- \/ Yoast SEO Premium plugin. -->","yoast_head_json":{"title":"Biuletyn Informacyjny - Parnassius apollo project LIFE Apollo2020","robots":{"index":"index","follow":"follow","max-snippet":"max-snippet:-1","max-image-preview":"max-image-preview:large","max-video-preview":"max-video-preview:-1"},"canonical":"https:\/\/parnassius-apollo.life\/pl\/biuletyn-informacyjny","og_locale":"pl_PL","og_type":"article","og_title":"Biuletyn Informacyjny","og_description":"\ud83c\udf3f B\u0105d\u017a na bie\u017c\u0105co z Parnassius apollo2020! Witamy! To jest twoja brama do wszystkich najnowszych wiadomo\u015bci, spostrze\u017ce\u0144 i ekskluzywnych aktualizacji","og_url":"https:\/\/parnassius-apollo.life\/pl\/biuletyn-informacyjny","og_site_name":"Parnassius apollo project LIFE Apollo2020","article_modified_time":"2025-07-09T07:35:24+00:00","og_image":[{"width":127,"height":150,"url":"https:\/\/i0.wp.com\/parnassius-apollo.life\/wp-content\/uploads\/2022\/05\/LIFE_Apollo_Final-e1651506328254.png?fit=127%2C150&ssl=1","type":"image\/png"}],"twitter_card":"summary_large_image","schema":{"@context":"https:\/\/schema.org","@graph":[{"@type":"WebPage","@id":"https:\/\/parnassius-apollo.life\/pl\/biuletyn-informacyjny","url":"https:\/\/parnassius-apollo.life\/pl\/biuletyn-informacyjny","name":"Biuletyn Informacyjny - Parnassius apollo project LIFE Apollo2020","isPartOf":{"@id":"https:\/\/parnassius-apollo.life\/pl#website"},"datePublished":"2025-01-01T13:30:04+00:00","dateModified":"2025-07-09T07:35:24+00:00","breadcrumb":{"@id":"https:\/\/parnassius-apollo.life\/pl\/biuletyn-informacyjny#breadcrumb"},"inLanguage":"pl-PL","potentialAction":[{"@type":"ReadAction","target":["https:\/\/parnassius-apollo.life\/pl\/biuletyn-informacyjny"]}]},{"@type":"BreadcrumbList","@id":"https:\/\/parnassius-apollo.life\/pl\/biuletyn-informacyjny#breadcrumb","itemListElement":[{"@type":"ListItem","position":1,"name":"Home","item":"https:\/\/parnassius-apollo.life\/pl"},{"@type":"ListItem","position":2,"name":"Biuletyn Informacyjny"}]},{"@type":"WebSite","@id":"https:\/\/parnassius-apollo.life\/pl#website","url":"https:\/\/parnassius-apollo.life\/pl","name":"Parnassius apollo project LIFE Apollo2020","description":"Conservation of Parnassius apollo in Czechia, Poland and Austria","publisher":{"@id":"https:\/\/parnassius-apollo.life\/pl#organization"},"potentialAction":[{"@type":"SearchAction","target":{"@type":"EntryPoint","urlTemplate":"https:\/\/parnassius-apollo.life\/pl?s={search_term_string}"},"query-input":{"@type":"PropertyValueSpecification","valueRequired":true,"valueName":"search_term_string"}}],"inLanguage":"pl-PL"},{"@type":"Organization","@id":"https:\/\/parnassius-apollo.life\/pl#organization","name":"LIFE Apollo 2020","alternateName":"Parnassius Apollo LIFE Project","url":"https:\/\/parnassius-apollo.life\/pl","logo":{"@type":"ImageObject","inLanguage":"pl-PL","@id":"https:\/\/parnassius-apollo.life\/pl#\/schema\/logo\/image\/","url":"https:\/\/i0.wp.com\/parnassius-apollo.life\/wp-content\/uploads\/2022\/05\/LIFE_Apollo_Final-e1651506328254.png?fit=127%2C150&ssl=1","contentUrl":"https:\/\/i0.wp.com\/parnassius-apollo.life\/wp-content\/uploads\/2022\/05\/LIFE_Apollo_Final-e1651506328254.png?fit=127%2C150&ssl=1","width":127,"height":150,"caption":"LIFE Apollo 2020"},"image":{"@id":"https:\/\/parnassius-apollo.life\/pl#\/schema\/logo\/image\/"},"email":"info@apollo-2020.life","legalName":"Karkonoski Park Narodowy","numberOfEmployees":{"@type":"QuantitativeValue","minValue":"51","maxValue":"200"}}]}},"jetpack_likes_enabled":true,"jetpack_sharing_enabled":true,"_links":{"self":[{"href":"https:\/\/parnassius-apollo.life\/pl\/wp-json\/wp\/v2\/pages\/8879","targetHints":{"allow":["GET"]}}],"collection":[{"href":"https:\/\/parnassius-apollo.life\/pl\/wp-json\/wp\/v2\/pages"}],"about":[{"href":"https:\/\/parnassius-apollo.life\/pl\/wp-json\/wp\/v2\/types\/page"}],"author":[{"embeddable":true,"href":"https:\/\/parnassius-apollo.life\/pl\/wp-json\/wp\/v2\/users\/1"}],"replies":[{"embeddable":true,"href":"https:\/\/parnassius-apollo.life\/pl\/wp-json\/wp\/v2\/comments?post=8879"}],"version-history":[{"count":0,"href":"https:\/\/parnassius-apollo.life\/pl\/wp-json\/wp\/v2\/pages\/8879\/revisions"}],"wp:attachment":[{"href":"https:\/\/parnassius-apollo.life\/pl\/wp-json\/wp\/v2\/media?parent=8879"}],"curies":[{"name":"wp","href":"https:\/\/api.w.org\/{rel}","templated":true}]}}