{"id":8676,"date":"2024-11-30T20:17:16","date_gmt":"2024-11-30T19:17:16","guid":{"rendered":"https:\/\/parnassius-apollo.life\/konferencja-inauguracyjna-we-wrzesniu-2022-r"},"modified":"2024-11-30T20:17:19","modified_gmt":"2024-11-30T19:17:19","slug":"konferencja-inauguracyjna-we-wrzesniu-2022-r","status":"publish","type":"page","link":"https:\/\/parnassius-apollo.life\/pl\/konferencja-inauguracyjna-we-wrzesniu-2022-r","title":{"rendered":"Konferencja inauguracyjna we wrze\u015bniu 2022 r."},"content":{"rendered":"\n<figure class=\"wp-block-image size-full\"><img data-recalc-dims=\"1\" loading=\"lazy\" decoding=\"async\" width=\"800\" height=\"228\" src=\"https:\/\/i0.wp.com\/parnassius-apollo.life\/wp-content\/uploads\/2022\/09\/cropped-Parnassius-Apollo-LIFE-Kickoff-Conference-40710.jpg?resize=800%2C228&#038;ssl=1\" alt=\"\" class=\"wp-image-4197\"\/><\/figure>\n\n<p>Konferencja inauguruj\u0105ca projekt LIFE Apollo2020 spe\u0142ni\u0142a to, co zapowiada\u0142a nazwa: doskona\u0142e po\u0142\u0105czenie prezentacji i o\u017cywionych dyskusji na temat <strong>&#8222;Nauka, ekologia i innowacje dla ochrony<em> Parnassius apollo <\/em>w Europie \u015arodkowej&#8221;.<\/strong> Oko\u0142o 100 os\u00f3b zebra\u0142o si\u0119 na miejscu w Jeleniej G\u00f3rze, w pi\u0119knym budynku Karkonoskiego Parku Narodowego, aby dyskutowa\u0107, uczy\u0107 si\u0119 i wymienia\u0107 do\u015bwiadczeniami. Jeszcze wi\u0119cej os\u00f3b uczestniczy\u0142o online i ogl\u0105da\u0142o transmisj\u0119 na \u017cywo z konferencji pierwszego dnia.   <\/p>\n\n<p>Poni\u017cej znajduj\u0105 si\u0119 linki do nagra\u0144 z sesji, podsumowania warsztat\u00f3w i wycieczek oraz galeria zdj\u0119\u0107. Zesp\u00f3\u0142 LIFE Apollo2020 jest bardzo zadowolony z wynik\u00f3w konferencji &#8211; dzi\u0119kujemy wszystkim, kt\u00f3rzy wzi\u0119li w niej udzia\u0142 i sprawili, \u017ce te dni by\u0142y sukcesem! <\/p>\n\n<div class=\"ghostkit-divider ghostkit-divider-type-solid ghostkit-custom-ZMgq8n\"><\/div>\n\n<div class=\"ghostkit-testimonial\"><div class=\"ghostkit-testimonial-icon\"><svg class=\"ghostkit-svg-icon\" width=\"24\" height=\"24\" viewBox=\"0 0 24 24\" fill=\"none\" xmlns=\"http:\/\/www.w3.org\/2000\/svg\"><path d=\"M13.5954 10.708C15.7931 5.55696 21.1071 5 21.1071 5L21.3565 5.16714C18.945 6.72641 19.0559 8.98169 19.0559 8.98169C19.0559 8.98169 22.1211 9.70495 22.7979 12.2673C23.5186 14.996 22.2158 17.2944 20.4141 18.3373C18.1801 19.6305 15.4248 18.9499 14.0389 17.0008C12.6134 14.996 12.8469 12.4623 13.5954 10.708Z\" fill=\"currentColor\"\/><path d=\"M1.59537 10.708C3.79305 5.55696 9.10709 5 9.10709 5L9.35651 5.16714C6.945 6.72641 7.05592 8.98169 7.05592 8.98169C7.05592 8.98169 10.1211 9.70495 10.7979 12.2673C11.5186 14.996 10.2158 17.2944 8.41413 18.3373C6.18005 19.6305 3.42475 18.9499 2.03887 17.0008C0.61344 14.996 0.846929 12.4623 1.59537 10.708Z\" fill=\"currentColor\"\/><\/svg><\/div><div class=\"ghostkit-testimonial-content is-layout-flow wp-block-ghostkit-testimonial-is-layout-flow\">\n<p>Konferencje zawsze dzia\u0142aj\u0105 jako pomost do \u0142\u0105czenia pomys\u0142\u00f3w i sugestii oraz budowania wiarygodnych partnerstw, ale na warsztatach konferencji Apollo znalaz\u0142em tak\u017ce ludzi, kt\u00f3rym zale\u017cy na tym majestatycznym motylu i s\u0105 gotowi walczy\u0107 o niego poprzez po\u0142\u0105czenie bada\u0144 i polityki. Jako &#8222;uzale\u017cniony od Apollo&#8221; nie m\u00f3g\u0142bym by\u0107 bardziej zaszczycony, mog\u0105c do\u0142\u0105czy\u0107 do tej konferencji. <\/p>\n<\/div><div class=\"ghostkit-testimonial-meta\"><div class=\"ghostkit-testimonial-name\"><strong>Claudio<\/strong><\/div><div class=\"ghostkit-testimonial-source\">Entomolog z W\u0142och<\/div><\/div><\/div>\n\n<p><\/p>\n\n<div class=\"ghostkit-divider ghostkit-divider-type-solid ghostkit-custom-ZbOBz9\"><\/div>\n\n<div class=\"wp-block-media-text alignwide has-media-on-the-right is-stacked-on-mobile\"><div class=\"wp-block-media-text__content\">\n<h2 class=\"wp-block-heading has-central-palette-7-color has-text-color has-medium-font-size\" id=\"h-plenary-panel-1-species\"><a href=\"https:\/\/parnassius-apollo.life\/pl\/panel-plenarny-gatunki\">Panel plenarny 1: Gatunki<\/a><\/h2>\n\n\n\n<h2 class=\"wp-block-heading has-central-palette-7-color has-text-color has-medium-font-size\" id=\"h-plenary-panel-2-habitat-protection-through-active-conservation\"><a href=\"https:\/\/parnassius-apollo.life\/pl\/ochrona-siedlisk-i-gatunkow-poprzez-ochrone-czynna\">Panel plenarny 2: Ochrona siedlisk poprzez ochron\u0119 czynn\u0105<\/a><\/h2>\n\n\n\n<h2 class=\"wp-block-heading has-central-palette-7-color has-text-color has-medium-font-size\" id=\"h-plenary-panel-3-guidance-and-engagement-in-conservation\"><a href=\"https:\/\/parnassius-apollo.life\/pl\/panel-plenarny-wytyczne-i-zaangazowanie-w-ochrone-przyrody\">Panel plenarny 3: Wytyczne i zaanga\u017cowanie w ochron\u0119 przyrody<\/a><\/h2>\n\n\n\n<h2 class=\"wp-block-heading has-central-palette-7-color has-text-color has-medium-font-size\" id=\"h-workshops\"><a href=\"https:\/\/parnassius-apollo.life\/pl\/warsztaty\">Warsztaty<\/a><\/h2>\n\n\n\n<h2 class=\"wp-block-heading has-central-palette-7-color has-text-color has-medium-font-size\" id=\"h-excursions\"><a href=\"https:\/\/parnassius-apollo.life\/pl\/wycieczki\">Wycieczki<\/a><\/h2>\n\n\n\n<h2 class=\"wp-block-heading has-central-palette-7-color has-text-color has-medium-font-size\" id=\"h-gallery\"><a href=\"https:\/\/parnassius-apollo.life\/pl\/galeria\">Galeria<\/a><\/h2>\n<\/div><figure class=\"wp-block-media-text__media\"><img data-recalc-dims=\"1\" loading=\"lazy\" decoding=\"async\" width=\"800\" height=\"1131\" src=\"https:\/\/i0.wp.com\/parnassius-apollo.life\/wp-content\/uploads\/2022\/10\/Agenda-Kick-off-conference-.png?resize=800%2C1131&#038;ssl=1\" alt=\"\" class=\"wp-image-4389 size-full\" srcset=\"https:\/\/i0.wp.com\/parnassius-apollo.life\/wp-content\/uploads\/2022\/10\/Agenda-Kick-off-conference-.png?w=2829&amp;ssl=1 2829w, https:\/\/i0.wp.com\/parnassius-apollo.life\/wp-content\/uploads\/2022\/10\/Agenda-Kick-off-conference-.png?resize=14%2C20&amp;ssl=1 14w, https:\/\/i0.wp.com\/parnassius-apollo.life\/wp-content\/uploads\/2022\/10\/Agenda-Kick-off-conference-.png?w=1600&amp;ssl=1 1600w, https:\/\/i0.wp.com\/parnassius-apollo.life\/wp-content\/uploads\/2022\/10\/Agenda-Kick-off-conference-.png?w=2400&amp;ssl=1 2400w\" sizes=\"auto, (max-width: 800px) 100vw, 800px\" \/><\/figure><\/div>\n\n<p><\/p>\n\n<div class=\"ghostkit-divider ghostkit-divider-type-solid ghostkit-custom-Z1p7lN0\"><\/div>\n\n<p><\/p>\n\n<div class=\"ghostkit-testimonial\"><div class=\"ghostkit-testimonial-icon\"><svg class=\"ghostkit-svg-icon\" width=\"24\" height=\"24\" viewBox=\"0 0 24 24\" fill=\"none\" xmlns=\"http:\/\/www.w3.org\/2000\/svg\"><path d=\"M13.5954 10.708C15.7931 5.55696 21.1071 5 21.1071 5L21.3565 5.16714C18.945 6.72641 19.0559 8.98169 19.0559 8.98169C19.0559 8.98169 22.1211 9.70495 22.7979 12.2673C23.5186 14.996 22.2158 17.2944 20.4141 18.3373C18.1801 19.6305 15.4248 18.9499 14.0389 17.0008C12.6134 14.996 12.8469 12.4623 13.5954 10.708Z\" fill=\"currentColor\"\/><path d=\"M1.59537 10.708C3.79305 5.55696 9.10709 5 9.10709 5L9.35651 5.16714C6.945 6.72641 7.05592 8.98169 7.05592 8.98169C7.05592 8.98169 10.1211 9.70495 10.7979 12.2673C11.5186 14.996 10.2158 17.2944 8.41413 18.3373C6.18005 19.6305 3.42475 18.9499 2.03887 17.0008C0.61344 14.996 0.846929 12.4623 1.59537 10.708Z\" fill=\"currentColor\"\/><\/svg><\/div><div class=\"ghostkit-testimonial-content is-layout-flow wp-block-ghostkit-testimonial-is-layout-flow\">\n<p>Ogl\u0105danie transmisji na \u017cywo z konferencji apollo by\u0142o wspania\u0142e! Tak wiele wspania\u0142ych komentarzy i dyskusji na temat ochrony motyli zdecydowanie otworzy\u0142o mi umys\u0142 na nowe koncepcje i pomys\u0142y. Nie mog\u0119 si\u0119 doczeka\u0107, aby zobaczy\u0107, dok\u0105d zmierza ten projekt!  <\/p>\n<\/div><div class=\"ghostkit-testimonial-meta\"><div class=\"ghostkit-testimonial-name\"><strong>Teresa<\/strong><\/div><div class=\"ghostkit-testimonial-source\">Ekolog dzikiej przyrody z Wielkiej Brytanii<\/div><\/div><\/div>\n\n<p><\/p>\n\n<div class=\"ghostkit-divider ghostkit-divider-type-solid ghostkit-custom-1LXh1L\"><\/div>\n\n<p><\/p>\n\n<h2 class=\"wp-block-heading is-style-default has-central-palette-7-color has-text-color\" id=\"h-followapollo-nbsp-and-the-efforts-of-our-team-combined-skills-in-breeding-conservation-of-habitats-research-environmental-education-and-project-management-constitute-a-great-combination-for-the-success-of-our-life-project\" style=\"font-size:15px;text-transform:lowercase\"><strong>#followapollo<\/strong> i dzia\u0142ania naszego zespo\u0142u! Umiej\u0119tno\u015bci w zakresie hodowli, ochrony siedlisk, bada\u0144, edukacji ekologicznej i zarz\u0105dzania projektami, stanowi\u0105 doskona\u0142e po\u0142\u0105czenie zapewniaj\u0105ce sukces naszego projektu LIFE.<\/h2>\n\n<div style=\"padding:20px;text-align:left\" class=\"wp-block-tnp-minimal\"><p>Zapisz si\u0119 do naszego newslettera i otrzymuj najnowsze informacje na temat ochrony motyli!<\/p><div><div class=\"tnp tnp-subscription-minimal  \"><form action=\"https:\/\/parnassius-apollo.life\/wp-admin\/admin-ajax.php?action=tnp&amp;na=s\" method=\"post\" style=\"text-align: center\"><input type=\"hidden\" name=\"nr\" value=\"minimal\">\n<input type=\"hidden\" name=\"nlang\" value=\"pl\">\n<input class=\"tnp-email\" type=\"email\" required name=\"ne\" value=\"\" placeholder=\"Email\"><input class=\"tnp-submit\" type=\"submit\" value=\"Subscribe\" style=\"\">\n<div class=\"tnp-field tnp-privacy-field\"><label><input type=\"checkbox\" name=\"ny\" required class=\"tnp-privacy\"> By continuing, you accept the privacy policy<\/label><\/div><\/form><\/div>\n<\/div><\/div>\n\n<ul class=\"wp-block-social-links aligncenter has-normal-icon-size is-layout-flex wp-block-social-links-is-layout-flex\"><li class=\"wp-social-link wp-social-link-instagram  wp-block-social-link\"><a href=\"https:\/\/www.instagram.com\/the_real_parnassius_apollo\/\" class=\"wp-block-social-link-anchor\"><svg width=\"24\" height=\"24\" viewBox=\"0 0 24 24\" version=\"1.1\" xmlns=\"http:\/\/www.w3.org\/2000\/svg\" aria-hidden=\"true\" focusable=\"false\"><path d=\"M12,4.622c2.403,0,2.688,0.009,3.637,0.052c0.877,0.04,1.354,0.187,1.671,0.31c0.42,0.163,0.72,0.358,1.035,0.673 c0.315,0.315,0.51,0.615,0.673,1.035c0.123,0.317,0.27,0.794,0.31,1.671c0.043,0.949,0.052,1.234,0.052,3.637 s-0.009,2.688-0.052,3.637c-0.04,0.877-0.187,1.354-0.31,1.671c-0.163,0.42-0.358,0.72-0.673,1.035 c-0.315,0.315-0.615,0.51-1.035,0.673c-0.317,0.123-0.794,0.27-1.671,0.31c-0.949,0.043-1.233,0.052-3.637,0.052 s-2.688-0.009-3.637-0.052c-0.877-0.04-1.354-0.187-1.671-0.31c-0.42-0.163-0.72-0.358-1.035-0.673 c-0.315-0.315-0.51-0.615-0.673-1.035c-0.123-0.317-0.27-0.794-0.31-1.671C4.631,14.688,4.622,14.403,4.622,12 s0.009-2.688,0.052-3.637c0.04-0.877,0.187-1.354,0.31-1.671c0.163-0.42,0.358-0.72,0.673-1.035 c0.315-0.315,0.615-0.51,1.035-0.673c0.317-0.123,0.794-0.27,1.671-0.31C9.312,4.631,9.597,4.622,12,4.622 M12,3 C9.556,3,9.249,3.01,8.289,3.054C7.331,3.098,6.677,3.25,6.105,3.472C5.513,3.702,5.011,4.01,4.511,4.511 c-0.5,0.5-0.808,1.002-1.038,1.594C3.25,6.677,3.098,7.331,3.054,8.289C3.01,9.249,3,9.556,3,12c0,2.444,0.01,2.751,0.054,3.711 c0.044,0.958,0.196,1.612,0.418,2.185c0.23,0.592,0.538,1.094,1.038,1.594c0.5,0.5,1.002,0.808,1.594,1.038 c0.572,0.222,1.227,0.375,2.185,0.418C9.249,20.99,9.556,21,12,21s2.751-0.01,3.711-0.054c0.958-0.044,1.612-0.196,2.185-0.418 c0.592-0.23,1.094-0.538,1.594-1.038c0.5-0.5,0.808-1.002,1.038-1.594c0.222-0.572,0.375-1.227,0.418-2.185 C20.99,14.751,21,14.444,21,12s-0.01-2.751-0.054-3.711c-0.044-0.958-0.196-1.612-0.418-2.185c-0.23-0.592-0.538-1.094-1.038-1.594 c-0.5-0.5-1.002-0.808-1.594-1.038c-0.572-0.222-1.227-0.375-2.185-0.418C14.751,3.01,14.444,3,12,3L12,3z M12,7.378 c-2.552,0-4.622,2.069-4.622,4.622S9.448,16.622,12,16.622s4.622-2.069,4.622-4.622S14.552,7.378,12,7.378z M12,15 c-1.657,0-3-1.343-3-3s1.343-3,3-3s3,1.343,3,3S13.657,15,12,15z M16.804,6.116c-0.596,0-1.08,0.484-1.08,1.08 s0.484,1.08,1.08,1.08c0.596,0,1.08-0.484,1.08-1.08S17.401,6.116,16.804,6.116z\"><\/path><\/svg><span class=\"wp-block-social-link-label screen-reader-text\">Instagram<\/span><\/a><\/li>\n\n<li class=\"wp-social-link wp-social-link-facebook  wp-block-social-link\"><a href=\"https:\/\/www.facebook.com\/LIFEapollo2020\" class=\"wp-block-social-link-anchor\"><svg width=\"24\" height=\"24\" viewBox=\"0 0 24 24\" version=\"1.1\" xmlns=\"http:\/\/www.w3.org\/2000\/svg\" aria-hidden=\"true\" focusable=\"false\"><path d=\"M12 2C6.5 2 2 6.5 2 12c0 5 3.7 9.1 8.4 9.9v-7H7.9V12h2.5V9.8c0-2.5 1.5-3.9 3.8-3.9 1.1 0 2.2.2 2.2.2v2.5h-1.3c-1.2 0-1.6.8-1.6 1.6V12h2.8l-.4 2.9h-2.3v7C18.3 21.1 22 17 22 12c0-5.5-4.5-10-10-10z\"><\/path><\/svg><span class=\"wp-block-social-link-label screen-reader-text\">Facebook<\/span><\/a><\/li>\n\n<li class=\"wp-social-link wp-social-link-linkedin  wp-block-social-link\"><a href=\"https:\/\/www.linkedin.com\/company\/life-apollo2020\/\" class=\"wp-block-social-link-anchor\"><svg width=\"24\" height=\"24\" viewBox=\"0 0 24 24\" version=\"1.1\" xmlns=\"http:\/\/www.w3.org\/2000\/svg\" aria-hidden=\"true\" focusable=\"false\"><path d=\"M19.7,3H4.3C3.582,3,3,3.582,3,4.3v15.4C3,20.418,3.582,21,4.3,21h15.4c0.718,0,1.3-0.582,1.3-1.3V4.3 C21,3.582,20.418,3,19.7,3z M8.339,18.338H5.667v-8.59h2.672V18.338z M7.004,8.574c-0.857,0-1.549-0.694-1.549-1.548 c0-0.855,0.691-1.548,1.549-1.548c0.854,0,1.547,0.694,1.547,1.548C8.551,7.881,7.858,8.574,7.004,8.574z M18.339,18.338h-2.669 v-4.177c0-0.996-0.017-2.278-1.387-2.278c-1.389,0-1.601,1.086-1.601,2.206v4.249h-2.667v-8.59h2.559v1.174h0.037 c0.356-0.675,1.227-1.387,2.526-1.387c2.703,0,3.203,1.779,3.203,4.092V18.338z\"><\/path><\/svg><span class=\"wp-block-social-link-label screen-reader-text\">LinkedIn<\/span><\/a><\/li>\n\n<li class=\"wp-social-link wp-social-link-twitter  wp-block-social-link\"><a href=\"https:\/\/twitter.com\/parn_apollo\" class=\"wp-block-social-link-anchor\"><svg width=\"24\" height=\"24\" viewBox=\"0 0 24 24\" version=\"1.1\" xmlns=\"http:\/\/www.w3.org\/2000\/svg\" aria-hidden=\"true\" focusable=\"false\"><path d=\"M22.23,5.924c-0.736,0.326-1.527,0.547-2.357,0.646c0.847-0.508,1.498-1.312,1.804-2.27 c-0.793,0.47-1.671,0.812-2.606,0.996C18.324,4.498,17.257,4,16.077,4c-2.266,0-4.103,1.837-4.103,4.103 c0,0.322,0.036,0.635,0.106,0.935C8.67,8.867,5.647,7.234,3.623,4.751C3.27,5.357,3.067,6.062,3.067,6.814 c0,1.424,0.724,2.679,1.825,3.415c-0.673-0.021-1.305-0.206-1.859-0.513c0,0.017,0,0.034,0,0.052c0,1.988,1.414,3.647,3.292,4.023 c-0.344,0.094-0.707,0.144-1.081,0.144c-0.264,0-0.521-0.026-0.772-0.074c0.522,1.63,2.038,2.816,3.833,2.85 c-1.404,1.1-3.174,1.756-5.096,1.756c-0.331,0-0.658-0.019-0.979-0.057c1.816,1.164,3.973,1.843,6.29,1.843 c7.547,0,11.675-6.252,11.675-11.675c0-0.178-0.004-0.355-0.012-0.531C20.985,7.47,21.68,6.747,22.23,5.924z\"><\/path><\/svg><span class=\"wp-block-social-link-label screen-reader-text\">Twitter<\/span><\/a><\/li><\/ul>\n","protected":false},"excerpt":{"rendered":"<p>Konferencja inauguruj\u0105ca projekt LIFE Apollo2020 spe\u0142ni\u0142a to, co zapowiada\u0142a nazwa: doskona\u0142e po\u0142\u0105czenie prezentacji i o\u017cywionych dyskusji na temat &#8222;Nauka, ekologia<\/p>\n","protected":false},"author":1,"featured_media":0,"parent":0,"menu_order":0,"comment_status":"closed","ping_status":"closed","template":"","meta":{"colormag_page_container_layout":"default_layout","colormag_page_sidebar_layout":"default_layout","ghostkit_customizer_options":"","ghostkit_custom_css":"","ghostkit_custom_js_head":"","ghostkit_custom_js_foot":"","ghostkit_typography":"","jetpack_post_was_ever_published":false,"footnotes":""},"class_list":["post-8676","page","type-page","status-publish","hentry"],"yoast_head":"<!-- This site is optimized with the Yoast SEO Premium plugin v27.4 (Yoast SEO v27.4) - https:\/\/yoast.com\/product\/yoast-seo-premium-wordpress\/ -->\n<title>Konferencja inauguracyjna we wrze\u015bniu 2022 r. - Parnassius apollo project LIFE Apollo2020<\/title>\n<meta name=\"robots\" content=\"index, follow, max-snippet:-1, max-image-preview:large, max-video-preview:-1\" \/>\n<link rel=\"canonical\" href=\"https:\/\/parnassius-apollo.life\/pl\/konferencja-inauguracyjna-we-wrzesniu-2022-r\" \/>\n<meta property=\"og:locale\" content=\"pl_PL\" \/>\n<meta property=\"og:type\" content=\"article\" \/>\n<meta property=\"og:title\" content=\"Konferencja inauguracyjna we wrze\u015bniu 2022 r.\" \/>\n<meta property=\"og:description\" content=\"Konferencja inauguruj\u0105ca projekt LIFE Apollo2020 spe\u0142ni\u0142a to, co zapowiada\u0142a nazwa: doskona\u0142e po\u0142\u0105czenie prezentacji i o\u017cywionych dyskusji na temat &#8222;Nauka, ekologia\" \/>\n<meta property=\"og:url\" content=\"https:\/\/parnassius-apollo.life\/pl\/konferencja-inauguracyjna-we-wrzesniu-2022-r\" \/>\n<meta property=\"og:site_name\" content=\"Parnassius apollo project LIFE Apollo2020\" \/>\n<meta property=\"article:modified_time\" content=\"2024-11-30T19:17:19+00:00\" \/>\n<meta property=\"og:image\" content=\"https:\/\/parnassius-apollo.life\/wp-content\/uploads\/2022\/09\/cropped-Parnassius-Apollo-LIFE-Kickoff-Conference-40710.jpg\" \/>\n<meta name=\"twitter:card\" content=\"summary_large_image\" \/>\n<meta name=\"twitter:label1\" content=\"Szacowany czas czytania\" \/>\n\t<meta name=\"twitter:data1\" content=\"2 minuty\" \/>\n<script type=\"application\/ld+json\" class=\"yoast-schema-graph\">{\"@context\":\"https:\\\/\\\/schema.org\",\"@graph\":[{\"@type\":\"WebPage\",\"@id\":\"https:\\\/\\\/parnassius-apollo.life\\\/pl\\\/konferencja-inauguracyjna-we-wrzesniu-2022-r\",\"url\":\"https:\\\/\\\/parnassius-apollo.life\\\/pl\\\/konferencja-inauguracyjna-we-wrzesniu-2022-r\",\"name\":\"Konferencja inauguracyjna we wrze\u015bniu 2022 r. - Parnassius apollo project LIFE Apollo2020\",\"isPartOf\":{\"@id\":\"https:\\\/\\\/parnassius-apollo.life\\\/pl#website\"},\"primaryImageOfPage\":{\"@id\":\"https:\\\/\\\/parnassius-apollo.life\\\/pl\\\/konferencja-inauguracyjna-we-wrzesniu-2022-r#primaryimage\"},\"image\":{\"@id\":\"https:\\\/\\\/parnassius-apollo.life\\\/pl\\\/konferencja-inauguracyjna-we-wrzesniu-2022-r#primaryimage\"},\"thumbnailUrl\":\"https:\\\/\\\/parnassius-apollo.life\\\/wp-content\\\/uploads\\\/2022\\\/09\\\/cropped-Parnassius-Apollo-LIFE-Kickoff-Conference-40710.jpg\",\"datePublished\":\"2024-11-30T19:17:16+00:00\",\"dateModified\":\"2024-11-30T19:17:19+00:00\",\"breadcrumb\":{\"@id\":\"https:\\\/\\\/parnassius-apollo.life\\\/pl\\\/konferencja-inauguracyjna-we-wrzesniu-2022-r#breadcrumb\"},\"inLanguage\":\"pl-PL\",\"potentialAction\":[{\"@type\":\"ReadAction\",\"target\":[\"https:\\\/\\\/parnassius-apollo.life\\\/pl\\\/konferencja-inauguracyjna-we-wrzesniu-2022-r\"]}]},{\"@type\":\"ImageObject\",\"inLanguage\":\"pl-PL\",\"@id\":\"https:\\\/\\\/parnassius-apollo.life\\\/pl\\\/konferencja-inauguracyjna-we-wrzesniu-2022-r#primaryimage\",\"url\":\"https:\\\/\\\/parnassius-apollo.life\\\/wp-content\\\/uploads\\\/2022\\\/09\\\/cropped-Parnassius-Apollo-LIFE-Kickoff-Conference-40710.jpg\",\"contentUrl\":\"https:\\\/\\\/parnassius-apollo.life\\\/wp-content\\\/uploads\\\/2022\\\/09\\\/cropped-Parnassius-Apollo-LIFE-Kickoff-Conference-40710.jpg\"},{\"@type\":\"BreadcrumbList\",\"@id\":\"https:\\\/\\\/parnassius-apollo.life\\\/pl\\\/konferencja-inauguracyjna-we-wrzesniu-2022-r#breadcrumb\",\"itemListElement\":[{\"@type\":\"ListItem\",\"position\":1,\"name\":\"Home\",\"item\":\"https:\\\/\\\/parnassius-apollo.life\\\/pl\"},{\"@type\":\"ListItem\",\"position\":2,\"name\":\"Konferencja inauguracyjna we wrze\u015bniu 2022 r.\"}]},{\"@type\":\"WebSite\",\"@id\":\"https:\\\/\\\/parnassius-apollo.life\\\/pl#website\",\"url\":\"https:\\\/\\\/parnassius-apollo.life\\\/pl\",\"name\":\"Parnassius apollo project LIFE Apollo2020\",\"description\":\"Conservation of Parnassius apollo in Czechia, Poland and Austria\",\"publisher\":{\"@id\":\"https:\\\/\\\/parnassius-apollo.life\\\/pl#organization\"},\"potentialAction\":[{\"@type\":\"SearchAction\",\"target\":{\"@type\":\"EntryPoint\",\"urlTemplate\":\"https:\\\/\\\/parnassius-apollo.life\\\/pl?s={search_term_string}\"},\"query-input\":{\"@type\":\"PropertyValueSpecification\",\"valueRequired\":true,\"valueName\":\"search_term_string\"}}],\"inLanguage\":\"pl-PL\"},{\"@type\":\"Organization\",\"@id\":\"https:\\\/\\\/parnassius-apollo.life\\\/pl#organization\",\"name\":\"LIFE Apollo 2020\",\"alternateName\":\"Parnassius Apollo LIFE Project\",\"url\":\"https:\\\/\\\/parnassius-apollo.life\\\/pl\",\"logo\":{\"@type\":\"ImageObject\",\"inLanguage\":\"pl-PL\",\"@id\":\"https:\\\/\\\/parnassius-apollo.life\\\/pl#\\\/schema\\\/logo\\\/image\\\/\",\"url\":\"https:\\\/\\\/i0.wp.com\\\/parnassius-apollo.life\\\/wp-content\\\/uploads\\\/2022\\\/05\\\/LIFE_Apollo_Final-e1651506328254.png?fit=127%2C150&ssl=1\",\"contentUrl\":\"https:\\\/\\\/i0.wp.com\\\/parnassius-apollo.life\\\/wp-content\\\/uploads\\\/2022\\\/05\\\/LIFE_Apollo_Final-e1651506328254.png?fit=127%2C150&ssl=1\",\"width\":127,\"height\":150,\"caption\":\"LIFE Apollo 2020\"},\"image\":{\"@id\":\"https:\\\/\\\/parnassius-apollo.life\\\/pl#\\\/schema\\\/logo\\\/image\\\/\"},\"email\":\"info@apollo-2020.life\",\"legalName\":\"Karkonoski Park Narodowy\",\"numberOfEmployees\":{\"@type\":\"QuantitativeValue\",\"minValue\":\"51\",\"maxValue\":\"200\"}}]}<\/script>\n<!-- \/ Yoast SEO Premium plugin. -->","yoast_head_json":{"title":"Konferencja inauguracyjna we wrze\u015bniu 2022 r. - Parnassius apollo project LIFE Apollo2020","robots":{"index":"index","follow":"follow","max-snippet":"max-snippet:-1","max-image-preview":"max-image-preview:large","max-video-preview":"max-video-preview:-1"},"canonical":"https:\/\/parnassius-apollo.life\/pl\/konferencja-inauguracyjna-we-wrzesniu-2022-r","og_locale":"pl_PL","og_type":"article","og_title":"Konferencja inauguracyjna we wrze\u015bniu 2022 r.","og_description":"Konferencja inauguruj\u0105ca projekt LIFE Apollo2020 spe\u0142ni\u0142a to, co zapowiada\u0142a nazwa: doskona\u0142e po\u0142\u0105czenie prezentacji i o\u017cywionych dyskusji na temat &#8222;Nauka, ekologia","og_url":"https:\/\/parnassius-apollo.life\/pl\/konferencja-inauguracyjna-we-wrzesniu-2022-r","og_site_name":"Parnassius apollo project LIFE Apollo2020","article_modified_time":"2024-11-30T19:17:19+00:00","og_image":[{"url":"https:\/\/parnassius-apollo.life\/wp-content\/uploads\/2022\/09\/cropped-Parnassius-Apollo-LIFE-Kickoff-Conference-40710.jpg","type":"","width":"","height":""}],"twitter_card":"summary_large_image","twitter_misc":{"Szacowany czas czytania":"2 minuty"},"schema":{"@context":"https:\/\/schema.org","@graph":[{"@type":"WebPage","@id":"https:\/\/parnassius-apollo.life\/pl\/konferencja-inauguracyjna-we-wrzesniu-2022-r","url":"https:\/\/parnassius-apollo.life\/pl\/konferencja-inauguracyjna-we-wrzesniu-2022-r","name":"Konferencja inauguracyjna we wrze\u015bniu 2022 r. - Parnassius apollo project LIFE Apollo2020","isPartOf":{"@id":"https:\/\/parnassius-apollo.life\/pl#website"},"primaryImageOfPage":{"@id":"https:\/\/parnassius-apollo.life\/pl\/konferencja-inauguracyjna-we-wrzesniu-2022-r#primaryimage"},"image":{"@id":"https:\/\/parnassius-apollo.life\/pl\/konferencja-inauguracyjna-we-wrzesniu-2022-r#primaryimage"},"thumbnailUrl":"https:\/\/parnassius-apollo.life\/wp-content\/uploads\/2022\/09\/cropped-Parnassius-Apollo-LIFE-Kickoff-Conference-40710.jpg","datePublished":"2024-11-30T19:17:16+00:00","dateModified":"2024-11-30T19:17:19+00:00","breadcrumb":{"@id":"https:\/\/parnassius-apollo.life\/pl\/konferencja-inauguracyjna-we-wrzesniu-2022-r#breadcrumb"},"inLanguage":"pl-PL","potentialAction":[{"@type":"ReadAction","target":["https:\/\/parnassius-apollo.life\/pl\/konferencja-inauguracyjna-we-wrzesniu-2022-r"]}]},{"@type":"ImageObject","inLanguage":"pl-PL","@id":"https:\/\/parnassius-apollo.life\/pl\/konferencja-inauguracyjna-we-wrzesniu-2022-r#primaryimage","url":"https:\/\/parnassius-apollo.life\/wp-content\/uploads\/2022\/09\/cropped-Parnassius-Apollo-LIFE-Kickoff-Conference-40710.jpg","contentUrl":"https:\/\/parnassius-apollo.life\/wp-content\/uploads\/2022\/09\/cropped-Parnassius-Apollo-LIFE-Kickoff-Conference-40710.jpg"},{"@type":"BreadcrumbList","@id":"https:\/\/parnassius-apollo.life\/pl\/konferencja-inauguracyjna-we-wrzesniu-2022-r#breadcrumb","itemListElement":[{"@type":"ListItem","position":1,"name":"Home","item":"https:\/\/parnassius-apollo.life\/pl"},{"@type":"ListItem","position":2,"name":"Konferencja inauguracyjna we wrze\u015bniu 2022 r."}]},{"@type":"WebSite","@id":"https:\/\/parnassius-apollo.life\/pl#website","url":"https:\/\/parnassius-apollo.life\/pl","name":"Parnassius apollo project LIFE Apollo2020","description":"Conservation of Parnassius apollo in Czechia, Poland and Austria","publisher":{"@id":"https:\/\/parnassius-apollo.life\/pl#organization"},"potentialAction":[{"@type":"SearchAction","target":{"@type":"EntryPoint","urlTemplate":"https:\/\/parnassius-apollo.life\/pl?s={search_term_string}"},"query-input":{"@type":"PropertyValueSpecification","valueRequired":true,"valueName":"search_term_string"}}],"inLanguage":"pl-PL"},{"@type":"Organization","@id":"https:\/\/parnassius-apollo.life\/pl#organization","name":"LIFE Apollo 2020","alternateName":"Parnassius Apollo LIFE Project","url":"https:\/\/parnassius-apollo.life\/pl","logo":{"@type":"ImageObject","inLanguage":"pl-PL","@id":"https:\/\/parnassius-apollo.life\/pl#\/schema\/logo\/image\/","url":"https:\/\/i0.wp.com\/parnassius-apollo.life\/wp-content\/uploads\/2022\/05\/LIFE_Apollo_Final-e1651506328254.png?fit=127%2C150&ssl=1","contentUrl":"https:\/\/i0.wp.com\/parnassius-apollo.life\/wp-content\/uploads\/2022\/05\/LIFE_Apollo_Final-e1651506328254.png?fit=127%2C150&ssl=1","width":127,"height":150,"caption":"LIFE Apollo 2020"},"image":{"@id":"https:\/\/parnassius-apollo.life\/pl#\/schema\/logo\/image\/"},"email":"info@apollo-2020.life","legalName":"Karkonoski Park Narodowy","numberOfEmployees":{"@type":"QuantitativeValue","minValue":"51","maxValue":"200"}}]}},"jetpack_likes_enabled":true,"jetpack_sharing_enabled":true,"_links":{"self":[{"href":"https:\/\/parnassius-apollo.life\/pl\/wp-json\/wp\/v2\/pages\/8676","targetHints":{"allow":["GET"]}}],"collection":[{"href":"https:\/\/parnassius-apollo.life\/pl\/wp-json\/wp\/v2\/pages"}],"about":[{"href":"https:\/\/parnassius-apollo.life\/pl\/wp-json\/wp\/v2\/types\/page"}],"author":[{"embeddable":true,"href":"https:\/\/parnassius-apollo.life\/pl\/wp-json\/wp\/v2\/users\/1"}],"replies":[{"embeddable":true,"href":"https:\/\/parnassius-apollo.life\/pl\/wp-json\/wp\/v2\/comments?post=8676"}],"version-history":[{"count":0,"href":"https:\/\/parnassius-apollo.life\/pl\/wp-json\/wp\/v2\/pages\/8676\/revisions"}],"wp:attachment":[{"href":"https:\/\/parnassius-apollo.life\/pl\/wp-json\/wp\/v2\/media?parent=8676"}],"curies":[{"name":"wp","href":"https:\/\/api.w.org\/{rel}","templated":true}]}}