{"id":8465,"date":"2024-11-30T18:44:48","date_gmt":"2024-11-30T17:44:48","guid":{"rendered":"https:\/\/parnassius-apollo.life\/panel-plenarny-wytyczne-i-zaangazowanie-w-ochrone-przyrody"},"modified":"2024-11-30T18:44:48","modified_gmt":"2024-11-30T17:44:48","slug":"panel-plenarny-wytyczne-i-zaangazowanie-w-ochrone-przyrody","status":"publish","type":"page","link":"https:\/\/parnassius-apollo.life\/pl\/panel-plenarny-wytyczne-i-zaangazowanie-w-ochrone-przyrody","title":{"rendered":"Panel plenarny: Wytyczne i zaanga\u017cowanie w ochron\u0119 przyrody"},"content":{"rendered":"\n<div class=\"ghostkit-video ghostkit-custom-1rX0iM\" data-video-type=\"yt_vm_video\" data-video=\"https:\/\/youtu.be\/RWn7MXvqocs\" data-video-aspect-ratio=\"16:9\" data-video-volume=\"100\" data-click-action=\"plain\"><div class=\"ghostkit-video-play-icon\"><svg class=\"ghostkit-svg-icon\" width=\"24\" height=\"24\" viewBox=\"0 0 24 24\" fill=\"none\" xmlns=\"http:\/\/www.w3.org\/2000\/svg\"><path d=\"M5 4.83167C5 4.0405 5.87525 3.56266 6.54076 3.99049L17.6915 11.1588C18.3038 11.5525 18.3038 12.4475 17.6915 12.8412L6.54076 20.0095C5.87525 20.4373 5 19.9595 5 19.1683V4.83167Z\" fill=\"currentColor\" stroke=\"currentColor\" stroke-width=\"1.5\" stroke-linecap=\"round\" stroke-linejoin=\"round\"\/><\/svg><\/div><div class=\"ghostkit-video-loading-icon\"><span class=\"ghostkit-svg-icon ghostkit-icon-spinner\"><\/span><\/div><\/div>\n\n<h2 class=\"wp-block-heading has-central-palette-7-color has-text-color has-medium-font-size\" id=\"h-the-key-to-meadow-biodiversity\">Klucz do bior\u00f3\u017cnorodno\u015bci \u0142\u0105k<\/h2>\n\n<h3 class=\"wp-block-heading has-central-palette-8-color has-text-color\" id=\"kamilla-grzesiak-krzysztof-kalemba-klub-przyrodnikow\" style=\"font-size:18px;text-transform:uppercase\">Kamilla Grzesiak &amp; Krzysztof Kalemba<em>, <a href=\"http:\/\/kp.org.pl\/en\/\">Klub Przyrodnik\u00f3w<\/a><\/em><\/h3>\n\n<figure class=\"wp-block-image alignleft size-large is-resized\"><img data-recalc-dims=\"1\" decoding=\"async\" src=\"https:\/\/i0.wp.com\/parnassius-apollo.life\/wp-content\/uploads\/2022\/08\/2.png?w=800&#038;ssl=1\" alt=\"\" style=\"width:256px;height:256px\"\/><\/figure>\n\n<figure class=\"wp-block-image alignleft size-large is-resized\"><img data-recalc-dims=\"1\" decoding=\"async\" src=\"https:\/\/i0.wp.com\/parnassius-apollo.life\/wp-content\/uploads\/2022\/08\/3.png?w=800&#038;ssl=1\" alt=\"\" style=\"width:256px;height:256px\"\/><\/figure>\n\n<p><\/p>\n\n<p><\/p>\n\n<p><\/p>\n\n<p><\/p>\n\n<p><\/p>\n\n<p><\/p>\n\n<p><\/p>\n\n<h2 class=\"wp-block-heading has-central-palette-7-color has-text-color has-medium-font-size\" id=\"h-followapollo-life-apollo2020-citizen-science-on-inaturalist\">#followapollo &#8211; nauka obywatelska LIFE Apollo2020 na iNaturalist<\/h2>\n\n<h3 class=\"wp-block-heading has-central-palette-8-color has-text-color\" id=\"tomasz-suchan-w-szafer-institute-of-botany-of-the-polish-academy-of-sciences\" style=\"font-size:18px\">Tomasz Suchan, <a href=\"https:\/\/www.botany.pl\/\" target=\"_blank\" rel=\"noreferrer noopener\"><em>W. Szafer Instytut Botaniki Polskiej Akademii Nauk<\/em><\/a><\/h3>\n\n<p>Wiele projekt\u00f3w ochrony przyrody wykorzystuje obecnie nauk\u0119 obywatelsk\u0105 do gromadzenia wa\u017cnych danych w spos\u00f3b efektywny pod wzgl\u0119dem zasob\u00f3w, jednocze\u015bnie anga\u017cuj\u0105c og\u00f3\u0142 spo\u0142ecze\u0144stwa w kwestie \u015brodowiskowe. Podczas tej sesji wyja\u015bniono, w jaki spos\u00f3b i dlaczego projekt LIFE Apollo b\u0119dzie wykorzystywa\u0142 iNaturalist, opart\u0105 na aplikacji platform\u0119 nauki obywatelskiej, jako narz\u0119dzie badawcze i anga\u017cuj\u0105ce. <\/p>\n\n<p>Historycznie rzecz bior\u0105c, wielu przyrodnik\u00f3w nie by\u0142o zatrudnionych w sektorze badawczym\/\u015brodowiskowym, ale raczej lud\u017ami, kt\u00f3rzy lubili przebywa\u0107 na \u015bwie\u017cym powietrzu i uczy\u0107 si\u0119 o przyrodzie. Cz\u0119sto mieli oni konkretne zainteresowania, takie jak nietoperze, \u0107my czy motyle. Nauka obywatelska daje tym ludziom spos\u00f3b na zaanga\u017cowanie si\u0119 w ich naturalne zainteresowania, jednocze\u015bnie przyczyniaj\u0105c si\u0119 do pog\u0142\u0119biania wiedzy naukowej i projekt\u00f3w ochrony przyrody. Jest to spos\u00f3b na wype\u0142nienie luki mi\u0119dzy nauk\u0105 akademick\u0105 a szersz\u0105 publiczno\u015bci\u0105 w spos\u00f3b korzystny dla obu stron. Nauka obywatelska jest definiowana jako &#8222;sie\u0107 os\u00f3b nieb\u0119d\u0105cych naukowcami, kt\u00f3re pomagaj\u0105 analizowa\u0107 lub gromadzi\u0107 dane w ramach projektu badawczego&#8221; i staje si\u0119 coraz bardziej popularna, szczeg\u00f3lnie dzi\u0119ki pomocy Internetu. Naukowcy-obywatele czerpi\u0105 przyjemno\u015b\u0107 z aktywno\u015bci na \u015bwie\u017cym powietrzu i ciesz\u0105 si\u0119 swoj\u0105 dziedzin\u0105 zainteresowa\u0144, podczas gdy badacze s\u0105 w stanie uzyska\u0107 bardziej kompleksowe dane, ni\u017c byliby w stanie zebra\u0107 samodzielnie.     <\/p>\n\n<p>W projekcie LIFE Apollo2020 b\u0119dziemy korzysta\u0107 z iNaturalist, jednej z najwi\u0119kszych i najbardziej uniwersalnych platform. Na tej platformie szeroka publiczno\u015b\u0107 b\u0119dzie mog\u0142a rejestrowa\u0107, kiedy i gdzie widzia\u0142a ro\u015bliny \u017cywicielskie motyli Apollo, a nawet migruj\u0105ce osobniki, dostarczaj\u0105c nam szczeg\u00f3\u0142owych informacji na temat ich liczebno\u015bci i rozmieszczenia. Ponadto baza danych iNaturalist Apollo b\u0119dzie wykorzystywana jako narz\u0119dzie edukacyjne, aby dotrze\u0107 do jeszcze wi\u0119kszej liczby os\u00f3b i zaanga\u017cowa\u0107 je w ochron\u0119 przyrody, w szczeg\u00f3lno\u015bci w ramach projektu Apollo.  <\/p>\n\n<h2 class=\"wp-block-heading has-central-palette-7-color has-text-color has-medium-font-size\" id=\"demonstration-of-monitoring-dogs\">Demonstracja ps\u00f3w monitoruj\u0105cych<\/h2>\n\n<h3 class=\"wp-block-heading has-central-palette-8-color has-text-color\" id=\"andrea-bachinger-leo-slotta-bachmayr-naturschutzhunde\" style=\"font-size:18px;text-transform:uppercase\">Andrea Bachinger &amp; Leo Slotta-Bachmayr, <em>Naturschutzhunde<\/em><\/h3>\n\n<p>Andrea, jej owczarek australijski Cookie i kelpie Sarek Leo Slotta-Bachmayra pokazali uczestnikom konferencji, jak zostali przeszkoleni w poszukiwaniu g\u0105sienic.  <\/p>\n\n<div class=\"wp-block-jetpack-slideshow aligncenter\" data-effect=\"slide\"><div class=\"wp-block-jetpack-slideshow_container swiper-container\"><ul class=\"wp-block-jetpack-slideshow_swiper-wrapper swiper-wrapper\"><li class=\"wp-block-jetpack-slideshow_slide swiper-slide\"><figure><img data-recalc-dims=\"1\" loading=\"lazy\" decoding=\"async\" width=\"800\" height=\"533\" alt=\"\" class=\"wp-block-jetpack-slideshow_image wp-image-3965\" data-id=\"3965\" src=\"https:\/\/i0.wp.com\/parnassius-apollo.life\/wp-content\/uploads\/2022\/09\/Parnassius-Apollo-LIFE-Kickoff-Conference-40550.jpg?resize=800%2C533&#038;ssl=1\"><\/figure><\/li><li class=\"wp-block-jetpack-slideshow_slide swiper-slide\"><figure><img data-recalc-dims=\"1\" loading=\"lazy\" decoding=\"async\" width=\"800\" height=\"533\" alt=\"\" class=\"wp-block-jetpack-slideshow_image wp-image-3981\" data-id=\"3981\" src=\"https:\/\/i0.wp.com\/parnassius-apollo.life\/wp-content\/uploads\/2022\/09\/Parnassius-Apollo-LIFE-Kickoff-Conference-40565.jpg?resize=800%2C533&#038;ssl=1\"><\/figure><\/li><li class=\"wp-block-jetpack-slideshow_slide swiper-slide\"><figure><img data-recalc-dims=\"1\" loading=\"lazy\" decoding=\"async\" width=\"800\" height=\"533\" alt=\"\" class=\"wp-block-jetpack-slideshow_image wp-image-3985\" data-id=\"3985\" src=\"https:\/\/i0.wp.com\/parnassius-apollo.life\/wp-content\/uploads\/2022\/09\/Parnassius-Apollo-LIFE-Kickoff-Conference-40571.jpg?resize=800%2C533&#038;ssl=1\"><\/figure><\/li><li class=\"wp-block-jetpack-slideshow_slide swiper-slide\"><figure><img data-recalc-dims=\"1\" loading=\"lazy\" decoding=\"async\" width=\"800\" height=\"533\" alt=\"\" class=\"wp-block-jetpack-slideshow_image wp-image-3993\" data-id=\"3993\" src=\"https:\/\/i0.wp.com\/parnassius-apollo.life\/wp-content\/uploads\/2022\/09\/Parnassius-Apollo-LIFE-Kickoff-Conference-40573.jpg?resize=800%2C533&#038;ssl=1\"><\/figure><\/li><li class=\"wp-block-jetpack-slideshow_slide swiper-slide\"><figure><img data-recalc-dims=\"1\" loading=\"lazy\" decoding=\"async\" width=\"800\" height=\"533\" alt=\"\" class=\"wp-block-jetpack-slideshow_image wp-image-3989\" data-id=\"3989\" src=\"https:\/\/i0.wp.com\/parnassius-apollo.life\/wp-content\/uploads\/2022\/09\/Parnassius-Apollo-LIFE-Kickoff-Conference-40572.jpg?resize=800%2C533&#038;ssl=1\"><\/figure><\/li><\/ul><a class=\"wp-block-jetpack-slideshow_button-prev swiper-button-prev swiper-button-white\" role=\"button\"><\/a><a class=\"wp-block-jetpack-slideshow_button-next swiper-button-next swiper-button-white\" role=\"button\"><\/a><a aria-label=\"Pause Slideshow\" class=\"wp-block-jetpack-slideshow_button-pause\" role=\"button\"><\/a><div class=\"wp-block-jetpack-slideshow_pagination swiper-pagination swiper-pagination-white\"><\/div><\/div><\/div>\n\n<div class=\"ghostkit-divider ghostkit-divider-type-solid ghostkit-custom-1LXh1L\"><\/div>\n\n<h2 class=\"wp-block-heading is-style-default has-central-palette-7-color has-text-color\" id=\"h-followapollo-nbsp-and-the-efforts-of-our-team-combined-skills-in-breeding-conservation-of-habitats-research-environmental-education-and-project-management-constitute-a-great-combination-for-the-success-of-our-life-project\" style=\"font-size:15px;text-transform:lowercase\"><strong>#followapollo<\/strong> i dzia\u0142ania naszego zespo\u0142u! Umiej\u0119tno\u015bci w zakresie hodowli, ochrony siedlisk, bada\u0144, edukacji ekologicznej i zarz\u0105dzania projektami, stanowi\u0105 doskona\u0142e po\u0142\u0105czenie zapewniaj\u0105ce sukces naszego projektu LIFE.<\/h2>\n\n<div style=\"padding:20px;text-align:left\" class=\"wp-block-tnp-minimal\"><p>Zapisz si\u0119 do naszego newslettera i otrzymuj najnowsze informacje na temat ochrony motyli!<\/p><div><div class=\"tnp tnp-subscription-minimal  \"><form action=\"https:\/\/parnassius-apollo.life\/wp-admin\/admin-ajax.php?action=tnp&amp;na=s\" method=\"post\" style=\"text-align: center\"><input type=\"hidden\" name=\"nr\" value=\"minimal\">\n<input type=\"hidden\" name=\"nlang\" value=\"pl\">\n<input class=\"tnp-email\" type=\"email\" required name=\"ne\" value=\"\" placeholder=\"Email\"><input class=\"tnp-submit\" type=\"submit\" value=\"Subscribe\" style=\"\">\n<div class=\"tnp-field tnp-privacy-field\"><label><input type=\"checkbox\" name=\"ny\" required class=\"tnp-privacy\"> By continuing, you accept the privacy policy<\/label><\/div><\/form><\/div>\n<\/div><\/div>\n\n<ul class=\"wp-block-social-links aligncenter has-normal-icon-size is-layout-flex wp-block-social-links-is-layout-flex\"><li class=\"wp-social-link wp-social-link-instagram  wp-block-social-link\"><a href=\"https:\/\/www.instagram.com\/the_real_parnassius_apollo\/\" class=\"wp-block-social-link-anchor\"><svg width=\"24\" height=\"24\" viewBox=\"0 0 24 24\" version=\"1.1\" xmlns=\"http:\/\/www.w3.org\/2000\/svg\" aria-hidden=\"true\" focusable=\"false\"><path d=\"M12,4.622c2.403,0,2.688,0.009,3.637,0.052c0.877,0.04,1.354,0.187,1.671,0.31c0.42,0.163,0.72,0.358,1.035,0.673 c0.315,0.315,0.51,0.615,0.673,1.035c0.123,0.317,0.27,0.794,0.31,1.671c0.043,0.949,0.052,1.234,0.052,3.637 s-0.009,2.688-0.052,3.637c-0.04,0.877-0.187,1.354-0.31,1.671c-0.163,0.42-0.358,0.72-0.673,1.035 c-0.315,0.315-0.615,0.51-1.035,0.673c-0.317,0.123-0.794,0.27-1.671,0.31c-0.949,0.043-1.233,0.052-3.637,0.052 s-2.688-0.009-3.637-0.052c-0.877-0.04-1.354-0.187-1.671-0.31c-0.42-0.163-0.72-0.358-1.035-0.673 c-0.315-0.315-0.51-0.615-0.673-1.035c-0.123-0.317-0.27-0.794-0.31-1.671C4.631,14.688,4.622,14.403,4.622,12 s0.009-2.688,0.052-3.637c0.04-0.877,0.187-1.354,0.31-1.671c0.163-0.42,0.358-0.72,0.673-1.035 c0.315-0.315,0.615-0.51,1.035-0.673c0.317-0.123,0.794-0.27,1.671-0.31C9.312,4.631,9.597,4.622,12,4.622 M12,3 C9.556,3,9.249,3.01,8.289,3.054C7.331,3.098,6.677,3.25,6.105,3.472C5.513,3.702,5.011,4.01,4.511,4.511 c-0.5,0.5-0.808,1.002-1.038,1.594C3.25,6.677,3.098,7.331,3.054,8.289C3.01,9.249,3,9.556,3,12c0,2.444,0.01,2.751,0.054,3.711 c0.044,0.958,0.196,1.612,0.418,2.185c0.23,0.592,0.538,1.094,1.038,1.594c0.5,0.5,1.002,0.808,1.594,1.038 c0.572,0.222,1.227,0.375,2.185,0.418C9.249,20.99,9.556,21,12,21s2.751-0.01,3.711-0.054c0.958-0.044,1.612-0.196,2.185-0.418 c0.592-0.23,1.094-0.538,1.594-1.038c0.5-0.5,0.808-1.002,1.038-1.594c0.222-0.572,0.375-1.227,0.418-2.185 C20.99,14.751,21,14.444,21,12s-0.01-2.751-0.054-3.711c-0.044-0.958-0.196-1.612-0.418-2.185c-0.23-0.592-0.538-1.094-1.038-1.594 c-0.5-0.5-1.002-0.808-1.594-1.038c-0.572-0.222-1.227-0.375-2.185-0.418C14.751,3.01,14.444,3,12,3L12,3z M12,7.378 c-2.552,0-4.622,2.069-4.622,4.622S9.448,16.622,12,16.622s4.622-2.069,4.622-4.622S14.552,7.378,12,7.378z M12,15 c-1.657,0-3-1.343-3-3s1.343-3,3-3s3,1.343,3,3S13.657,15,12,15z M16.804,6.116c-0.596,0-1.08,0.484-1.08,1.08 s0.484,1.08,1.08,1.08c0.596,0,1.08-0.484,1.08-1.08S17.401,6.116,16.804,6.116z\"><\/path><\/svg><span class=\"wp-block-social-link-label screen-reader-text\">Instagram<\/span><\/a><\/li>\n\n<li class=\"wp-social-link wp-social-link-facebook  wp-block-social-link\"><a href=\"https:\/\/www.facebook.com\/LIFEapollo2020\" class=\"wp-block-social-link-anchor\"><svg width=\"24\" height=\"24\" viewBox=\"0 0 24 24\" version=\"1.1\" xmlns=\"http:\/\/www.w3.org\/2000\/svg\" aria-hidden=\"true\" focusable=\"false\"><path d=\"M12 2C6.5 2 2 6.5 2 12c0 5 3.7 9.1 8.4 9.9v-7H7.9V12h2.5V9.8c0-2.5 1.5-3.9 3.8-3.9 1.1 0 2.2.2 2.2.2v2.5h-1.3c-1.2 0-1.6.8-1.6 1.6V12h2.8l-.4 2.9h-2.3v7C18.3 21.1 22 17 22 12c0-5.5-4.5-10-10-10z\"><\/path><\/svg><span class=\"wp-block-social-link-label screen-reader-text\">Facebook<\/span><\/a><\/li>\n\n<li class=\"wp-social-link wp-social-link-linkedin  wp-block-social-link\"><a href=\"https:\/\/www.linkedin.com\/company\/life-apollo2020\/\" class=\"wp-block-social-link-anchor\"><svg width=\"24\" height=\"24\" viewBox=\"0 0 24 24\" version=\"1.1\" xmlns=\"http:\/\/www.w3.org\/2000\/svg\" aria-hidden=\"true\" focusable=\"false\"><path d=\"M19.7,3H4.3C3.582,3,3,3.582,3,4.3v15.4C3,20.418,3.582,21,4.3,21h15.4c0.718,0,1.3-0.582,1.3-1.3V4.3 C21,3.582,20.418,3,19.7,3z M8.339,18.338H5.667v-8.59h2.672V18.338z M7.004,8.574c-0.857,0-1.549-0.694-1.549-1.548 c0-0.855,0.691-1.548,1.549-1.548c0.854,0,1.547,0.694,1.547,1.548C8.551,7.881,7.858,8.574,7.004,8.574z M18.339,18.338h-2.669 v-4.177c0-0.996-0.017-2.278-1.387-2.278c-1.389,0-1.601,1.086-1.601,2.206v4.249h-2.667v-8.59h2.559v1.174h0.037 c0.356-0.675,1.227-1.387,2.526-1.387c2.703,0,3.203,1.779,3.203,4.092V18.338z\"><\/path><\/svg><span class=\"wp-block-social-link-label screen-reader-text\">LinkedIn<\/span><\/a><\/li>\n\n<li class=\"wp-social-link wp-social-link-twitter  wp-block-social-link\"><a href=\"https:\/\/twitter.com\/parn_apollo\" class=\"wp-block-social-link-anchor\"><svg width=\"24\" height=\"24\" viewBox=\"0 0 24 24\" version=\"1.1\" xmlns=\"http:\/\/www.w3.org\/2000\/svg\" aria-hidden=\"true\" focusable=\"false\"><path d=\"M22.23,5.924c-0.736,0.326-1.527,0.547-2.357,0.646c0.847-0.508,1.498-1.312,1.804-2.27 c-0.793,0.47-1.671,0.812-2.606,0.996C18.324,4.498,17.257,4,16.077,4c-2.266,0-4.103,1.837-4.103,4.103 c0,0.322,0.036,0.635,0.106,0.935C8.67,8.867,5.647,7.234,3.623,4.751C3.27,5.357,3.067,6.062,3.067,6.814 c0,1.424,0.724,2.679,1.825,3.415c-0.673-0.021-1.305-0.206-1.859-0.513c0,0.017,0,0.034,0,0.052c0,1.988,1.414,3.647,3.292,4.023 c-0.344,0.094-0.707,0.144-1.081,0.144c-0.264,0-0.521-0.026-0.772-0.074c0.522,1.63,2.038,2.816,3.833,2.85 c-1.404,1.1-3.174,1.756-5.096,1.756c-0.331,0-0.658-0.019-0.979-0.057c1.816,1.164,3.973,1.843,6.29,1.843 c7.547,0,11.675-6.252,11.675-11.675c0-0.178-0.004-0.355-0.012-0.531C20.985,7.47,21.68,6.747,22.23,5.924z\"><\/path><\/svg><span class=\"wp-block-social-link-label screen-reader-text\">Twitter<\/span><\/a><\/li><\/ul>\n","protected":false},"excerpt":{"rendered":"<p>Klucz do bior\u00f3\u017cnorodno\u015bci \u0142\u0105k Kamilla Grzesiak &amp; Krzysztof Kalemba, Klub Przyrodnik\u00f3w #followapollo &#8211; nauka obywatelska LIFE Apollo2020 na iNaturalist Tomasz<\/p>\n","protected":false},"author":33,"featured_media":0,"parent":0,"menu_order":0,"comment_status":"closed","ping_status":"closed","template":"","meta":{"colormag_page_container_layout":"default_layout","colormag_page_sidebar_layout":"default_layout","ghostkit_customizer_options":"","ghostkit_custom_css":"","ghostkit_custom_js_head":"","ghostkit_custom_js_foot":"","ghostkit_typography":"","jetpack_post_was_ever_published":false,"footnotes":""},"class_list":["post-8465","page","type-page","status-publish","hentry"],"yoast_head":"<!-- This site is optimized with the Yoast SEO Premium plugin v27.4 (Yoast SEO v27.4) - https:\/\/yoast.com\/product\/yoast-seo-premium-wordpress\/ -->\n<title>Panel plenarny: Wytyczne i zaanga\u017cowanie w ochron\u0119 przyrody - Parnassius apollo project LIFE Apollo2020<\/title>\n<meta name=\"robots\" content=\"index, follow, max-snippet:-1, max-image-preview:large, max-video-preview:-1\" \/>\n<link rel=\"canonical\" href=\"https:\/\/parnassius-apollo.life\/pl\/panel-plenarny-wytyczne-i-zaangazowanie-w-ochrone-przyrody\" \/>\n<meta property=\"og:locale\" content=\"pl_PL\" \/>\n<meta property=\"og:type\" content=\"article\" \/>\n<meta property=\"og:title\" content=\"Panel plenarny: Wytyczne i zaanga\u017cowanie w ochron\u0119 przyrody\" \/>\n<meta property=\"og:description\" content=\"Klucz do bior\u00f3\u017cnorodno\u015bci \u0142\u0105k Kamilla Grzesiak &amp; Krzysztof Kalemba, Klub Przyrodnik\u00f3w #followapollo &#8211; nauka obywatelska LIFE Apollo2020 na iNaturalist Tomasz\" \/>\n<meta property=\"og:url\" content=\"https:\/\/parnassius-apollo.life\/pl\/panel-plenarny-wytyczne-i-zaangazowanie-w-ochrone-przyrody\" \/>\n<meta property=\"og:site_name\" content=\"Parnassius apollo project LIFE Apollo2020\" \/>\n<meta property=\"og:image\" content=\"https:\/\/parnassius-apollo.life\/wp-content\/uploads\/2022\/08\/2.png\" \/>\n<meta name=\"twitter:card\" content=\"summary_large_image\" \/>\n<meta name=\"twitter:label1\" content=\"Szacowany czas czytania\" \/>\n\t<meta name=\"twitter:data1\" content=\"2 minuty\" \/>\n<script type=\"application\/ld+json\" class=\"yoast-schema-graph\">{\"@context\":\"https:\\\/\\\/schema.org\",\"@graph\":[{\"@type\":\"WebPage\",\"@id\":\"https:\\\/\\\/parnassius-apollo.life\\\/pl\\\/panel-plenarny-wytyczne-i-zaangazowanie-w-ochrone-przyrody\",\"url\":\"https:\\\/\\\/parnassius-apollo.life\\\/pl\\\/panel-plenarny-wytyczne-i-zaangazowanie-w-ochrone-przyrody\",\"name\":\"Panel plenarny: Wytyczne i zaanga\u017cowanie w ochron\u0119 przyrody - Parnassius apollo project LIFE Apollo2020\",\"isPartOf\":{\"@id\":\"https:\\\/\\\/parnassius-apollo.life\\\/pl#website\"},\"primaryImageOfPage\":{\"@id\":\"https:\\\/\\\/parnassius-apollo.life\\\/pl\\\/panel-plenarny-wytyczne-i-zaangazowanie-w-ochrone-przyrody#primaryimage\"},\"image\":{\"@id\":\"https:\\\/\\\/parnassius-apollo.life\\\/pl\\\/panel-plenarny-wytyczne-i-zaangazowanie-w-ochrone-przyrody#primaryimage\"},\"thumbnailUrl\":\"https:\\\/\\\/parnassius-apollo.life\\\/wp-content\\\/uploads\\\/2022\\\/08\\\/2.png\",\"datePublished\":\"2024-11-30T17:44:48+00:00\",\"breadcrumb\":{\"@id\":\"https:\\\/\\\/parnassius-apollo.life\\\/pl\\\/panel-plenarny-wytyczne-i-zaangazowanie-w-ochrone-przyrody#breadcrumb\"},\"inLanguage\":\"pl-PL\",\"potentialAction\":[{\"@type\":\"ReadAction\",\"target\":[\"https:\\\/\\\/parnassius-apollo.life\\\/pl\\\/panel-plenarny-wytyczne-i-zaangazowanie-w-ochrone-przyrody\"]}]},{\"@type\":\"ImageObject\",\"inLanguage\":\"pl-PL\",\"@id\":\"https:\\\/\\\/parnassius-apollo.life\\\/pl\\\/panel-plenarny-wytyczne-i-zaangazowanie-w-ochrone-przyrody#primaryimage\",\"url\":\"https:\\\/\\\/parnassius-apollo.life\\\/wp-content\\\/uploads\\\/2022\\\/08\\\/2.png\",\"contentUrl\":\"https:\\\/\\\/parnassius-apollo.life\\\/wp-content\\\/uploads\\\/2022\\\/08\\\/2.png\"},{\"@type\":\"BreadcrumbList\",\"@id\":\"https:\\\/\\\/parnassius-apollo.life\\\/pl\\\/panel-plenarny-wytyczne-i-zaangazowanie-w-ochrone-przyrody#breadcrumb\",\"itemListElement\":[{\"@type\":\"ListItem\",\"position\":1,\"name\":\"Home\",\"item\":\"https:\\\/\\\/parnassius-apollo.life\\\/pl\"},{\"@type\":\"ListItem\",\"position\":2,\"name\":\"Panel plenarny: Wytyczne i zaanga\u017cowanie w ochron\u0119 przyrody\"}]},{\"@type\":\"WebSite\",\"@id\":\"https:\\\/\\\/parnassius-apollo.life\\\/pl#website\",\"url\":\"https:\\\/\\\/parnassius-apollo.life\\\/pl\",\"name\":\"Parnassius apollo project LIFE Apollo2020\",\"description\":\"Conservation of Parnassius apollo in Czechia, Poland and Austria\",\"publisher\":{\"@id\":\"https:\\\/\\\/parnassius-apollo.life\\\/pl#organization\"},\"potentialAction\":[{\"@type\":\"SearchAction\",\"target\":{\"@type\":\"EntryPoint\",\"urlTemplate\":\"https:\\\/\\\/parnassius-apollo.life\\\/pl?s={search_term_string}\"},\"query-input\":{\"@type\":\"PropertyValueSpecification\",\"valueRequired\":true,\"valueName\":\"search_term_string\"}}],\"inLanguage\":\"pl-PL\"},{\"@type\":\"Organization\",\"@id\":\"https:\\\/\\\/parnassius-apollo.life\\\/pl#organization\",\"name\":\"LIFE Apollo 2020\",\"alternateName\":\"Parnassius Apollo LIFE Project\",\"url\":\"https:\\\/\\\/parnassius-apollo.life\\\/pl\",\"logo\":{\"@type\":\"ImageObject\",\"inLanguage\":\"pl-PL\",\"@id\":\"https:\\\/\\\/parnassius-apollo.life\\\/pl#\\\/schema\\\/logo\\\/image\\\/\",\"url\":\"https:\\\/\\\/i0.wp.com\\\/parnassius-apollo.life\\\/wp-content\\\/uploads\\\/2022\\\/05\\\/LIFE_Apollo_Final-e1651506328254.png?fit=127%2C150&ssl=1\",\"contentUrl\":\"https:\\\/\\\/i0.wp.com\\\/parnassius-apollo.life\\\/wp-content\\\/uploads\\\/2022\\\/05\\\/LIFE_Apollo_Final-e1651506328254.png?fit=127%2C150&ssl=1\",\"width\":127,\"height\":150,\"caption\":\"LIFE Apollo 2020\"},\"image\":{\"@id\":\"https:\\\/\\\/parnassius-apollo.life\\\/pl#\\\/schema\\\/logo\\\/image\\\/\"},\"email\":\"info@apollo-2020.life\",\"legalName\":\"Karkonoski Park Narodowy\",\"numberOfEmployees\":{\"@type\":\"QuantitativeValue\",\"minValue\":\"51\",\"maxValue\":\"200\"}}]}<\/script>\n<!-- \/ Yoast SEO Premium plugin. -->","yoast_head_json":{"title":"Panel plenarny: Wytyczne i zaanga\u017cowanie w ochron\u0119 przyrody - Parnassius apollo project LIFE Apollo2020","robots":{"index":"index","follow":"follow","max-snippet":"max-snippet:-1","max-image-preview":"max-image-preview:large","max-video-preview":"max-video-preview:-1"},"canonical":"https:\/\/parnassius-apollo.life\/pl\/panel-plenarny-wytyczne-i-zaangazowanie-w-ochrone-przyrody","og_locale":"pl_PL","og_type":"article","og_title":"Panel plenarny: Wytyczne i zaanga\u017cowanie w ochron\u0119 przyrody","og_description":"Klucz do bior\u00f3\u017cnorodno\u015bci \u0142\u0105k Kamilla Grzesiak &amp; Krzysztof Kalemba, Klub Przyrodnik\u00f3w #followapollo &#8211; nauka obywatelska LIFE Apollo2020 na iNaturalist Tomasz","og_url":"https:\/\/parnassius-apollo.life\/pl\/panel-plenarny-wytyczne-i-zaangazowanie-w-ochrone-przyrody","og_site_name":"Parnassius apollo project LIFE Apollo2020","og_image":[{"url":"https:\/\/parnassius-apollo.life\/wp-content\/uploads\/2022\/08\/2.png","type":"","width":"","height":""}],"twitter_card":"summary_large_image","twitter_misc":{"Szacowany czas czytania":"2 minuty"},"schema":{"@context":"https:\/\/schema.org","@graph":[{"@type":"WebPage","@id":"https:\/\/parnassius-apollo.life\/pl\/panel-plenarny-wytyczne-i-zaangazowanie-w-ochrone-przyrody","url":"https:\/\/parnassius-apollo.life\/pl\/panel-plenarny-wytyczne-i-zaangazowanie-w-ochrone-przyrody","name":"Panel plenarny: Wytyczne i zaanga\u017cowanie w ochron\u0119 przyrody - Parnassius apollo project LIFE Apollo2020","isPartOf":{"@id":"https:\/\/parnassius-apollo.life\/pl#website"},"primaryImageOfPage":{"@id":"https:\/\/parnassius-apollo.life\/pl\/panel-plenarny-wytyczne-i-zaangazowanie-w-ochrone-przyrody#primaryimage"},"image":{"@id":"https:\/\/parnassius-apollo.life\/pl\/panel-plenarny-wytyczne-i-zaangazowanie-w-ochrone-przyrody#primaryimage"},"thumbnailUrl":"https:\/\/parnassius-apollo.life\/wp-content\/uploads\/2022\/08\/2.png","datePublished":"2024-11-30T17:44:48+00:00","breadcrumb":{"@id":"https:\/\/parnassius-apollo.life\/pl\/panel-plenarny-wytyczne-i-zaangazowanie-w-ochrone-przyrody#breadcrumb"},"inLanguage":"pl-PL","potentialAction":[{"@type":"ReadAction","target":["https:\/\/parnassius-apollo.life\/pl\/panel-plenarny-wytyczne-i-zaangazowanie-w-ochrone-przyrody"]}]},{"@type":"ImageObject","inLanguage":"pl-PL","@id":"https:\/\/parnassius-apollo.life\/pl\/panel-plenarny-wytyczne-i-zaangazowanie-w-ochrone-przyrody#primaryimage","url":"https:\/\/parnassius-apollo.life\/wp-content\/uploads\/2022\/08\/2.png","contentUrl":"https:\/\/parnassius-apollo.life\/wp-content\/uploads\/2022\/08\/2.png"},{"@type":"BreadcrumbList","@id":"https:\/\/parnassius-apollo.life\/pl\/panel-plenarny-wytyczne-i-zaangazowanie-w-ochrone-przyrody#breadcrumb","itemListElement":[{"@type":"ListItem","position":1,"name":"Home","item":"https:\/\/parnassius-apollo.life\/pl"},{"@type":"ListItem","position":2,"name":"Panel plenarny: Wytyczne i zaanga\u017cowanie w ochron\u0119 przyrody"}]},{"@type":"WebSite","@id":"https:\/\/parnassius-apollo.life\/pl#website","url":"https:\/\/parnassius-apollo.life\/pl","name":"Parnassius apollo project LIFE Apollo2020","description":"Conservation of Parnassius apollo in Czechia, Poland and Austria","publisher":{"@id":"https:\/\/parnassius-apollo.life\/pl#organization"},"potentialAction":[{"@type":"SearchAction","target":{"@type":"EntryPoint","urlTemplate":"https:\/\/parnassius-apollo.life\/pl?s={search_term_string}"},"query-input":{"@type":"PropertyValueSpecification","valueRequired":true,"valueName":"search_term_string"}}],"inLanguage":"pl-PL"},{"@type":"Organization","@id":"https:\/\/parnassius-apollo.life\/pl#organization","name":"LIFE Apollo 2020","alternateName":"Parnassius Apollo LIFE Project","url":"https:\/\/parnassius-apollo.life\/pl","logo":{"@type":"ImageObject","inLanguage":"pl-PL","@id":"https:\/\/parnassius-apollo.life\/pl#\/schema\/logo\/image\/","url":"https:\/\/i0.wp.com\/parnassius-apollo.life\/wp-content\/uploads\/2022\/05\/LIFE_Apollo_Final-e1651506328254.png?fit=127%2C150&ssl=1","contentUrl":"https:\/\/i0.wp.com\/parnassius-apollo.life\/wp-content\/uploads\/2022\/05\/LIFE_Apollo_Final-e1651506328254.png?fit=127%2C150&ssl=1","width":127,"height":150,"caption":"LIFE Apollo 2020"},"image":{"@id":"https:\/\/parnassius-apollo.life\/pl#\/schema\/logo\/image\/"},"email":"info@apollo-2020.life","legalName":"Karkonoski Park Narodowy","numberOfEmployees":{"@type":"QuantitativeValue","minValue":"51","maxValue":"200"}}]}},"jetpack_likes_enabled":true,"jetpack_sharing_enabled":true,"_links":{"self":[{"href":"https:\/\/parnassius-apollo.life\/pl\/wp-json\/wp\/v2\/pages\/8465","targetHints":{"allow":["GET"]}}],"collection":[{"href":"https:\/\/parnassius-apollo.life\/pl\/wp-json\/wp\/v2\/pages"}],"about":[{"href":"https:\/\/parnassius-apollo.life\/pl\/wp-json\/wp\/v2\/types\/page"}],"author":[{"embeddable":true,"href":"https:\/\/parnassius-apollo.life\/pl\/wp-json\/wp\/v2\/users\/33"}],"replies":[{"embeddable":true,"href":"https:\/\/parnassius-apollo.life\/pl\/wp-json\/wp\/v2\/comments?post=8465"}],"version-history":[{"count":0,"href":"https:\/\/parnassius-apollo.life\/pl\/wp-json\/wp\/v2\/pages\/8465\/revisions"}],"wp:attachment":[{"href":"https:\/\/parnassius-apollo.life\/pl\/wp-json\/wp\/v2\/media?parent=8465"}],"curies":[{"name":"wp","href":"https:\/\/api.w.org\/{rel}","templated":true}]}}