{"id":8456,"date":"2024-11-30T18:40:47","date_gmt":"2024-11-30T17:40:47","guid":{"rendered":"https:\/\/parnassius-apollo.life\/pawel-adamski"},"modified":"2024-11-30T18:40:47","modified_gmt":"2024-11-30T17:40:47","slug":"pawel-adamski","status":"publish","type":"page","link":"https:\/\/parnassius-apollo.life\/pl\/pawel-adamski","title":{"rendered":"Pawe\u0142 Adamski"},"content":{"rendered":"\n<p style=\"font-size:18px\"><strong>ROLA<\/strong><\/p>\n\n<div class=\"ghostkit-icon-box\"><div class=\"ghostkit-icon-box-icon ghostkit-icon-box-icon-align-left\"><svg class=\"ghostkit-svg-icon\" width=\"24\" height=\"24\" viewBox=\"0 0 24 24\" fill=\"none\" xmlns=\"http:\/\/www.w3.org\/2000\/svg\"><path fill-rule=\"evenodd\" clip-rule=\"evenodd\" d=\"M9.21967 6.2197C9.51256 5.9268 9.98744 5.9268 10.2803 6.2197L15.5303 11.4697C15.8232 11.7626 15.8232 12.2374 15.5303 12.5303L10.2803 17.7803C9.98744 18.0732 9.51256 18.0732 9.21967 17.7803C8.92678 17.4874 8.92678 17.0126 9.21967 16.7197L13.9393 12L9.21967 7.2803C8.92678 6.9874 8.92678 6.5126 9.21967 6.2197Z\" fill=\"currentColor\"\/><\/svg><\/div><div class=\"ghostkit-icon-box-content is-layout-flow wp-block-ghostkit-icon-box-is-layout-flow\">\n<p>Ekspert zewn\u0119trzny<\/p>\n<\/div><\/div>\n\n<p style=\"font-size:18px\"><strong>KRAJ<\/strong><\/p>\n\n<div class=\"ghostkit-icon-box\"><div class=\"ghostkit-icon-box-icon ghostkit-icon-box-icon-align-left\"><svg class=\"ghostkit-svg-icon\" width=\"24\" height=\"24\" viewBox=\"0 0 24 24\" fill=\"none\" xmlns=\"http:\/\/www.w3.org\/2000\/svg\"><path d=\"M11.2806 20.6368C5.98328 13.2316 5 12.4715 5 9.75C5 6.02207 8.13399 3 12 3C15.866 3 19 6.02207 19 9.75C19 12.4715 18.0167 13.2316 12.7194 20.6368C12.3718 21.1211 11.6282 21.121 11.2806 20.6368ZM12 12.5625C13.6108 12.5625 14.9167 11.3033 14.9167 9.75C14.9167 8.19669 13.6108 6.9375 12 6.9375C10.3892 6.9375 9.08333 8.19669 9.08333 9.75C9.08333 11.3033 10.3892 12.5625 12 12.5625Z\" fill=\"currentColor\"\/><\/svg><\/div><div class=\"ghostkit-icon-box-content is-layout-flow wp-block-ghostkit-icon-box-is-layout-flow\">\n<p>Polska<\/p>\n<\/div><\/div>\n\n<div class=\"wp-block-media-text alignwide is-stacked-on-mobile\" style=\"grid-template-columns:15% auto\"><figure class=\"wp-block-media-text__media\"><a href=\"https:\/\/www.kp.org.pl\/en\/\"><img data-recalc-dims=\"1\" loading=\"lazy\" decoding=\"async\" width=\"482\" height=\"451\" src=\"https:\/\/i0.wp.com\/parnassius-apollo.life\/wp-content\/uploads\/2023\/11\/Institute_of_Nature_Conservation_PAS.png?resize=482%2C451&#038;ssl=1\" alt=\"\" class=\"wp-image-6510 size-full\"\/><\/a><\/figure><div class=\"wp-block-media-text__content\">\n<p><mark style=\"background-color:rgba(0, 0, 0, 0)\" class=\"has-inline-color has-central-palette-7-color\">Instytut Ochrony Przyrody<\/mark> jest plac\u00f3wk\u0105 Oddzia\u0142u II Polskiej Akademii Nauk. Instytut prowadzi badania w dziedzinie ekologii, biologii konserwatorskiej i geologii. Jego g\u0142\u00f3wnym zadaniem jest tworzenie naukowych podstaw nowoczesnej ochrony przyrody i \u015brodowiska.  <\/p>\n<\/div><\/div>\n\n<p style=\"font-size:18px\"><strong>O<\/strong><\/p>\n\n<div class=\"ghostkit-icon-box\"><div class=\"ghostkit-icon-box-content is-layout-flow wp-block-ghostkit-icon-box-is-layout-flow\">\n<div class=\"wp-block-group alignfull is-vertical is-layout-flex wp-container-core-group-is-layout-fe9cc265 wp-block-group-is-layout-flex\">\n<p>Dr Pawe\u0142 Adamski jest zatrudniony na stanowisku profesora<strong> nadzwyczajnego w Instytucie Ochrony Przyrody Polskiej Akademii Nauk<\/strong>. Jego praca naukowa i aplikacyjna koncentruje si\u0119 na <strong>ekologii zagro\u017conych populacji<\/strong>, w szczeg\u00f3lno\u015bci na wdra\u017caniu ekologii metapopulacji w aktywnej ochronie zwierz\u0105t. <\/p>\n\n\n\n<p>Bra\u0142 udzia\u0142 w kilku projektach maj\u0105cych na celu przywr\u00f3cenie populacji zwierz\u0105t, w tym <strong>motyla Apollo w Pieni\u0144skim Parku Narodowym<\/strong>, ma\u0142\u017ca s\u0142odkowodnego <em>Unio crassus<\/em> w rzece Bia\u0142ej, kumaka nizinnego<em>(Bombina<\/em><em>variegata<\/em>) w dolinie Bia\u0142ej i kumaka nizinnego<em>(Bombina bombina<\/em>) w delcie \u015br\u00f3dl\u0105dowej Nidy.<\/p>\n\n\n\n<p>Pawe\u0142 zajmuje si\u0119 motylem niepylakiem apollo <strong>od 1993 roku<\/strong>, kiedy to jako student w\u0142\u0105czy\u0142 si\u0119 w projekt restytucji tego gatunku w Pieni\u0144skim Parku Narodowym. W 2005 roku zosta\u0142 opiekunem naukowym dzia\u0142a\u0144 ochronnych tej populacji. <\/p>\n\n\n\n<p>Opr\u00f3cz pracy w dziedzinie ekologii odtworzeniowej, Pawe\u0142 zajmuje si\u0119 <strong>monitorowaniem zagro\u017conych owad\u00f3w<\/strong>, g\u0142\u00f3wnie motyli, oraz <strong>identyfikacj\u0105 czynnik\u00f3w zagro\u017cenia<\/strong>. Ponadto jego dzia\u0142alno\u015b\u0107 naukowa obejmuje badania nad zwi\u0105zkami mi\u0119dzy dzik\u0105 przyrod\u0105 a turystyk\u0105 i rekreacj\u0105. <\/p>\n<\/div>\n<\/div><\/div>\n","protected":false},"excerpt":{"rendered":"<p>ROLA Ekspert zewn\u0119trzny KRAJ Polska Instytut Ochrony Przyrody jest plac\u00f3wk\u0105 Oddzia\u0142u II Polskiej Akademii Nauk. Instytut prowadzi badania w dziedzinie<\/p>\n","protected":false},"author":33,"featured_media":0,"parent":0,"menu_order":0,"comment_status":"closed","ping_status":"closed","template":"","meta":{"colormag_page_container_layout":"default_layout","colormag_page_sidebar_layout":"default_layout","ghostkit_customizer_options":"","ghostkit_custom_css":"","ghostkit_custom_js_head":"","ghostkit_custom_js_foot":"","ghostkit_typography":"","jetpack_post_was_ever_published":false,"footnotes":""},"class_list":["post-8456","page","type-page","status-publish","hentry"],"yoast_head":"<!-- This site is optimized with the Yoast SEO Premium plugin v27.4 (Yoast SEO v27.4) - https:\/\/yoast.com\/product\/yoast-seo-premium-wordpress\/ -->\n<title>Pawe\u0142 Adamski - Parnassius apollo project LIFE Apollo2020<\/title>\n<meta name=\"robots\" content=\"index, follow, max-snippet:-1, max-image-preview:large, max-video-preview:-1\" \/>\n<link rel=\"canonical\" href=\"https:\/\/parnassius-apollo.life\/pl\/pawel-adamski\" \/>\n<meta property=\"og:locale\" content=\"pl_PL\" \/>\n<meta property=\"og:type\" content=\"article\" \/>\n<meta property=\"og:title\" content=\"Pawe\u0142 Adamski\" \/>\n<meta property=\"og:description\" content=\"ROLA Ekspert zewn\u0119trzny KRAJ Polska Instytut Ochrony Przyrody jest plac\u00f3wk\u0105 Oddzia\u0142u II Polskiej Akademii Nauk. Instytut prowadzi badania w dziedzinie\" \/>\n<meta property=\"og:url\" content=\"https:\/\/parnassius-apollo.life\/pl\/pawel-adamski\" \/>\n<meta property=\"og:site_name\" content=\"Parnassius apollo project LIFE Apollo2020\" \/>\n<meta property=\"og:image\" content=\"https:\/\/parnassius-apollo.life\/wp-content\/uploads\/2023\/11\/Institute_of_Nature_Conservation_PAS.png\" \/>\n<meta name=\"twitter:card\" content=\"summary_large_image\" \/>\n<meta name=\"twitter:label1\" content=\"Szacowany czas czytania\" \/>\n\t<meta name=\"twitter:data1\" content=\"1 minuta\" \/>\n<script type=\"application\/ld+json\" class=\"yoast-schema-graph\">{\"@context\":\"https:\\\/\\\/schema.org\",\"@graph\":[{\"@type\":\"WebPage\",\"@id\":\"https:\\\/\\\/parnassius-apollo.life\\\/pl\\\/pawel-adamski\",\"url\":\"https:\\\/\\\/parnassius-apollo.life\\\/pl\\\/pawel-adamski\",\"name\":\"Pawe\u0142 Adamski - Parnassius apollo project LIFE Apollo2020\",\"isPartOf\":{\"@id\":\"https:\\\/\\\/parnassius-apollo.life\\\/pl#website\"},\"primaryImageOfPage\":{\"@id\":\"https:\\\/\\\/parnassius-apollo.life\\\/pl\\\/pawel-adamski#primaryimage\"},\"image\":{\"@id\":\"https:\\\/\\\/parnassius-apollo.life\\\/pl\\\/pawel-adamski#primaryimage\"},\"thumbnailUrl\":\"https:\\\/\\\/parnassius-apollo.life\\\/wp-content\\\/uploads\\\/2023\\\/11\\\/Institute_of_Nature_Conservation_PAS.png\",\"datePublished\":\"2024-11-30T17:40:47+00:00\",\"breadcrumb\":{\"@id\":\"https:\\\/\\\/parnassius-apollo.life\\\/pl\\\/pawel-adamski#breadcrumb\"},\"inLanguage\":\"pl-PL\",\"potentialAction\":[{\"@type\":\"ReadAction\",\"target\":[\"https:\\\/\\\/parnassius-apollo.life\\\/pl\\\/pawel-adamski\"]}]},{\"@type\":\"ImageObject\",\"inLanguage\":\"pl-PL\",\"@id\":\"https:\\\/\\\/parnassius-apollo.life\\\/pl\\\/pawel-adamski#primaryimage\",\"url\":\"https:\\\/\\\/parnassius-apollo.life\\\/wp-content\\\/uploads\\\/2023\\\/11\\\/Institute_of_Nature_Conservation_PAS.png\",\"contentUrl\":\"https:\\\/\\\/parnassius-apollo.life\\\/wp-content\\\/uploads\\\/2023\\\/11\\\/Institute_of_Nature_Conservation_PAS.png\"},{\"@type\":\"BreadcrumbList\",\"@id\":\"https:\\\/\\\/parnassius-apollo.life\\\/pl\\\/pawel-adamski#breadcrumb\",\"itemListElement\":[{\"@type\":\"ListItem\",\"position\":1,\"name\":\"Home\",\"item\":\"https:\\\/\\\/parnassius-apollo.life\\\/pl\"},{\"@type\":\"ListItem\",\"position\":2,\"name\":\"Pawe\u0142 Adamski\"}]},{\"@type\":\"WebSite\",\"@id\":\"https:\\\/\\\/parnassius-apollo.life\\\/pl#website\",\"url\":\"https:\\\/\\\/parnassius-apollo.life\\\/pl\",\"name\":\"Parnassius apollo project LIFE Apollo2020\",\"description\":\"Conservation of Parnassius apollo in Czechia, Poland and Austria\",\"publisher\":{\"@id\":\"https:\\\/\\\/parnassius-apollo.life\\\/pl#organization\"},\"potentialAction\":[{\"@type\":\"SearchAction\",\"target\":{\"@type\":\"EntryPoint\",\"urlTemplate\":\"https:\\\/\\\/parnassius-apollo.life\\\/pl?s={search_term_string}\"},\"query-input\":{\"@type\":\"PropertyValueSpecification\",\"valueRequired\":true,\"valueName\":\"search_term_string\"}}],\"inLanguage\":\"pl-PL\"},{\"@type\":\"Organization\",\"@id\":\"https:\\\/\\\/parnassius-apollo.life\\\/pl#organization\",\"name\":\"LIFE Apollo 2020\",\"alternateName\":\"Parnassius Apollo LIFE Project\",\"url\":\"https:\\\/\\\/parnassius-apollo.life\\\/pl\",\"logo\":{\"@type\":\"ImageObject\",\"inLanguage\":\"pl-PL\",\"@id\":\"https:\\\/\\\/parnassius-apollo.life\\\/pl#\\\/schema\\\/logo\\\/image\\\/\",\"url\":\"https:\\\/\\\/i0.wp.com\\\/parnassius-apollo.life\\\/wp-content\\\/uploads\\\/2022\\\/05\\\/LIFE_Apollo_Final-e1651506328254.png?fit=127%2C150&ssl=1\",\"contentUrl\":\"https:\\\/\\\/i0.wp.com\\\/parnassius-apollo.life\\\/wp-content\\\/uploads\\\/2022\\\/05\\\/LIFE_Apollo_Final-e1651506328254.png?fit=127%2C150&ssl=1\",\"width\":127,\"height\":150,\"caption\":\"LIFE Apollo 2020\"},\"image\":{\"@id\":\"https:\\\/\\\/parnassius-apollo.life\\\/pl#\\\/schema\\\/logo\\\/image\\\/\"},\"email\":\"info@apollo-2020.life\",\"legalName\":\"Karkonoski Park Narodowy\",\"numberOfEmployees\":{\"@type\":\"QuantitativeValue\",\"minValue\":\"51\",\"maxValue\":\"200\"}}]}<\/script>\n<!-- \/ Yoast SEO Premium plugin. -->","yoast_head_json":{"title":"Pawe\u0142 Adamski - Parnassius apollo project LIFE Apollo2020","robots":{"index":"index","follow":"follow","max-snippet":"max-snippet:-1","max-image-preview":"max-image-preview:large","max-video-preview":"max-video-preview:-1"},"canonical":"https:\/\/parnassius-apollo.life\/pl\/pawel-adamski","og_locale":"pl_PL","og_type":"article","og_title":"Pawe\u0142 Adamski","og_description":"ROLA Ekspert zewn\u0119trzny KRAJ Polska Instytut Ochrony Przyrody jest plac\u00f3wk\u0105 Oddzia\u0142u II Polskiej Akademii Nauk. Instytut prowadzi badania w dziedzinie","og_url":"https:\/\/parnassius-apollo.life\/pl\/pawel-adamski","og_site_name":"Parnassius apollo project LIFE Apollo2020","og_image":[{"url":"https:\/\/parnassius-apollo.life\/wp-content\/uploads\/2023\/11\/Institute_of_Nature_Conservation_PAS.png","type":"","width":"","height":""}],"twitter_card":"summary_large_image","twitter_misc":{"Szacowany czas czytania":"1 minuta"},"schema":{"@context":"https:\/\/schema.org","@graph":[{"@type":"WebPage","@id":"https:\/\/parnassius-apollo.life\/pl\/pawel-adamski","url":"https:\/\/parnassius-apollo.life\/pl\/pawel-adamski","name":"Pawe\u0142 Adamski - Parnassius apollo project LIFE Apollo2020","isPartOf":{"@id":"https:\/\/parnassius-apollo.life\/pl#website"},"primaryImageOfPage":{"@id":"https:\/\/parnassius-apollo.life\/pl\/pawel-adamski#primaryimage"},"image":{"@id":"https:\/\/parnassius-apollo.life\/pl\/pawel-adamski#primaryimage"},"thumbnailUrl":"https:\/\/parnassius-apollo.life\/wp-content\/uploads\/2023\/11\/Institute_of_Nature_Conservation_PAS.png","datePublished":"2024-11-30T17:40:47+00:00","breadcrumb":{"@id":"https:\/\/parnassius-apollo.life\/pl\/pawel-adamski#breadcrumb"},"inLanguage":"pl-PL","potentialAction":[{"@type":"ReadAction","target":["https:\/\/parnassius-apollo.life\/pl\/pawel-adamski"]}]},{"@type":"ImageObject","inLanguage":"pl-PL","@id":"https:\/\/parnassius-apollo.life\/pl\/pawel-adamski#primaryimage","url":"https:\/\/parnassius-apollo.life\/wp-content\/uploads\/2023\/11\/Institute_of_Nature_Conservation_PAS.png","contentUrl":"https:\/\/parnassius-apollo.life\/wp-content\/uploads\/2023\/11\/Institute_of_Nature_Conservation_PAS.png"},{"@type":"BreadcrumbList","@id":"https:\/\/parnassius-apollo.life\/pl\/pawel-adamski#breadcrumb","itemListElement":[{"@type":"ListItem","position":1,"name":"Home","item":"https:\/\/parnassius-apollo.life\/pl"},{"@type":"ListItem","position":2,"name":"Pawe\u0142 Adamski"}]},{"@type":"WebSite","@id":"https:\/\/parnassius-apollo.life\/pl#website","url":"https:\/\/parnassius-apollo.life\/pl","name":"Parnassius apollo project LIFE Apollo2020","description":"Conservation of Parnassius apollo in Czechia, Poland and Austria","publisher":{"@id":"https:\/\/parnassius-apollo.life\/pl#organization"},"potentialAction":[{"@type":"SearchAction","target":{"@type":"EntryPoint","urlTemplate":"https:\/\/parnassius-apollo.life\/pl?s={search_term_string}"},"query-input":{"@type":"PropertyValueSpecification","valueRequired":true,"valueName":"search_term_string"}}],"inLanguage":"pl-PL"},{"@type":"Organization","@id":"https:\/\/parnassius-apollo.life\/pl#organization","name":"LIFE Apollo 2020","alternateName":"Parnassius Apollo LIFE Project","url":"https:\/\/parnassius-apollo.life\/pl","logo":{"@type":"ImageObject","inLanguage":"pl-PL","@id":"https:\/\/parnassius-apollo.life\/pl#\/schema\/logo\/image\/","url":"https:\/\/i0.wp.com\/parnassius-apollo.life\/wp-content\/uploads\/2022\/05\/LIFE_Apollo_Final-e1651506328254.png?fit=127%2C150&ssl=1","contentUrl":"https:\/\/i0.wp.com\/parnassius-apollo.life\/wp-content\/uploads\/2022\/05\/LIFE_Apollo_Final-e1651506328254.png?fit=127%2C150&ssl=1","width":127,"height":150,"caption":"LIFE Apollo 2020"},"image":{"@id":"https:\/\/parnassius-apollo.life\/pl#\/schema\/logo\/image\/"},"email":"info@apollo-2020.life","legalName":"Karkonoski Park Narodowy","numberOfEmployees":{"@type":"QuantitativeValue","minValue":"51","maxValue":"200"}}]}},"jetpack_likes_enabled":true,"jetpack_sharing_enabled":true,"_links":{"self":[{"href":"https:\/\/parnassius-apollo.life\/pl\/wp-json\/wp\/v2\/pages\/8456","targetHints":{"allow":["GET"]}}],"collection":[{"href":"https:\/\/parnassius-apollo.life\/pl\/wp-json\/wp\/v2\/pages"}],"about":[{"href":"https:\/\/parnassius-apollo.life\/pl\/wp-json\/wp\/v2\/types\/page"}],"author":[{"embeddable":true,"href":"https:\/\/parnassius-apollo.life\/pl\/wp-json\/wp\/v2\/users\/33"}],"replies":[{"embeddable":true,"href":"https:\/\/parnassius-apollo.life\/pl\/wp-json\/wp\/v2\/comments?post=8456"}],"version-history":[{"count":0,"href":"https:\/\/parnassius-apollo.life\/pl\/wp-json\/wp\/v2\/pages\/8456\/revisions"}],"wp:attachment":[{"href":"https:\/\/parnassius-apollo.life\/pl\/wp-json\/wp\/v2\/media?parent=8456"}],"curies":[{"name":"wp","href":"https:\/\/api.w.org\/{rel}","templated":true}]}}