{"id":8324,"date":"2024-11-30T16:16:21","date_gmt":"2024-11-30T15:16:21","guid":{"rendered":"https:\/\/parnassius-apollo.life\/tomas-ernest-vondrejc"},"modified":"2024-11-30T16:16:23","modified_gmt":"2024-11-30T15:16:23","slug":"tomas-ernest-vondrejc","status":"publish","type":"page","link":"https:\/\/parnassius-apollo.life\/pl\/tomas-ernest-vondrejc","title":{"rendered":"Tom\u00e1\u0161 Ernest Vond\u0159ejc"},"content":{"rendered":"            <div class=\"oxi-addons-container noLightbox oxi-image-hover-wrapper-26 \" id=\"oxi-image-hover-wrapper-26\">\n                <div class=\"oxi-addons-row\">\n                                <div class=\"oxi-image-hover-style oxi-bt-col-lg-12 oxi-bt-col-md-12 oxi-bt-col-sm-12                         \"  >\n                <div class=\"oxi-image-hover-style-flipbox\">\n                                            <div class=\"oxi-image-hover oxi-image-flipbox-hover oxi-image-flipbox-hover-style-1 oxi-image-flipbox-hover-26-199\">\n                            <div class=\"oxi-image-hover-figure oxi-image-flip-top-to-bottom \">\n                                <div class=\"oxi-image-hover-figure-frontend\">\n                                    <div class=\"oxi-image-hover-figure-front-section\">\n                                                                                    <img data-recalc-dims=\"1\" decoding=\"async\"  src=\"https:\/\/i0.wp.com\/parnassius-apollo.life\/wp-content\/uploads\/2022\/04\/butterflies-gc807117a8_1920.jpg?w=800&#038;ssl=1\" >\n                                                                                <\/div>\n                                <\/div>\n                                <div class=\"oxi-image-hover-figure-backend\">\n                                    <div class=\"oxi-image-hover-figure-back-section image-hover-align-center-center\">\n\n                                                                                    <div class=\"oxi-image-hover-heading    \"> Tom\u00e1\u0161 Ernest Vond\u0159ejc<\/div>\n                                            \n                                            <div class=\"oxi-image-hover-content    \">Reintroduction<\/div>\n                                            \n                                    <\/div>\n                                <\/div>\n                            <\/div>\n                        <\/div>\n                                        <\/div>  \n                            <\/div>  \n                            <\/div>\n            <\/div>\n\t\t\t\n\n<h2 class=\"wp-block-heading has-central-palette-7-color has-text-color\" id=\"h-role\" style=\"font-size:18px\"><strong>ROLA<\/strong><\/h2>\n\n<div class=\"ghostkit-icon-box\"><div class=\"ghostkit-icon-box-icon ghostkit-icon-box-icon-align-left\"><svg class=\"ghostkit-svg-icon\" width=\"24\" height=\"24\" viewBox=\"0 0 24 24\" fill=\"none\" xmlns=\"http:\/\/www.w3.org\/2000\/svg\"><path fill-rule=\"evenodd\" clip-rule=\"evenodd\" d=\"M9.21967 6.2197C9.51256 5.9268 9.98744 5.9268 10.2803 6.2197L15.5303 11.4697C15.8232 11.7626 15.8232 12.2374 15.5303 12.5303L10.2803 17.7803C9.98744 18.0732 9.51256 18.0732 9.21967 17.7803C8.92678 17.4874 8.92678 17.0126 9.21967 16.7197L13.9393 12L9.21967 7.2803C8.92678 6.9874 8.92678 6.5126 9.21967 6.2197Z\" fill=\"currentColor\"\/><\/svg><\/div><div class=\"ghostkit-icon-box-content is-layout-flow wp-block-ghostkit-icon-box-is-layout-flow\">\n<p>Ponowne wprowadzenie<\/p>\n<\/div><\/div>\n\n<h2 class=\"wp-block-heading has-central-palette-7-color has-text-color\" id=\"h-country\" style=\"font-size:18px\"><strong>KRAJ<\/strong><\/h2>\n\n<div class=\"ghostkit-icon-box\"><div class=\"ghostkit-icon-box-icon ghostkit-icon-box-icon-align-left\"><svg class=\"ghostkit-svg-icon\" width=\"24\" height=\"24\" viewBox=\"0 0 24 24\" fill=\"none\" xmlns=\"http:\/\/www.w3.org\/2000\/svg\"><path d=\"M11.2806 20.6368C5.98328 13.2316 5 12.4715 5 9.75C5 6.02207 8.13399 3 12 3C15.866 3 19 6.02207 19 9.75C19 12.4715 18.0167 13.2316 12.7194 20.6368C12.3718 21.1211 11.6282 21.121 11.2806 20.6368ZM12 12.5625C13.6108 12.5625 14.9167 11.3033 14.9167 9.75C14.9167 8.19669 13.6108 6.9375 12 6.9375C10.3892 6.9375 9.08333 8.19669 9.08333 9.75C9.08333 11.3033 10.3892 12.5625 12 12.5625Z\" fill=\"currentColor\"\/><\/svg><\/div><div class=\"ghostkit-icon-box-content is-layout-flow wp-block-ghostkit-icon-box-is-layout-flow\">\n<p>Czechy<\/p>\n<\/div><\/div>\n\n<h2 class=\"wp-block-heading has-central-palette-7-color has-text-color\" id=\"h-organisation\" style=\"font-size:18px\"><strong>ORGANIZACJA<\/strong><\/h2>\n\n<div class=\"wp-block-media-text alignwide is-stacked-on-mobile\" style=\"grid-template-columns:15% auto\"><figure class=\"wp-block-media-text__media\"><a href=\"https:\/\/www.kp.org.pl\/en\/\"><img data-recalc-dims=\"1\" loading=\"lazy\" decoding=\"async\" width=\"450\" height=\"355\" src=\"https:\/\/i0.wp.com\/parnassius-apollo.life\/wp-content\/uploads\/2022\/05\/logo_vis2-1.png?resize=450%2C355&#038;ssl=1\" alt=\"\" class=\"wp-image-508 size-full\" srcset=\"https:\/\/i0.wp.com\/parnassius-apollo.life\/wp-content\/uploads\/2022\/05\/logo_vis2-1.png?w=450&amp;ssl=1 450w, https:\/\/i0.wp.com\/parnassius-apollo.life\/wp-content\/uploads\/2022\/05\/logo_vis2-1.png?resize=20%2C16&amp;ssl=1 20w\" sizes=\"auto, (max-width: 450px) 100vw, 450px\" \/><\/a><\/figure><div class=\"wp-block-media-text__content\">\n<p style=\"font-size:14px\"><em><a href=\"https:\/\/vis.bilekarpaty.cz\/\" target=\"_blank\" rel=\"noreferrer noopener\">Centrum Edukacyjno-Informacyjne Bia\u0142e Karpaty<\/a><\/em> jest organizacj\u0105 pozarz\u0105dow\u0105<strong>.<\/strong> Od 25 lat naszym g\u0142\u00f3wnym celem jest edukacja ekologiczna i \u015bwiadomo\u015b\u0107 spo\u0142eczna, edukacja i informowanie m\u0142odzie\u017cy, zapewnienie wsp\u00f3\u0142pracy wszystkich podmiot\u00f3w zajmuj\u0105cych si\u0119 ochron\u0105 przyrody w regionie po\u0142udniowo-wschodnich Moraw, wsp\u00f3\u0142praca z zagranicznymi podmiotami zwi\u0105zanymi z ochron\u0105 przyrody, przygotowanie, produkcja i sprzeda\u017c materia\u0142\u00f3w informacyjnych i metodycznych.<\/p>\n<\/div><\/div>\n\n<p><\/p>\n\n<h2 class=\"wp-block-heading has-central-palette-7-color has-text-color\" id=\"h-about\" style=\"font-size:18px\"><strong>O<\/strong><\/h2>\n\n<div class=\"ghostkit-icon-box\"><div class=\"ghostkit-icon-box-content is-layout-flow wp-block-ghostkit-icon-box-is-layout-flow\">\n<p>W projekcie pe\u0142ni\u0119 rol\u0119 <strong>zoologa<\/strong>. Uczestnicz\u0119 w przygotowaniu <strong>metodologii monitoringu siedlisk i gatunk\u00f3w.<\/strong> Jestem zainteresowany zarz\u0105dzaniem ochron\u0105 w terenie w celu <strong>stworzenia odpowiednich warunk\u00f3w do repatriacji. <\/strong>Z niecierpliwo\u015bci\u0105 czekam r\u00f3wnie\u017c na utworzenie farm hodowlanych i realizacj\u0119 wycieczek, w ramach kt\u00f3rych mo\u017cemy zaanga\u017cowa\u0107 og\u00f3\u0142 spo\u0142ecze\u0144stwa w projekt oraz w ochron\u0119 gatunk\u00f3w i krajobrazu. <\/p>\n<\/div><\/div>\n\n<div class=\"ghostkit-button-wrapper ghostkit-button-wrapper-gap-md ghostkit-button-wrapper-align-center\"><div class=\"ghostkit-button-wrapper-inner\">\n<a class=\"ghostkit-button ghostkit-button-md ghostkit-custom-Z2fn9aj\" href=\"https:\/\/parnassius-apollo.life\/the-team\"><span class=\"ghostkit-button-text\">Poznaj reszt\u0119 naszego zespo\u0142u<\/span><\/a>\n<\/div><\/div>\n\n<div class=\"ghostkit-divider ghostkit-divider-type-solid ghostkit-custom-Z1Ek3OW\"><\/div>\n\n<p><\/p>\n\n<p class=\"has-central-palette-7-color has-text-color\"><strong>#followapollo<\/strong> i dzia\u0142ania naszego zespo\u0142u! Umiej\u0119tno\u015bci w zakresie hodowli, ochrony siedlisk, bada\u0144, edukacji ekologicznej i zarz\u0105dzania projektami stanowi\u0105 doskona\u0142e po\u0142\u0105czenie, zapewniaj\u0105ce sukces naszego projektu LIFE.<\/p>\n\n<div style=\"padding:20px;text-align:center\" class=\"wp-block-tnp-minimal\"><p>Zapisz si\u0119 do naszego newslettera i otrzymuj najnowsze informacje na temat ochrony motyli!<\/p><div><div class=\"tnp tnp-subscription-minimal  \"><form action=\"https:\/\/parnassius-apollo.life\/wp-admin\/admin-ajax.php?action=tnp&amp;na=s\" method=\"post\" style=\"text-align: center\"><input type=\"hidden\" name=\"nr\" value=\"minimal\">\n<input type=\"hidden\" name=\"nlang\" value=\"pl\">\n<input class=\"tnp-email\" type=\"email\" required name=\"ne\" value=\"\" placeholder=\"Email\"><input class=\"tnp-submit\" type=\"submit\" value=\"Subscribe\" style=\"\">\n<div class=\"tnp-field tnp-privacy-field\"><label><input type=\"checkbox\" name=\"ny\" required class=\"tnp-privacy\"> By continuing, you accept the privacy policy<\/label><\/div><\/form><\/div>\n<\/div><\/div>\n\n<ul class=\"wp-block-social-links aligncenter is-layout-flex wp-block-social-links-is-layout-flex\"><li class=\"wp-social-link wp-social-link-instagram  wp-block-social-link\"><a href=\"https:\/\/www.instagram.com\/the_real_parnassius_apollo\/\" class=\"wp-block-social-link-anchor\"><svg width=\"24\" height=\"24\" viewBox=\"0 0 24 24\" version=\"1.1\" xmlns=\"http:\/\/www.w3.org\/2000\/svg\" aria-hidden=\"true\" focusable=\"false\"><path d=\"M12,4.622c2.403,0,2.688,0.009,3.637,0.052c0.877,0.04,1.354,0.187,1.671,0.31c0.42,0.163,0.72,0.358,1.035,0.673 c0.315,0.315,0.51,0.615,0.673,1.035c0.123,0.317,0.27,0.794,0.31,1.671c0.043,0.949,0.052,1.234,0.052,3.637 s-0.009,2.688-0.052,3.637c-0.04,0.877-0.187,1.354-0.31,1.671c-0.163,0.42-0.358,0.72-0.673,1.035 c-0.315,0.315-0.615,0.51-1.035,0.673c-0.317,0.123-0.794,0.27-1.671,0.31c-0.949,0.043-1.233,0.052-3.637,0.052 s-2.688-0.009-3.637-0.052c-0.877-0.04-1.354-0.187-1.671-0.31c-0.42-0.163-0.72-0.358-1.035-0.673 c-0.315-0.315-0.51-0.615-0.673-1.035c-0.123-0.317-0.27-0.794-0.31-1.671C4.631,14.688,4.622,14.403,4.622,12 s0.009-2.688,0.052-3.637c0.04-0.877,0.187-1.354,0.31-1.671c0.163-0.42,0.358-0.72,0.673-1.035 c0.315-0.315,0.615-0.51,1.035-0.673c0.317-0.123,0.794-0.27,1.671-0.31C9.312,4.631,9.597,4.622,12,4.622 M12,3 C9.556,3,9.249,3.01,8.289,3.054C7.331,3.098,6.677,3.25,6.105,3.472C5.513,3.702,5.011,4.01,4.511,4.511 c-0.5,0.5-0.808,1.002-1.038,1.594C3.25,6.677,3.098,7.331,3.054,8.289C3.01,9.249,3,9.556,3,12c0,2.444,0.01,2.751,0.054,3.711 c0.044,0.958,0.196,1.612,0.418,2.185c0.23,0.592,0.538,1.094,1.038,1.594c0.5,0.5,1.002,0.808,1.594,1.038 c0.572,0.222,1.227,0.375,2.185,0.418C9.249,20.99,9.556,21,12,21s2.751-0.01,3.711-0.054c0.958-0.044,1.612-0.196,2.185-0.418 c0.592-0.23,1.094-0.538,1.594-1.038c0.5-0.5,0.808-1.002,1.038-1.594c0.222-0.572,0.375-1.227,0.418-2.185 C20.99,14.751,21,14.444,21,12s-0.01-2.751-0.054-3.711c-0.044-0.958-0.196-1.612-0.418-2.185c-0.23-0.592-0.538-1.094-1.038-1.594 c-0.5-0.5-1.002-0.808-1.594-1.038c-0.572-0.222-1.227-0.375-2.185-0.418C14.751,3.01,14.444,3,12,3L12,3z M12,7.378 c-2.552,0-4.622,2.069-4.622,4.622S9.448,16.622,12,16.622s4.622-2.069,4.622-4.622S14.552,7.378,12,7.378z M12,15 c-1.657,0-3-1.343-3-3s1.343-3,3-3s3,1.343,3,3S13.657,15,12,15z M16.804,6.116c-0.596,0-1.08,0.484-1.08,1.08 s0.484,1.08,1.08,1.08c0.596,0,1.08-0.484,1.08-1.08S17.401,6.116,16.804,6.116z\"><\/path><\/svg><span class=\"wp-block-social-link-label screen-reader-text\">Instagram<\/span><\/a><\/li>\n\n<li class=\"wp-social-link wp-social-link-facebook  wp-block-social-link\"><a href=\"https:\/\/www.facebook.com\/LIFEapollo2020\" class=\"wp-block-social-link-anchor\"><svg width=\"24\" height=\"24\" viewBox=\"0 0 24 24\" version=\"1.1\" xmlns=\"http:\/\/www.w3.org\/2000\/svg\" aria-hidden=\"true\" focusable=\"false\"><path d=\"M12 2C6.5 2 2 6.5 2 12c0 5 3.7 9.1 8.4 9.9v-7H7.9V12h2.5V9.8c0-2.5 1.5-3.9 3.8-3.9 1.1 0 2.2.2 2.2.2v2.5h-1.3c-1.2 0-1.6.8-1.6 1.6V12h2.8l-.4 2.9h-2.3v7C18.3 21.1 22 17 22 12c0-5.5-4.5-10-10-10z\"><\/path><\/svg><span class=\"wp-block-social-link-label screen-reader-text\">Facebook<\/span><\/a><\/li>\n\n<li class=\"wp-social-link wp-social-link-linkedin  wp-block-social-link\"><a href=\"https:\/\/www.linkedin.com\/company\/life-apollo2020\" class=\"wp-block-social-link-anchor\"><svg width=\"24\" height=\"24\" viewBox=\"0 0 24 24\" version=\"1.1\" xmlns=\"http:\/\/www.w3.org\/2000\/svg\" aria-hidden=\"true\" focusable=\"false\"><path d=\"M19.7,3H4.3C3.582,3,3,3.582,3,4.3v15.4C3,20.418,3.582,21,4.3,21h15.4c0.718,0,1.3-0.582,1.3-1.3V4.3 C21,3.582,20.418,3,19.7,3z M8.339,18.338H5.667v-8.59h2.672V18.338z M7.004,8.574c-0.857,0-1.549-0.694-1.549-1.548 c0-0.855,0.691-1.548,1.549-1.548c0.854,0,1.547,0.694,1.547,1.548C8.551,7.881,7.858,8.574,7.004,8.574z M18.339,18.338h-2.669 v-4.177c0-0.996-0.017-2.278-1.387-2.278c-1.389,0-1.601,1.086-1.601,2.206v4.249h-2.667v-8.59h2.559v1.174h0.037 c0.356-0.675,1.227-1.387,2.526-1.387c2.703,0,3.203,1.779,3.203,4.092V18.338z\"><\/path><\/svg><span class=\"wp-block-social-link-label screen-reader-text\">LinkedIn<\/span><\/a><\/li>\n\n<li class=\"wp-social-link wp-social-link-twitter  wp-block-social-link\"><a href=\"https:\/\/twitter.com\/parn_apollo\" class=\"wp-block-social-link-anchor\"><svg width=\"24\" height=\"24\" viewBox=\"0 0 24 24\" version=\"1.1\" xmlns=\"http:\/\/www.w3.org\/2000\/svg\" aria-hidden=\"true\" focusable=\"false\"><path d=\"M22.23,5.924c-0.736,0.326-1.527,0.547-2.357,0.646c0.847-0.508,1.498-1.312,1.804-2.27 c-0.793,0.47-1.671,0.812-2.606,0.996C18.324,4.498,17.257,4,16.077,4c-2.266,0-4.103,1.837-4.103,4.103 c0,0.322,0.036,0.635,0.106,0.935C8.67,8.867,5.647,7.234,3.623,4.751C3.27,5.357,3.067,6.062,3.067,6.814 c0,1.424,0.724,2.679,1.825,3.415c-0.673-0.021-1.305-0.206-1.859-0.513c0,0.017,0,0.034,0,0.052c0,1.988,1.414,3.647,3.292,4.023 c-0.344,0.094-0.707,0.144-1.081,0.144c-0.264,0-0.521-0.026-0.772-0.074c0.522,1.63,2.038,2.816,3.833,2.85 c-1.404,1.1-3.174,1.756-5.096,1.756c-0.331,0-0.658-0.019-0.979-0.057c1.816,1.164,3.973,1.843,6.29,1.843 c7.547,0,11.675-6.252,11.675-11.675c0-0.178-0.004-0.355-0.012-0.531C20.985,7.47,21.68,6.747,22.23,5.924z\"><\/path><\/svg><span class=\"wp-block-social-link-label screen-reader-text\">Twitter<\/span><\/a><\/li><\/ul>\n","protected":false},"excerpt":{"rendered":"<p>ROLA Ponowne wprowadzenie KRAJ Czechy ORGANIZACJA Centrum Edukacyjno-Informacyjne Bia\u0142e Karpaty jest organizacj\u0105 pozarz\u0105dow\u0105. Od 25 lat naszym g\u0142\u00f3wnym celem jest<\/p>\n","protected":false},"author":33,"featured_media":0,"parent":0,"menu_order":0,"comment_status":"closed","ping_status":"closed","template":"","meta":{"colormag_page_container_layout":"default_layout","colormag_page_sidebar_layout":"default_layout","ghostkit_customizer_options":"","ghostkit_custom_css":"","ghostkit_custom_js_head":"","ghostkit_custom_js_foot":"","ghostkit_typography":"","jetpack_post_was_ever_published":false,"footnotes":""},"class_list":["post-8324","page","type-page","status-publish","hentry"],"yoast_head":"<!-- This site is optimized with the Yoast SEO Premium plugin v27.3 (Yoast SEO v27.3) - https:\/\/yoast.com\/product\/yoast-seo-premium-wordpress\/ -->\n<title>Tom\u00e1\u0161 Ernest Vond\u0159ejc - Parnassius apollo project LIFE Apollo2020<\/title>\n<meta name=\"robots\" content=\"index, follow, max-snippet:-1, max-image-preview:large, max-video-preview:-1\" \/>\n<link rel=\"canonical\" href=\"https:\/\/parnassius-apollo.life\/pl\/tomas-ernest-vondrejc\" \/>\n<meta property=\"og:locale\" content=\"pl_PL\" \/>\n<meta property=\"og:type\" content=\"article\" \/>\n<meta property=\"og:title\" content=\"Tom\u00e1\u0161 Ernest Vond\u0159ejc\" \/>\n<meta property=\"og:description\" content=\"ROLA Ponowne wprowadzenie KRAJ Czechy ORGANIZACJA Centrum Edukacyjno-Informacyjne Bia\u0142e Karpaty jest organizacj\u0105 pozarz\u0105dow\u0105. Od 25 lat naszym g\u0142\u00f3wnym celem jest\" \/>\n<meta property=\"og:url\" content=\"https:\/\/parnassius-apollo.life\/pl\/tomas-ernest-vondrejc\" \/>\n<meta property=\"og:site_name\" content=\"Parnassius apollo project LIFE Apollo2020\" \/>\n<meta property=\"article:modified_time\" content=\"2024-11-30T15:16:23+00:00\" \/>\n<meta property=\"og:image\" content=\"https:\/\/parnassius-apollo.life\/wp-content\/uploads\/2022\/05\/logo_vis2-1.png\" \/>\n<meta name=\"twitter:card\" content=\"summary_large_image\" \/>\n<meta name=\"twitter:label1\" content=\"Szacowany czas czytania\" \/>\n\t<meta name=\"twitter:data1\" content=\"1 minuta\" \/>\n<script type=\"application\/ld+json\" class=\"yoast-schema-graph\">{\"@context\":\"https:\\\/\\\/schema.org\",\"@graph\":[{\"@type\":\"WebPage\",\"@id\":\"https:\\\/\\\/parnassius-apollo.life\\\/pl\\\/tomas-ernest-vondrejc\",\"url\":\"https:\\\/\\\/parnassius-apollo.life\\\/pl\\\/tomas-ernest-vondrejc\",\"name\":\"Tom\u00e1\u0161 Ernest Vond\u0159ejc - Parnassius apollo project LIFE Apollo2020\",\"isPartOf\":{\"@id\":\"https:\\\/\\\/parnassius-apollo.life\\\/pl#website\"},\"primaryImageOfPage\":{\"@id\":\"https:\\\/\\\/parnassius-apollo.life\\\/pl\\\/tomas-ernest-vondrejc#primaryimage\"},\"image\":{\"@id\":\"https:\\\/\\\/parnassius-apollo.life\\\/pl\\\/tomas-ernest-vondrejc#primaryimage\"},\"thumbnailUrl\":\"https:\\\/\\\/parnassius-apollo.life\\\/wp-content\\\/uploads\\\/2022\\\/05\\\/logo_vis2-1.png\",\"datePublished\":\"2024-11-30T15:16:21+00:00\",\"dateModified\":\"2024-11-30T15:16:23+00:00\",\"breadcrumb\":{\"@id\":\"https:\\\/\\\/parnassius-apollo.life\\\/pl\\\/tomas-ernest-vondrejc#breadcrumb\"},\"inLanguage\":\"pl-PL\",\"potentialAction\":[{\"@type\":\"ReadAction\",\"target\":[\"https:\\\/\\\/parnassius-apollo.life\\\/pl\\\/tomas-ernest-vondrejc\"]}]},{\"@type\":\"ImageObject\",\"inLanguage\":\"pl-PL\",\"@id\":\"https:\\\/\\\/parnassius-apollo.life\\\/pl\\\/tomas-ernest-vondrejc#primaryimage\",\"url\":\"https:\\\/\\\/parnassius-apollo.life\\\/wp-content\\\/uploads\\\/2022\\\/05\\\/logo_vis2-1.png\",\"contentUrl\":\"https:\\\/\\\/parnassius-apollo.life\\\/wp-content\\\/uploads\\\/2022\\\/05\\\/logo_vis2-1.png\"},{\"@type\":\"BreadcrumbList\",\"@id\":\"https:\\\/\\\/parnassius-apollo.life\\\/pl\\\/tomas-ernest-vondrejc#breadcrumb\",\"itemListElement\":[{\"@type\":\"ListItem\",\"position\":1,\"name\":\"Home\",\"item\":\"https:\\\/\\\/parnassius-apollo.life\\\/pl\"},{\"@type\":\"ListItem\",\"position\":2,\"name\":\"Tom\u00e1\u0161 Ernest Vond\u0159ejc\"}]},{\"@type\":\"WebSite\",\"@id\":\"https:\\\/\\\/parnassius-apollo.life\\\/pl#website\",\"url\":\"https:\\\/\\\/parnassius-apollo.life\\\/pl\",\"name\":\"Parnassius apollo project LIFE Apollo2020\",\"description\":\"Conservation of Parnassius apollo in Czechia, Poland and Austria\",\"publisher\":{\"@id\":\"https:\\\/\\\/parnassius-apollo.life\\\/pl#organization\"},\"potentialAction\":[{\"@type\":\"SearchAction\",\"target\":{\"@type\":\"EntryPoint\",\"urlTemplate\":\"https:\\\/\\\/parnassius-apollo.life\\\/pl?s={search_term_string}\"},\"query-input\":{\"@type\":\"PropertyValueSpecification\",\"valueRequired\":true,\"valueName\":\"search_term_string\"}}],\"inLanguage\":\"pl-PL\"},{\"@type\":\"Organization\",\"@id\":\"https:\\\/\\\/parnassius-apollo.life\\\/pl#organization\",\"name\":\"LIFE Apollo 2020\",\"alternateName\":\"Parnassius Apollo LIFE Project\",\"url\":\"https:\\\/\\\/parnassius-apollo.life\\\/pl\",\"logo\":{\"@type\":\"ImageObject\",\"inLanguage\":\"pl-PL\",\"@id\":\"https:\\\/\\\/parnassius-apollo.life\\\/pl#\\\/schema\\\/logo\\\/image\\\/\",\"url\":\"https:\\\/\\\/i0.wp.com\\\/parnassius-apollo.life\\\/wp-content\\\/uploads\\\/2022\\\/05\\\/LIFE_Apollo_Final-e1651506328254.png?fit=127%2C150&ssl=1\",\"contentUrl\":\"https:\\\/\\\/i0.wp.com\\\/parnassius-apollo.life\\\/wp-content\\\/uploads\\\/2022\\\/05\\\/LIFE_Apollo_Final-e1651506328254.png?fit=127%2C150&ssl=1\",\"width\":127,\"height\":150,\"caption\":\"LIFE Apollo 2020\"},\"image\":{\"@id\":\"https:\\\/\\\/parnassius-apollo.life\\\/pl#\\\/schema\\\/logo\\\/image\\\/\"},\"email\":\"info@apollo-2020.life\",\"legalName\":\"Karkonoski Park Narodowy\",\"numberOfEmployees\":{\"@type\":\"QuantitativeValue\",\"minValue\":\"51\",\"maxValue\":\"200\"}}]}<\/script>\n<!-- \/ Yoast SEO Premium plugin. -->","yoast_head_json":{"title":"Tom\u00e1\u0161 Ernest Vond\u0159ejc - Parnassius apollo project LIFE Apollo2020","robots":{"index":"index","follow":"follow","max-snippet":"max-snippet:-1","max-image-preview":"max-image-preview:large","max-video-preview":"max-video-preview:-1"},"canonical":"https:\/\/parnassius-apollo.life\/pl\/tomas-ernest-vondrejc","og_locale":"pl_PL","og_type":"article","og_title":"Tom\u00e1\u0161 Ernest Vond\u0159ejc","og_description":"ROLA Ponowne wprowadzenie KRAJ Czechy ORGANIZACJA Centrum Edukacyjno-Informacyjne Bia\u0142e Karpaty jest organizacj\u0105 pozarz\u0105dow\u0105. Od 25 lat naszym g\u0142\u00f3wnym celem jest","og_url":"https:\/\/parnassius-apollo.life\/pl\/tomas-ernest-vondrejc","og_site_name":"Parnassius apollo project LIFE Apollo2020","article_modified_time":"2024-11-30T15:16:23+00:00","og_image":[{"url":"https:\/\/parnassius-apollo.life\/wp-content\/uploads\/2022\/05\/logo_vis2-1.png","type":"","width":"","height":""}],"twitter_card":"summary_large_image","twitter_misc":{"Szacowany czas czytania":"1 minuta"},"schema":{"@context":"https:\/\/schema.org","@graph":[{"@type":"WebPage","@id":"https:\/\/parnassius-apollo.life\/pl\/tomas-ernest-vondrejc","url":"https:\/\/parnassius-apollo.life\/pl\/tomas-ernest-vondrejc","name":"Tom\u00e1\u0161 Ernest Vond\u0159ejc - Parnassius apollo project LIFE Apollo2020","isPartOf":{"@id":"https:\/\/parnassius-apollo.life\/pl#website"},"primaryImageOfPage":{"@id":"https:\/\/parnassius-apollo.life\/pl\/tomas-ernest-vondrejc#primaryimage"},"image":{"@id":"https:\/\/parnassius-apollo.life\/pl\/tomas-ernest-vondrejc#primaryimage"},"thumbnailUrl":"https:\/\/parnassius-apollo.life\/wp-content\/uploads\/2022\/05\/logo_vis2-1.png","datePublished":"2024-11-30T15:16:21+00:00","dateModified":"2024-11-30T15:16:23+00:00","breadcrumb":{"@id":"https:\/\/parnassius-apollo.life\/pl\/tomas-ernest-vondrejc#breadcrumb"},"inLanguage":"pl-PL","potentialAction":[{"@type":"ReadAction","target":["https:\/\/parnassius-apollo.life\/pl\/tomas-ernest-vondrejc"]}]},{"@type":"ImageObject","inLanguage":"pl-PL","@id":"https:\/\/parnassius-apollo.life\/pl\/tomas-ernest-vondrejc#primaryimage","url":"https:\/\/parnassius-apollo.life\/wp-content\/uploads\/2022\/05\/logo_vis2-1.png","contentUrl":"https:\/\/parnassius-apollo.life\/wp-content\/uploads\/2022\/05\/logo_vis2-1.png"},{"@type":"BreadcrumbList","@id":"https:\/\/parnassius-apollo.life\/pl\/tomas-ernest-vondrejc#breadcrumb","itemListElement":[{"@type":"ListItem","position":1,"name":"Home","item":"https:\/\/parnassius-apollo.life\/pl"},{"@type":"ListItem","position":2,"name":"Tom\u00e1\u0161 Ernest Vond\u0159ejc"}]},{"@type":"WebSite","@id":"https:\/\/parnassius-apollo.life\/pl#website","url":"https:\/\/parnassius-apollo.life\/pl","name":"Parnassius apollo project LIFE Apollo2020","description":"Conservation of Parnassius apollo in Czechia, Poland and Austria","publisher":{"@id":"https:\/\/parnassius-apollo.life\/pl#organization"},"potentialAction":[{"@type":"SearchAction","target":{"@type":"EntryPoint","urlTemplate":"https:\/\/parnassius-apollo.life\/pl?s={search_term_string}"},"query-input":{"@type":"PropertyValueSpecification","valueRequired":true,"valueName":"search_term_string"}}],"inLanguage":"pl-PL"},{"@type":"Organization","@id":"https:\/\/parnassius-apollo.life\/pl#organization","name":"LIFE Apollo 2020","alternateName":"Parnassius Apollo LIFE Project","url":"https:\/\/parnassius-apollo.life\/pl","logo":{"@type":"ImageObject","inLanguage":"pl-PL","@id":"https:\/\/parnassius-apollo.life\/pl#\/schema\/logo\/image\/","url":"https:\/\/i0.wp.com\/parnassius-apollo.life\/wp-content\/uploads\/2022\/05\/LIFE_Apollo_Final-e1651506328254.png?fit=127%2C150&ssl=1","contentUrl":"https:\/\/i0.wp.com\/parnassius-apollo.life\/wp-content\/uploads\/2022\/05\/LIFE_Apollo_Final-e1651506328254.png?fit=127%2C150&ssl=1","width":127,"height":150,"caption":"LIFE Apollo 2020"},"image":{"@id":"https:\/\/parnassius-apollo.life\/pl#\/schema\/logo\/image\/"},"email":"info@apollo-2020.life","legalName":"Karkonoski Park Narodowy","numberOfEmployees":{"@type":"QuantitativeValue","minValue":"51","maxValue":"200"}}]}},"jetpack_likes_enabled":true,"jetpack_sharing_enabled":true,"_links":{"self":[{"href":"https:\/\/parnassius-apollo.life\/pl\/wp-json\/wp\/v2\/pages\/8324","targetHints":{"allow":["GET"]}}],"collection":[{"href":"https:\/\/parnassius-apollo.life\/pl\/wp-json\/wp\/v2\/pages"}],"about":[{"href":"https:\/\/parnassius-apollo.life\/pl\/wp-json\/wp\/v2\/types\/page"}],"author":[{"embeddable":true,"href":"https:\/\/parnassius-apollo.life\/pl\/wp-json\/wp\/v2\/users\/33"}],"replies":[{"embeddable":true,"href":"https:\/\/parnassius-apollo.life\/pl\/wp-json\/wp\/v2\/comments?post=8324"}],"version-history":[{"count":0,"href":"https:\/\/parnassius-apollo.life\/pl\/wp-json\/wp\/v2\/pages\/8324\/revisions"}],"wp:attachment":[{"href":"https:\/\/parnassius-apollo.life\/pl\/wp-json\/wp\/v2\/media?parent=8324"}],"curies":[{"name":"wp","href":"https:\/\/api.w.org\/{rel}","templated":true}]}}