{"id":5689,"date":"2023-04-26T10:14:04","date_gmt":"2023-04-26T08:14:04","guid":{"rendered":"https:\/\/parnassius-apollo.life\/?page_id=5689"},"modified":"2024-11-30T15:58:27","modified_gmt":"2024-11-30T14:58:27","slug":"poland","status":"publish","type":"page","link":"https:\/\/parnassius-apollo.life\/pl\/poland","title":{"rendered":"Poland"},"content":{"rendered":"\n<p>#du\u017cybia\u0142ymotyl #citizensciene<\/p>\n\n\n\n<h3 class=\"wp-block-heading\" id=\"h-rozejrzyj-sie-za-duzym-bialym-motylem\">Rozejrzyj si\u0119 za du\u017cym, bia\u0142ym motylem!<\/h3>\n\n\n\n<p>Przy\u0142\u0105cz si\u0119 do obserwacji NIEPYLAKA! Je\u015bli spotkasz du\u017cego, bia\u0142ego motyla to mo\u017ce by\u0107 w\u0142a\u015bnie niepylak. Zr\u00f3b mu zdj\u0119cie i wraz z dat\u0105 oraz miejscem spotkania wy\u015blij na adres: <strong>niepylak@kpnmab.pl<\/strong><\/p>\n\n\n\n<p>Twoja obserwacja trafi do bazy danych naukowych, a Ty staniesz si\u0119 cz\u0119\u015bci\u0105 wa\u017cnego projektu.<\/p>\n\n\n\n<p>Tylko dzi\u0119ki Twojemu zaanga\u017cowaniu mo\u017cemy stworzy\u0107 map\u0119 wyst\u0119powania tego cennego i zagro\u017conego gatunku.&nbsp;Dowiedz si\u0119 wi\u0119cej\/ \u015aled\u017a nas na Facebooku i <a href=\"https:\/\/www.instagram.com\/karkonoski_pn\/\">Instagramie KPN<\/a>&nbsp; dla polskoj\u0119zycznych, <a href=\"https:\/\/www.instagram.com\/the_real_parnassius_apollo\/\">Instagramie the-real-parn apollo<\/a> dla angloj\u0119zycznych&nbsp; i na stronie www, kt\u00f3r\u0105 w\u0142a\u015bnie odwiedzasz.<\/p>\n\n\n\n<p>Je\u015bli korzystasz z aplikacji internetowych <strong>\u015bci\u0105gnij aplikacje iNaturalist<\/strong>&#8211; z kt\u00f3rej mo\u017cna korzysta\u0107 na ca\u0142ym \u015bwiecie&nbsp; i do\u0142\u0105cz do naszego projektu:<\/p>\n\n\n\n<p><a href=\"https:\/\/www.inaturalist.org\/projects\/life-citizen-science-for-parnassius-apollo\">https:\/\/www.inaturalist.org\/projects\/life-citizen-science-for-parnassius-apollo<\/a><\/p>\n\n\n\n<p>Wasze obserwacje z obszaru Sudet\u00f3w trafi\u0105 do bazy danych mi\u0119dzynarodowego projektu LIFEApollo2020. Wsp\u00f3lnie dowiemy si\u0119 czy nasze dzia\u0142ania przywracania motyla daj\u0105 pozytywne rezultaty i oszacujemy, jak jeszcze mo\u017cemy mu pom\u00f3c. Razem mo\u017cemy wi\u0119cej!<\/p>\n","protected":false},"excerpt":{"rendered":"<p>#du\u017cybia\u0142ymotyl #citizensciene Rozejrzyj si\u0119 za du\u017cym, bia\u0142ym motylem! Przy\u0142\u0105cz si\u0119 do obserwacji NIEPYLAKA! Je\u015bli spotkasz du\u017cego, bia\u0142ego motyla to mo\u017ce<\/p>\n","protected":false},"author":33,"featured_media":0,"parent":0,"menu_order":0,"comment_status":"closed","ping_status":"closed","template":"","meta":{"colormag_page_container_layout":"default_layout","colormag_page_sidebar_layout":"default_layout","ghostkit_customizer_options":"","ghostkit_custom_css":"","ghostkit_custom_js_head":"","ghostkit_custom_js_foot":"","ghostkit_typography":"","jetpack_post_was_ever_published":false,"footnotes":""},"class_list":["post-5689","page","type-page","status-publish","hentry"],"yoast_head":"<!-- This site is optimized with the Yoast SEO Premium plugin v27.3 (Yoast SEO v27.3) - https:\/\/yoast.com\/product\/yoast-seo-premium-wordpress\/ -->\n<title>Poland - Parnassius apollo project LIFE Apollo2020<\/title>\n<meta name=\"robots\" content=\"index, follow, max-snippet:-1, max-image-preview:large, max-video-preview:-1\" \/>\n<link rel=\"canonical\" href=\"https:\/\/parnassius-apollo.life\/pl\/poland\" \/>\n<meta property=\"og:locale\" content=\"pl_PL\" \/>\n<meta property=\"og:type\" content=\"article\" \/>\n<meta property=\"og:title\" content=\"Poland\" \/>\n<meta property=\"og:description\" content=\"#du\u017cybia\u0142ymotyl #citizensciene Rozejrzyj si\u0119 za du\u017cym, bia\u0142ym motylem! Przy\u0142\u0105cz si\u0119 do obserwacji NIEPYLAKA! Je\u015bli spotkasz du\u017cego, bia\u0142ego motyla to mo\u017ce\" \/>\n<meta property=\"og:url\" content=\"https:\/\/parnassius-apollo.life\/pl\/poland\" \/>\n<meta property=\"og:site_name\" content=\"Parnassius apollo project LIFE Apollo2020\" \/>\n<meta property=\"article:modified_time\" content=\"2024-11-30T14:58:27+00:00\" \/>\n<meta property=\"og:image\" content=\"https:\/\/i0.wp.com\/parnassius-apollo.life\/wp-content\/uploads\/2022\/05\/LIFE_Apollo_Final-e1651506328254.png?fit=127%2C150&ssl=1\" \/>\n\t<meta property=\"og:image:width\" content=\"127\" \/>\n\t<meta property=\"og:image:height\" content=\"150\" \/>\n\t<meta property=\"og:image:type\" content=\"image\/png\" \/>\n<meta name=\"twitter:card\" content=\"summary_large_image\" \/>\n<script type=\"application\/ld+json\" class=\"yoast-schema-graph\">{\"@context\":\"https:\\\/\\\/schema.org\",\"@graph\":[{\"@type\":\"WebPage\",\"@id\":\"https:\\\/\\\/parnassius-apollo.life\\\/pl\\\/poland\",\"url\":\"https:\\\/\\\/parnassius-apollo.life\\\/pl\\\/poland\",\"name\":\"Poland - Parnassius apollo project LIFE Apollo2020\",\"isPartOf\":{\"@id\":\"https:\\\/\\\/parnassius-apollo.life\\\/pl#website\"},\"datePublished\":\"2023-04-26T08:14:04+00:00\",\"dateModified\":\"2024-11-30T14:58:27+00:00\",\"breadcrumb\":{\"@id\":\"https:\\\/\\\/parnassius-apollo.life\\\/pl\\\/poland#breadcrumb\"},\"inLanguage\":\"pl-PL\",\"potentialAction\":[{\"@type\":\"ReadAction\",\"target\":[\"https:\\\/\\\/parnassius-apollo.life\\\/pl\\\/poland\"]}]},{\"@type\":\"BreadcrumbList\",\"@id\":\"https:\\\/\\\/parnassius-apollo.life\\\/pl\\\/poland#breadcrumb\",\"itemListElement\":[{\"@type\":\"ListItem\",\"position\":1,\"name\":\"Home\",\"item\":\"https:\\\/\\\/parnassius-apollo.life\\\/pl\"},{\"@type\":\"ListItem\",\"position\":2,\"name\":\"Poland\"}]},{\"@type\":\"WebSite\",\"@id\":\"https:\\\/\\\/parnassius-apollo.life\\\/pl#website\",\"url\":\"https:\\\/\\\/parnassius-apollo.life\\\/pl\",\"name\":\"Parnassius apollo project LIFE Apollo2020\",\"description\":\"Conservation of Parnassius apollo in Czechia, Poland and Austria\",\"publisher\":{\"@id\":\"https:\\\/\\\/parnassius-apollo.life\\\/pl#organization\"},\"potentialAction\":[{\"@type\":\"SearchAction\",\"target\":{\"@type\":\"EntryPoint\",\"urlTemplate\":\"https:\\\/\\\/parnassius-apollo.life\\\/pl?s={search_term_string}\"},\"query-input\":{\"@type\":\"PropertyValueSpecification\",\"valueRequired\":true,\"valueName\":\"search_term_string\"}}],\"inLanguage\":\"pl-PL\"},{\"@type\":\"Organization\",\"@id\":\"https:\\\/\\\/parnassius-apollo.life\\\/pl#organization\",\"name\":\"LIFE Apollo 2020\",\"alternateName\":\"Parnassius Apollo LIFE Project\",\"url\":\"https:\\\/\\\/parnassius-apollo.life\\\/pl\",\"logo\":{\"@type\":\"ImageObject\",\"inLanguage\":\"pl-PL\",\"@id\":\"https:\\\/\\\/parnassius-apollo.life\\\/pl#\\\/schema\\\/logo\\\/image\\\/\",\"url\":\"https:\\\/\\\/i0.wp.com\\\/parnassius-apollo.life\\\/wp-content\\\/uploads\\\/2022\\\/05\\\/LIFE_Apollo_Final-e1651506328254.png?fit=127%2C150&ssl=1\",\"contentUrl\":\"https:\\\/\\\/i0.wp.com\\\/parnassius-apollo.life\\\/wp-content\\\/uploads\\\/2022\\\/05\\\/LIFE_Apollo_Final-e1651506328254.png?fit=127%2C150&ssl=1\",\"width\":127,\"height\":150,\"caption\":\"LIFE Apollo 2020\"},\"image\":{\"@id\":\"https:\\\/\\\/parnassius-apollo.life\\\/pl#\\\/schema\\\/logo\\\/image\\\/\"},\"email\":\"info@apollo-2020.life\",\"legalName\":\"Karkonoski Park Narodowy\",\"numberOfEmployees\":{\"@type\":\"QuantitativeValue\",\"minValue\":\"51\",\"maxValue\":\"200\"}}]}<\/script>\n<!-- \/ Yoast SEO Premium plugin. -->","yoast_head_json":{"title":"Poland - Parnassius apollo project LIFE Apollo2020","robots":{"index":"index","follow":"follow","max-snippet":"max-snippet:-1","max-image-preview":"max-image-preview:large","max-video-preview":"max-video-preview:-1"},"canonical":"https:\/\/parnassius-apollo.life\/pl\/poland","og_locale":"pl_PL","og_type":"article","og_title":"Poland","og_description":"#du\u017cybia\u0142ymotyl #citizensciene Rozejrzyj si\u0119 za du\u017cym, bia\u0142ym motylem! Przy\u0142\u0105cz si\u0119 do obserwacji NIEPYLAKA! Je\u015bli spotkasz du\u017cego, bia\u0142ego motyla to mo\u017ce","og_url":"https:\/\/parnassius-apollo.life\/pl\/poland","og_site_name":"Parnassius apollo project LIFE Apollo2020","article_modified_time":"2024-11-30T14:58:27+00:00","og_image":[{"width":127,"height":150,"url":"https:\/\/i0.wp.com\/parnassius-apollo.life\/wp-content\/uploads\/2022\/05\/LIFE_Apollo_Final-e1651506328254.png?fit=127%2C150&ssl=1","type":"image\/png"}],"twitter_card":"summary_large_image","schema":{"@context":"https:\/\/schema.org","@graph":[{"@type":"WebPage","@id":"https:\/\/parnassius-apollo.life\/pl\/poland","url":"https:\/\/parnassius-apollo.life\/pl\/poland","name":"Poland - Parnassius apollo project LIFE Apollo2020","isPartOf":{"@id":"https:\/\/parnassius-apollo.life\/pl#website"},"datePublished":"2023-04-26T08:14:04+00:00","dateModified":"2024-11-30T14:58:27+00:00","breadcrumb":{"@id":"https:\/\/parnassius-apollo.life\/pl\/poland#breadcrumb"},"inLanguage":"pl-PL","potentialAction":[{"@type":"ReadAction","target":["https:\/\/parnassius-apollo.life\/pl\/poland"]}]},{"@type":"BreadcrumbList","@id":"https:\/\/parnassius-apollo.life\/pl\/poland#breadcrumb","itemListElement":[{"@type":"ListItem","position":1,"name":"Home","item":"https:\/\/parnassius-apollo.life\/pl"},{"@type":"ListItem","position":2,"name":"Poland"}]},{"@type":"WebSite","@id":"https:\/\/parnassius-apollo.life\/pl#website","url":"https:\/\/parnassius-apollo.life\/pl","name":"Parnassius apollo project LIFE Apollo2020","description":"Conservation of Parnassius apollo in Czechia, Poland and Austria","publisher":{"@id":"https:\/\/parnassius-apollo.life\/pl#organization"},"potentialAction":[{"@type":"SearchAction","target":{"@type":"EntryPoint","urlTemplate":"https:\/\/parnassius-apollo.life\/pl?s={search_term_string}"},"query-input":{"@type":"PropertyValueSpecification","valueRequired":true,"valueName":"search_term_string"}}],"inLanguage":"pl-PL"},{"@type":"Organization","@id":"https:\/\/parnassius-apollo.life\/pl#organization","name":"LIFE Apollo 2020","alternateName":"Parnassius Apollo LIFE Project","url":"https:\/\/parnassius-apollo.life\/pl","logo":{"@type":"ImageObject","inLanguage":"pl-PL","@id":"https:\/\/parnassius-apollo.life\/pl#\/schema\/logo\/image\/","url":"https:\/\/i0.wp.com\/parnassius-apollo.life\/wp-content\/uploads\/2022\/05\/LIFE_Apollo_Final-e1651506328254.png?fit=127%2C150&ssl=1","contentUrl":"https:\/\/i0.wp.com\/parnassius-apollo.life\/wp-content\/uploads\/2022\/05\/LIFE_Apollo_Final-e1651506328254.png?fit=127%2C150&ssl=1","width":127,"height":150,"caption":"LIFE Apollo 2020"},"image":{"@id":"https:\/\/parnassius-apollo.life\/pl#\/schema\/logo\/image\/"},"email":"info@apollo-2020.life","legalName":"Karkonoski Park Narodowy","numberOfEmployees":{"@type":"QuantitativeValue","minValue":"51","maxValue":"200"}}]}},"jetpack_likes_enabled":true,"jetpack_sharing_enabled":true,"_links":{"self":[{"href":"https:\/\/parnassius-apollo.life\/pl\/wp-json\/wp\/v2\/pages\/5689","targetHints":{"allow":["GET"]}}],"collection":[{"href":"https:\/\/parnassius-apollo.life\/pl\/wp-json\/wp\/v2\/pages"}],"about":[{"href":"https:\/\/parnassius-apollo.life\/pl\/wp-json\/wp\/v2\/types\/page"}],"author":[{"embeddable":true,"href":"https:\/\/parnassius-apollo.life\/pl\/wp-json\/wp\/v2\/users\/33"}],"replies":[{"embeddable":true,"href":"https:\/\/parnassius-apollo.life\/pl\/wp-json\/wp\/v2\/comments?post=5689"}],"version-history":[{"count":0,"href":"https:\/\/parnassius-apollo.life\/pl\/wp-json\/wp\/v2\/pages\/5689\/revisions"}],"wp:attachment":[{"href":"https:\/\/parnassius-apollo.life\/pl\/wp-json\/wp\/v2\/media?parent=5689"}],"curies":[{"name":"wp","href":"https:\/\/api.w.org\/{rel}","templated":true}]}}