{"id":5277,"date":"2023-03-03T18:19:17","date_gmt":"2023-03-03T17:19:17","guid":{"rendered":"https:\/\/parnassius-apollo.life\/zrzeczenie-sie-odpowiedzialnosci"},"modified":"2025-09-03T16:31:23","modified_gmt":"2025-09-03T14:31:23","slug":"zrzeczenie-sie-odpowiedzialnosci","status":"publish","type":"page","link":"https:\/\/parnassius-apollo.life\/pl\/zrzeczenie-sie-odpowiedzialnosci","title":{"rendered":"Zrzeczenie si\u0119 odpowiedzialno\u015bci"},"content":{"rendered":"\n<!-- Legal document generated by Complianz | GDPR\/CCPA Cookie Consent https:\/\/wordpress.org\/plugins\/complianz-gdpr -->\n<div id=\"cmplz-document\" class=\"cmplz-document disclaimer cmplz-document-all\"><p>LIFE Apollo 2020 Project team \u2105 European Wilderness Society dok\u0142ada wszelkich stara\u0144, aby ta witryna by\u0142a aktualna i dok\u0142adna. Je\u015bli mimo wszystko napotkasz co\u015b, co jest nieprawid\u0142owe lub nieaktualne, b\u0119dziemy wdzi\u0119czni za poinformowanie nas o tym. Wska\u017c, gdzie na stronie przeczyta\u0142e\u015b informacje. Przyjrzymy si\u0119 temu tak szybko, jak to mo\u017cliwe. Prosimy o przes\u0142anie odpowiedzi e-mailem na adres: <span class=\"cmplz-obfuscate\">i&#110;&#102;&#111;@<span class=\"cmplz-fmail-domain\">ex&#046;&#099;om<\/span>wi&#108;der&#110;e&#115;s&#045;s&#111;&#099;i&#101;t&#121;&#046;&#111;rg<\/span>.<\/p><p>Nie ponosimy odpowiedzialno\u015bci za straty wynikaj\u0105ce z nie\u015bcis\u0142o\u015bci lub niekompletno\u015bci, ani za straty wynikaj\u0105ce z problem\u00f3w spowodowanych lub nieod\u0142\u0105cznie zwi\u0105zanych z rozpowszechnianiem informacji przez internet, takich jak zak\u0142\u00f3cenia lub przerwy. Korzystaj\u0105c z formularzy internetowych, staramy si\u0119 ograniczy\u0107 liczb\u0119 wymaganych p\u00f3l do minimum. Za jakiekolwiek straty poniesione w wyniku wykorzystania danych, porad lub pomys\u0142\u00f3w dostarczonych przez lub w imieniu LIFE Apollo 2020 Project team \u2105 European Wilderness Society za po\u015brednictwem tej witryny, LIFE Apollo 2020 Project team \u2105 European Wilderness Society nie ponosi \u017cadnej odpowiedzialno\u015bci.<\/p><p>Korzystanie ze strony internetowej i wszystkich jej komponent\u00f3w (w tym for\u00f3w) podlega <a href=\"https:\/\/parnassius-apollo.life\/terms-conditions\" target=\"_blank\">terms of use<\/a>. Samo korzystanie z tej witryny oznacza znajomo\u015b\u0107 i akceptacj\u0119 niniejszych warunk\u00f3w u\u017cytkowania.<\/p><p>Odpowiedzi i zapytania dotycz\u0105ce prywatno\u015bci przes\u0142ane poczt\u0105 elektroniczn\u0105 lub za pomoc\u0105 formularza internetowego b\u0119d\u0105 traktowane w taki sam spos\u00f3b jak listy. Oznacza to, \u017ce mo\u017cesz spodziewa\u0107 si\u0119 odpowiedzi od nas najp\u00f3\u017aniej w ci\u0105gu 1 miesi\u0105ca. W przypadku skomplikowanych zapyta\u0144 poinformujemy ci\u0119 w ci\u0105gu 1 miesi\u0105ca, je\u015bli potrzebujemy maksymalnie 3 miesi\u0119cy. <\/p><p>Wszelkie dane osobowe, kt\u00f3re nam przeka\u017cesz w kontek\u015bcie twojej odpowiedzi lub pro\u015bby o informacje, b\u0119d\u0105 wykorzystywane wy\u0142\u0105cznie zgodnie z naszym o\u015bwiadczeniem o ochronie prywatno\u015bci.<\/p><p>LIFE Apollo 2020 Project team \u2105 European Wilderness Society do\u0142o\u017cy wszelkich stara\u0144, aby chroni\u0107 swoje systemy przed jak\u0105kolwiek form\u0105 bezprawnego u\u017cycia. LIFE Apollo 2020 Project team \u2105 European Wilderness Society  wdro\u017cy w tym celu odpowiednie \u015brodki techniczne i organizacyjne, uwzgl\u0119dniaj\u0105c mi\u0119dzy innymi stan wiedzy. Jednak\u017ce nie ponosi odpowiedzialno\u015bci za jakiekolwiek straty, bezpo\u015brednie i\/lub po\u015brednie poniesione przez u\u017cytkownika strony internetowej, kt\u00f3re powsta\u0142y w wyniku bezprawnego korzystania z jej system\u00f3w przez osob\u0119 trzeci\u0105.<\/p><p>LIFE Apollo 2020 Project team \u2105 European Wilderness Society nie ponosi \u017cadnej odpowiedzialno\u015bci za zawarto\u015b\u0107 witryn internetowych, do kt\u00f3rych lub z kt\u00f3rych zamieszczono hiper\u0142\u0105cza lub inne odniesienia. Produkty lub us\u0142ugi oferowane przez strony trzecie podlegaj\u0105 obowi\u0105zuj\u0105cym warunkom tych stron trzecich.<\/p><p>Nasi pracownicy dok\u0142adaj\u0105 wszelkich stara\u0144, aby zagwarantowa\u0107 dost\u0119pno\u015b\u0107 naszej strony internetowej i stale j\u0105 ulepsza\u0107. W tym dla os\u00f3b, kt\u00f3re u\u017cywaj\u0105 specjalnego oprogramowania ze wzgl\u0119du na niepe\u0142nosprawno\u015b\u0107.<\/p><p>Wszystkie prawa w\u0142asno\u015bci intelektualnej do zawarto\u015bci tej witryny nale\u017c\u0105 do LIFE Apollo 2020 Project team \u2105 European Wilderness Society.<\/p><p>Zawarto\u015b\u0107 tej witryny jest dost\u0119pna na licencji Creative Commons &#8211; Uznanie autorstwa-U\u017cycie niekomercyjne-Na tych samych warunkach 4.0, chyba \u017ce okre\u015blono inaczej.<\/p><p>Je\u015bli masz jakie\u015b pytania lub problemy z dost\u0119pno\u015bci\u0105 strony, nie wahaj si\u0119 z nami skontaktowa\u0107.<\/p><\/div>","protected":false},"excerpt":{"rendered":"","protected":false},"author":1,"featured_media":0,"parent":0,"menu_order":0,"comment_status":"closed","ping_status":"closed","template":"","meta":{"colormag_page_container_layout":"default_layout","colormag_page_sidebar_layout":"default_layout","ghostkit_customizer_options":"","ghostkit_custom_css":"","ghostkit_custom_js_head":"","ghostkit_custom_js_foot":"","ghostkit_typography":"","jetpack_post_was_ever_published":false,"footnotes":""},"class_list":["post-5277","page","type-page","status-publish","hentry"],"yoast_head":"<!-- This site is optimized with the Yoast SEO Premium plugin v27.4 (Yoast SEO v27.4) - https:\/\/yoast.com\/product\/yoast-seo-premium-wordpress\/ -->\n<title>Zrzeczenie si\u0119 odpowiedzialno\u015bci - Parnassius apollo project LIFE Apollo2020<\/title>\n<meta name=\"robots\" content=\"index, follow, max-snippet:-1, max-image-preview:large, max-video-preview:-1\" \/>\n<link rel=\"canonical\" href=\"https:\/\/parnassius-apollo.life\/pl\/zrzeczenie-sie-odpowiedzialnosci\" \/>\n<meta property=\"og:locale\" content=\"pl_PL\" \/>\n<meta property=\"og:type\" content=\"article\" \/>\n<meta property=\"og:title\" content=\"Zrzeczenie si\u0119 odpowiedzialno\u015bci\" \/>\n<meta property=\"og:url\" content=\"https:\/\/parnassius-apollo.life\/pl\/zrzeczenie-sie-odpowiedzialnosci\" \/>\n<meta property=\"og:site_name\" content=\"Parnassius apollo project LIFE Apollo2020\" \/>\n<meta property=\"article:modified_time\" content=\"2025-09-03T14:31:23+00:00\" \/>\n<meta property=\"og:image\" content=\"https:\/\/i0.wp.com\/parnassius-apollo.life\/wp-content\/uploads\/2022\/05\/LIFE_Apollo_Final-e1651506328254.png?fit=127%2C150&ssl=1\" \/>\n\t<meta property=\"og:image:width\" content=\"127\" \/>\n\t<meta property=\"og:image:height\" content=\"150\" \/>\n\t<meta property=\"og:image:type\" content=\"image\/png\" \/>\n<meta name=\"twitter:card\" content=\"summary_large_image\" \/>\n<script type=\"application\/ld+json\" class=\"yoast-schema-graph\">{\"@context\":\"https:\\\/\\\/schema.org\",\"@graph\":[{\"@type\":\"WebPage\",\"@id\":\"https:\\\/\\\/parnassius-apollo.life\\\/pl\\\/zrzeczenie-sie-odpowiedzialnosci\",\"url\":\"https:\\\/\\\/parnassius-apollo.life\\\/pl\\\/zrzeczenie-sie-odpowiedzialnosci\",\"name\":\"Zrzeczenie si\u0119 odpowiedzialno\u015bci - Parnassius apollo project LIFE Apollo2020\",\"isPartOf\":{\"@id\":\"https:\\\/\\\/parnassius-apollo.life\\\/pl#website\"},\"datePublished\":\"2023-03-03T17:19:17+00:00\",\"dateModified\":\"2025-09-03T14:31:23+00:00\",\"breadcrumb\":{\"@id\":\"https:\\\/\\\/parnassius-apollo.life\\\/pl\\\/zrzeczenie-sie-odpowiedzialnosci#breadcrumb\"},\"inLanguage\":\"pl-PL\",\"potentialAction\":[{\"@type\":\"ReadAction\",\"target\":[\"https:\\\/\\\/parnassius-apollo.life\\\/pl\\\/zrzeczenie-sie-odpowiedzialnosci\"]}]},{\"@type\":\"BreadcrumbList\",\"@id\":\"https:\\\/\\\/parnassius-apollo.life\\\/pl\\\/zrzeczenie-sie-odpowiedzialnosci#breadcrumb\",\"itemListElement\":[{\"@type\":\"ListItem\",\"position\":1,\"name\":\"Home\",\"item\":\"https:\\\/\\\/parnassius-apollo.life\\\/pl\"},{\"@type\":\"ListItem\",\"position\":2,\"name\":\"Zrzeczenie si\u0119 odpowiedzialno\u015bci\"}]},{\"@type\":\"WebSite\",\"@id\":\"https:\\\/\\\/parnassius-apollo.life\\\/pl#website\",\"url\":\"https:\\\/\\\/parnassius-apollo.life\\\/pl\",\"name\":\"Parnassius apollo project LIFE Apollo2020\",\"description\":\"Conservation of Parnassius apollo in Czechia, Poland and Austria\",\"publisher\":{\"@id\":\"https:\\\/\\\/parnassius-apollo.life\\\/pl#organization\"},\"potentialAction\":[{\"@type\":\"SearchAction\",\"target\":{\"@type\":\"EntryPoint\",\"urlTemplate\":\"https:\\\/\\\/parnassius-apollo.life\\\/pl?s={search_term_string}\"},\"query-input\":{\"@type\":\"PropertyValueSpecification\",\"valueRequired\":true,\"valueName\":\"search_term_string\"}}],\"inLanguage\":\"pl-PL\"},{\"@type\":\"Organization\",\"@id\":\"https:\\\/\\\/parnassius-apollo.life\\\/pl#organization\",\"name\":\"LIFE Apollo 2020\",\"alternateName\":\"Parnassius Apollo LIFE Project\",\"url\":\"https:\\\/\\\/parnassius-apollo.life\\\/pl\",\"logo\":{\"@type\":\"ImageObject\",\"inLanguage\":\"pl-PL\",\"@id\":\"https:\\\/\\\/parnassius-apollo.life\\\/pl#\\\/schema\\\/logo\\\/image\\\/\",\"url\":\"https:\\\/\\\/i0.wp.com\\\/parnassius-apollo.life\\\/wp-content\\\/uploads\\\/2022\\\/05\\\/LIFE_Apollo_Final-e1651506328254.png?fit=127%2C150&ssl=1\",\"contentUrl\":\"https:\\\/\\\/i0.wp.com\\\/parnassius-apollo.life\\\/wp-content\\\/uploads\\\/2022\\\/05\\\/LIFE_Apollo_Final-e1651506328254.png?fit=127%2C150&ssl=1\",\"width\":127,\"height\":150,\"caption\":\"LIFE Apollo 2020\"},\"image\":{\"@id\":\"https:\\\/\\\/parnassius-apollo.life\\\/pl#\\\/schema\\\/logo\\\/image\\\/\"},\"email\":\"info@apollo-2020.life\",\"legalName\":\"Karkonoski Park Narodowy\",\"numberOfEmployees\":{\"@type\":\"QuantitativeValue\",\"minValue\":\"51\",\"maxValue\":\"200\"}}]}<\/script>\n<!-- \/ Yoast SEO Premium plugin. -->","yoast_head_json":{"title":"Zrzeczenie si\u0119 odpowiedzialno\u015bci - Parnassius apollo project LIFE Apollo2020","robots":{"index":"index","follow":"follow","max-snippet":"max-snippet:-1","max-image-preview":"max-image-preview:large","max-video-preview":"max-video-preview:-1"},"canonical":"https:\/\/parnassius-apollo.life\/pl\/zrzeczenie-sie-odpowiedzialnosci","og_locale":"pl_PL","og_type":"article","og_title":"Zrzeczenie si\u0119 odpowiedzialno\u015bci","og_url":"https:\/\/parnassius-apollo.life\/pl\/zrzeczenie-sie-odpowiedzialnosci","og_site_name":"Parnassius apollo project LIFE Apollo2020","article_modified_time":"2025-09-03T14:31:23+00:00","og_image":[{"width":127,"height":150,"url":"https:\/\/i0.wp.com\/parnassius-apollo.life\/wp-content\/uploads\/2022\/05\/LIFE_Apollo_Final-e1651506328254.png?fit=127%2C150&ssl=1","type":"image\/png"}],"twitter_card":"summary_large_image","schema":{"@context":"https:\/\/schema.org","@graph":[{"@type":"WebPage","@id":"https:\/\/parnassius-apollo.life\/pl\/zrzeczenie-sie-odpowiedzialnosci","url":"https:\/\/parnassius-apollo.life\/pl\/zrzeczenie-sie-odpowiedzialnosci","name":"Zrzeczenie si\u0119 odpowiedzialno\u015bci - Parnassius apollo project LIFE Apollo2020","isPartOf":{"@id":"https:\/\/parnassius-apollo.life\/pl#website"},"datePublished":"2023-03-03T17:19:17+00:00","dateModified":"2025-09-03T14:31:23+00:00","breadcrumb":{"@id":"https:\/\/parnassius-apollo.life\/pl\/zrzeczenie-sie-odpowiedzialnosci#breadcrumb"},"inLanguage":"pl-PL","potentialAction":[{"@type":"ReadAction","target":["https:\/\/parnassius-apollo.life\/pl\/zrzeczenie-sie-odpowiedzialnosci"]}]},{"@type":"BreadcrumbList","@id":"https:\/\/parnassius-apollo.life\/pl\/zrzeczenie-sie-odpowiedzialnosci#breadcrumb","itemListElement":[{"@type":"ListItem","position":1,"name":"Home","item":"https:\/\/parnassius-apollo.life\/pl"},{"@type":"ListItem","position":2,"name":"Zrzeczenie si\u0119 odpowiedzialno\u015bci"}]},{"@type":"WebSite","@id":"https:\/\/parnassius-apollo.life\/pl#website","url":"https:\/\/parnassius-apollo.life\/pl","name":"Parnassius apollo project LIFE Apollo2020","description":"Conservation of Parnassius apollo in Czechia, Poland and Austria","publisher":{"@id":"https:\/\/parnassius-apollo.life\/pl#organization"},"potentialAction":[{"@type":"SearchAction","target":{"@type":"EntryPoint","urlTemplate":"https:\/\/parnassius-apollo.life\/pl?s={search_term_string}"},"query-input":{"@type":"PropertyValueSpecification","valueRequired":true,"valueName":"search_term_string"}}],"inLanguage":"pl-PL"},{"@type":"Organization","@id":"https:\/\/parnassius-apollo.life\/pl#organization","name":"LIFE Apollo 2020","alternateName":"Parnassius Apollo LIFE Project","url":"https:\/\/parnassius-apollo.life\/pl","logo":{"@type":"ImageObject","inLanguage":"pl-PL","@id":"https:\/\/parnassius-apollo.life\/pl#\/schema\/logo\/image\/","url":"https:\/\/i0.wp.com\/parnassius-apollo.life\/wp-content\/uploads\/2022\/05\/LIFE_Apollo_Final-e1651506328254.png?fit=127%2C150&ssl=1","contentUrl":"https:\/\/i0.wp.com\/parnassius-apollo.life\/wp-content\/uploads\/2022\/05\/LIFE_Apollo_Final-e1651506328254.png?fit=127%2C150&ssl=1","width":127,"height":150,"caption":"LIFE Apollo 2020"},"image":{"@id":"https:\/\/parnassius-apollo.life\/pl#\/schema\/logo\/image\/"},"email":"info@apollo-2020.life","legalName":"Karkonoski Park Narodowy","numberOfEmployees":{"@type":"QuantitativeValue","minValue":"51","maxValue":"200"}}]}},"jetpack_likes_enabled":true,"jetpack_sharing_enabled":true,"_links":{"self":[{"href":"https:\/\/parnassius-apollo.life\/pl\/wp-json\/wp\/v2\/pages\/5277","targetHints":{"allow":["GET"]}}],"collection":[{"href":"https:\/\/parnassius-apollo.life\/pl\/wp-json\/wp\/v2\/pages"}],"about":[{"href":"https:\/\/parnassius-apollo.life\/pl\/wp-json\/wp\/v2\/types\/page"}],"author":[{"embeddable":true,"href":"https:\/\/parnassius-apollo.life\/pl\/wp-json\/wp\/v2\/users\/1"}],"replies":[{"embeddable":true,"href":"https:\/\/parnassius-apollo.life\/pl\/wp-json\/wp\/v2\/comments?post=5277"}],"version-history":[{"count":1,"href":"https:\/\/parnassius-apollo.life\/pl\/wp-json\/wp\/v2\/pages\/5277\/revisions"}],"predecessor-version":[{"id":10413,"href":"https:\/\/parnassius-apollo.life\/pl\/wp-json\/wp\/v2\/pages\/5277\/revisions\/10413"}],"wp:attachment":[{"href":"https:\/\/parnassius-apollo.life\/pl\/wp-json\/wp\/v2\/media?parent=5277"}],"curies":[{"name":"wp","href":"https:\/\/api.w.org\/{rel}","templated":true}]}}