{"id":10912,"date":"2026-02-11T18:50:47","date_gmt":"2026-02-11T17:50:47","guid":{"rendered":"https:\/\/parnassius-apollo.life\/?page_id=10912"},"modified":"2026-02-13T02:59:32","modified_gmt":"2026-02-13T01:59:32","slug":"o-projekcie-2","status":"publish","type":"page","link":"https:\/\/parnassius-apollo.life\/pl\/o-projekcie-2","title":{"rendered":"O projekcie"},"content":{"rendered":"\n<p>Dane ze \u017ar\u00f3de\u0142 takich jak Europejska Czerwona Lista Motyli <strong>wskazuj\u0105 na negatywne zmiany w liczebno\u015bci owad\u00f3w w Europie<\/strong>, w rzeczywisto\u015bci ponad 30% gatunk\u00f3w wykazuje regresj\u0119. Jednym z najbardziej zagro\u017conych gatunk\u00f3w motyla w Europie jest <em>Niepylak apollo<\/em>. Jego populacja zmniejszy\u0142a si\u0119 w ci\u0105gu ostatnich 25 lat o 25-50%.<\/p>\n\n\n\n<p>Celem tego mi\u0119dzynarodowego projektu jest odtworzenie populacji <em>Niepylaka apollo<\/em> na 3 obszarach: w Sudetach i Bia\u0142ych Karpatach w kontynentalnym regionie biogeograficznym oraz wzmocnienia austriackiej populacji w alpejskim redionie biogeograficznym.<\/p>\n\n\n\n<h2 class=\"wp-block-heading has-central-palette-7-color has-text-color has-medium-font-size\">Jedyny w swoim rodzaju<\/h2>\n\n\n\n<p>W trakcie realizacji projektu zostan\u0105 utworzone <strong>3 gospodarstwa hodowlane<\/strong> i <strong>3 nowe obszary funkcjonalne <\/strong>w celu zakotwiczenia populacji w warunkach naturalnych, a tak\u017ce co najmniej <strong>38 &#8222;miejsc startowych&#8221;<\/strong> w celu zabezpieczenia korytarzy migracji gatunk\u00f3w pomi\u0119dzy nowymi miejscami. Projekt jest wi\u0119c pierwszym, kt\u00f3ry realizuje dzia\u0142ania testowe i pilota\u017cowe dla dalszego rozwoju populacji w bioregionach poprzez:<\/p>\n\n\n\n<ul style=\"background-color:#fffefe\" class=\"wp-block-list is-style-default has-background\">\n<li class=\"has-colormag-color-6-color has-text-color\" style=\"font-size:14px;font-style:normal;font-weight:400;line-height:1.7\">Odtworzenie populacji w Polsce, Czechach w bioregionie kontynentalnym oraz wzmocnienie populacji austriackiej w bioregionie alpejskim<\/li>\n\n\n\n<li class=\"ghostkit-custom-Z2qJ8aR has-colormag-color-6-color has-text-color\" style=\"font-size:14px;font-style:normal;font-weight:400;line-height:1.7\">Tworzenia sp\u00f3jnej metodyki ochrony motyli Apollo w bioregionie kontynentalnym<\/li>\n\n\n\n<li class=\"ghostkit-custom-ZoVMY has-colormag-color-6-color has-text-color\" style=\"font-size:14px;font-style:normal;font-weight:400;line-height:1.7\">Popraw\u0119 jako\u015bci siedlisk gatunk\u00f3w, takich jak ochrona siedlisk l\u0119gowych i \u017cerowisk<\/li>\n\n\n\n<li class=\"ghostkit-custom-2ro5QR has-colormag-color-6-color has-text-color\" style=\"font-size:14px;font-style:normal;font-weight:400;line-height:1.7\">Tworzenie korytarzy ekologicznych<\/li>\n\n\n\n<li class=\"ghostkit-custom-1PVivO has-colormag-color-6-color has-text-color\" style=\"font-size:14px;font-style:normal;font-weight:400;line-height:1.7\">Podnoszenie \u015bwiadomo\u015bci w zakresie ochrony i utrzymania siedlisk i gatunk\u00f3w<\/li>\n\n\n\n<li class=\"ghostkit-custom-Z1oPvk5 has-colormag-color-6-color has-text-color\" style=\"font-size:14px;font-style:normal;font-weight:400;line-height:1.7\">Wzmocnienie zaanga\u017cowania spo\u0142ecznego w ochron\u0119 gatunk\u00f3w<\/li>\n<\/ul>\n\n\n\n<div class=\"ghostkit-grid ghostkit-grid-gap-md\"><div class=\"ghostkit-grid-inner\">\n<div class=\"ghostkit-col ghostkit-col-lg-12 ghostkit-col-4\"><div class=\"ghostkit-col-content is-layout-flow wp-block-ghostkit-grid-column-is-layout-flow\">\n<div class=\"ghostkit-counter-box ghostkit-custom-Z1pKoW1\"><div class=\"ghostkit-counter-box-number ghostkit-counter-box-number-align-top ghostkit-counter-box-number-top-align-center\"><div class=\"ghostkit-counter-box-number-wrap ghostkit-count-up\">3<\/div><\/div><div class=\"ghostkit-counter-box-content is-layout-flow wp-block-ghostkit-counter-box-is-layout-flow\">\n<h3 class=\"wp-block-heading has-text-align-center ghostkit-custom-ZyUYJy\" id=\"awards\"><a href=\"https:\/\/parnassius-apollo.life\/pl\/obszary-projektu\" target=\"_blank\" rel=\"noreferrer noopener\">Kraje<\/a><\/h3>\n<\/div><\/div>\n<\/div><\/div>\n\n\n\n<div class=\"ghostkit-col ghostkit-col-lg-12 ghostkit-col-4\"><div class=\"ghostkit-col-content is-layout-flow wp-block-ghostkit-grid-column-is-layout-flow\">\n<div class=\"ghostkit-counter-box ghostkit-custom-2rjhRt\"><div class=\"ghostkit-counter-box-number ghostkit-counter-box-number-align-top ghostkit-counter-box-number-top-align-center\"><div class=\"ghostkit-counter-box-number-wrap ghostkit-count-up\">6<\/div><\/div><div class=\"ghostkit-counter-box-content is-layout-flow wp-block-ghostkit-counter-box-is-layout-flow\">\n<h3 class=\"wp-block-heading has-text-align-center ghostkit-custom-Z1XTwuP\" id=\"users\"><a href=\"https:\/\/parnassius-apollo.life\/pl\/partnerzy-projektu\" target=\"_blank\" rel=\"noreferrer noopener\">Partner\u00f3w<\/a><\/h3>\n<\/div><\/div>\n<\/div><\/div>\n\n\n\n<div class=\"ghostkit-col ghostkit-col-lg-12 ghostkit-col-4\"><div class=\"ghostkit-col-content is-layout-flow wp-block-ghostkit-grid-column-is-layout-flow\">\n<div class=\"ghostkit-counter-box ghostkit-custom-2li0Xr\"><div class=\"ghostkit-counter-box-number ghostkit-counter-box-number-align-top ghostkit-counter-box-number-top-align-center\"><div class=\"ghostkit-counter-box-number-wrap ghostkit-count-up\">6,5<\/div><\/div><div class=\"ghostkit-counter-box-content is-layout-flow wp-block-ghostkit-counter-box-is-layout-flow\">\n<h3 class=\"wp-block-heading has-text-align-center ghostkit-custom-ZE1mum\" id=\"satisfy\">Roku<\/h3>\n<\/div><\/div>\n<\/div><\/div>\n<\/div><\/div>\n\n\n\n<h2 class=\"wp-block-heading\" id=\"h-\"><\/h2>\n\n\n\n<div class=\"wp-block-group is-nowrap is-layout-flex wp-container-core-group-is-layout-6c531013 wp-block-group-is-layout-flex\"><\/div>\n\n\n\n<div class=\"wp-block-group is-content-justification-left is-layout-constrained wp-container-core-group-is-layout-12dd3699 wp-block-group-is-layout-constrained\">\n<div class=\"wp-block-group is-layout-constrained wp-block-group-is-layout-constrained\">\n<div class=\"wp-block-group alignwide is-content-justification-right is-layout-constrained wp-container-core-group-is-layout-f1f2ed93 wp-block-group-is-layout-constrained\"><\/div>\n<\/div>\n<\/div>\n\n\n\n<p><\/p>\n\n\n\n<p><\/p>\n\n\n\n<div class=\"wp-block-group is-layout-constrained wp-block-group-is-layout-constrained\">\n<figure class=\"wp-block-image alignleft size-full is-resized is-style-default\"><a href=\"https:\/\/kpn.gov.pl\/projekt-ochrona-niepylaka-apollo-na-terenie-polski-czech-i-austrii\"><img data-recalc-dims=\"1\" loading=\"lazy\" decoding=\"async\" width=\"800\" height=\"344\" data-attachment-id=\"10902\" data-permalink=\"https:\/\/parnassius-apollo.life\/pl\/o-projekcie\/_podstawowa-wersja-logo\" data-orig-file=\"https:\/\/i0.wp.com\/parnassius-apollo.life\/wp-content\/uploads\/2026\/02\/PODSTAWOWA-WERSJA-LOGO.png?fit=2342%2C1007&amp;ssl=1\" data-orig-size=\"2342,1007\" data-comments-opened=\"1\" data-image-meta=\"{&quot;aperture&quot;:&quot;0&quot;,&quot;credit&quot;:&quot;&quot;,&quot;camera&quot;:&quot;&quot;,&quot;caption&quot;:&quot;&quot;,&quot;created_timestamp&quot;:&quot;0&quot;,&quot;copyright&quot;:&quot;&quot;,&quot;focal_length&quot;:&quot;0&quot;,&quot;iso&quot;:&quot;0&quot;,&quot;shutter_speed&quot;:&quot;0&quot;,&quot;title&quot;:&quot;&quot;,&quot;orientation&quot;:&quot;0&quot;}\" data-image-title=\"_PODSTAWOWA WERSJA LOGO\" data-image-description=\"\" data-image-caption=\"\" data-large-file=\"https:\/\/i0.wp.com\/parnassius-apollo.life\/wp-content\/uploads\/2026\/02\/PODSTAWOWA-WERSJA-LOGO.png?fit=2342%2C1007&amp;ssl=1\" src=\"https:\/\/i0.wp.com\/parnassius-apollo.life\/wp-content\/uploads\/2026\/02\/PODSTAWOWA-WERSJA-LOGO.png?resize=800%2C344&#038;ssl=1\" alt=\"\" class=\"wp-image-10902\" style=\"aspect-ratio:2.6333170916571924;width:348px;height:auto\"\/><\/a><\/figure>\n<\/div>\n\n\n\n<p>Projekt \u201eOchrona niepylaka apollo na terenie Polski, Czech i Austrii\u201d (LIFE20 NAT\/PL\/000151)<br>jest dofinansowany ze \u015brodk\u00f3w Narodowego Funduszu Ochrony \u015arodowiska i Gospodarki Wodnej<br>na podstawie umowy nr 839\/2021\/Wn50\/OP-RE-LF\/D w ramach Programu Priorytetowego<br>Wsp\u00f3\u0142finansowania Programu LIFE.<\/p>\n\n\n\n<p><\/p>\n","protected":false},"excerpt":{"rendered":"<p>Dane ze \u017ar\u00f3de\u0142 takich jak Europejska Czerwona Lista Motyli wskazuj\u0105 na negatywne zmiany w liczebno\u015bci owad\u00f3w w Europie, w rzeczywisto\u015bci<\/p>\n","protected":false},"author":14,"featured_media":0,"parent":0,"menu_order":0,"comment_status":"closed","ping_status":"closed","template":"","meta":{"colormag_page_container_layout":"default_layout","colormag_page_sidebar_layout":"default_layout","ghostkit_customizer_options":"","ghostkit_custom_css":"","ghostkit_custom_js_head":"","ghostkit_custom_js_foot":"","ghostkit_typography":"","jetpack_post_was_ever_published":false,"footnotes":""},"class_list":["post-10912","page","type-page","status-publish","hentry"],"yoast_head":"<!-- This site is optimized with the Yoast SEO Premium plugin v27.4 (Yoast SEO v27.4) - https:\/\/yoast.com\/product\/yoast-seo-premium-wordpress\/ -->\n<title>O projekcie - Parnassius apollo project LIFE Apollo2020 %<\/title>\n<meta name=\"robots\" content=\"index, follow, max-snippet:-1, max-image-preview:large, max-video-preview:-1\" \/>\n<link rel=\"canonical\" href=\"https:\/\/parnassius-apollo.life\/pl\/o-projekcie-2\" \/>\n<meta property=\"og:locale\" content=\"pl_PL\" \/>\n<meta property=\"og:type\" content=\"article\" \/>\n<meta property=\"og:title\" content=\"O projekcie\" \/>\n<meta property=\"og:description\" content=\"Dane ze \u017ar\u00f3de\u0142 takich jak Europejska Czerwona Lista Motyli wskazuj\u0105 na negatywne zmiany w liczebno\u015bci owad\u00f3w w Europie, w rzeczywisto\u015bci\" \/>\n<meta property=\"og:url\" content=\"https:\/\/parnassius-apollo.life\/pl\/o-projekcie-2\" \/>\n<meta property=\"og:site_name\" content=\"Parnassius apollo project LIFE Apollo2020\" \/>\n<meta property=\"article:modified_time\" content=\"2026-02-13T01:59:32+00:00\" \/>\n<meta property=\"og:image\" content=\"https:\/\/parnassius-apollo.life\/wp-content\/uploads\/2026\/02\/PODSTAWOWA-WERSJA-LOGO.png\" \/>\n<meta name=\"twitter:card\" content=\"summary_large_image\" \/>\n<meta name=\"twitter:label1\" content=\"Szacowany czas czytania\" \/>\n\t<meta name=\"twitter:data1\" content=\"2 minuty\" \/>\n<script type=\"application\/ld+json\" class=\"yoast-schema-graph\">{\"@context\":\"https:\\\/\\\/schema.org\",\"@graph\":[{\"@type\":\"WebPage\",\"@id\":\"https:\\\/\\\/parnassius-apollo.life\\\/pl\\\/o-projekcie-2\",\"url\":\"https:\\\/\\\/parnassius-apollo.life\\\/pl\\\/o-projekcie-2\",\"name\":\"O projekcie - Parnassius apollo project LIFE Apollo2020 %\",\"isPartOf\":{\"@id\":\"https:\\\/\\\/parnassius-apollo.life\\\/pl#website\"},\"primaryImageOfPage\":{\"@id\":\"https:\\\/\\\/parnassius-apollo.life\\\/pl\\\/o-projekcie-2#primaryimage\"},\"image\":{\"@id\":\"https:\\\/\\\/parnassius-apollo.life\\\/pl\\\/o-projekcie-2#primaryimage\"},\"thumbnailUrl\":\"https:\\\/\\\/parnassius-apollo.life\\\/wp-content\\\/uploads\\\/2026\\\/02\\\/PODSTAWOWA-WERSJA-LOGO.png\",\"datePublished\":\"2026-02-11T17:50:47+00:00\",\"dateModified\":\"2026-02-13T01:59:32+00:00\",\"breadcrumb\":{\"@id\":\"https:\\\/\\\/parnassius-apollo.life\\\/pl\\\/o-projekcie-2#breadcrumb\"},\"inLanguage\":\"pl-PL\",\"potentialAction\":[{\"@type\":\"ReadAction\",\"target\":[\"https:\\\/\\\/parnassius-apollo.life\\\/pl\\\/o-projekcie-2\"]}]},{\"@type\":\"ImageObject\",\"inLanguage\":\"pl-PL\",\"@id\":\"https:\\\/\\\/parnassius-apollo.life\\\/pl\\\/o-projekcie-2#primaryimage\",\"url\":\"https:\\\/\\\/parnassius-apollo.life\\\/wp-content\\\/uploads\\\/2026\\\/02\\\/PODSTAWOWA-WERSJA-LOGO.png\",\"contentUrl\":\"https:\\\/\\\/parnassius-apollo.life\\\/wp-content\\\/uploads\\\/2026\\\/02\\\/PODSTAWOWA-WERSJA-LOGO.png\"},{\"@type\":\"BreadcrumbList\",\"@id\":\"https:\\\/\\\/parnassius-apollo.life\\\/pl\\\/o-projekcie-2#breadcrumb\",\"itemListElement\":[{\"@type\":\"ListItem\",\"position\":1,\"name\":\"Home\",\"item\":\"https:\\\/\\\/parnassius-apollo.life\\\/pl\"},{\"@type\":\"ListItem\",\"position\":2,\"name\":\"O projekcie\"}]},{\"@type\":\"WebSite\",\"@id\":\"https:\\\/\\\/parnassius-apollo.life\\\/pl#website\",\"url\":\"https:\\\/\\\/parnassius-apollo.life\\\/pl\",\"name\":\"Parnassius apollo project LIFE Apollo2020\",\"description\":\"Conservation of Parnassius apollo in Czechia, Poland and Austria\",\"publisher\":{\"@id\":\"https:\\\/\\\/parnassius-apollo.life\\\/pl#organization\"},\"potentialAction\":[{\"@type\":\"SearchAction\",\"target\":{\"@type\":\"EntryPoint\",\"urlTemplate\":\"https:\\\/\\\/parnassius-apollo.life\\\/pl?s={search_term_string}\"},\"query-input\":{\"@type\":\"PropertyValueSpecification\",\"valueRequired\":true,\"valueName\":\"search_term_string\"}}],\"inLanguage\":\"pl-PL\"},{\"@type\":\"Organization\",\"@id\":\"https:\\\/\\\/parnassius-apollo.life\\\/pl#organization\",\"name\":\"LIFE Apollo 2020\",\"alternateName\":\"Parnassius Apollo LIFE Project\",\"url\":\"https:\\\/\\\/parnassius-apollo.life\\\/pl\",\"logo\":{\"@type\":\"ImageObject\",\"inLanguage\":\"pl-PL\",\"@id\":\"https:\\\/\\\/parnassius-apollo.life\\\/pl#\\\/schema\\\/logo\\\/image\\\/\",\"url\":\"https:\\\/\\\/i0.wp.com\\\/parnassius-apollo.life\\\/wp-content\\\/uploads\\\/2022\\\/05\\\/LIFE_Apollo_Final-e1651506328254.png?fit=127%2C150&ssl=1\",\"contentUrl\":\"https:\\\/\\\/i0.wp.com\\\/parnassius-apollo.life\\\/wp-content\\\/uploads\\\/2022\\\/05\\\/LIFE_Apollo_Final-e1651506328254.png?fit=127%2C150&ssl=1\",\"width\":127,\"height\":150,\"caption\":\"LIFE Apollo 2020\"},\"image\":{\"@id\":\"https:\\\/\\\/parnassius-apollo.life\\\/pl#\\\/schema\\\/logo\\\/image\\\/\"},\"email\":\"info@apollo-2020.life\",\"legalName\":\"Karkonoski Park Narodowy\",\"numberOfEmployees\":{\"@type\":\"QuantitativeValue\",\"minValue\":\"51\",\"maxValue\":\"200\"}}]}<\/script>\n<!-- \/ Yoast SEO Premium plugin. -->","yoast_head_json":{"title":"O projekcie - Parnassius apollo project LIFE Apollo2020 %","robots":{"index":"index","follow":"follow","max-snippet":"max-snippet:-1","max-image-preview":"max-image-preview:large","max-video-preview":"max-video-preview:-1"},"canonical":"https:\/\/parnassius-apollo.life\/pl\/o-projekcie-2","og_locale":"pl_PL","og_type":"article","og_title":"O projekcie","og_description":"Dane ze \u017ar\u00f3de\u0142 takich jak Europejska Czerwona Lista Motyli wskazuj\u0105 na negatywne zmiany w liczebno\u015bci owad\u00f3w w Europie, w rzeczywisto\u015bci","og_url":"https:\/\/parnassius-apollo.life\/pl\/o-projekcie-2","og_site_name":"Parnassius apollo project LIFE Apollo2020","article_modified_time":"2026-02-13T01:59:32+00:00","og_image":[{"url":"https:\/\/parnassius-apollo.life\/wp-content\/uploads\/2026\/02\/PODSTAWOWA-WERSJA-LOGO.png","type":"","width":"","height":""}],"twitter_card":"summary_large_image","twitter_misc":{"Szacowany czas czytania":"2 minuty"},"schema":{"@context":"https:\/\/schema.org","@graph":[{"@type":"WebPage","@id":"https:\/\/parnassius-apollo.life\/pl\/o-projekcie-2","url":"https:\/\/parnassius-apollo.life\/pl\/o-projekcie-2","name":"O projekcie - Parnassius apollo project LIFE Apollo2020 %","isPartOf":{"@id":"https:\/\/parnassius-apollo.life\/pl#website"},"primaryImageOfPage":{"@id":"https:\/\/parnassius-apollo.life\/pl\/o-projekcie-2#primaryimage"},"image":{"@id":"https:\/\/parnassius-apollo.life\/pl\/o-projekcie-2#primaryimage"},"thumbnailUrl":"https:\/\/parnassius-apollo.life\/wp-content\/uploads\/2026\/02\/PODSTAWOWA-WERSJA-LOGO.png","datePublished":"2026-02-11T17:50:47+00:00","dateModified":"2026-02-13T01:59:32+00:00","breadcrumb":{"@id":"https:\/\/parnassius-apollo.life\/pl\/o-projekcie-2#breadcrumb"},"inLanguage":"pl-PL","potentialAction":[{"@type":"ReadAction","target":["https:\/\/parnassius-apollo.life\/pl\/o-projekcie-2"]}]},{"@type":"ImageObject","inLanguage":"pl-PL","@id":"https:\/\/parnassius-apollo.life\/pl\/o-projekcie-2#primaryimage","url":"https:\/\/parnassius-apollo.life\/wp-content\/uploads\/2026\/02\/PODSTAWOWA-WERSJA-LOGO.png","contentUrl":"https:\/\/parnassius-apollo.life\/wp-content\/uploads\/2026\/02\/PODSTAWOWA-WERSJA-LOGO.png"},{"@type":"BreadcrumbList","@id":"https:\/\/parnassius-apollo.life\/pl\/o-projekcie-2#breadcrumb","itemListElement":[{"@type":"ListItem","position":1,"name":"Home","item":"https:\/\/parnassius-apollo.life\/pl"},{"@type":"ListItem","position":2,"name":"O projekcie"}]},{"@type":"WebSite","@id":"https:\/\/parnassius-apollo.life\/pl#website","url":"https:\/\/parnassius-apollo.life\/pl","name":"Parnassius apollo project LIFE Apollo2020","description":"Conservation of Parnassius apollo in Czechia, Poland and Austria","publisher":{"@id":"https:\/\/parnassius-apollo.life\/pl#organization"},"potentialAction":[{"@type":"SearchAction","target":{"@type":"EntryPoint","urlTemplate":"https:\/\/parnassius-apollo.life\/pl?s={search_term_string}"},"query-input":{"@type":"PropertyValueSpecification","valueRequired":true,"valueName":"search_term_string"}}],"inLanguage":"pl-PL"},{"@type":"Organization","@id":"https:\/\/parnassius-apollo.life\/pl#organization","name":"LIFE Apollo 2020","alternateName":"Parnassius Apollo LIFE Project","url":"https:\/\/parnassius-apollo.life\/pl","logo":{"@type":"ImageObject","inLanguage":"pl-PL","@id":"https:\/\/parnassius-apollo.life\/pl#\/schema\/logo\/image\/","url":"https:\/\/i0.wp.com\/parnassius-apollo.life\/wp-content\/uploads\/2022\/05\/LIFE_Apollo_Final-e1651506328254.png?fit=127%2C150&ssl=1","contentUrl":"https:\/\/i0.wp.com\/parnassius-apollo.life\/wp-content\/uploads\/2022\/05\/LIFE_Apollo_Final-e1651506328254.png?fit=127%2C150&ssl=1","width":127,"height":150,"caption":"LIFE Apollo 2020"},"image":{"@id":"https:\/\/parnassius-apollo.life\/pl#\/schema\/logo\/image\/"},"email":"info@apollo-2020.life","legalName":"Karkonoski Park Narodowy","numberOfEmployees":{"@type":"QuantitativeValue","minValue":"51","maxValue":"200"}}]}},"jetpack_likes_enabled":true,"jetpack_sharing_enabled":true,"_links":{"self":[{"href":"https:\/\/parnassius-apollo.life\/pl\/wp-json\/wp\/v2\/pages\/10912","targetHints":{"allow":["GET"]}}],"collection":[{"href":"https:\/\/parnassius-apollo.life\/pl\/wp-json\/wp\/v2\/pages"}],"about":[{"href":"https:\/\/parnassius-apollo.life\/pl\/wp-json\/wp\/v2\/types\/page"}],"author":[{"embeddable":true,"href":"https:\/\/parnassius-apollo.life\/pl\/wp-json\/wp\/v2\/users\/14"}],"replies":[{"embeddable":true,"href":"https:\/\/parnassius-apollo.life\/pl\/wp-json\/wp\/v2\/comments?post=10912"}],"version-history":[{"count":2,"href":"https:\/\/parnassius-apollo.life\/pl\/wp-json\/wp\/v2\/pages\/10912\/revisions"}],"predecessor-version":[{"id":10928,"href":"https:\/\/parnassius-apollo.life\/pl\/wp-json\/wp\/v2\/pages\/10912\/revisions\/10928"}],"wp:attachment":[{"href":"https:\/\/parnassius-apollo.life\/pl\/wp-json\/wp\/v2\/media?parent=10912"}],"curies":[{"name":"wp","href":"https:\/\/api.w.org\/{rel}","templated":true}]}}