{"id":10585,"date":"2025-09-08T15:20:13","date_gmt":"2025-09-08T13:20:13","guid":{"rendered":"https:\/\/parnassius-apollo.life\/?page_id=10585"},"modified":"2025-09-08T15:20:21","modified_gmt":"2025-09-08T13:20:21","slug":"republika-czeska","status":"publish","type":"page","link":"https:\/\/parnassius-apollo.life\/pl\/republika-czeska","title":{"rendered":"Republika Czeska"},"content":{"rendered":"\n<h3 class=\"wp-block-heading\" id=\"h-followapollo-with-citizen-science\">#followapollo z nauk\u0105 obywatelsk\u0105<\/h3>\n\n<p>Aby projekt zako\u0144czy\u0142 si\u0119 sukcesem, musimy dok\u0142adnie wiedzie\u0107, gdzie motyl czerwo\u0144czyk nieparek (Apollo) wyst\u0119puje w krajach obj\u0119tych projektem: Austrii, Polsce i Czechach oraz gdzie znajduj\u0105 si\u0119 odpowiednie siedliska. Poniewa\u017c wiele oczu widzi lepiej ni\u017c oczy zespo\u0142u projektowego, teraz Twoja kolej.   <strong>Pom\u00f3\u017c nam zebra\u0107 dane na temat jesionu wynios\u0142ego i jego ro\u015blin pokarmowych!<\/strong><\/p>\n\n<h3 class=\"wp-block-heading\" id=\"h-where-to-look-for-parnassius-apollo\">Gdzie szuka\u0107 Parnassius Apollo?<\/h3>\n\n<p><em>Parnassius apollo<\/em> to motyl klimatu umiarkowanego. Jest to typowy gatunek g\u00f3rski, kt\u00f3ry preferuje <strong>\u0142\u0105ki i pastwiska w g\u00f3rach kontynentalnej Europy i Azji<\/strong>. Zwykle wyst\u0119puje na <strong>stosunkowo du\u017cych wysoko\u015bciach<\/strong> (od 400 do 2300 m n.p.m.).    <\/p>\n\n<h3 class=\"wp-block-heading\" id=\"h-which-plants-to-look-for\">Jakich ro\u015blin szuka\u0107?<\/h3>\n\n<ul class=\"wp-block-list\">\n<li><em>R\u00f3\u017ceniec g\u00f3rski (Rhodiola rosea)<\/em><\/li>\n\n\n\n<li><em>Rozchodnik (Sedum acre)<\/em><\/li>\n\n\n\n<li><em>Jovibarba globifera (Jovibarba globifera)<\/em><\/li>\n\n\n\n<li><em>Rozchodnik maksymalny (Sedum maximum)<\/em><\/li>\n\n\n\n<li><em>Sedum alpestre<\/em><\/li>\n\n\n\n<li><em>rozchodnik bia\u0142y (Sedum album)<\/em><\/li>\n<\/ul>\n\n<p><\/p>\n\n<h3 class=\"wp-block-heading\" id=\"h-what-to-do-with-your-observations\">Co zrobi\u0107 ze swoimi obserwacjami?<\/h3>\n\n<p>Zr\u00f3b zdj\u0119cie i do\u0142\u0105cz do naszego projektu na <a href=\"https:\/\/www.inaturalist.org\">iNaturalist<\/a> &#8211; wyszukaj tutaj <strong>LIFE Citizen Science for <em>Parnassis apollo<\/em><\/strong> i opublikuj tutaj swoje obserwacje. W ten spos\u00f3b b\u0119dziemy mogli zebra\u0107 dane od wszystkich uczestnik\u00f3w z trzech kraj\u00f3w w jednym miejscu, co pozwoli nam na ich ocen\u0119.   <\/p>\n\n<p>Dzi\u0119kujemy za cenny wk\u0142ad!<\/p>\n\n<figure class=\"wp-block-image size-full\"><img data-recalc-dims=\"1\" loading=\"lazy\" decoding=\"async\" width=\"800\" height=\"600\" src=\"https:\/\/i0.wp.com\/parnassius-apollo.life\/wp-content\/uploads\/2022\/09\/IMG_20220623_143343.jpg?resize=800%2C600&#038;ssl=1\" alt=\"\" class=\"wp-image-3563\"\/><\/figure>\n\n<p><\/p>\n\n<h3 class=\"wp-block-heading\" id=\"h-what-is-citizen-science\">CZYM JEST NAUKA OBYWATELSKA?<\/h3>\n\n<p>Nauka obywatelska (cz\u0119sto mo\u017cna spotka\u0107 si\u0119 z angielskim Citizen science) to zaanga\u017cowanie spo\u0142ecze\u0144stwa w badania naukowe w celu poszerzenia wiedzy naukowej. Dzi\u0119ki nauce obywatelskiej ludzie mog\u0105 uczestniczy\u0107 w wielu etapach procesu naukowego, od projektowania pyta\u0144 badawczych, przez gromadzenie i mapowanie danych, po interpretacj\u0119, analiz\u0119 danych oraz publikacj\u0119 i rozpowszechnianie wynik\u00f3w.   <\/p>\n\n<p>Chocia\u017c nauka obywatelska jest stosunkowo now\u0105 koncepcj\u0105, wiele os\u00f3b jest zaanga\u017cowanych w badania naukowe od wielu lat. Dost\u0119pno\u015b\u0107 Internetu i szybki rozw\u00f3j smartfon\u00f3w u\u0142atwi\u0142y dzielenie si\u0119 informacjami. Uzbrojeni w smartfony z wbudowanymi odbiornikami sygna\u0142u GPS, obywatele mog\u0105 dostarcza\u0107 w czasie rzeczywistym informacji na temat po\u0142o\u017cenia geograficznego gatunk\u00f3w i r\u00f3\u017cnych sytuacji. Ka\u017cdego dnia powstaj\u0105 nowe sieci i spo\u0142eczno\u015bci zainteresowanych naukowc\u00f3w-obywateli, aby dowiedzie\u0107 si\u0119 wi\u0119cej o \u015bwiecie i o tym, jak mog\u0105 przyczyni\u0107 si\u0119 do dalszego zrozumienia poprzez nauk\u0119 obywatelsk\u0105.     <\/p>\n\n<p><em><strong>Identyfikacja niekt\u00f3rych rozchodnik\u00f3w rosn\u0105cych w naturze jest cz\u0119sto trudna i nie ka\u017cdy taki rozchodnik mo\u017cna wiarygodnie zidentyfikowa\u0107.<\/strong><\/em><\/p>\n","protected":false},"excerpt":{"rendered":"<p>#followapollo z nauk\u0105 obywatelsk\u0105 Aby projekt zako\u0144czy\u0142 si\u0119 sukcesem, musimy dok\u0142adnie wiedzie\u0107, gdzie motyl czerwo\u0144czyk nieparek (Apollo) wyst\u0119puje w krajach<\/p>\n","protected":false},"author":1,"featured_media":0,"parent":0,"menu_order":0,"comment_status":"closed","ping_status":"closed","template":"","meta":{"colormag_page_container_layout":"default_layout","colormag_page_sidebar_layout":"default_layout","ghostkit_customizer_options":"","ghostkit_custom_css":"","ghostkit_custom_js_head":"","ghostkit_custom_js_foot":"","ghostkit_typography":"","jetpack_post_was_ever_published":false,"footnotes":""},"class_list":["post-10585","page","type-page","status-publish","hentry"],"yoast_head":"<!-- This site is optimized with the Yoast SEO Premium plugin v27.4 (Yoast SEO v27.4) - https:\/\/yoast.com\/product\/yoast-seo-premium-wordpress\/ -->\n<title>Republika Czeska - Parnassius apollo project LIFE Apollo2020<\/title>\n<meta name=\"robots\" content=\"index, follow, max-snippet:-1, max-image-preview:large, max-video-preview:-1\" \/>\n<link rel=\"canonical\" href=\"https:\/\/parnassius-apollo.life\/pl\/republika-czeska\" \/>\n<meta property=\"og:locale\" content=\"pl_PL\" \/>\n<meta property=\"og:type\" content=\"article\" \/>\n<meta property=\"og:title\" content=\"Republika Czeska\" \/>\n<meta property=\"og:description\" content=\"#followapollo z nauk\u0105 obywatelsk\u0105 Aby projekt zako\u0144czy\u0142 si\u0119 sukcesem, musimy dok\u0142adnie wiedzie\u0107, gdzie motyl czerwo\u0144czyk nieparek (Apollo) wyst\u0119puje w krajach\" \/>\n<meta property=\"og:url\" content=\"https:\/\/parnassius-apollo.life\/pl\/republika-czeska\" \/>\n<meta property=\"og:site_name\" content=\"Parnassius apollo project LIFE Apollo2020\" \/>\n<meta property=\"article:modified_time\" content=\"2025-09-08T13:20:21+00:00\" \/>\n<meta property=\"og:image\" content=\"https:\/\/parnassius-apollo.life\/wp-content\/uploads\/2022\/09\/IMG_20220623_143343.jpg\" \/>\n<meta name=\"twitter:card\" content=\"summary_large_image\" \/>\n<meta name=\"twitter:label1\" content=\"Szacowany czas czytania\" \/>\n\t<meta name=\"twitter:data1\" content=\"2 minuty\" \/>\n<script type=\"application\/ld+json\" class=\"yoast-schema-graph\">{\"@context\":\"https:\\\/\\\/schema.org\",\"@graph\":[{\"@type\":\"WebPage\",\"@id\":\"https:\\\/\\\/parnassius-apollo.life\\\/pl\\\/republika-czeska\",\"url\":\"https:\\\/\\\/parnassius-apollo.life\\\/pl\\\/republika-czeska\",\"name\":\"Republika Czeska - Parnassius apollo project LIFE Apollo2020\",\"isPartOf\":{\"@id\":\"https:\\\/\\\/parnassius-apollo.life\\\/pl#website\"},\"primaryImageOfPage\":{\"@id\":\"https:\\\/\\\/parnassius-apollo.life\\\/pl\\\/republika-czeska#primaryimage\"},\"image\":{\"@id\":\"https:\\\/\\\/parnassius-apollo.life\\\/pl\\\/republika-czeska#primaryimage\"},\"thumbnailUrl\":\"https:\\\/\\\/parnassius-apollo.life\\\/wp-content\\\/uploads\\\/2022\\\/09\\\/IMG_20220623_143343.jpg\",\"datePublished\":\"2025-09-08T13:20:13+00:00\",\"dateModified\":\"2025-09-08T13:20:21+00:00\",\"breadcrumb\":{\"@id\":\"https:\\\/\\\/parnassius-apollo.life\\\/pl\\\/republika-czeska#breadcrumb\"},\"inLanguage\":\"pl-PL\",\"potentialAction\":[{\"@type\":\"ReadAction\",\"target\":[\"https:\\\/\\\/parnassius-apollo.life\\\/pl\\\/republika-czeska\"]}]},{\"@type\":\"ImageObject\",\"inLanguage\":\"pl-PL\",\"@id\":\"https:\\\/\\\/parnassius-apollo.life\\\/pl\\\/republika-czeska#primaryimage\",\"url\":\"https:\\\/\\\/parnassius-apollo.life\\\/wp-content\\\/uploads\\\/2022\\\/09\\\/IMG_20220623_143343.jpg\",\"contentUrl\":\"https:\\\/\\\/parnassius-apollo.life\\\/wp-content\\\/uploads\\\/2022\\\/09\\\/IMG_20220623_143343.jpg\"},{\"@type\":\"BreadcrumbList\",\"@id\":\"https:\\\/\\\/parnassius-apollo.life\\\/pl\\\/republika-czeska#breadcrumb\",\"itemListElement\":[{\"@type\":\"ListItem\",\"position\":1,\"name\":\"Home\",\"item\":\"https:\\\/\\\/parnassius-apollo.life\\\/pl\"},{\"@type\":\"ListItem\",\"position\":2,\"name\":\"Republika Czeska\"}]},{\"@type\":\"WebSite\",\"@id\":\"https:\\\/\\\/parnassius-apollo.life\\\/pl#website\",\"url\":\"https:\\\/\\\/parnassius-apollo.life\\\/pl\",\"name\":\"Parnassius apollo project LIFE Apollo2020\",\"description\":\"Conservation of Parnassius apollo in Czechia, Poland and Austria\",\"publisher\":{\"@id\":\"https:\\\/\\\/parnassius-apollo.life\\\/pl#organization\"},\"potentialAction\":[{\"@type\":\"SearchAction\",\"target\":{\"@type\":\"EntryPoint\",\"urlTemplate\":\"https:\\\/\\\/parnassius-apollo.life\\\/pl?s={search_term_string}\"},\"query-input\":{\"@type\":\"PropertyValueSpecification\",\"valueRequired\":true,\"valueName\":\"search_term_string\"}}],\"inLanguage\":\"pl-PL\"},{\"@type\":\"Organization\",\"@id\":\"https:\\\/\\\/parnassius-apollo.life\\\/pl#organization\",\"name\":\"LIFE Apollo 2020\",\"alternateName\":\"Parnassius Apollo LIFE Project\",\"url\":\"https:\\\/\\\/parnassius-apollo.life\\\/pl\",\"logo\":{\"@type\":\"ImageObject\",\"inLanguage\":\"pl-PL\",\"@id\":\"https:\\\/\\\/parnassius-apollo.life\\\/pl#\\\/schema\\\/logo\\\/image\\\/\",\"url\":\"https:\\\/\\\/i0.wp.com\\\/parnassius-apollo.life\\\/wp-content\\\/uploads\\\/2022\\\/05\\\/LIFE_Apollo_Final-e1651506328254.png?fit=127%2C150&ssl=1\",\"contentUrl\":\"https:\\\/\\\/i0.wp.com\\\/parnassius-apollo.life\\\/wp-content\\\/uploads\\\/2022\\\/05\\\/LIFE_Apollo_Final-e1651506328254.png?fit=127%2C150&ssl=1\",\"width\":127,\"height\":150,\"caption\":\"LIFE Apollo 2020\"},\"image\":{\"@id\":\"https:\\\/\\\/parnassius-apollo.life\\\/pl#\\\/schema\\\/logo\\\/image\\\/\"},\"email\":\"info@apollo-2020.life\",\"legalName\":\"Karkonoski Park Narodowy\",\"numberOfEmployees\":{\"@type\":\"QuantitativeValue\",\"minValue\":\"51\",\"maxValue\":\"200\"}}]}<\/script>\n<!-- \/ Yoast SEO Premium plugin. -->","yoast_head_json":{"title":"Republika Czeska - Parnassius apollo project LIFE Apollo2020","robots":{"index":"index","follow":"follow","max-snippet":"max-snippet:-1","max-image-preview":"max-image-preview:large","max-video-preview":"max-video-preview:-1"},"canonical":"https:\/\/parnassius-apollo.life\/pl\/republika-czeska","og_locale":"pl_PL","og_type":"article","og_title":"Republika Czeska","og_description":"#followapollo z nauk\u0105 obywatelsk\u0105 Aby projekt zako\u0144czy\u0142 si\u0119 sukcesem, musimy dok\u0142adnie wiedzie\u0107, gdzie motyl czerwo\u0144czyk nieparek (Apollo) wyst\u0119puje w krajach","og_url":"https:\/\/parnassius-apollo.life\/pl\/republika-czeska","og_site_name":"Parnassius apollo project LIFE Apollo2020","article_modified_time":"2025-09-08T13:20:21+00:00","og_image":[{"url":"https:\/\/parnassius-apollo.life\/wp-content\/uploads\/2022\/09\/IMG_20220623_143343.jpg","type":"","width":"","height":""}],"twitter_card":"summary_large_image","twitter_misc":{"Szacowany czas czytania":"2 minuty"},"schema":{"@context":"https:\/\/schema.org","@graph":[{"@type":"WebPage","@id":"https:\/\/parnassius-apollo.life\/pl\/republika-czeska","url":"https:\/\/parnassius-apollo.life\/pl\/republika-czeska","name":"Republika Czeska - Parnassius apollo project LIFE Apollo2020","isPartOf":{"@id":"https:\/\/parnassius-apollo.life\/pl#website"},"primaryImageOfPage":{"@id":"https:\/\/parnassius-apollo.life\/pl\/republika-czeska#primaryimage"},"image":{"@id":"https:\/\/parnassius-apollo.life\/pl\/republika-czeska#primaryimage"},"thumbnailUrl":"https:\/\/parnassius-apollo.life\/wp-content\/uploads\/2022\/09\/IMG_20220623_143343.jpg","datePublished":"2025-09-08T13:20:13+00:00","dateModified":"2025-09-08T13:20:21+00:00","breadcrumb":{"@id":"https:\/\/parnassius-apollo.life\/pl\/republika-czeska#breadcrumb"},"inLanguage":"pl-PL","potentialAction":[{"@type":"ReadAction","target":["https:\/\/parnassius-apollo.life\/pl\/republika-czeska"]}]},{"@type":"ImageObject","inLanguage":"pl-PL","@id":"https:\/\/parnassius-apollo.life\/pl\/republika-czeska#primaryimage","url":"https:\/\/parnassius-apollo.life\/wp-content\/uploads\/2022\/09\/IMG_20220623_143343.jpg","contentUrl":"https:\/\/parnassius-apollo.life\/wp-content\/uploads\/2022\/09\/IMG_20220623_143343.jpg"},{"@type":"BreadcrumbList","@id":"https:\/\/parnassius-apollo.life\/pl\/republika-czeska#breadcrumb","itemListElement":[{"@type":"ListItem","position":1,"name":"Home","item":"https:\/\/parnassius-apollo.life\/pl"},{"@type":"ListItem","position":2,"name":"Republika Czeska"}]},{"@type":"WebSite","@id":"https:\/\/parnassius-apollo.life\/pl#website","url":"https:\/\/parnassius-apollo.life\/pl","name":"Parnassius apollo project LIFE Apollo2020","description":"Conservation of Parnassius apollo in Czechia, Poland and Austria","publisher":{"@id":"https:\/\/parnassius-apollo.life\/pl#organization"},"potentialAction":[{"@type":"SearchAction","target":{"@type":"EntryPoint","urlTemplate":"https:\/\/parnassius-apollo.life\/pl?s={search_term_string}"},"query-input":{"@type":"PropertyValueSpecification","valueRequired":true,"valueName":"search_term_string"}}],"inLanguage":"pl-PL"},{"@type":"Organization","@id":"https:\/\/parnassius-apollo.life\/pl#organization","name":"LIFE Apollo 2020","alternateName":"Parnassius Apollo LIFE Project","url":"https:\/\/parnassius-apollo.life\/pl","logo":{"@type":"ImageObject","inLanguage":"pl-PL","@id":"https:\/\/parnassius-apollo.life\/pl#\/schema\/logo\/image\/","url":"https:\/\/i0.wp.com\/parnassius-apollo.life\/wp-content\/uploads\/2022\/05\/LIFE_Apollo_Final-e1651506328254.png?fit=127%2C150&ssl=1","contentUrl":"https:\/\/i0.wp.com\/parnassius-apollo.life\/wp-content\/uploads\/2022\/05\/LIFE_Apollo_Final-e1651506328254.png?fit=127%2C150&ssl=1","width":127,"height":150,"caption":"LIFE Apollo 2020"},"image":{"@id":"https:\/\/parnassius-apollo.life\/pl#\/schema\/logo\/image\/"},"email":"info@apollo-2020.life","legalName":"Karkonoski Park Narodowy","numberOfEmployees":{"@type":"QuantitativeValue","minValue":"51","maxValue":"200"}}]}},"jetpack_likes_enabled":true,"jetpack_sharing_enabled":true,"_links":{"self":[{"href":"https:\/\/parnassius-apollo.life\/pl\/wp-json\/wp\/v2\/pages\/10585","targetHints":{"allow":["GET"]}}],"collection":[{"href":"https:\/\/parnassius-apollo.life\/pl\/wp-json\/wp\/v2\/pages"}],"about":[{"href":"https:\/\/parnassius-apollo.life\/pl\/wp-json\/wp\/v2\/types\/page"}],"author":[{"embeddable":true,"href":"https:\/\/parnassius-apollo.life\/pl\/wp-json\/wp\/v2\/users\/1"}],"replies":[{"embeddable":true,"href":"https:\/\/parnassius-apollo.life\/pl\/wp-json\/wp\/v2\/comments?post=10585"}],"version-history":[{"count":1,"href":"https:\/\/parnassius-apollo.life\/pl\/wp-json\/wp\/v2\/pages\/10585\/revisions"}],"predecessor-version":[{"id":10586,"href":"https:\/\/parnassius-apollo.life\/pl\/wp-json\/wp\/v2\/pages\/10585\/revisions\/10586"}],"wp:attachment":[{"href":"https:\/\/parnassius-apollo.life\/pl\/wp-json\/wp\/v2\/media?parent=10585"}],"curies":[{"name":"wp","href":"https:\/\/api.w.org\/{rel}","templated":true}]}}