{"id":8371,"date":"2024-11-30T17:13:17","date_gmt":"2024-11-30T16:13:17","guid":{"rendered":"https:\/\/parnassius-apollo.life\/oto-petrik"},"modified":"2024-11-30T17:13:19","modified_gmt":"2024-11-30T16:13:19","slug":"oto-petrik","status":"publish","type":"page","link":"https:\/\/parnassius-apollo.life\/de\/oto-petrik","title":{"rendered":"Oto Pet\u0159\u00edk"},"content":{"rendered":"            <div class=\"oxi-addons-container noLightbox oxi-image-hover-wrapper-30 \" id=\"oxi-image-hover-wrapper-30\">\n                <div class=\"oxi-addons-row\">\n                                <div class=\"oxi-image-hover-style oxi-bt-col-lg-12 oxi-bt-col-md-12 oxi-bt-col-sm-12                         \"  >\n                <div class=\"oxi-image-hover-style-flipbox\">\n                                            <a  href=\"https:\/\/parnassius-apollo.life\/dita-mervartova\">\n                                                    <div class=\"oxi-image-hover oxi-image-flipbox-hover oxi-image-flipbox-hover-style-1 oxi-image-flipbox-hover-30-222\">\n                            <div class=\"oxi-image-hover-figure oxi-image-flip-top-to-bottom \">\n                                <div class=\"oxi-image-hover-figure-frontend\">\n                                    <div class=\"oxi-image-hover-figure-front-section\">\n                                                                                    <img data-recalc-dims=\"1\" decoding=\"async\"  src=\"https:\/\/i0.wp.com\/parnassius-apollo.life\/wp-content\/uploads\/2024\/02\/Profilovka.jpg?w=800&#038;ssl=1\" >\n                                                                                <\/div>\n                                <\/div>\n                                <div class=\"oxi-image-hover-figure-backend\">\n                                    <div class=\"oxi-image-hover-figure-back-section image-hover-align-center-center\">\n\n                                                                                    <div class=\"oxi-image-hover-heading    \"> Oto Pet\u0159\u00edk<\/div>\n                                            \n                                            <div class=\"oxi-image-hover-content    \">Project management assistant<\/div>\n                                            \n                                    <\/div>\n                                <\/div>\n                            <\/div>\n                        <\/div>\n                                                <\/a>\n\t\t\t\t\t\t\t                <\/div>  \n                            <\/div>  \n                            <\/div>\n            <\/div>\n\t\t\t\n\n<h2 class=\"wp-block-heading has-central-palette-7-color has-text-color\" id=\"h-role\" style=\"font-size:18px\"><strong><mark style=\"background-color:rgba(0, 0, 0, 0)\" class=\"has-inline-color has-central-palette-7-color\">ROLLE<\/mark><\/strong><\/h2>\n\n<div class=\"ghostkit-icon-box\"><div class=\"ghostkit-icon-box-icon ghostkit-icon-box-icon-align-left\"><svg class=\"ghostkit-svg-icon\" width=\"24\" height=\"24\" viewBox=\"0 0 24 24\" fill=\"none\" xmlns=\"http:\/\/www.w3.org\/2000\/svg\"><path fill-rule=\"evenodd\" clip-rule=\"evenodd\" d=\"M9.21967 6.2197C9.51256 5.9268 9.98744 5.9268 10.2803 6.2197L15.5303 11.4697C15.8232 11.7626 15.8232 12.2374 15.5303 12.5303L10.2803 17.7803C9.98744 18.0732 9.51256 18.0732 9.21967 17.7803C8.92678 17.4874 8.92678 17.0126 9.21967 16.7197L13.9393 12L9.21967 7.2803C8.92678 6.9874 8.92678 6.5126 9.21967 6.2197Z\" fill=\"currentColor\"\/><\/svg><\/div><div class=\"ghostkit-icon-box-content is-layout-flow wp-block-ghostkit-icon-box-is-layout-flow\">\n<p>Project management assistant <\/p>\n<\/div><\/div>\n\n<h2 class=\"wp-block-heading has-central-palette-7-color has-text-color\" id=\"h-country\" style=\"font-size:18px\"><strong>LAND<\/strong><\/h2>\n\n<div class=\"ghostkit-icon-box\"><div class=\"ghostkit-icon-box-icon ghostkit-icon-box-icon-align-left\"><svg class=\"ghostkit-svg-icon\" width=\"24\" height=\"24\" viewBox=\"0 0 24 24\" fill=\"none\" xmlns=\"http:\/\/www.w3.org\/2000\/svg\"><path d=\"M11.2806 20.6368C5.98328 13.2316 5 12.4715 5 9.75C5 6.02207 8.13399 3 12 3C15.866 3 19 6.02207 19 9.75C19 12.4715 18.0167 13.2316 12.7194 20.6368C12.3718 21.1211 11.6282 21.121 11.2806 20.6368ZM12 12.5625C13.6108 12.5625 14.9167 11.3033 14.9167 9.75C14.9167 8.19669 13.6108 6.9375 12 6.9375C10.3892 6.9375 9.08333 8.19669 9.08333 9.75C9.08333 11.3033 10.3892 12.5625 12 12.5625Z\" stroke=\"currentColor\" stroke-width=\"1.5\"\/><\/svg><\/div><div class=\"ghostkit-icon-box-content is-layout-flow wp-block-ghostkit-icon-box-is-layout-flow\">\n<p>Tschechien<\/p>\n<\/div><\/div>\n\n<h2 class=\"wp-block-heading has-central-palette-7-color has-text-color\" id=\"h-organisation\" style=\"font-size:18px\"><strong>ORGANISATION<\/strong><\/h2>\n\n<div class=\"wp-block-media-text is-stacked-on-mobile\" style=\"grid-template-columns:16% auto\"><figure class=\"wp-block-media-text__media\"><img data-recalc-dims=\"1\" loading=\"lazy\" decoding=\"async\" width=\"800\" height=\"815\" src=\"https:\/\/i0.wp.com\/parnassius-apollo.life\/wp-content\/uploads\/2022\/05\/csop.png?resize=800%2C815&#038;ssl=1\" alt=\"\" class=\"wp-image-506 size-full\" srcset=\"https:\/\/i0.wp.com\/parnassius-apollo.life\/wp-content\/uploads\/2022\/05\/csop.png?w=1712&amp;ssl=1 1712w, https:\/\/i0.wp.com\/parnassius-apollo.life\/wp-content\/uploads\/2022\/05\/csop.png?resize=20%2C20&amp;ssl=1 20w, https:\/\/i0.wp.com\/parnassius-apollo.life\/wp-content\/uploads\/2022\/05\/csop.png?w=1600&amp;ssl=1 1600w\" sizes=\"auto, (max-width: 800px) 100vw, 800px\" \/><\/figure><div class=\"wp-block-media-text__content\">\n<p>Die 1985 gegr\u00fcndete <a href=\"https:\/\/csophradec.cz\/\">Naturschutz-Aktionsgruppe &#8222;JARO&#8220;<\/a> (der urspr\u00fcngliche historische Name war &#8222;JArom\u011b\u0159\u0161t\u00ed ROp\u00e1ci&#8220;) besteht heute aus mehreren Basisorganisationen des tschechischen Naturschutzverbandes und engagiert sich mit einer Vielzahl von Aktivit\u00e4ten f\u00fcr den Naturschutz. Wir haben damit begonnen, uns um wertvolle Naturgebiete zu k\u00fcmmern und betreuen einige dieser Fl\u00e4chen seit \u00fcber 30 Jahren kontinuierlich.<\/p>\n<\/div><\/div>\n\n<h2 class=\"wp-block-heading has-central-palette-7-color has-text-color\" id=\"h-about\" style=\"font-size:18px\"><strong>\u00dcBERSICHT<\/strong><\/h2>\n\n<p>Oto Pet\u0159\u00edk stammt aus Broumov, einer <strong>kleinen Stadt<\/strong> im Nordosten Tschechiens, und studierte Zoologie an der Universit\u00e4t von Hradec Kr\u00e1lov\u00e9. W\u00e4hrend seines Studiums und auch in seiner Freizeit hat er sich immer auf <strong>wirbellose Tiere<\/strong>, insbesondere K\u00e4fer und Schmetterlinge, konzentriert. Er verbringt einen Gro\u00dfteil seiner Zeit damit, <strong>K\u00e4fer und Schmetterlinge<\/strong> zu beobachten, zu sammeln und sogar <strong>zu z\u00fcchten<\/strong> und hat schon immer davon getr\u00e4umt, Insekten in Indonesien, Zentralafrika und S\u00fcdamerika zu erforschen. Dank seiner Alma Mater begann er dar\u00fcber nachzudenken, wie man diese Tiere und, was noch wichtiger ist, <strong>die Umwelt<\/strong>, in der sie leben, sch\u00fctzen kann, und begann, nach einem Job zu suchen, der dazu am besten passen w\u00fcrde. So entdeckte er die internationale Naturschutzgruppe JARO, wo er Menschen kennenlernte, die sich trotz oft sehr verzweifelter Ma\u00dfnahmen f\u00fcr diese Sache einsetzen.    <\/p>\n\n<p>Obwohl er erst seit sehr kurzer Zeit hier ist, hat er schon so viel Neues \u00fcber den <strong>tats\u00e4chlichen Naturschutz<\/strong> gelernt. Er hat auch einige der M\u00fchen des Arbeitsalltags dieser Menschen kennengelernt, was ihn ihre Bem\u00fchungen noch mehr bewundern l\u00e4sst. <\/p>\n\n<div class=\"ghostkit-button-wrapper ghostkit-button-wrapper-gap-md ghostkit-button-wrapper-align-center\"><div class=\"ghostkit-button-wrapper-inner\">\n<a class=\"ghostkit-button ghostkit-button-md ghostkit-custom-28jbo5\" href=\"https:\/\/parnassius-apollo.life\/the-team\"><span class=\"ghostkit-button-text\">Lerne das Team kennen<\/span><\/a>\n<\/div><\/div>\n\n<p><mark style=\"background-color:rgba(0, 0, 0, 0)\" class=\"has-inline-color has-central-palette-7-color\"><strong>#followapollo<\/strong> und dem Bem\u00fchungen unseres Teams! Die kombinierten F\u00e4higkeiten in den Bereichen Zucht, Erhaltung von Lebensr\u00e4umen, Forschung, Umweltbildung und Projektmanagement sind eine hervorragende Kombination f\u00fcr den Erfolg unseres LIFE-Projekts.<\/mark><\/p>\n\n<div style=\"padding:20px;text-align:center\" class=\"wp-block-tnp-minimal\"><p>Abonniere unseren Newsletter und erhalte Neuigkeiten und Interessantes zu Schmetterlingen direkt in dein Postfach!<\/p><div><div class=\"tnp tnp-subscription-minimal  \"><form action=\"https:\/\/parnassius-apollo.life\/wp-admin\/admin-ajax.php?action=tnp&amp;na=s\" method=\"post\" style=\"text-align: center\"><input type=\"hidden\" name=\"nr\" value=\"minimal\">\n<input type=\"hidden\" name=\"nlang\" value=\"de\">\n<input class=\"tnp-email\" type=\"email\" required name=\"ne\" value=\"\" placeholder=\"Email\"><input class=\"tnp-submit\" type=\"submit\" value=\"Subscribe\" style=\"\">\n<div class=\"tnp-field tnp-privacy-field\"><label><input type=\"checkbox\" name=\"ny\" required class=\"tnp-privacy\"> By continuing, you accept the privacy policy<\/label><\/div><\/form><\/div>\n<\/div><\/div>\n","protected":false},"excerpt":{"rendered":"<p>ROLLE Project management assistant LAND Tschechien ORGANISATION Die 1985 gegr\u00fcndete Naturschutz-Aktionsgruppe &#8222;JARO&#8220; (der urspr\u00fcngliche historische Name war &#8222;JArom\u011b\u0159\u0161t\u00ed ROp\u00e1ci&#8220;) besteht<\/p>\n","protected":false},"author":33,"featured_media":0,"parent":0,"menu_order":0,"comment_status":"closed","ping_status":"closed","template":"","meta":{"colormag_page_container_layout":"default_layout","colormag_page_sidebar_layout":"default_layout","ghostkit_customizer_options":"","ghostkit_custom_css":"","ghostkit_custom_js_head":"","ghostkit_custom_js_foot":"","ghostkit_typography":"","jetpack_post_was_ever_published":false,"footnotes":""},"class_list":["post-8371","page","type-page","status-publish","hentry"],"yoast_head":"<!-- This site is optimized with the Yoast SEO Premium plugin v27.3 (Yoast SEO v27.3) - https:\/\/yoast.com\/product\/yoast-seo-premium-wordpress\/ -->\n<title>Oto Pet\u0159\u00edk - Parnassius apollo project LIFE Apollo2020<\/title>\n<meta name=\"robots\" content=\"index, follow, max-snippet:-1, max-image-preview:large, max-video-preview:-1\" \/>\n<link rel=\"canonical\" href=\"https:\/\/parnassius-apollo.life\/de\/oto-petrik\" \/>\n<meta property=\"og:locale\" content=\"de_DE\" \/>\n<meta property=\"og:type\" content=\"article\" \/>\n<meta property=\"og:title\" content=\"Oto Pet\u0159\u00edk\" \/>\n<meta property=\"og:description\" content=\"ROLLE Project management assistant LAND Tschechien ORGANISATION Die 1985 gegr\u00fcndete Naturschutz-Aktionsgruppe &#8222;JARO&#8220; (der urspr\u00fcngliche historische Name war &#8222;JArom\u011b\u0159\u0161t\u00ed ROp\u00e1ci&#8220;) besteht\" \/>\n<meta property=\"og:url\" content=\"https:\/\/parnassius-apollo.life\/de\/oto-petrik\" \/>\n<meta property=\"og:site_name\" content=\"Parnassius apollo project LIFE Apollo2020\" \/>\n<meta property=\"article:modified_time\" content=\"2024-11-30T16:13:19+00:00\" \/>\n<meta property=\"og:image\" content=\"https:\/\/parnassius-apollo.life\/wp-content\/uploads\/2022\/05\/csop.png\" \/>\n<meta name=\"twitter:card\" content=\"summary_large_image\" \/>\n<meta name=\"twitter:label1\" content=\"Gesch\u00e4tzte Lesezeit\" \/>\n\t<meta name=\"twitter:data1\" content=\"2\u00a0Minuten\" \/>\n<script type=\"application\/ld+json\" class=\"yoast-schema-graph\">{\"@context\":\"https:\\\/\\\/schema.org\",\"@graph\":[{\"@type\":\"WebPage\",\"@id\":\"https:\\\/\\\/parnassius-apollo.life\\\/de\\\/oto-petrik\",\"url\":\"https:\\\/\\\/parnassius-apollo.life\\\/de\\\/oto-petrik\",\"name\":\"Oto Pet\u0159\u00edk - Parnassius apollo project LIFE Apollo2020\",\"isPartOf\":{\"@id\":\"https:\\\/\\\/parnassius-apollo.life\\\/de#website\"},\"primaryImageOfPage\":{\"@id\":\"https:\\\/\\\/parnassius-apollo.life\\\/de\\\/oto-petrik#primaryimage\"},\"image\":{\"@id\":\"https:\\\/\\\/parnassius-apollo.life\\\/de\\\/oto-petrik#primaryimage\"},\"thumbnailUrl\":\"https:\\\/\\\/parnassius-apollo.life\\\/wp-content\\\/uploads\\\/2022\\\/05\\\/csop.png\",\"datePublished\":\"2024-11-30T16:13:17+00:00\",\"dateModified\":\"2024-11-30T16:13:19+00:00\",\"breadcrumb\":{\"@id\":\"https:\\\/\\\/parnassius-apollo.life\\\/de\\\/oto-petrik#breadcrumb\"},\"inLanguage\":\"de\",\"potentialAction\":[{\"@type\":\"ReadAction\",\"target\":[\"https:\\\/\\\/parnassius-apollo.life\\\/de\\\/oto-petrik\"]}]},{\"@type\":\"ImageObject\",\"inLanguage\":\"de\",\"@id\":\"https:\\\/\\\/parnassius-apollo.life\\\/de\\\/oto-petrik#primaryimage\",\"url\":\"https:\\\/\\\/parnassius-apollo.life\\\/wp-content\\\/uploads\\\/2022\\\/05\\\/csop.png\",\"contentUrl\":\"https:\\\/\\\/parnassius-apollo.life\\\/wp-content\\\/uploads\\\/2022\\\/05\\\/csop.png\"},{\"@type\":\"BreadcrumbList\",\"@id\":\"https:\\\/\\\/parnassius-apollo.life\\\/de\\\/oto-petrik#breadcrumb\",\"itemListElement\":[{\"@type\":\"ListItem\",\"position\":1,\"name\":\"Home\",\"item\":\"https:\\\/\\\/parnassius-apollo.life\\\/de\"},{\"@type\":\"ListItem\",\"position\":2,\"name\":\"Oto Pet\u0159\u00edk\"}]},{\"@type\":\"WebSite\",\"@id\":\"https:\\\/\\\/parnassius-apollo.life\\\/de#website\",\"url\":\"https:\\\/\\\/parnassius-apollo.life\\\/de\",\"name\":\"Parnassius apollo project LIFE Apollo2020\",\"description\":\"Conservation of Parnassius apollo in Czechia, Poland and Austria\",\"publisher\":{\"@id\":\"https:\\\/\\\/parnassius-apollo.life\\\/de#organization\"},\"potentialAction\":[{\"@type\":\"SearchAction\",\"target\":{\"@type\":\"EntryPoint\",\"urlTemplate\":\"https:\\\/\\\/parnassius-apollo.life\\\/de?s={search_term_string}\"},\"query-input\":{\"@type\":\"PropertyValueSpecification\",\"valueRequired\":true,\"valueName\":\"search_term_string\"}}],\"inLanguage\":\"de\"},{\"@type\":\"Organization\",\"@id\":\"https:\\\/\\\/parnassius-apollo.life\\\/de#organization\",\"name\":\"LIFE Apollo 2020\",\"alternateName\":\"Parnassius Apollo LIFE Project\",\"url\":\"https:\\\/\\\/parnassius-apollo.life\\\/de\",\"logo\":{\"@type\":\"ImageObject\",\"inLanguage\":\"de\",\"@id\":\"https:\\\/\\\/parnassius-apollo.life\\\/de#\\\/schema\\\/logo\\\/image\\\/\",\"url\":\"https:\\\/\\\/i0.wp.com\\\/parnassius-apollo.life\\\/wp-content\\\/uploads\\\/2022\\\/05\\\/LIFE_Apollo_Final-e1651506328254.png?fit=127%2C150&ssl=1\",\"contentUrl\":\"https:\\\/\\\/i0.wp.com\\\/parnassius-apollo.life\\\/wp-content\\\/uploads\\\/2022\\\/05\\\/LIFE_Apollo_Final-e1651506328254.png?fit=127%2C150&ssl=1\",\"width\":127,\"height\":150,\"caption\":\"LIFE Apollo 2020\"},\"image\":{\"@id\":\"https:\\\/\\\/parnassius-apollo.life\\\/de#\\\/schema\\\/logo\\\/image\\\/\"},\"email\":\"info@apollo-2020.life\",\"legalName\":\"Karkonoski Park Narodowy\",\"numberOfEmployees\":{\"@type\":\"QuantitativeValue\",\"minValue\":\"51\",\"maxValue\":\"200\"}}]}<\/script>\n<!-- \/ Yoast SEO Premium plugin. -->","yoast_head_json":{"title":"Oto Pet\u0159\u00edk - Parnassius apollo project LIFE Apollo2020","robots":{"index":"index","follow":"follow","max-snippet":"max-snippet:-1","max-image-preview":"max-image-preview:large","max-video-preview":"max-video-preview:-1"},"canonical":"https:\/\/parnassius-apollo.life\/de\/oto-petrik","og_locale":"de_DE","og_type":"article","og_title":"Oto Pet\u0159\u00edk","og_description":"ROLLE Project management assistant LAND Tschechien ORGANISATION Die 1985 gegr\u00fcndete Naturschutz-Aktionsgruppe &#8222;JARO&#8220; (der urspr\u00fcngliche historische Name war &#8222;JArom\u011b\u0159\u0161t\u00ed ROp\u00e1ci&#8220;) besteht","og_url":"https:\/\/parnassius-apollo.life\/de\/oto-petrik","og_site_name":"Parnassius apollo project LIFE Apollo2020","article_modified_time":"2024-11-30T16:13:19+00:00","og_image":[{"url":"https:\/\/parnassius-apollo.life\/wp-content\/uploads\/2022\/05\/csop.png","type":"","width":"","height":""}],"twitter_card":"summary_large_image","twitter_misc":{"Gesch\u00e4tzte Lesezeit":"2\u00a0Minuten"},"schema":{"@context":"https:\/\/schema.org","@graph":[{"@type":"WebPage","@id":"https:\/\/parnassius-apollo.life\/de\/oto-petrik","url":"https:\/\/parnassius-apollo.life\/de\/oto-petrik","name":"Oto Pet\u0159\u00edk - Parnassius apollo project LIFE Apollo2020","isPartOf":{"@id":"https:\/\/parnassius-apollo.life\/de#website"},"primaryImageOfPage":{"@id":"https:\/\/parnassius-apollo.life\/de\/oto-petrik#primaryimage"},"image":{"@id":"https:\/\/parnassius-apollo.life\/de\/oto-petrik#primaryimage"},"thumbnailUrl":"https:\/\/parnassius-apollo.life\/wp-content\/uploads\/2022\/05\/csop.png","datePublished":"2024-11-30T16:13:17+00:00","dateModified":"2024-11-30T16:13:19+00:00","breadcrumb":{"@id":"https:\/\/parnassius-apollo.life\/de\/oto-petrik#breadcrumb"},"inLanguage":"de","potentialAction":[{"@type":"ReadAction","target":["https:\/\/parnassius-apollo.life\/de\/oto-petrik"]}]},{"@type":"ImageObject","inLanguage":"de","@id":"https:\/\/parnassius-apollo.life\/de\/oto-petrik#primaryimage","url":"https:\/\/parnassius-apollo.life\/wp-content\/uploads\/2022\/05\/csop.png","contentUrl":"https:\/\/parnassius-apollo.life\/wp-content\/uploads\/2022\/05\/csop.png"},{"@type":"BreadcrumbList","@id":"https:\/\/parnassius-apollo.life\/de\/oto-petrik#breadcrumb","itemListElement":[{"@type":"ListItem","position":1,"name":"Home","item":"https:\/\/parnassius-apollo.life\/de"},{"@type":"ListItem","position":2,"name":"Oto Pet\u0159\u00edk"}]},{"@type":"WebSite","@id":"https:\/\/parnassius-apollo.life\/de#website","url":"https:\/\/parnassius-apollo.life\/de","name":"Parnassius apollo project LIFE Apollo2020","description":"Conservation of Parnassius apollo in Czechia, Poland and Austria","publisher":{"@id":"https:\/\/parnassius-apollo.life\/de#organization"},"potentialAction":[{"@type":"SearchAction","target":{"@type":"EntryPoint","urlTemplate":"https:\/\/parnassius-apollo.life\/de?s={search_term_string}"},"query-input":{"@type":"PropertyValueSpecification","valueRequired":true,"valueName":"search_term_string"}}],"inLanguage":"de"},{"@type":"Organization","@id":"https:\/\/parnassius-apollo.life\/de#organization","name":"LIFE Apollo 2020","alternateName":"Parnassius Apollo LIFE Project","url":"https:\/\/parnassius-apollo.life\/de","logo":{"@type":"ImageObject","inLanguage":"de","@id":"https:\/\/parnassius-apollo.life\/de#\/schema\/logo\/image\/","url":"https:\/\/i0.wp.com\/parnassius-apollo.life\/wp-content\/uploads\/2022\/05\/LIFE_Apollo_Final-e1651506328254.png?fit=127%2C150&ssl=1","contentUrl":"https:\/\/i0.wp.com\/parnassius-apollo.life\/wp-content\/uploads\/2022\/05\/LIFE_Apollo_Final-e1651506328254.png?fit=127%2C150&ssl=1","width":127,"height":150,"caption":"LIFE Apollo 2020"},"image":{"@id":"https:\/\/parnassius-apollo.life\/de#\/schema\/logo\/image\/"},"email":"info@apollo-2020.life","legalName":"Karkonoski Park Narodowy","numberOfEmployees":{"@type":"QuantitativeValue","minValue":"51","maxValue":"200"}}]}},"jetpack_likes_enabled":true,"jetpack_sharing_enabled":true,"_links":{"self":[{"href":"https:\/\/parnassius-apollo.life\/de\/wp-json\/wp\/v2\/pages\/8371","targetHints":{"allow":["GET"]}}],"collection":[{"href":"https:\/\/parnassius-apollo.life\/de\/wp-json\/wp\/v2\/pages"}],"about":[{"href":"https:\/\/parnassius-apollo.life\/de\/wp-json\/wp\/v2\/types\/page"}],"author":[{"embeddable":true,"href":"https:\/\/parnassius-apollo.life\/de\/wp-json\/wp\/v2\/users\/33"}],"replies":[{"embeddable":true,"href":"https:\/\/parnassius-apollo.life\/de\/wp-json\/wp\/v2\/comments?post=8371"}],"version-history":[{"count":0,"href":"https:\/\/parnassius-apollo.life\/de\/wp-json\/wp\/v2\/pages\/8371\/revisions"}],"wp:attachment":[{"href":"https:\/\/parnassius-apollo.life\/de\/wp-json\/wp\/v2\/media?parent=8371"}],"curies":[{"name":"wp","href":"https:\/\/api.w.org\/{rel}","templated":true}]}}