{"id":8291,"date":"2024-11-30T15:58:28","date_gmt":"2024-11-30T14:58:28","guid":{"rendered":"https:\/\/parnassius-apollo.life\/polen"},"modified":"2024-11-30T15:58:28","modified_gmt":"2024-11-30T14:58:28","slug":"polen","status":"publish","type":"page","link":"https:\/\/parnassius-apollo.life\/de\/polen","title":{"rendered":"Polen"},"content":{"rendered":"\n<p>#bigwhitemotile #citizensciene<\/p>\n\n<h3 class=\"wp-block-heading\" id=\"h-rozejrzyj-sie-za-duzym-bialym-motylem\">Halten Sie Ausschau nach einem gro\u00dfen wei\u00dfen Schmetterling!<\/h3>\n\n<p>Machen Sie mit bei der Beobachtung eines NON-PYLAST! Wenn Sie einen gro\u00dfen wei\u00dfen Schmetterling sehen, k\u00f6nnte es sich um einen Best\u00e4uber handeln. Machen Sie ein Foto davon und senden Sie es zusammen mit dem Datum und dem Ort Ihrer Begegnung an: <strong>niepylak@kpnmab.pl.<\/strong>  <\/p>\n\n<p>Ihre Beobachtung wird in eine wissenschaftliche Datenbank aufgenommen und Sie werden Teil eines wichtigen Projekts.<\/p>\n\n<p>Nur mit Ihrem Engagement k\u00f6nnen wir das Vorkommen dieser wertvollen und bedrohten Art kartieren. Erfahren Sie mehr\/ Folgen Sie uns auf Facebook und <a href=\"https:\/\/www.instagram.com\/karkonoski_pn\/\">Instagram KPN<\/a> f\u00fcr Polnischsprachige, <a href=\"https:\/\/www.instagram.com\/the_real_parnassius_apollo\/\">Instagram the-real-parn apollo<\/a> f\u00fcr Englischsprachige und auf der Website <a href=\"https:\/\/www.instagram.com\/the_real_parnassius_apollo\/\">, die<\/a> Sie gerade besuchen. <\/p>\n\n<p>Wenn Sie webbasierte Anwendungen verwenden <strong>, laden Sie die iNaturalist-Apps herunter<\/strong>, die weltweit genutzt werden k\u00f6nnen, und schlie\u00dfen Sie sich unserem Projekt an:<\/p>\n\n<p><a href=\"https:\/\/www.inaturalist.org\/projects\/life-citizen-science-for-parnassius-apollo\">https:\/\/www.inaturalist.org\/projects\/life-citizen-science-for-parnassius-apollo<\/a><\/p>\n\n<p>Ihre Beobachtungen aus dem Sudetenland werden in die Datenbank des internationalen Projekts LIFEApollo2020 aufgenommen. Gemeinsam werden wir herausfinden, ob unsere Bem\u00fchungen um die Wiederansiedlung des Schmetterlings positive Ergebnisse zeitigen und wie wir ihm noch helfen k\u00f6nnen. Gemeinsam k\u00f6nnen wir mehr erreichen!  <\/p>\n","protected":false},"excerpt":{"rendered":"<p>#bigwhitemotile #citizensciene Halten Sie Ausschau nach einem gro\u00dfen wei\u00dfen Schmetterling! Machen Sie mit bei der Beobachtung eines NON-PYLAST! Wenn Sie<\/p>\n","protected":false},"author":33,"featured_media":0,"parent":0,"menu_order":0,"comment_status":"closed","ping_status":"closed","template":"","meta":{"colormag_page_container_layout":"default_layout","colormag_page_sidebar_layout":"default_layout","ghostkit_customizer_options":"","ghostkit_custom_css":"","ghostkit_custom_js_head":"","ghostkit_custom_js_foot":"","ghostkit_typography":"","jetpack_post_was_ever_published":false,"footnotes":""},"class_list":["post-8291","page","type-page","status-publish","hentry"],"yoast_head":"<!-- This site is optimized with the Yoast SEO Premium plugin v27.3 (Yoast SEO v27.3) - https:\/\/yoast.com\/product\/yoast-seo-premium-wordpress\/ -->\n<title>Polen - Parnassius apollo project LIFE Apollo2020<\/title>\n<meta name=\"robots\" content=\"index, follow, max-snippet:-1, max-image-preview:large, max-video-preview:-1\" \/>\n<link rel=\"canonical\" href=\"https:\/\/parnassius-apollo.life\/de\/polen\" \/>\n<meta property=\"og:locale\" content=\"de_DE\" \/>\n<meta property=\"og:type\" content=\"article\" \/>\n<meta property=\"og:title\" content=\"Polen\" \/>\n<meta property=\"og:description\" content=\"#bigwhitemotile #citizensciene Halten Sie Ausschau nach einem gro\u00dfen wei\u00dfen Schmetterling! Machen Sie mit bei der Beobachtung eines NON-PYLAST! Wenn Sie\" \/>\n<meta property=\"og:url\" content=\"https:\/\/parnassius-apollo.life\/de\/polen\" \/>\n<meta property=\"og:site_name\" content=\"Parnassius apollo project LIFE Apollo2020\" \/>\n<meta property=\"og:image\" content=\"https:\/\/i0.wp.com\/parnassius-apollo.life\/wp-content\/uploads\/2022\/05\/LIFE_Apollo_Final-e1651506328254.png?fit=127%2C150&ssl=1\" \/>\n\t<meta property=\"og:image:width\" content=\"127\" \/>\n\t<meta property=\"og:image:height\" content=\"150\" \/>\n\t<meta property=\"og:image:type\" content=\"image\/png\" \/>\n<meta name=\"twitter:card\" content=\"summary_large_image\" \/>\n<meta name=\"twitter:label1\" content=\"Gesch\u00e4tzte Lesezeit\" \/>\n\t<meta name=\"twitter:data1\" content=\"1\u00a0Minute\" \/>\n<script type=\"application\/ld+json\" class=\"yoast-schema-graph\">{\"@context\":\"https:\\\/\\\/schema.org\",\"@graph\":[{\"@type\":\"WebPage\",\"@id\":\"https:\\\/\\\/parnassius-apollo.life\\\/de\\\/polen\",\"url\":\"https:\\\/\\\/parnassius-apollo.life\\\/de\\\/polen\",\"name\":\"Polen - Parnassius apollo project LIFE Apollo2020\",\"isPartOf\":{\"@id\":\"https:\\\/\\\/parnassius-apollo.life\\\/de#website\"},\"datePublished\":\"2024-11-30T14:58:28+00:00\",\"breadcrumb\":{\"@id\":\"https:\\\/\\\/parnassius-apollo.life\\\/de\\\/polen#breadcrumb\"},\"inLanguage\":\"de\",\"potentialAction\":[{\"@type\":\"ReadAction\",\"target\":[\"https:\\\/\\\/parnassius-apollo.life\\\/de\\\/polen\"]}]},{\"@type\":\"BreadcrumbList\",\"@id\":\"https:\\\/\\\/parnassius-apollo.life\\\/de\\\/polen#breadcrumb\",\"itemListElement\":[{\"@type\":\"ListItem\",\"position\":1,\"name\":\"Home\",\"item\":\"https:\\\/\\\/parnassius-apollo.life\\\/de\"},{\"@type\":\"ListItem\",\"position\":2,\"name\":\"Polen\"}]},{\"@type\":\"WebSite\",\"@id\":\"https:\\\/\\\/parnassius-apollo.life\\\/de#website\",\"url\":\"https:\\\/\\\/parnassius-apollo.life\\\/de\",\"name\":\"Parnassius apollo project LIFE Apollo2020\",\"description\":\"Conservation of Parnassius apollo in Czechia, Poland and Austria\",\"publisher\":{\"@id\":\"https:\\\/\\\/parnassius-apollo.life\\\/de#organization\"},\"potentialAction\":[{\"@type\":\"SearchAction\",\"target\":{\"@type\":\"EntryPoint\",\"urlTemplate\":\"https:\\\/\\\/parnassius-apollo.life\\\/de?s={search_term_string}\"},\"query-input\":{\"@type\":\"PropertyValueSpecification\",\"valueRequired\":true,\"valueName\":\"search_term_string\"}}],\"inLanguage\":\"de\"},{\"@type\":\"Organization\",\"@id\":\"https:\\\/\\\/parnassius-apollo.life\\\/de#organization\",\"name\":\"LIFE Apollo 2020\",\"alternateName\":\"Parnassius Apollo LIFE Project\",\"url\":\"https:\\\/\\\/parnassius-apollo.life\\\/de\",\"logo\":{\"@type\":\"ImageObject\",\"inLanguage\":\"de\",\"@id\":\"https:\\\/\\\/parnassius-apollo.life\\\/de#\\\/schema\\\/logo\\\/image\\\/\",\"url\":\"https:\\\/\\\/i0.wp.com\\\/parnassius-apollo.life\\\/wp-content\\\/uploads\\\/2022\\\/05\\\/LIFE_Apollo_Final-e1651506328254.png?fit=127%2C150&ssl=1\",\"contentUrl\":\"https:\\\/\\\/i0.wp.com\\\/parnassius-apollo.life\\\/wp-content\\\/uploads\\\/2022\\\/05\\\/LIFE_Apollo_Final-e1651506328254.png?fit=127%2C150&ssl=1\",\"width\":127,\"height\":150,\"caption\":\"LIFE Apollo 2020\"},\"image\":{\"@id\":\"https:\\\/\\\/parnassius-apollo.life\\\/de#\\\/schema\\\/logo\\\/image\\\/\"},\"email\":\"info@apollo-2020.life\",\"legalName\":\"Karkonoski Park Narodowy\",\"numberOfEmployees\":{\"@type\":\"QuantitativeValue\",\"minValue\":\"51\",\"maxValue\":\"200\"}}]}<\/script>\n<!-- \/ Yoast SEO Premium plugin. -->","yoast_head_json":{"title":"Polen - Parnassius apollo project LIFE Apollo2020","robots":{"index":"index","follow":"follow","max-snippet":"max-snippet:-1","max-image-preview":"max-image-preview:large","max-video-preview":"max-video-preview:-1"},"canonical":"https:\/\/parnassius-apollo.life\/de\/polen","og_locale":"de_DE","og_type":"article","og_title":"Polen","og_description":"#bigwhitemotile #citizensciene Halten Sie Ausschau nach einem gro\u00dfen wei\u00dfen Schmetterling! Machen Sie mit bei der Beobachtung eines NON-PYLAST! Wenn Sie","og_url":"https:\/\/parnassius-apollo.life\/de\/polen","og_site_name":"Parnassius apollo project LIFE Apollo2020","og_image":[{"width":127,"height":150,"url":"https:\/\/i0.wp.com\/parnassius-apollo.life\/wp-content\/uploads\/2022\/05\/LIFE_Apollo_Final-e1651506328254.png?fit=127%2C150&ssl=1","type":"image\/png"}],"twitter_card":"summary_large_image","twitter_misc":{"Gesch\u00e4tzte Lesezeit":"1\u00a0Minute"},"schema":{"@context":"https:\/\/schema.org","@graph":[{"@type":"WebPage","@id":"https:\/\/parnassius-apollo.life\/de\/polen","url":"https:\/\/parnassius-apollo.life\/de\/polen","name":"Polen - Parnassius apollo project LIFE Apollo2020","isPartOf":{"@id":"https:\/\/parnassius-apollo.life\/de#website"},"datePublished":"2024-11-30T14:58:28+00:00","breadcrumb":{"@id":"https:\/\/parnassius-apollo.life\/de\/polen#breadcrumb"},"inLanguage":"de","potentialAction":[{"@type":"ReadAction","target":["https:\/\/parnassius-apollo.life\/de\/polen"]}]},{"@type":"BreadcrumbList","@id":"https:\/\/parnassius-apollo.life\/de\/polen#breadcrumb","itemListElement":[{"@type":"ListItem","position":1,"name":"Home","item":"https:\/\/parnassius-apollo.life\/de"},{"@type":"ListItem","position":2,"name":"Polen"}]},{"@type":"WebSite","@id":"https:\/\/parnassius-apollo.life\/de#website","url":"https:\/\/parnassius-apollo.life\/de","name":"Parnassius apollo project LIFE Apollo2020","description":"Conservation of Parnassius apollo in Czechia, Poland and Austria","publisher":{"@id":"https:\/\/parnassius-apollo.life\/de#organization"},"potentialAction":[{"@type":"SearchAction","target":{"@type":"EntryPoint","urlTemplate":"https:\/\/parnassius-apollo.life\/de?s={search_term_string}"},"query-input":{"@type":"PropertyValueSpecification","valueRequired":true,"valueName":"search_term_string"}}],"inLanguage":"de"},{"@type":"Organization","@id":"https:\/\/parnassius-apollo.life\/de#organization","name":"LIFE Apollo 2020","alternateName":"Parnassius Apollo LIFE Project","url":"https:\/\/parnassius-apollo.life\/de","logo":{"@type":"ImageObject","inLanguage":"de","@id":"https:\/\/parnassius-apollo.life\/de#\/schema\/logo\/image\/","url":"https:\/\/i0.wp.com\/parnassius-apollo.life\/wp-content\/uploads\/2022\/05\/LIFE_Apollo_Final-e1651506328254.png?fit=127%2C150&ssl=1","contentUrl":"https:\/\/i0.wp.com\/parnassius-apollo.life\/wp-content\/uploads\/2022\/05\/LIFE_Apollo_Final-e1651506328254.png?fit=127%2C150&ssl=1","width":127,"height":150,"caption":"LIFE Apollo 2020"},"image":{"@id":"https:\/\/parnassius-apollo.life\/de#\/schema\/logo\/image\/"},"email":"info@apollo-2020.life","legalName":"Karkonoski Park Narodowy","numberOfEmployees":{"@type":"QuantitativeValue","minValue":"51","maxValue":"200"}}]}},"jetpack_likes_enabled":true,"jetpack_sharing_enabled":true,"_links":{"self":[{"href":"https:\/\/parnassius-apollo.life\/de\/wp-json\/wp\/v2\/pages\/8291","targetHints":{"allow":["GET"]}}],"collection":[{"href":"https:\/\/parnassius-apollo.life\/de\/wp-json\/wp\/v2\/pages"}],"about":[{"href":"https:\/\/parnassius-apollo.life\/de\/wp-json\/wp\/v2\/types\/page"}],"author":[{"embeddable":true,"href":"https:\/\/parnassius-apollo.life\/de\/wp-json\/wp\/v2\/users\/33"}],"replies":[{"embeddable":true,"href":"https:\/\/parnassius-apollo.life\/de\/wp-json\/wp\/v2\/comments?post=8291"}],"version-history":[{"count":0,"href":"https:\/\/parnassius-apollo.life\/de\/wp-json\/wp\/v2\/pages\/8291\/revisions"}],"wp:attachment":[{"href":"https:\/\/parnassius-apollo.life\/de\/wp-json\/wp\/v2\/media?parent=8291"}],"curies":[{"name":"wp","href":"https:\/\/api.w.org\/{rel}","templated":true}]}}