{"id":5028,"date":"2023-02-01T09:01:34","date_gmt":"2023-02-01T08:01:34","guid":{"rendered":"https:\/\/parnassius-apollo.life\/information-fuer-teilnehmende"},"modified":"2023-02-01T09:32:38","modified_gmt":"2023-02-01T08:32:38","slug":"information-fuer-teilnehmende","status":"publish","type":"page","link":"https:\/\/parnassius-apollo.life\/de\/information-fuer-teilnehmende","title":{"rendered":"Information f\u00fcr Teilnehmende"},"content":{"rendered":"\n<p>Danke, dass Sie dich f\u00fcr die Auftakttagung des LIFE Apollo2020 <strong>Wissenschaft, \u00d6kologie und Innovation f\u00fcr Schutz von <em>Parnassius apollo<\/em> in Mitteleuropa<\/strong> interessieren. Wir freuen uns auf regende Vortr\u00e4ge und Diskussionen in Jelenia G\u00f3ra und online.<\/p>\n\n<p>Nachstehend finden Sie alle relevanten Informationen <strong>f\u00fcr Teilnehmer vor Ort. <\/strong>Online-Teilnehmer erhalten rechtzeitig vor der Konferenz eine E-Mail bez\u00fcglich der Online-Verbindung. Bei fragen kontaktieren Sie uns: <a href=\"mailto:info@apollo-2020.life\" target=\"_blank\" rel=\"noreferrer noopener\">info@apollo-2020.life<\/a><\/p>\n\n<h4 class=\"wp-block-heading\">Datum und Veranstaltungsort<\/h4>\n\n<p>Die Tagung findet vom 19-21. September 2022 am<em>Nature and Education Centre of Karkonosze Nationalpark \u2013 Sobiesz\u00f3w Palace<\/em> statt:<\/p>\n\n<div class=\"ghostkit-icon-box ghostkit-has-frame ghostkit-custom-ZVrNUI\"><div class=\"ghostkit-icon-box-content is-layout-flow wp-block-ghostkit-icon-box-is-layout-flow\">\n<p>Adresse: <a href=\"https:\/\/www.google.pl\/maps\/place\/Centrum+Muzealno-+Edukacyjne+Karkonoskiego+Parku+Narodowego\/@50.845573,15.6386632,17z\/data=!4m5!3m4!1s0x470edc5751e11bdf:0xe7b64112bb880dc8!8m2!3d50.8455696!4d15.6408519?shorturl=1\">Cieplicka 196 \/ Karkonoska 3\/4, 58-570 Jelenia G\u00f3ra, Polska<\/a><\/p>\n<\/div><\/div>\n\n<p>Der Veranstaltungsort geh\u00f6rt zum Nationalpark <a href=\"https:\/\/kpnmab.pl\/en\/lang\" target=\"_blank\" rel=\"noreferrer noopener\">Riesengebirge <\/a>und ist ein frisch renovierter historischer Schlosskomplex aus dem<sup>18.<\/sup><sup>\/19<\/sup><sup>.<\/sup> Jahrhundert, der jetzt f\u00fcr Bildungszwecke und die Organisation von Veranstaltungen und Ausstellungen hergerichtet wird.<\/p>\n\n<p>Es bietet<\/p>\n\n<ul class=\"wp-block-list\"><li>ein Tagungsraum f\u00fcr ungef\u00e4hr 150 Personen<\/li><li>2 kleinere Seminarr\u00e4ume f\u00fcr 34 und 40 Personen<\/li><li>Parkplatz mit einer Kapazit\u00e4t f\u00fcr 36 Autos, 5 Busse und 2 Behindertenparkpl\u00e4tze<\/li><\/ul>\n<h4 class=\"wp-block-heading\">Wie man dorthin kommt<\/h4>\n\n<p><strong>Mit dem Zug<\/strong> &#8211; Bahnhof Jelenia G\u00f3ra Sobiesz\u00f3w, ca. 2,5 Stunden vom Wroclaw Hauptbahnhof; 10 Minuten Fu\u00dfweg zum Schloss Sobiesz\u00f3w.<a href=\"https:\/\/goo.gl\/maps\/WrDpUvGSoioZV6R47\"> Insgesamt etwa 3 Stunden von Wroc\u0142aw<\/a>.<\/p>\n\n<p><strong>Mit dem Bus<\/strong> &#8211; vom <a href=\"https:\/\/www.google.com\/maps\/dir\/Dworzec+Autobusowy,+Sucha+1,+50-086+Wroc%C5%82aw\/Dworzec+autobusowy,+Obro%C5%84c%C3%B3w+Pokoju,+Jelenia+G%C3%B3ra\/@50.952175,15.817801,9z\/am=t\/data=!4m13!4m12!1m5!1m1!1s0x470fc26f63029151:0x6a147999cb74be1d!2m2!1d17.0361618!2d51.0971321!1m5!1m1!1s0x470ede3119edede5:0xab024a993a6ed5d5!2m2!1d15.7318162!2d50.9055303?shorturl=1\" target=\"_blank\" rel=\"noreferrer noopener\">Busbahnhof Wroclaw (ul. Sucha 1\/11) zum Busbahnhof Jelenia G\u00f3ra (ul. Obro\u0144c\u00f3w Pokoju 1B)<\/a>, dann von der <a href=\"https:\/\/www.google.com\/maps\/dir\/Podwale+02+%7C+Przystanek+autobusowy,+58-500+Jelenia+G%C3%B3ra\/Centrum+Muzealno-+Edukacyjne+Karkonoskiego+Parku+Narodowego,+Karkonoska,+Jelenia+G%C3%B3ra\/@50.8750312,15.6516983,13z\/am=t\/data=!4m15!4m14!1m5!1m1!1s0x470edf49f01aee2b:0x1d59f5aaf9c457d5!2m2!1d15.7318449!2d50.9045745!1m5!1m1!1s0x470edc5751e11bdf:0xe7b64112bb880dc8!2m2!1d15.6408519!2d50.8455696!2m1!5e0?shorturl=1\">Bushaltestelle Podwale (rechts von der Galeria Nowy Rynek) zur Bushaltestelle Jelenia G\u00f3ra Sobiesz\u00f3w<\/a>. Insgesamt etwa 3 Stunden von Wroc\u0142aw entfernt.<\/p>\n\n<p><strong>Mit dem Auto<\/strong> &#8211; <a href=\"https:\/\/www.google.pl\/maps\/dir\/50.8634107,15.6070364\/Centrum+Muzealno-+Edukacyjne+Karkonoskiego+Parku+Narodowego,+Karkonoska+4,+58-570+Jelenia+G%C3%B3ra\/@50.8544155,15.6157477,15z\/am=t\/data=!4m9!4m8!1m0!1m5!1m1!1s0x470edc5751e11bdf:0xe7b64112bb880dc8!2m2!1d15.6408519!2d50.8455696!3e0?shorturl=1\" target=\"_blank\" rel=\"noreferrer noopener\">Nationalstra\u00dfe Nr. 3, in Piechowice &#8211; Pakosz\u00f3w nach Sobiesz\u00f3w abbiegen, das Schloss ist 3,6 km von der Stra\u00dfe entfernt.<\/a><\/p>\n\n<p><strong>Mit dem Flugzeug &#8211; <\/strong> von Wroclaw: Bus 106 vom Flughafen Breslau zum Hauptbahnhof Wroclaw, weiter mit dem Zug oder Bus nach Jelenia G\u00f3ra Sobiesz\u00f3w; <br\/><\/p>\n\n<p>Auf <a href=\"https:\/\/en.e-podroznik.pl\/public\/searchingResultsVW.do?startCity=Wroc%C5%82aw&amp;forward=url&amp;tabToken=d06751b0d1409f4c9e32aa62fe04b1d0&amp;toV=c%7C3991&amp;endCity=Jelenia+G%C3%B3ra&amp;fromV=c%7C13019&amp;tseVw=regularP\">dieser Website<\/a> k\u00f6nnen Sie nach Bus-\/Zugverbindungen suchen <a href=\"https:\/\/en.e-podroznik.pl\/public\/searchingResultsVW.do?startCity=Wroc%C5%82aw&amp;forward=url&amp;tabToken=d06751b0d1409f4c9e32aa62fe04b1d0&amp;toV=c%7C3991&amp;endCity=Jelenia+G%C3%B3ra&amp;fromV=c%7C13019&amp;tseVw=regularP\">:<\/a><\/p>\n\n<h4 class=\"wp-block-heading\">Unterkunftsempfehlungen<\/h4>\n\n<p>F\u00fcr Teilnehmer, die mit \u00f6ffentlichen Verkehrsmitteln anreisen<\/p>\n\n<figure class=\"wp-block-table alignwide is-style-stripes\"><table class=\"has-fixed-layout\"><thead><tr><th class=\"has-text-align-center\" data-align=\"center\">Hotel<\/th><th class=\"has-text-align-center\" data-align=\"center\">Standard<\/th><th class=\"has-text-align-center\" data-align=\"center\"><strong>Einzelzimmer f\u00fcr 3 N\u00e4chte (PLN)<\/strong><\/th><th class=\"has-text-align-center\" data-align=\"center\"><strong>Doppelzimmer f\u00fcr 3 N\u00e4chte (PLN)<\/strong><\/th><\/tr><\/thead><tbody><tr><td class=\"has-text-align-center\" data-align=\"center\"><a href=\"https:\/\/www.hotelbella.pl\/\" target=\"_blank\" rel=\"noreferrer noopener\"><strong>Hotel Bella<\/strong><\/a> <a href=\"https:\/\/goo.gl\/maps\/rcSMT6YpWpA1YH2K6\" target=\"_blank\" rel=\"noreferrer noopener\"><em>Standort<\/em><\/a><\/td><td class=\"has-text-align-center\" data-align=\"center\">Hotel ***<\/td><td class=\"has-text-align-center\" data-align=\"center\">486 &#8211; 525  <\/td><td class=\"has-text-align-center\" data-align=\"center\">741 &#8211; 873<\/td><\/tr><tr><td class=\"has-text-align-center\" data-align=\"center\"><strong><a href=\"https:\/\/hotelcieplice.pl\/\" target=\"_blank\" rel=\"noreferrer noopener\">Hotel Cieplice MEDI&amp;SPA<\/a><\/strong> <a href=\"https:\/\/goo.gl\/maps\/aXtBi7A84TZKxpeZ7\" target=\"_blank\" rel=\"noreferrer noopener\"><em>Standort<\/em><\/a><\/td><td class=\"has-text-align-center\" data-align=\"center\">Hotel ***<\/td><td class=\"has-text-align-center\" data-align=\"center\">540 &#8211; 675    <\/td><td class=\"has-text-align-center\" data-align=\"center\">810 &#8211; 1230<\/td><\/tr><tr><td class=\"has-text-align-center\" data-align=\"center\"><strong><a href=\"https:\/\/uzdrowisko-cieplice.pl\/\" target=\"_blank\" rel=\"noreferrer noopener\">Edward<\/a><\/strong> <a href=\"https:\/\/goo.gl\/maps\/5E8jGQHYLPSWdh1o7\" target=\"_blank\" rel=\"noreferrer noopener\"><em>Standort<\/em><\/a><\/td><td class=\"has-text-align-center\" data-align=\"center\">Kurort<\/td><td class=\"has-text-align-center\" data-align=\"center\">840  <\/td><td class=\"has-text-align-center\" data-align=\"center\">1176 &#8211; 1782<\/td><\/tr><tr><td class=\"has-text-align-center\" data-align=\"center\"><strong><a href=\"https:\/\/uzdrowisko-cieplice.pl\/\" target=\"_blank\" rel=\"noreferrer noopener\">D\u0142ugi Dom<\/a><\/strong> <em><a href=\"https:\/\/goo.gl\/maps\/VDJwey5737d8eYUM7\" target=\"_blank\" rel=\"noreferrer noopener\">Standort<\/a><\/em><\/td><td class=\"has-text-align-center\" data-align=\"center\">Kurort **<\/td><td class=\"has-text-align-center\" data-align=\"center\">837  <\/td><td class=\"has-text-align-center\" data-align=\"center\">1176<\/td><\/tr><tr><td class=\"has-text-align-center\" data-align=\"center\"><strong><a href=\"http:\/\/caspar.pl\/\" target=\"_blank\" rel=\"noreferrer noopener\">Caspar<\/a><\/strong><em><a href=\"https:\/\/g.page\/HotelRestauracjaCaspar?share\" target=\"_blank\" rel=\"noreferrer noopener\">Standort<\/a><\/em><\/td><td class=\"has-text-align-center\" data-align=\"center\">Hotel ***<\/td><td class=\"has-text-align-center\" data-align=\"center\">540 &#8211; 690    <\/td><td class=\"has-text-align-center\" data-align=\"center\">870 &#8211; 1 410<\/td><\/tr><tr><td class=\"has-text-align-center\" data-align=\"center\"><strong><a href=\"http:\/\/orlegniazdo.jga.pl\/\" target=\"_blank\" rel=\"noreferrer noopener\">Pensjonat Orle Gniazdo<\/a><\/strong> <em><a href=\"https:\/\/g.page\/Pensjonat-Orle-Gniazdo?share\" target=\"_blank\" rel=\"noreferrer noopener\">Standort<\/a><\/em><\/td><td class=\"has-text-align-center\" data-align=\"center\">Pension<\/td><td class=\"has-text-align-center\" data-align=\"center\">336 &#8211; 400  <\/td><td class=\"has-text-align-center\" data-align=\"center\">396 &#8211; 468<\/td><\/tr><tr><td class=\"has-text-align-center\" data-align=\"center\"><a href=\"https:\/\/dom-wrzosowka.business.site\/\" target=\"_blank\" rel=\"noreferrer noopener\"><strong>Dom Wrzos\u00f3wka<\/strong><\/a> <a href=\"https:\/\/g.page\/DomWrzosowka?share\"><em>Standort<\/em><\/a><\/td><td class=\"has-text-align-center\" data-align=\"center\">G\u00e4stehaus<\/td><td class=\"has-text-align-center\" data-align=\"center\">384  <\/td><td class=\"has-text-align-center\" data-align=\"center\">410 &#8211; 509<\/td><\/tr><tr><td class=\"has-text-align-center\" data-align=\"center\"><strong><a href=\"https:\/\/jagniatkowakoliba.pl\/\" target=\"_blank\" rel=\"noreferrer noopener\">Jagni\u0105tkowa Koliba<\/a><\/strong> <em><a href=\"https:\/\/g.page\/StaraWilla?share\" target=\"_blank\" rel=\"noreferrer noopener\">Standort<\/a><\/em><\/td><td class=\"has-text-align-center\" data-align=\"center\">G\u00e4stehaus<\/td><td class=\"has-text-align-center\" data-align=\"center\">540  <\/td><td class=\"has-text-align-center\" data-align=\"center\">885<\/td><\/tr><tr><td class=\"has-text-align-center\" data-align=\"center\"><a href=\"https:\/\/www.booking.com\/hotel\/pl\/stara-willa.pl.html\"><strong>Stara Willa<\/strong><\/a> <a href=\"https:\/\/g.page\/StaraWilla?share\"><em>Standort<\/em><\/a><\/td><td class=\"has-text-align-center\" data-align=\"center\">G\u00e4stehaus<\/td><td class=\"has-text-align-center\" data-align=\"center\">480 &#8211; 600  <\/td><td class=\"has-text-align-center\" data-align=\"center\">540 &#8211; 720<\/td><\/tr><\/tbody><\/table><\/figure>\n<p>F\u00fcr Teilnehmer, die mit dem Auto anreisen (mit \u00f6ffentlichen Verkehrsmitteln nicht leicht zu erreichen)<\/p>\n\n<figure class=\"wp-block-table alignwide is-style-stripes\"><table class=\"has-fixed-layout\"><thead><tr><th class=\"has-text-align-center\" data-align=\"center\"><strong>Hotel<\/strong><\/th><th class=\"has-text-align-center\" data-align=\"center\"><strong>Standard<\/strong><\/th><th class=\"has-text-align-center\" data-align=\"center\"><strong>Einzelzimmer f\u00fcr 3 N\u00e4chte (PLN)<\/strong><\/th><th class=\"has-text-align-center\" data-align=\"center\"><strong>Doppelzimmer f\u00fcr 3 N\u00e4chte (PLN)<\/strong><\/th><\/tr><\/thead><tbody><tr><td class=\"has-text-align-center\" data-align=\"center\"><strong><a href=\"http:\/\/idar.pl\/\" target=\"_blank\" rel=\"noreferrer noopener\">Idar Apartamenty<\/a><\/strong> <em><a href=\"https:\/\/goo.gl\/maps\/2ynAhH6prR681z8j9\" target=\"_blank\" rel=\"noreferrer noopener\">Standort<\/a><\/em><\/td><td class=\"has-text-align-center\" data-align=\"center\">Apartments<\/td><td class=\"has-text-align-center\" data-align=\"center\">510 &#8211; 690<\/td><td class=\"has-text-align-center\" data-align=\"center\">630-780<\/td><\/tr><tr><td class=\"has-text-align-center\" data-align=\"center\"><a href=\"https:\/\/www.palac-pakoszow.pl\/\" target=\"_blank\" rel=\"noreferrer noopener\"><strong>Pa\u0142ac Pakosz\u00f3w<\/strong><\/a> <em><a href=\"https:\/\/g.page\/palacpakoszow?share\" target=\"_blank\" rel=\"noreferrer noopener\">Standort<\/a><\/em><\/td><td class=\"has-text-align-center\" data-align=\"center\">Hotel *****<\/td><td class=\"has-text-align-center\" data-align=\"center\">1 197 &#8211; 2 865<\/td><td class=\"has-text-align-center\" data-align=\"center\">1 197 &#8211; 3 030<\/td><\/tr><tr><td class=\"has-text-align-center\" data-align=\"center\"><strong><a href=\"https:\/\/zasiodmagora.pl\/\" target=\"_blank\" rel=\"noreferrer noopener\">Za Si\u00f3dm\u0105 G\u00f3r\u0105<\/a><\/strong> <a href=\"https:\/\/goo.gl\/maps\/B3mUGWTdCvHhjhTs5\" target=\"_blank\" rel=\"noreferrer noopener\"><em>Standort<\/em><\/a><\/td><td class=\"has-text-align-center\" data-align=\"center\">G\u00e4stehaus<\/td><td class=\"has-text-align-center\" data-align=\"center\">750 &#8211; 900  <\/td><td class=\"has-text-align-center\" data-align=\"center\">750 &#8211; 900<\/td><\/tr><tr><td class=\"has-text-align-center\" data-align=\"center\"><strong><a href=\"https:\/\/hotelconcordia.pl\/\" target=\"_blank\" rel=\"noreferrer noopener\">Hotel Concordia<\/a><\/strong><a href=\"https:\/\/goo.gl\/maps\/B3mUGWTdCvHhjhTs5\" target=\"_blank\" rel=\"noreferrer noopener\"><em>Standort<\/em><\/a><\/td><td class=\"has-text-align-center\" data-align=\"center\">Hotel ***<\/td><td class=\"has-text-align-center\" data-align=\"center\">930 &#8211; 1 290<\/td><td class=\"has-text-align-center\" data-align=\"center\">1 080 &#8211; 1 560<\/td><\/tr><tr><td class=\"has-text-align-center\" data-align=\"center\"><strong><a href=\"https:\/\/www.jeleniagorahotel.pl\/\" target=\"_blank\" rel=\"noreferrer noopener\">Mercure Jelenia G\u00f3ra<\/a><\/strong> <a href=\"https:\/\/goo.gl\/maps\/PHwQP8i3mbf4wKqW7\" target=\"_blank\" rel=\"noreferrer noopener\"><em>Standort<\/em><\/a><\/td><td class=\"has-text-align-center\" data-align=\"center\">Hotel ***<\/td><td class=\"has-text-align-center\" data-align=\"center\">660 &#8211; 1 017<\/td><td class=\"has-text-align-center\" data-align=\"center\">660 &#8211; 1164<\/td><\/tr><\/tbody><\/table><\/figure>","protected":false},"excerpt":{"rendered":"<p>Danke, dass Sie dich f\u00fcr die Auftakttagung des LIFE Apollo2020 Wissenschaft, \u00d6kologie und Innovation f\u00fcr Schutz von Parnassius apollo in<\/p>\n","protected":false},"author":33,"featured_media":0,"parent":0,"menu_order":0,"comment_status":"closed","ping_status":"closed","template":"","meta":{"colormag_page_container_layout":"default_layout","colormag_page_sidebar_layout":"default_layout","ghostkit_customizer_options":"","ghostkit_custom_css":"","ghostkit_custom_js_head":"","ghostkit_custom_js_foot":"","ghostkit_typography":"","jetpack_post_was_ever_published":false,"footnotes":""},"class_list":["post-5028","page","type-page","status-publish","hentry"],"yoast_head":"<!-- This site is optimized with the Yoast SEO Premium plugin v27.4 (Yoast SEO v27.4) - https:\/\/yoast.com\/product\/yoast-seo-premium-wordpress\/ -->\n<title>Information f\u00fcr Teilnehmende - Parnassius apollo project LIFE Apollo2020<\/title>\n<meta name=\"robots\" content=\"index, follow, max-snippet:-1, max-image-preview:large, max-video-preview:-1\" \/>\n<link rel=\"canonical\" href=\"https:\/\/parnassius-apollo.life\/de\/information-fuer-teilnehmende\" \/>\n<meta property=\"og:locale\" content=\"de_DE\" \/>\n<meta property=\"og:type\" content=\"article\" \/>\n<meta property=\"og:title\" content=\"Information f\u00fcr Teilnehmende\" \/>\n<meta property=\"og:description\" content=\"Danke, dass Sie dich f\u00fcr die Auftakttagung des LIFE Apollo2020 Wissenschaft, \u00d6kologie und Innovation f\u00fcr Schutz von Parnassius apollo in\" \/>\n<meta property=\"og:url\" content=\"https:\/\/parnassius-apollo.life\/de\/information-fuer-teilnehmende\" \/>\n<meta property=\"og:site_name\" content=\"Parnassius apollo project LIFE Apollo2020\" \/>\n<meta property=\"article:modified_time\" content=\"2023-02-01T08:32:38+00:00\" \/>\n<meta property=\"og:image\" content=\"https:\/\/i0.wp.com\/parnassius-apollo.life\/wp-content\/uploads\/2022\/05\/LIFE_Apollo_Final-e1651506328254.png?fit=127%2C150&ssl=1\" \/>\n\t<meta property=\"og:image:width\" content=\"127\" \/>\n\t<meta property=\"og:image:height\" content=\"150\" \/>\n\t<meta property=\"og:image:type\" content=\"image\/png\" \/>\n<meta name=\"twitter:card\" content=\"summary_large_image\" \/>\n<meta name=\"twitter:label1\" content=\"Gesch\u00e4tzte Lesezeit\" \/>\n\t<meta name=\"twitter:data1\" content=\"2\u00a0Minuten\" \/>\n<script type=\"application\/ld+json\" class=\"yoast-schema-graph\">{\"@context\":\"https:\\\/\\\/schema.org\",\"@graph\":[{\"@type\":\"WebPage\",\"@id\":\"https:\\\/\\\/parnassius-apollo.life\\\/de\\\/information-fuer-teilnehmende\",\"url\":\"https:\\\/\\\/parnassius-apollo.life\\\/de\\\/information-fuer-teilnehmende\",\"name\":\"Information f\u00fcr Teilnehmende - Parnassius apollo project LIFE Apollo2020\",\"isPartOf\":{\"@id\":\"https:\\\/\\\/parnassius-apollo.life\\\/de#website\"},\"datePublished\":\"2023-02-01T08:01:34+00:00\",\"dateModified\":\"2023-02-01T08:32:38+00:00\",\"breadcrumb\":{\"@id\":\"https:\\\/\\\/parnassius-apollo.life\\\/de\\\/information-fuer-teilnehmende#breadcrumb\"},\"inLanguage\":\"de\",\"potentialAction\":[{\"@type\":\"ReadAction\",\"target\":[\"https:\\\/\\\/parnassius-apollo.life\\\/de\\\/information-fuer-teilnehmende\"]}]},{\"@type\":\"BreadcrumbList\",\"@id\":\"https:\\\/\\\/parnassius-apollo.life\\\/de\\\/information-fuer-teilnehmende#breadcrumb\",\"itemListElement\":[{\"@type\":\"ListItem\",\"position\":1,\"name\":\"Home\",\"item\":\"https:\\\/\\\/parnassius-apollo.life\\\/de\"},{\"@type\":\"ListItem\",\"position\":2,\"name\":\"Information f\u00fcr Teilnehmende\"}]},{\"@type\":\"WebSite\",\"@id\":\"https:\\\/\\\/parnassius-apollo.life\\\/de#website\",\"url\":\"https:\\\/\\\/parnassius-apollo.life\\\/de\",\"name\":\"Parnassius apollo project LIFE Apollo2020\",\"description\":\"Conservation of Parnassius apollo in Czechia, Poland and Austria\",\"publisher\":{\"@id\":\"https:\\\/\\\/parnassius-apollo.life\\\/de#organization\"},\"potentialAction\":[{\"@type\":\"SearchAction\",\"target\":{\"@type\":\"EntryPoint\",\"urlTemplate\":\"https:\\\/\\\/parnassius-apollo.life\\\/de?s={search_term_string}\"},\"query-input\":{\"@type\":\"PropertyValueSpecification\",\"valueRequired\":true,\"valueName\":\"search_term_string\"}}],\"inLanguage\":\"de\"},{\"@type\":\"Organization\",\"@id\":\"https:\\\/\\\/parnassius-apollo.life\\\/de#organization\",\"name\":\"LIFE Apollo 2020\",\"alternateName\":\"Parnassius Apollo LIFE Project\",\"url\":\"https:\\\/\\\/parnassius-apollo.life\\\/de\",\"logo\":{\"@type\":\"ImageObject\",\"inLanguage\":\"de\",\"@id\":\"https:\\\/\\\/parnassius-apollo.life\\\/de#\\\/schema\\\/logo\\\/image\\\/\",\"url\":\"https:\\\/\\\/i0.wp.com\\\/parnassius-apollo.life\\\/wp-content\\\/uploads\\\/2022\\\/05\\\/LIFE_Apollo_Final-e1651506328254.png?fit=127%2C150&ssl=1\",\"contentUrl\":\"https:\\\/\\\/i0.wp.com\\\/parnassius-apollo.life\\\/wp-content\\\/uploads\\\/2022\\\/05\\\/LIFE_Apollo_Final-e1651506328254.png?fit=127%2C150&ssl=1\",\"width\":127,\"height\":150,\"caption\":\"LIFE Apollo 2020\"},\"image\":{\"@id\":\"https:\\\/\\\/parnassius-apollo.life\\\/de#\\\/schema\\\/logo\\\/image\\\/\"},\"email\":\"info@apollo-2020.life\",\"legalName\":\"Karkonoski Park Narodowy\",\"numberOfEmployees\":{\"@type\":\"QuantitativeValue\",\"minValue\":\"51\",\"maxValue\":\"200\"}}]}<\/script>\n<!-- \/ Yoast SEO Premium plugin. -->","yoast_head_json":{"title":"Information f\u00fcr Teilnehmende - Parnassius apollo project LIFE Apollo2020","robots":{"index":"index","follow":"follow","max-snippet":"max-snippet:-1","max-image-preview":"max-image-preview:large","max-video-preview":"max-video-preview:-1"},"canonical":"https:\/\/parnassius-apollo.life\/de\/information-fuer-teilnehmende","og_locale":"de_DE","og_type":"article","og_title":"Information f\u00fcr Teilnehmende","og_description":"Danke, dass Sie dich f\u00fcr die Auftakttagung des LIFE Apollo2020 Wissenschaft, \u00d6kologie und Innovation f\u00fcr Schutz von Parnassius apollo in","og_url":"https:\/\/parnassius-apollo.life\/de\/information-fuer-teilnehmende","og_site_name":"Parnassius apollo project LIFE Apollo2020","article_modified_time":"2023-02-01T08:32:38+00:00","og_image":[{"width":127,"height":150,"url":"https:\/\/i0.wp.com\/parnassius-apollo.life\/wp-content\/uploads\/2022\/05\/LIFE_Apollo_Final-e1651506328254.png?fit=127%2C150&ssl=1","type":"image\/png"}],"twitter_card":"summary_large_image","twitter_misc":{"Gesch\u00e4tzte Lesezeit":"2\u00a0Minuten"},"schema":{"@context":"https:\/\/schema.org","@graph":[{"@type":"WebPage","@id":"https:\/\/parnassius-apollo.life\/de\/information-fuer-teilnehmende","url":"https:\/\/parnassius-apollo.life\/de\/information-fuer-teilnehmende","name":"Information f\u00fcr Teilnehmende - Parnassius apollo project LIFE Apollo2020","isPartOf":{"@id":"https:\/\/parnassius-apollo.life\/de#website"},"datePublished":"2023-02-01T08:01:34+00:00","dateModified":"2023-02-01T08:32:38+00:00","breadcrumb":{"@id":"https:\/\/parnassius-apollo.life\/de\/information-fuer-teilnehmende#breadcrumb"},"inLanguage":"de","potentialAction":[{"@type":"ReadAction","target":["https:\/\/parnassius-apollo.life\/de\/information-fuer-teilnehmende"]}]},{"@type":"BreadcrumbList","@id":"https:\/\/parnassius-apollo.life\/de\/information-fuer-teilnehmende#breadcrumb","itemListElement":[{"@type":"ListItem","position":1,"name":"Home","item":"https:\/\/parnassius-apollo.life\/de"},{"@type":"ListItem","position":2,"name":"Information f\u00fcr Teilnehmende"}]},{"@type":"WebSite","@id":"https:\/\/parnassius-apollo.life\/de#website","url":"https:\/\/parnassius-apollo.life\/de","name":"Parnassius apollo project LIFE Apollo2020","description":"Conservation of Parnassius apollo in Czechia, Poland and Austria","publisher":{"@id":"https:\/\/parnassius-apollo.life\/de#organization"},"potentialAction":[{"@type":"SearchAction","target":{"@type":"EntryPoint","urlTemplate":"https:\/\/parnassius-apollo.life\/de?s={search_term_string}"},"query-input":{"@type":"PropertyValueSpecification","valueRequired":true,"valueName":"search_term_string"}}],"inLanguage":"de"},{"@type":"Organization","@id":"https:\/\/parnassius-apollo.life\/de#organization","name":"LIFE Apollo 2020","alternateName":"Parnassius Apollo LIFE Project","url":"https:\/\/parnassius-apollo.life\/de","logo":{"@type":"ImageObject","inLanguage":"de","@id":"https:\/\/parnassius-apollo.life\/de#\/schema\/logo\/image\/","url":"https:\/\/i0.wp.com\/parnassius-apollo.life\/wp-content\/uploads\/2022\/05\/LIFE_Apollo_Final-e1651506328254.png?fit=127%2C150&ssl=1","contentUrl":"https:\/\/i0.wp.com\/parnassius-apollo.life\/wp-content\/uploads\/2022\/05\/LIFE_Apollo_Final-e1651506328254.png?fit=127%2C150&ssl=1","width":127,"height":150,"caption":"LIFE Apollo 2020"},"image":{"@id":"https:\/\/parnassius-apollo.life\/de#\/schema\/logo\/image\/"},"email":"info@apollo-2020.life","legalName":"Karkonoski Park Narodowy","numberOfEmployees":{"@type":"QuantitativeValue","minValue":"51","maxValue":"200"}}]}},"jetpack_likes_enabled":true,"jetpack_sharing_enabled":true,"_links":{"self":[{"href":"https:\/\/parnassius-apollo.life\/de\/wp-json\/wp\/v2\/pages\/5028","targetHints":{"allow":["GET"]}}],"collection":[{"href":"https:\/\/parnassius-apollo.life\/de\/wp-json\/wp\/v2\/pages"}],"about":[{"href":"https:\/\/parnassius-apollo.life\/de\/wp-json\/wp\/v2\/types\/page"}],"author":[{"embeddable":true,"href":"https:\/\/parnassius-apollo.life\/de\/wp-json\/wp\/v2\/users\/33"}],"replies":[{"embeddable":true,"href":"https:\/\/parnassius-apollo.life\/de\/wp-json\/wp\/v2\/comments?post=5028"}],"version-history":[{"count":0,"href":"https:\/\/parnassius-apollo.life\/de\/wp-json\/wp\/v2\/pages\/5028\/revisions"}],"wp:attachment":[{"href":"https:\/\/parnassius-apollo.life\/de\/wp-json\/wp\/v2\/media?parent=5028"}],"curies":[{"name":"wp","href":"https:\/\/api.w.org\/{rel}","templated":true}]}}