{"id":4236,"date":"2022-10-15T13:45:41","date_gmt":"2022-10-15T11:45:41","guid":{"rendered":"https:\/\/parnassius-apollo.life\/das-projekt"},"modified":"2026-02-13T02:56:42","modified_gmt":"2026-02-13T01:56:42","slug":"das-projekt","status":"publish","type":"page","link":"https:\/\/parnassius-apollo.life\/de","title":{"rendered":"Das Projekt"},"content":{"rendered":"\n<p>Daten aus Quellen wie der Europ\u00e4ischen Roten Liste der Schmetterlinge <strong>weisen auf negative Trends bei der Zahl der Insekten in Europa hin<\/strong>; bei \u00fcber 30 % der Taxa ist ein R\u00fcckgang zu verzeichnen. Einer der am st\u00e4rksten bedrohten Schmetterlinge in Europa ist <em>Parnassius apollo.<\/em> Seine Zahl ist in den letzten 25 Jahren um 20-50 % zur\u00fcckgegangen.<\/p>\n\n\n\n<p>Das Ziel dieses internationalen Projekts ist die Wiederherstellung der <em>Parnassius apollo-Populationen<\/em>in den Sudeten, Wei\u00dfen Karpaten und in den \u00f6sterreichischen Alpen.<\/p>\n\n\n\n<h2 class=\"wp-block-heading has-central-palette-7-color has-text-color has-medium-font-size\">Das Erste seiner Art<\/h2>\n\n\n\n<p>Im Rahmen des Projekts werden <strong>drei zus\u00e4tzliche Zuchtfarmen<\/strong> und <strong>drei neue Funktionsbereiche<\/strong> geschaffen, um die Populationen unter nat\u00fcrlichen Bedingungen zu st\u00e4rken, sowie mindestens <strong>38 &#8222;Trittsteinstandorte&#8220; <\/strong>, um die Migrationskorridore der Arten zwischen den neuen Standorten zu sichern. Das Projekt ist daher das erste, das Test- und Pilotma\u00dfnahmen zur weiteren Populationsentwicklung in den Projektregionen durchf\u00fchrt:<\/p>\n\n\n\n<ul style=\"background-color:#fffefe\" class=\"wp-block-list is-style-default has-background\">\n<li class=\"has-colormag-color-6-color has-text-color\" style=\"font-size:14px;font-style:normal;font-weight:400;line-height:1.7\">Wiederherstellung von Populationen in Polen und Tschechien und St\u00e4rkung der \u00f6sterreichischen Population in den Alpen<\/li>\n\n\n\n<li class=\"ghostkit-custom-Z2qJ8aR has-colormag-color-6-color has-text-color\" style=\"font-size:14px;font-style:normal;font-weight:400;line-height:1.7\">Schaffung einer koh\u00e4renten Methodik f\u00fcr den Schutz von Apollo-Faltern<\/li>\n\n\n\n<li class=\"ghostkit-custom-ZoVMY has-colormag-color-6-color has-text-color\" style=\"font-size:14px;font-style:normal;font-weight:400;line-height:1.7\">Verbesserung der Lebensraumqualit\u00e4t der Art, z. B. durch den Schutz von Bruthabitaten und Futterpl\u00e4tzen<\/li>\n\n\n\n<li class=\"ghostkit-custom-2ro5QR has-colormag-color-6-color has-text-color\" style=\"font-size:14px;font-style:normal;font-weight:400;line-height:1.7\">Schaffung \u00f6kologischer Korridore<\/li>\n\n\n\n<li class=\"ghostkit-custom-1PVivO has-colormag-color-6-color has-text-color\" style=\"font-size:14px;font-style:normal;font-weight:400;line-height:1.7\">Sensibilisierung f\u00fcr die Erhaltung und Pflege der Lebensr\u00e4ume und der Arten<\/li>\n\n\n\n<li class=\"ghostkit-custom-Z1oPvk5 has-colormag-color-6-color has-text-color\" style=\"font-size:14px;font-style:normal;font-weight:400;line-height:1.7\">St\u00e4rkung der gesellschaftlichen Beteiligung am Artenschutz<\/li>\n<\/ul>\n\n\n\n<div class=\"ghostkit-grid ghostkit-grid-gap-md\"><div class=\"ghostkit-grid-inner\">\n<div class=\"ghostkit-col ghostkit-col-lg-12 ghostkit-col-4\"><div class=\"ghostkit-col-content is-layout-flow wp-block-ghostkit-grid-column-is-layout-flow\">\n<div class=\"ghostkit-counter-box ghostkit-custom-Z1pKoW1\"><div class=\"ghostkit-counter-box-number ghostkit-counter-box-number-align-top ghostkit-counter-box-number-top-align-center\"><div class=\"ghostkit-counter-box-number-wrap ghostkit-count-up\">3<\/div><\/div><div class=\"ghostkit-counter-box-content is-layout-flow wp-block-ghostkit-counter-box-is-layout-flow\">\n<h3 class=\"wp-block-heading has-text-align-center ghostkit-custom-ZyUYJy\" id=\"awards\"><a href=\"https:\/\/parnassius-apollo.life\/de\/projektgebiete\" target=\"_blank\" rel=\"noreferrer noopener\">L\u00e4nder<\/a><\/h3>\n<\/div><\/div>\n<\/div><\/div>\n\n\n\n<div class=\"ghostkit-col ghostkit-col-lg-12 ghostkit-col-4\"><div class=\"ghostkit-col-content is-layout-flow wp-block-ghostkit-grid-column-is-layout-flow\">\n<div class=\"ghostkit-counter-box ghostkit-custom-2rjhRt\"><div class=\"ghostkit-counter-box-number ghostkit-counter-box-number-align-top ghostkit-counter-box-number-top-align-center\"><div class=\"ghostkit-counter-box-number-wrap ghostkit-count-up\">6<\/div><\/div><div class=\"ghostkit-counter-box-content is-layout-flow wp-block-ghostkit-counter-box-is-layout-flow\">\n<h3 class=\"wp-block-heading has-text-align-center ghostkit-custom-Z1XTwuP\" id=\"users\"><a href=\"https:\/\/parnassius-apollo.life\/de\/projektpartner\" target=\"_blank\" rel=\"noreferrer noopener\">Partner<\/a><\/h3>\n<\/div><\/div>\n<\/div><\/div>\n\n\n\n<div class=\"ghostkit-col ghostkit-col-lg-12 ghostkit-col-4\"><div class=\"ghostkit-col-content is-layout-flow wp-block-ghostkit-grid-column-is-layout-flow\">\n<div class=\"ghostkit-counter-box ghostkit-custom-2li0Xr\"><div class=\"ghostkit-counter-box-number ghostkit-counter-box-number-align-top ghostkit-counter-box-number-top-align-center\"><div class=\"ghostkit-counter-box-number-wrap ghostkit-count-up\">6,5<\/div><\/div><div class=\"ghostkit-counter-box-content is-layout-flow wp-block-ghostkit-counter-box-is-layout-flow\">\n<h3 class=\"wp-block-heading has-text-align-center ghostkit-custom-ZE1mum\" id=\"satisfy\">Jahre<\/h3>\n<\/div><\/div>\n<\/div><\/div>\n<\/div><\/div>\n\n\n\n<h2 class=\"wp-block-heading\" id=\"h-\"><\/h2>\n\n\n\n<div class=\"wp-block-group is-nowrap is-layout-flex wp-container-core-group-is-layout-6c531013 wp-block-group-is-layout-flex\"><\/div>\n\n\n\n<div class=\"wp-block-group is-content-justification-left is-layout-constrained wp-container-core-group-is-layout-12dd3699 wp-block-group-is-layout-constrained\">\n<div class=\"wp-block-group is-layout-constrained wp-block-group-is-layout-constrained\">\n<div class=\"wp-block-group alignwide is-content-justification-right is-layout-constrained wp-container-core-group-is-layout-f1f2ed93 wp-block-group-is-layout-constrained\"><\/div>\n<\/div>\n<\/div>\n\n\n\n<p><\/p>\n\n\n\n<p><\/p>\n\n\n\n<div class=\"wp-block-group is-layout-constrained wp-block-group-is-layout-constrained\">\n<figure class=\"wp-block-image alignleft size-full is-resized is-style-default\"><a href=\"https:\/\/kpn.gov.pl\/projekt-ochrona-niepylaka-apollo-na-terenie-polski-czech-i-austrii\" target=\"_blank\" rel=\" noreferrer noopener\"><img data-recalc-dims=\"1\" loading=\"lazy\" decoding=\"async\" width=\"800\" height=\"304\" src=\"https:\/\/i0.wp.com\/parnassius-apollo.life\/wp-content\/uploads\/2026\/02\/NFOSiGW_logo_dofinansowanie_RGB_ENG.png?resize=800%2C304&#038;ssl=1\" alt=\"Das Projekt &quot;Erhaltung des Parnassius apollo in Polen, Tschechien und \u00d6sterreich&quot; (LIFE20 NAT\/PL\/000151)\nwird vom Nationalen Fonds f\u00fcr Umweltschutz und Wasserwirtschaft unter der Vereinbarung Nr. 839\/2021\/Wn50\/OP-RE-LF\/D im Rahmen des LIFE-Kofinanzierungsschwerpunktprogramms kofinanziert.\" class=\"wp-image-10744\" style=\"aspect-ratio:2.6333170916571924;width:348px;height:auto\"\/><\/a><\/figure>\n<\/div>\n\n\n\n<p><em>Das Projekt &#8222;Erhaltung des Parnassius apollo in Polen, Tschechien und \u00d6sterreich&#8220; (LIFE20 NAT\/PL\/000151) wird vom Nationalen Fonds f\u00fcr Umweltschutz und Wasserwirtschaft unter der Vereinbarung Nr. 839\/2021\/Wn50\/OP-RE-LF\/D im Rahmen des LIFE-Kofinanzierungsschwerpunktprogramms kofinanziert.<\/em><\/p>\n\n\n\n<p><\/p>\n","protected":false},"excerpt":{"rendered":"<p>Daten aus Quellen wie der Europ\u00e4ischen Roten Liste der Schmetterlinge weisen auf negative Trends bei der Zahl der Insekten in<\/p>\n","protected":false},"author":33,"featured_media":0,"parent":0,"menu_order":0,"comment_status":"closed","ping_status":"closed","template":"","meta":{"colormag_page_container_layout":"default_layout","colormag_page_sidebar_layout":"default_layout","ghostkit_customizer_options":"","ghostkit_custom_css":"","ghostkit_custom_js_head":"","ghostkit_custom_js_foot":"","ghostkit_typography":"","jetpack_post_was_ever_published":false,"footnotes":""},"class_list":["post-4236","page","type-page","status-publish","hentry"],"yoast_head":"<!-- This site is optimized with the Yoast SEO Premium plugin v27.4 (Yoast SEO v27.4) - https:\/\/yoast.com\/product\/yoast-seo-premium-wordpress\/ -->\n<title>Das Projekt - Parnassius apollo project LIFE Apollo2020<\/title>\n<meta name=\"robots\" content=\"index, follow, max-snippet:-1, max-image-preview:large, max-video-preview:-1\" \/>\n<link rel=\"canonical\" href=\"https:\/\/parnassius-apollo.life\/de\" \/>\n<meta property=\"og:locale\" content=\"de_DE\" \/>\n<meta property=\"og:type\" content=\"article\" \/>\n<meta property=\"og:title\" content=\"Das Projekt\" \/>\n<meta property=\"og:description\" content=\"Daten aus Quellen wie der Europ\u00e4ischen Roten Liste der Schmetterlinge weisen auf negative Trends bei der Zahl der Insekten in\" \/>\n<meta property=\"og:url\" content=\"https:\/\/parnassius-apollo.life\/de\" \/>\n<meta property=\"og:site_name\" content=\"Parnassius apollo project LIFE Apollo2020\" \/>\n<meta property=\"article:modified_time\" content=\"2026-02-13T01:56:42+00:00\" \/>\n<meta property=\"og:image\" content=\"https:\/\/parnassius-apollo.life\/wp-content\/uploads\/2026\/02\/NFOSiGW_logo_dofinansowanie_RGB_ENG.png\" \/>\n<meta name=\"twitter:card\" content=\"summary_large_image\" \/>\n<meta name=\"twitter:label1\" content=\"Gesch\u00e4tzte Lesezeit\" \/>\n\t<meta name=\"twitter:data1\" content=\"2\u00a0Minuten\" \/>\n<script type=\"application\/ld+json\" class=\"yoast-schema-graph\">{\"@context\":\"https:\\\/\\\/schema.org\",\"@graph\":[{\"@type\":\"WebPage\",\"@id\":\"https:\\\/\\\/parnassius-apollo.life\\\/de\",\"url\":\"https:\\\/\\\/parnassius-apollo.life\\\/de\",\"name\":\"Das Projekt - Parnassius apollo project LIFE Apollo2020\",\"isPartOf\":{\"@id\":\"https:\\\/\\\/parnassius-apollo.life\\\/de#website\"},\"primaryImageOfPage\":{\"@id\":\"https:\\\/\\\/parnassius-apollo.life\\\/de#primaryimage\"},\"image\":{\"@id\":\"https:\\\/\\\/parnassius-apollo.life\\\/de#primaryimage\"},\"thumbnailUrl\":\"https:\\\/\\\/parnassius-apollo.life\\\/wp-content\\\/uploads\\\/2026\\\/02\\\/NFOSiGW_logo_dofinansowanie_RGB_ENG.png\",\"datePublished\":\"2022-10-15T11:45:41+00:00\",\"dateModified\":\"2026-02-13T01:56:42+00:00\",\"breadcrumb\":{\"@id\":\"https:\\\/\\\/parnassius-apollo.life\\\/de#breadcrumb\"},\"inLanguage\":\"de\",\"potentialAction\":[{\"@type\":\"ReadAction\",\"target\":[\"https:\\\/\\\/parnassius-apollo.life\\\/de\"]}]},{\"@type\":\"ImageObject\",\"inLanguage\":\"de\",\"@id\":\"https:\\\/\\\/parnassius-apollo.life\\\/de#primaryimage\",\"url\":\"https:\\\/\\\/parnassius-apollo.life\\\/wp-content\\\/uploads\\\/2026\\\/02\\\/NFOSiGW_logo_dofinansowanie_RGB_ENG.png\",\"contentUrl\":\"https:\\\/\\\/parnassius-apollo.life\\\/wp-content\\\/uploads\\\/2026\\\/02\\\/NFOSiGW_logo_dofinansowanie_RGB_ENG.png\"},{\"@type\":\"BreadcrumbList\",\"@id\":\"https:\\\/\\\/parnassius-apollo.life\\\/de#breadcrumb\",\"itemListElement\":[{\"@type\":\"ListItem\",\"position\":1,\"name\":\"Home\",\"item\":\"https:\\\/\\\/parnassius-apollo.life\\\/de\"},{\"@type\":\"ListItem\",\"position\":2,\"name\":\"Das Projekt\"}]},{\"@type\":\"WebSite\",\"@id\":\"https:\\\/\\\/parnassius-apollo.life\\\/de#website\",\"url\":\"https:\\\/\\\/parnassius-apollo.life\\\/de\",\"name\":\"Parnassius apollo project LIFE Apollo2020\",\"description\":\"Conservation of Parnassius apollo in Czechia, Poland and Austria\",\"publisher\":{\"@id\":\"https:\\\/\\\/parnassius-apollo.life\\\/de#organization\"},\"potentialAction\":[{\"@type\":\"SearchAction\",\"target\":{\"@type\":\"EntryPoint\",\"urlTemplate\":\"https:\\\/\\\/parnassius-apollo.life\\\/de?s={search_term_string}\"},\"query-input\":{\"@type\":\"PropertyValueSpecification\",\"valueRequired\":true,\"valueName\":\"search_term_string\"}}],\"inLanguage\":\"de\"},{\"@type\":\"Organization\",\"@id\":\"https:\\\/\\\/parnassius-apollo.life\\\/de#organization\",\"name\":\"LIFE Apollo 2020\",\"alternateName\":\"Parnassius Apollo LIFE Project\",\"url\":\"https:\\\/\\\/parnassius-apollo.life\\\/de\",\"logo\":{\"@type\":\"ImageObject\",\"inLanguage\":\"de\",\"@id\":\"https:\\\/\\\/parnassius-apollo.life\\\/de#\\\/schema\\\/logo\\\/image\\\/\",\"url\":\"https:\\\/\\\/i0.wp.com\\\/parnassius-apollo.life\\\/wp-content\\\/uploads\\\/2022\\\/05\\\/LIFE_Apollo_Final-e1651506328254.png?fit=127%2C150&ssl=1\",\"contentUrl\":\"https:\\\/\\\/i0.wp.com\\\/parnassius-apollo.life\\\/wp-content\\\/uploads\\\/2022\\\/05\\\/LIFE_Apollo_Final-e1651506328254.png?fit=127%2C150&ssl=1\",\"width\":127,\"height\":150,\"caption\":\"LIFE Apollo 2020\"},\"image\":{\"@id\":\"https:\\\/\\\/parnassius-apollo.life\\\/de#\\\/schema\\\/logo\\\/image\\\/\"},\"email\":\"info@apollo-2020.life\",\"legalName\":\"Karkonoski Park Narodowy\",\"numberOfEmployees\":{\"@type\":\"QuantitativeValue\",\"minValue\":\"51\",\"maxValue\":\"200\"}}]}<\/script>\n<!-- \/ Yoast SEO Premium plugin. -->","yoast_head_json":{"title":"Das Projekt - Parnassius apollo project LIFE Apollo2020","robots":{"index":"index","follow":"follow","max-snippet":"max-snippet:-1","max-image-preview":"max-image-preview:large","max-video-preview":"max-video-preview:-1"},"canonical":"https:\/\/parnassius-apollo.life\/de","og_locale":"de_DE","og_type":"article","og_title":"Das Projekt","og_description":"Daten aus Quellen wie der Europ\u00e4ischen Roten Liste der Schmetterlinge weisen auf negative Trends bei der Zahl der Insekten in","og_url":"https:\/\/parnassius-apollo.life\/de","og_site_name":"Parnassius apollo project LIFE Apollo2020","article_modified_time":"2026-02-13T01:56:42+00:00","og_image":[{"url":"https:\/\/parnassius-apollo.life\/wp-content\/uploads\/2026\/02\/NFOSiGW_logo_dofinansowanie_RGB_ENG.png","type":"","width":"","height":""}],"twitter_card":"summary_large_image","twitter_misc":{"Gesch\u00e4tzte Lesezeit":"2\u00a0Minuten"},"schema":{"@context":"https:\/\/schema.org","@graph":[{"@type":"WebPage","@id":"https:\/\/parnassius-apollo.life\/de","url":"https:\/\/parnassius-apollo.life\/de","name":"Das Projekt - Parnassius apollo project LIFE Apollo2020","isPartOf":{"@id":"https:\/\/parnassius-apollo.life\/de#website"},"primaryImageOfPage":{"@id":"https:\/\/parnassius-apollo.life\/de#primaryimage"},"image":{"@id":"https:\/\/parnassius-apollo.life\/de#primaryimage"},"thumbnailUrl":"https:\/\/parnassius-apollo.life\/wp-content\/uploads\/2026\/02\/NFOSiGW_logo_dofinansowanie_RGB_ENG.png","datePublished":"2022-10-15T11:45:41+00:00","dateModified":"2026-02-13T01:56:42+00:00","breadcrumb":{"@id":"https:\/\/parnassius-apollo.life\/de#breadcrumb"},"inLanguage":"de","potentialAction":[{"@type":"ReadAction","target":["https:\/\/parnassius-apollo.life\/de"]}]},{"@type":"ImageObject","inLanguage":"de","@id":"https:\/\/parnassius-apollo.life\/de#primaryimage","url":"https:\/\/parnassius-apollo.life\/wp-content\/uploads\/2026\/02\/NFOSiGW_logo_dofinansowanie_RGB_ENG.png","contentUrl":"https:\/\/parnassius-apollo.life\/wp-content\/uploads\/2026\/02\/NFOSiGW_logo_dofinansowanie_RGB_ENG.png"},{"@type":"BreadcrumbList","@id":"https:\/\/parnassius-apollo.life\/de#breadcrumb","itemListElement":[{"@type":"ListItem","position":1,"name":"Home","item":"https:\/\/parnassius-apollo.life\/de"},{"@type":"ListItem","position":2,"name":"Das Projekt"}]},{"@type":"WebSite","@id":"https:\/\/parnassius-apollo.life\/de#website","url":"https:\/\/parnassius-apollo.life\/de","name":"Parnassius apollo project LIFE Apollo2020","description":"Conservation of Parnassius apollo in Czechia, Poland and Austria","publisher":{"@id":"https:\/\/parnassius-apollo.life\/de#organization"},"potentialAction":[{"@type":"SearchAction","target":{"@type":"EntryPoint","urlTemplate":"https:\/\/parnassius-apollo.life\/de?s={search_term_string}"},"query-input":{"@type":"PropertyValueSpecification","valueRequired":true,"valueName":"search_term_string"}}],"inLanguage":"de"},{"@type":"Organization","@id":"https:\/\/parnassius-apollo.life\/de#organization","name":"LIFE Apollo 2020","alternateName":"Parnassius Apollo LIFE Project","url":"https:\/\/parnassius-apollo.life\/de","logo":{"@type":"ImageObject","inLanguage":"de","@id":"https:\/\/parnassius-apollo.life\/de#\/schema\/logo\/image\/","url":"https:\/\/i0.wp.com\/parnassius-apollo.life\/wp-content\/uploads\/2022\/05\/LIFE_Apollo_Final-e1651506328254.png?fit=127%2C150&ssl=1","contentUrl":"https:\/\/i0.wp.com\/parnassius-apollo.life\/wp-content\/uploads\/2022\/05\/LIFE_Apollo_Final-e1651506328254.png?fit=127%2C150&ssl=1","width":127,"height":150,"caption":"LIFE Apollo 2020"},"image":{"@id":"https:\/\/parnassius-apollo.life\/de#\/schema\/logo\/image\/"},"email":"info@apollo-2020.life","legalName":"Karkonoski Park Narodowy","numberOfEmployees":{"@type":"QuantitativeValue","minValue":"51","maxValue":"200"}}]}},"jetpack_likes_enabled":true,"jetpack_sharing_enabled":true,"_links":{"self":[{"href":"https:\/\/parnassius-apollo.life\/de\/wp-json\/wp\/v2\/pages\/4236","targetHints":{"allow":["GET"]}}],"collection":[{"href":"https:\/\/parnassius-apollo.life\/de\/wp-json\/wp\/v2\/pages"}],"about":[{"href":"https:\/\/parnassius-apollo.life\/de\/wp-json\/wp\/v2\/types\/page"}],"author":[{"embeddable":true,"href":"https:\/\/parnassius-apollo.life\/de\/wp-json\/wp\/v2\/users\/33"}],"replies":[{"embeddable":true,"href":"https:\/\/parnassius-apollo.life\/de\/wp-json\/wp\/v2\/comments?post=4236"}],"version-history":[{"count":39,"href":"https:\/\/parnassius-apollo.life\/de\/wp-json\/wp\/v2\/pages\/4236\/revisions"}],"predecessor-version":[{"id":10927,"href":"https:\/\/parnassius-apollo.life\/de\/wp-json\/wp\/v2\/pages\/4236\/revisions\/10927"}],"wp:attachment":[{"href":"https:\/\/parnassius-apollo.life\/de\/wp-json\/wp\/v2\/media?parent=4236"}],"curies":[{"name":"wp","href":"https:\/\/api.w.org\/{rel}","templated":true}]}}