{"id":10587,"date":"2025-09-08T15:20:13","date_gmt":"2025-09-08T13:20:13","guid":{"rendered":"https:\/\/parnassius-apollo.life\/?page_id=10587"},"modified":"2025-09-08T15:20:20","modified_gmt":"2025-09-08T13:20:20","slug":"tschechische-republik","status":"publish","type":"page","link":"https:\/\/parnassius-apollo.life\/de\/tschechische-republik","title":{"rendered":"Tschechische Republik"},"content":{"rendered":"\n<h3 class=\"wp-block-heading\" id=\"h-followapollo-with-citizen-science\">#followapollo mit Citizen Science<\/h3>\n\n<p>F\u00fcr den Erfolg des Projekts ist es wichtig, dass wir genau wissen, wo der Parnassius Apollo in unseren Projektl\u00e4ndern \u00d6sterreich, Polen und der Tschechischen Republik vorkommt und wo sich geeignete Lebensr\u00e4ume befinden. Da viele Augen besser sehen k\u00f6nnen als die Augen des Projektteams, sind jetzt Sie an der Reihe.  <strong>Helfen Sie uns, Daten \u00fcber die Esche und ihre Nahrungspflanzen zu sammeln!<\/strong><\/p>\n\n<h3 class=\"wp-block-heading\" id=\"h-where-to-look-for-parnassius-apollo\">Wo suchen Sie nach Parnassius Apollo?<\/h3>\n\n<p><em>Parnassius apollo<\/em> ist ein Schmetterling der gem\u00e4\u00dfigten Klimazonen. Er ist eine typische Gebirgsart, die <strong>Wiesen und Weiden in den Bergen des europ\u00e4ischen und asiatischen Kontinents<\/strong> bevorzugt. Er kommt in der Regel in <strong>relativ gro\u00dfen H\u00f6hen<\/strong> vor (von 400 bis 2300 m \u00fcber dem Meeresspiegel).    <\/p>\n\n<h3 class=\"wp-block-heading\" id=\"h-which-plants-to-look-for\">Nach welchen Pflanzen sollten Sie suchen?<\/h3>\n\n<ul class=\"wp-block-list\">\n<li><em>Rhodiola rosea (Rhodiola rosea)<\/em><\/li>\n\n\n\n<li><em>Sedum acre (Sedum acre)<\/em><\/li>\n\n\n\n<li><em>Jovibarba globifera (Jovibarba globifera)<\/em><\/li>\n\n\n\n<li><em>Sedum maximum (Sedum maximum)<\/em><\/li>\n\n\n\n<li><em>Sedum alpestre<\/em><\/li>\n\n\n\n<li><em>Wei\u00dfe Fetthenne (Sedum album)<\/em><\/li>\n<\/ul>\n\n<p><\/p>\n\n<h3 class=\"wp-block-heading\" id=\"h-what-to-do-with-your-observations\">Was tun Sie mit Ihren Beobachtungen?<\/h3>\n\n<p>Machen Sie ein Foto und beteiligen Sie sich an unserem Projekt auf <a href=\"https:\/\/www.inaturalist.org\">iNaturalist<\/a> &#8211; suchen Sie hier nach <strong>LIFE Citizen Science f\u00fcr <em>Parnassis apollo<\/em><\/strong> und posten Sie Ihre Beobachtungen hier. Auf diese Weise k\u00f6nnen wir die Daten aller Mitwirkenden aus den drei L\u00e4ndern an einem Ort sammeln und anschlie\u00dfend auswerten.   <\/p>\n\n<p>Vielen Dank f\u00fcr Ihren wertvollen Beitrag!<\/p>\n\n<figure class=\"wp-block-image size-full\"><img data-recalc-dims=\"1\" loading=\"lazy\" decoding=\"async\" width=\"800\" height=\"600\" src=\"https:\/\/i0.wp.com\/parnassius-apollo.life\/wp-content\/uploads\/2022\/09\/IMG_20220623_143343.jpg?resize=800%2C600&#038;ssl=1\" alt=\"\" class=\"wp-image-3563\"\/><\/figure>\n\n<p><\/p>\n\n<h3 class=\"wp-block-heading\" id=\"h-what-is-citizen-science\">WAS IST B\u00dcRGERWISSENSCHAFT?<\/h3>\n\n<p>Citizen Science ist die Beteiligung der \u00d6ffentlichkeit an der wissenschaftlichen Forschung, um wissenschaftliche Erkenntnisse zu gewinnen. Im Rahmen der B\u00fcrgerwissenschaft k\u00f6nnen sich Menschen an vielen Phasen des wissenschaftlichen Prozesses beteiligen, vom Entwurf einer Forschungsfrage \u00fcber die Datenerfassung und -kartierung bis hin zur Interpretation, Datenanalyse und Ver\u00f6ffentlichung und Verbreitung der Ergebnisse.  <\/p>\n\n<p>Obwohl B\u00fcrgerwissenschaft ein relativ neues Konzept ist, beteiligen sich viele Menschen schon seit vielen Jahren an der wissenschaftlichen Forschung. Die Verf\u00fcgbarkeit des Internets und die rasante Entwicklung von Smartphones haben den Austausch von Informationen erleichtert. Bewaffnet mit Smartphones, die \u00fcber integrierte GPS-Signalempf\u00e4nger verf\u00fcgen, kann die \u00d6ffentlichkeit in Echtzeit Informationen \u00fcber den geografischen Standort von Arten und eine Vielzahl von Situationen liefern. Jeden Tag entstehen neue Netzwerke und Gemeinschaften von interessierten B\u00fcrgerwissenschaftlern, die mehr \u00fcber die Welt erfahren wollen und wissen wollen, wie sie durch B\u00fcrgerwissenschaft zu einem besseren Verst\u00e4ndnis beitragen k\u00f6nnen.     <\/p>\n\n<p><em><strong>Die Identifizierung einiger in der Natur wachsender Fetthennen ist oft schwierig und nicht jede Fetthenne kann zuverl\u00e4ssig identifiziert werden.<\/strong><\/em><\/p>\n","protected":false},"excerpt":{"rendered":"<p>#followapollo mit Citizen Science F\u00fcr den Erfolg des Projekts ist es wichtig, dass wir genau wissen, wo der Parnassius Apollo<\/p>\n","protected":false},"author":1,"featured_media":0,"parent":0,"menu_order":0,"comment_status":"closed","ping_status":"closed","template":"","meta":{"colormag_page_container_layout":"default_layout","colormag_page_sidebar_layout":"default_layout","ghostkit_customizer_options":"","ghostkit_custom_css":"","ghostkit_custom_js_head":"","ghostkit_custom_js_foot":"","ghostkit_typography":"","jetpack_post_was_ever_published":false,"footnotes":""},"class_list":["post-10587","page","type-page","status-publish","hentry"],"yoast_head":"<!-- This site is optimized with the Yoast SEO Premium plugin v27.4 (Yoast SEO v27.4) - https:\/\/yoast.com\/product\/yoast-seo-premium-wordpress\/ -->\n<title>Tschechische Republik - Parnassius apollo project LIFE Apollo2020<\/title>\n<meta name=\"robots\" content=\"index, follow, max-snippet:-1, max-image-preview:large, max-video-preview:-1\" \/>\n<link rel=\"canonical\" href=\"https:\/\/parnassius-apollo.life\/de\/tschechische-republik\" \/>\n<meta property=\"og:locale\" content=\"de_DE\" \/>\n<meta property=\"og:type\" content=\"article\" \/>\n<meta property=\"og:title\" content=\"Tschechische Republik\" \/>\n<meta property=\"og:description\" content=\"#followapollo mit Citizen Science F\u00fcr den Erfolg des Projekts ist es wichtig, dass wir genau wissen, wo der Parnassius Apollo\" \/>\n<meta property=\"og:url\" content=\"https:\/\/parnassius-apollo.life\/de\/tschechische-republik\" \/>\n<meta property=\"og:site_name\" content=\"Parnassius apollo project LIFE Apollo2020\" \/>\n<meta property=\"article:modified_time\" content=\"2025-09-08T13:20:20+00:00\" \/>\n<meta property=\"og:image\" content=\"https:\/\/parnassius-apollo.life\/wp-content\/uploads\/2022\/09\/IMG_20220623_143343.jpg\" \/>\n<meta name=\"twitter:card\" content=\"summary_large_image\" \/>\n<meta name=\"twitter:label1\" content=\"Gesch\u00e4tzte Lesezeit\" \/>\n\t<meta name=\"twitter:data1\" content=\"2\u00a0Minuten\" \/>\n<script type=\"application\/ld+json\" class=\"yoast-schema-graph\">{\"@context\":\"https:\\\/\\\/schema.org\",\"@graph\":[{\"@type\":\"WebPage\",\"@id\":\"https:\\\/\\\/parnassius-apollo.life\\\/de\\\/tschechische-republik\",\"url\":\"https:\\\/\\\/parnassius-apollo.life\\\/de\\\/tschechische-republik\",\"name\":\"Tschechische Republik - Parnassius apollo project LIFE Apollo2020\",\"isPartOf\":{\"@id\":\"https:\\\/\\\/parnassius-apollo.life\\\/de#website\"},\"primaryImageOfPage\":{\"@id\":\"https:\\\/\\\/parnassius-apollo.life\\\/de\\\/tschechische-republik#primaryimage\"},\"image\":{\"@id\":\"https:\\\/\\\/parnassius-apollo.life\\\/de\\\/tschechische-republik#primaryimage\"},\"thumbnailUrl\":\"https:\\\/\\\/parnassius-apollo.life\\\/wp-content\\\/uploads\\\/2022\\\/09\\\/IMG_20220623_143343.jpg\",\"datePublished\":\"2025-09-08T13:20:13+00:00\",\"dateModified\":\"2025-09-08T13:20:20+00:00\",\"breadcrumb\":{\"@id\":\"https:\\\/\\\/parnassius-apollo.life\\\/de\\\/tschechische-republik#breadcrumb\"},\"inLanguage\":\"de\",\"potentialAction\":[{\"@type\":\"ReadAction\",\"target\":[\"https:\\\/\\\/parnassius-apollo.life\\\/de\\\/tschechische-republik\"]}]},{\"@type\":\"ImageObject\",\"inLanguage\":\"de\",\"@id\":\"https:\\\/\\\/parnassius-apollo.life\\\/de\\\/tschechische-republik#primaryimage\",\"url\":\"https:\\\/\\\/parnassius-apollo.life\\\/wp-content\\\/uploads\\\/2022\\\/09\\\/IMG_20220623_143343.jpg\",\"contentUrl\":\"https:\\\/\\\/parnassius-apollo.life\\\/wp-content\\\/uploads\\\/2022\\\/09\\\/IMG_20220623_143343.jpg\"},{\"@type\":\"BreadcrumbList\",\"@id\":\"https:\\\/\\\/parnassius-apollo.life\\\/de\\\/tschechische-republik#breadcrumb\",\"itemListElement\":[{\"@type\":\"ListItem\",\"position\":1,\"name\":\"Home\",\"item\":\"https:\\\/\\\/parnassius-apollo.life\\\/de\"},{\"@type\":\"ListItem\",\"position\":2,\"name\":\"Tschechische Republik\"}]},{\"@type\":\"WebSite\",\"@id\":\"https:\\\/\\\/parnassius-apollo.life\\\/de#website\",\"url\":\"https:\\\/\\\/parnassius-apollo.life\\\/de\",\"name\":\"Parnassius apollo project LIFE Apollo2020\",\"description\":\"Conservation of Parnassius apollo in Czechia, Poland and Austria\",\"publisher\":{\"@id\":\"https:\\\/\\\/parnassius-apollo.life\\\/de#organization\"},\"potentialAction\":[{\"@type\":\"SearchAction\",\"target\":{\"@type\":\"EntryPoint\",\"urlTemplate\":\"https:\\\/\\\/parnassius-apollo.life\\\/de?s={search_term_string}\"},\"query-input\":{\"@type\":\"PropertyValueSpecification\",\"valueRequired\":true,\"valueName\":\"search_term_string\"}}],\"inLanguage\":\"de\"},{\"@type\":\"Organization\",\"@id\":\"https:\\\/\\\/parnassius-apollo.life\\\/de#organization\",\"name\":\"LIFE Apollo 2020\",\"alternateName\":\"Parnassius Apollo LIFE Project\",\"url\":\"https:\\\/\\\/parnassius-apollo.life\\\/de\",\"logo\":{\"@type\":\"ImageObject\",\"inLanguage\":\"de\",\"@id\":\"https:\\\/\\\/parnassius-apollo.life\\\/de#\\\/schema\\\/logo\\\/image\\\/\",\"url\":\"https:\\\/\\\/i0.wp.com\\\/parnassius-apollo.life\\\/wp-content\\\/uploads\\\/2022\\\/05\\\/LIFE_Apollo_Final-e1651506328254.png?fit=127%2C150&ssl=1\",\"contentUrl\":\"https:\\\/\\\/i0.wp.com\\\/parnassius-apollo.life\\\/wp-content\\\/uploads\\\/2022\\\/05\\\/LIFE_Apollo_Final-e1651506328254.png?fit=127%2C150&ssl=1\",\"width\":127,\"height\":150,\"caption\":\"LIFE Apollo 2020\"},\"image\":{\"@id\":\"https:\\\/\\\/parnassius-apollo.life\\\/de#\\\/schema\\\/logo\\\/image\\\/\"},\"email\":\"info@apollo-2020.life\",\"legalName\":\"Karkonoski Park Narodowy\",\"numberOfEmployees\":{\"@type\":\"QuantitativeValue\",\"minValue\":\"51\",\"maxValue\":\"200\"}}]}<\/script>\n<!-- \/ Yoast SEO Premium plugin. -->","yoast_head_json":{"title":"Tschechische Republik - Parnassius apollo project LIFE Apollo2020","robots":{"index":"index","follow":"follow","max-snippet":"max-snippet:-1","max-image-preview":"max-image-preview:large","max-video-preview":"max-video-preview:-1"},"canonical":"https:\/\/parnassius-apollo.life\/de\/tschechische-republik","og_locale":"de_DE","og_type":"article","og_title":"Tschechische Republik","og_description":"#followapollo mit Citizen Science F\u00fcr den Erfolg des Projekts ist es wichtig, dass wir genau wissen, wo der Parnassius Apollo","og_url":"https:\/\/parnassius-apollo.life\/de\/tschechische-republik","og_site_name":"Parnassius apollo project LIFE Apollo2020","article_modified_time":"2025-09-08T13:20:20+00:00","og_image":[{"url":"https:\/\/parnassius-apollo.life\/wp-content\/uploads\/2022\/09\/IMG_20220623_143343.jpg","type":"","width":"","height":""}],"twitter_card":"summary_large_image","twitter_misc":{"Gesch\u00e4tzte Lesezeit":"2\u00a0Minuten"},"schema":{"@context":"https:\/\/schema.org","@graph":[{"@type":"WebPage","@id":"https:\/\/parnassius-apollo.life\/de\/tschechische-republik","url":"https:\/\/parnassius-apollo.life\/de\/tschechische-republik","name":"Tschechische Republik - Parnassius apollo project LIFE Apollo2020","isPartOf":{"@id":"https:\/\/parnassius-apollo.life\/de#website"},"primaryImageOfPage":{"@id":"https:\/\/parnassius-apollo.life\/de\/tschechische-republik#primaryimage"},"image":{"@id":"https:\/\/parnassius-apollo.life\/de\/tschechische-republik#primaryimage"},"thumbnailUrl":"https:\/\/parnassius-apollo.life\/wp-content\/uploads\/2022\/09\/IMG_20220623_143343.jpg","datePublished":"2025-09-08T13:20:13+00:00","dateModified":"2025-09-08T13:20:20+00:00","breadcrumb":{"@id":"https:\/\/parnassius-apollo.life\/de\/tschechische-republik#breadcrumb"},"inLanguage":"de","potentialAction":[{"@type":"ReadAction","target":["https:\/\/parnassius-apollo.life\/de\/tschechische-republik"]}]},{"@type":"ImageObject","inLanguage":"de","@id":"https:\/\/parnassius-apollo.life\/de\/tschechische-republik#primaryimage","url":"https:\/\/parnassius-apollo.life\/wp-content\/uploads\/2022\/09\/IMG_20220623_143343.jpg","contentUrl":"https:\/\/parnassius-apollo.life\/wp-content\/uploads\/2022\/09\/IMG_20220623_143343.jpg"},{"@type":"BreadcrumbList","@id":"https:\/\/parnassius-apollo.life\/de\/tschechische-republik#breadcrumb","itemListElement":[{"@type":"ListItem","position":1,"name":"Home","item":"https:\/\/parnassius-apollo.life\/de"},{"@type":"ListItem","position":2,"name":"Tschechische Republik"}]},{"@type":"WebSite","@id":"https:\/\/parnassius-apollo.life\/de#website","url":"https:\/\/parnassius-apollo.life\/de","name":"Parnassius apollo project LIFE Apollo2020","description":"Conservation of Parnassius apollo in Czechia, Poland and Austria","publisher":{"@id":"https:\/\/parnassius-apollo.life\/de#organization"},"potentialAction":[{"@type":"SearchAction","target":{"@type":"EntryPoint","urlTemplate":"https:\/\/parnassius-apollo.life\/de?s={search_term_string}"},"query-input":{"@type":"PropertyValueSpecification","valueRequired":true,"valueName":"search_term_string"}}],"inLanguage":"de"},{"@type":"Organization","@id":"https:\/\/parnassius-apollo.life\/de#organization","name":"LIFE Apollo 2020","alternateName":"Parnassius Apollo LIFE Project","url":"https:\/\/parnassius-apollo.life\/de","logo":{"@type":"ImageObject","inLanguage":"de","@id":"https:\/\/parnassius-apollo.life\/de#\/schema\/logo\/image\/","url":"https:\/\/i0.wp.com\/parnassius-apollo.life\/wp-content\/uploads\/2022\/05\/LIFE_Apollo_Final-e1651506328254.png?fit=127%2C150&ssl=1","contentUrl":"https:\/\/i0.wp.com\/parnassius-apollo.life\/wp-content\/uploads\/2022\/05\/LIFE_Apollo_Final-e1651506328254.png?fit=127%2C150&ssl=1","width":127,"height":150,"caption":"LIFE Apollo 2020"},"image":{"@id":"https:\/\/parnassius-apollo.life\/de#\/schema\/logo\/image\/"},"email":"info@apollo-2020.life","legalName":"Karkonoski Park Narodowy","numberOfEmployees":{"@type":"QuantitativeValue","minValue":"51","maxValue":"200"}}]}},"jetpack_likes_enabled":true,"jetpack_sharing_enabled":true,"_links":{"self":[{"href":"https:\/\/parnassius-apollo.life\/de\/wp-json\/wp\/v2\/pages\/10587","targetHints":{"allow":["GET"]}}],"collection":[{"href":"https:\/\/parnassius-apollo.life\/de\/wp-json\/wp\/v2\/pages"}],"about":[{"href":"https:\/\/parnassius-apollo.life\/de\/wp-json\/wp\/v2\/types\/page"}],"author":[{"embeddable":true,"href":"https:\/\/parnassius-apollo.life\/de\/wp-json\/wp\/v2\/users\/1"}],"replies":[{"embeddable":true,"href":"https:\/\/parnassius-apollo.life\/de\/wp-json\/wp\/v2\/comments?post=10587"}],"version-history":[{"count":3,"href":"https:\/\/parnassius-apollo.life\/de\/wp-json\/wp\/v2\/pages\/10587\/revisions"}],"predecessor-version":[{"id":10592,"href":"https:\/\/parnassius-apollo.life\/de\/wp-json\/wp\/v2\/pages\/10587\/revisions\/10592"}],"wp:attachment":[{"href":"https:\/\/parnassius-apollo.life\/de\/wp-json\/wp\/v2\/media?parent=10587"}],"curies":[{"name":"wp","href":"https:\/\/api.w.org\/{rel}","templated":true}]}}