{"id":9308,"date":"2025-02-10T11:38:10","date_gmt":"2025-02-10T10:38:10","guid":{"rendered":"https:\/\/parnassius-apollo.life\/informace-o-ucastnicich"},"modified":"2025-02-10T11:38:12","modified_gmt":"2025-02-10T10:38:12","slug":"informace-o-ucastnicich","status":"publish","type":"page","link":"https:\/\/parnassius-apollo.life\/cs\/informace-o-ucastnicich","title":{"rendered":"Informace o \u00fa\u010dastn\u00edc\u00edch"},"content":{"rendered":"\n<p>D\u011bkujeme za v\u00e1\u0161 z\u00e1jem o zahajovac\u00ed konferenci projektu LIFE Apollo2020 <strong>V\u011bda, ekologie a inovace pro ochranu <em>Parnassius apollo<\/em> ve st\u0159edn\u00ed Evrop\u011b<\/strong>. T\u011b\u0161\u00edme se na inspirativn\u00ed p\u0159edn\u00e1\u0161ky a plodn\u00e9 diskuse v Jelen\u00ed Ho\u0159e i online. <\/p>\n\n<p>N\u00ed\u017ee naleznete v\u0161echny d\u016fle\u017eit\u00e9 informace pro <strong>\u00fa\u010dastn\u00edky na m\u00edst\u011b. <\/strong>Online \u00fa\u010dastn\u00edci obdr\u017e\u00ed e-mail t\u00fdkaj\u00edc\u00ed se online p\u0159ipojen\u00ed v\u010das p\u0159ed konferenc\u00ed. V p\u0159\u00edpad\u011b jak\u00fdchkoli dotaz\u016f n\u00e1s nev\u00e1hejte kontaktovat: <a href=\"mailto:info@apollo-2020.life\" target=\"_blank\" rel=\"noreferrer noopener\">info@apollo-2020.life<\/a>. <\/p>\n\n<h4 class=\"wp-block-heading\">Datum a m\u00edsto kon\u00e1n\u00ed<\/h4>\n\n<p>Konference se bude konat 19. &#8211; 21. z\u00e1\u0159\u00ed 2022 v <em>P\u0159\u00edrodov\u011bdn\u00e9m a vzd\u011bl\u00e1vac\u00edm st\u0159edisku Karkonoskiego Parku Narodowego &#8211; Sobieszowsk\u00e9m pal\u00e1ci<\/em>: <\/p>\n\n<div class=\"ghostkit-icon-box ghostkit-has-frame ghostkit-custom-ZVrNUI\"><div class=\"ghostkit-icon-box-content is-layout-flow wp-block-ghostkit-icon-box-is-layout-flow\">\n<p>Adresa: <a href=\"https:\/\/www.google.pl\/maps\/place\/Centrum+Muzealno-+Edukacyjne+Karkonoskiego+Parku+Narodowego\/@50.845573,15.6386632,17z\/data=!4m5!3m4!1s0x470edc5751e11bdf:0xe7b64112bb880dc8!8m2!3d50.8455696!4d15.6408519?shorturl=1\">Cieplicka 196 \/ Karkonoska 3\/4, 58-570 Jelenia G\u00f3ra, Polsko<\/a><\/p>\n<\/div><\/div>\n\n<p>Are\u00e1l pat\u0159\u00ed do <a href=\"https:\/\/kpnmab.pl\/en\/lang\" target=\"_blank\" rel=\"noreferrer noopener\">Karkono\u0161sk\u00e9ho n\u00e1rodn\u00edho parku <\/a>a je nov\u011b zrekonstruovan\u00fdm historick\u00fdm z\u00e1meck\u00fdm komplexem z <sup>18<\/sup>.\/19. stolet\u00ed, kter\u00fd je nyn\u00ed upraven pro vzd\u011bl\u00e1vac\u00ed \u00fa\u010dely a po\u0159\u00e1d\u00e1n\u00ed akc\u00ed a expozic.<\/p>\n\n<p>Nab\u00edz\u00ed<\/p>\n\n<ul class=\"wp-block-list\"><li>konferen\u010dn\u00ed m\u00edstnost pro p\u0159ibli\u017en\u011b 150 osob<\/li><li>2 men\u0161\u00ed d\u00edlny pro 34 a 40 osob<\/li><li>parkovi\u0161t\u011b s kapacitou pro 36 aut, 5 autobus\u016f a 2 m\u00edsta pro osoby se zdravotn\u00edm posti\u017een\u00edm.<\/li><\/ul>\n\n<h4 class=\"wp-block-heading\">Jak se tam dostat<\/h4>\n\n<p><strong>Vlakem<\/strong> &#8211; vlakov\u00e9 n\u00e1dra\u017e\u00ed Jelenia G\u00f3ra Sobiesz\u00f3w, cca 2,5 hodiny od hlavn\u00edho n\u00e1dra\u017e\u00ed ve Vratislavi; d\u00e1le 10 minut ch\u016fze k z\u00e1mku Sobiesz\u00f3w.<a href=\"https:\/\/goo.gl\/maps\/WrDpUvGSoioZV6R47\"> Celkem cca 3 h z Vratislavi<\/a>. <\/p>\n\n<p><strong>Autobusem<\/strong> &#8211; z autobusov\u00e9ho <a href=\"https:\/\/www.google.com\/maps\/dir\/Dworzec+Autobusowy,+Sucha+1,+50-086+Wroc%C5%82aw\/Dworzec+autobusowy,+Obro%C5%84c%C3%B3w+Pokoju,+Jelenia+G%C3%B3ra\/@50.952175,15.817801,9z\/am=t\/data=!4m13!4m12!1m5!1m1!1s0x470fc26f63029151:0x6a147999cb74be1d!2m2!1d17.0361618!2d51.0971321!1m5!1m1!1s0x470ede3119edede5:0xab024a993a6ed5d5!2m2!1d15.7318162!2d50.9055303?shorturl=1\" target=\"_blank\" rel=\"noreferrer noopener\">n\u00e1dra\u017e\u00ed ve Wroclawi (ul. Sucha 1\/11) na autobusov\u00e9 n\u00e1dra\u017e\u00ed v Jelen\u00ed Ho\u0159e (ul. Obro\u0144c\u00f3w Pokoju 1B)<\/a> a d\u00e1le ze <a href=\"https:\/\/www.google.com\/maps\/dir\/Podwale+02+%7C+Przystanek+autobusowy,+58-500+Jelenia+G%C3%B3ra\/Centrum+Muzealno-+Edukacyjne+Karkonoskiego+Parku+Narodowego,+Karkonoska,+Jelenia+G%C3%B3ra\/@50.8750312,15.6516983,13z\/am=t\/data=!4m15!4m14!1m5!1m1!1s0x470edf49f01aee2b:0x1d59f5aaf9c457d5!2m2!1d15.7318449!2d50.9045745!1m5!1m1!1s0x470edc5751e11bdf:0xe7b64112bb880dc8!2m2!1d15.6408519!2d50.8455696!2m1!5e0?shorturl=1\">zast\u00e1vky Podwale (vpravo od Galeria Nowy Rynek) na zast\u00e1vku Jelenia G\u00f3ra Sobiesz\u00f3w<\/a>. Celkem asi 3 h z Vratislavi. <\/p>\n\n<p><strong>Autem<\/strong> &#8211; <a href=\"https:\/\/www.google.pl\/maps\/dir\/50.8634107,15.6070364\/Centrum+Muzealno-+Edukacyjne+Karkonoskiego+Parku+Narodowego,+Karkonoska+4,+58-570+Jelenia+G%C3%B3ra\/@50.8544155,15.6157477,15z\/am=t\/data=!4m9!4m8!1m0!1m5!1m1!1s0x470edc5751e11bdf:0xe7b64112bb880dc8!2m2!1d15.6408519!2d50.8455696!3e0?shorturl=1\" target=\"_blank\" rel=\"noreferrer noopener\">st\u00e1tn\u00ed silnice \u010d. 3, odbo\u010dka na Sobiesz\u00f3w v Piechowic\u00edch &#8211; Pakosz\u00f3w, pal\u00e1c je vzd\u00e1len 3,6 km od silnice.<\/a><\/p>\n\n<p><strong>Letecky <\/strong> &#8211; z Vratislavi: autobusem \u010d. 106 z vratislavsk\u00e9ho leti\u0161t\u011b na vratislavsk\u00e9 hlavn\u00ed n\u00e1dra\u017e\u00ed, d\u00e1le vlakem nebo autobusem do Jelen\u00ed Hory Sobiesz\u00f3w;  <br\/><\/p>\n\n<p>Na <a href=\"https:\/\/en.e-podroznik.pl\/public\/searchingResultsVW.do?startCity=Wroc%C5%82aw&amp;forward=url&amp;tabToken=d06751b0d1409f4c9e32aa62fe04b1d0&amp;toV=c%7C3991&amp;endCity=Jelenia+G%C3%B3ra&amp;fromV=c%7C13019&amp;tseVw=regularP\">t\u00e9to webov\u00e9 str\u00e1nce<\/a> m\u016f\u017eete vyhled\u00e1vat autobusov\u00e1 a vlakov\u00e1 spojen\u00ed:<\/p>\n\n<h4 class=\"wp-block-heading\">Doporu\u010den\u00ed pro ubytov\u00e1n\u00ed<\/h4>\n\n<p>Pro \u00fa\u010dastn\u00edky cestuj\u00edc\u00ed ve\u0159ejnou dopravou<\/p>\n\n<figure class=\"wp-block-table alignwide is-style-stripes\"><table class=\"has-fixed-layout\"><thead><tr><th class=\"has-text-align-center\" data-align=\"center\">Hotel<\/th><th class=\"has-text-align-center\" data-align=\"center\">Standardn\u00ed<\/th><th class=\"has-text-align-center\" data-align=\"center\"><strong>Jednol\u016f\u017ekov\u00fd pokoj na 3 noci (PLN)<\/strong><\/th><th class=\"has-text-align-center\" data-align=\"center\"><strong>Dvoul\u016f\u017ekov\u00fd pokoj na 3 noci (PLN)<\/strong><\/th><\/tr><\/thead><tbody><tr><td class=\"has-text-align-center\" data-align=\"center\"><a href=\"https:\/\/www.hotelbella.pl\/\" target=\"_blank\" rel=\"noreferrer noopener\"><strong>Hotel Bella<\/strong><\/a>  <a href=\"https:\/\/goo.gl\/maps\/rcSMT6YpWpA1YH2K6\" target=\"_blank\" rel=\"noreferrer noopener\"><em>um\u00edst\u011bn\u00ed<\/em><\/a><\/td><td class=\"has-text-align-center\" data-align=\"center\">Hotel ***<\/td><td class=\"has-text-align-center\" data-align=\"center\">486 &#8211; 525  <\/td><td class=\"has-text-align-center\" data-align=\"center\">741 &#8211; 873<\/td><\/tr><tr><td class=\"has-text-align-center\" data-align=\"center\"><strong><a href=\"https:\/\/hotelcieplice.pl\/\" target=\"_blank\" rel=\"noreferrer noopener\">Hotel Cieplice MEDI&amp;SPA<\/a><\/strong> <a href=\"https:\/\/goo.gl\/maps\/aXtBi7A84TZKxpeZ7\" target=\"_blank\" rel=\"noreferrer noopener\"><em>um\u00edst\u011bn\u00ed<\/em><\/a><\/td><td class=\"has-text-align-center\" data-align=\"center\">Hotel ***<\/td><td class=\"has-text-align-center\" data-align=\"center\">540 &#8211; 675    <\/td><td class=\"has-text-align-center\" data-align=\"center\">810 &#8211; 1230<\/td><\/tr><tr><td class=\"has-text-align-center\" data-align=\"center\"><strong><a href=\"https:\/\/uzdrowisko-cieplice.pl\/\" target=\"_blank\" rel=\"noreferrer noopener\">Edward<\/a><\/strong> <a href=\"https:\/\/goo.gl\/maps\/5E8jGQHYLPSWdh1o7\" target=\"_blank\" rel=\"noreferrer noopener\"><em>um\u00edst\u011bn\u00ed<\/em><\/a><\/td><td class=\"has-text-align-center\" data-align=\"center\">Zdravotn\u00ed st\u0159edisko<\/td><td class=\"has-text-align-center\" data-align=\"center\">840 <\/td><td class=\"has-text-align-center\" data-align=\"center\">1176 &#8211; 1782<\/td><\/tr><tr><td class=\"has-text-align-center\" data-align=\"center\"><strong><a href=\"https:\/\/uzdrowisko-cieplice.pl\/\" target=\"_blank\" rel=\"noreferrer noopener\">D\u0142ugi Dom<\/a><\/strong> <em><a href=\"https:\/\/goo.gl\/maps\/VDJwey5737d8eYUM7\" target=\"_blank\" rel=\"noreferrer noopener\">um\u00edst\u011bn\u00ed<\/a><\/em><\/td><td class=\"has-text-align-center\" data-align=\"center\">Zdravotn\u00ed st\u0159edisko **<\/td><td class=\"has-text-align-center\" data-align=\"center\">837 <\/td><td class=\"has-text-align-center\" data-align=\"center\">1176<\/td><\/tr><tr><td class=\"has-text-align-center\" data-align=\"center\"><strong><a href=\"http:\/\/caspar.pl\/\" target=\"_blank\" rel=\"noreferrer noopener\">Caspar<\/a> <\/strong><em><a href=\"https:\/\/g.page\/HotelRestauracjaCaspar?share\" target=\"_blank\" rel=\"noreferrer noopener\">um\u00edst\u011bn\u00ed<\/a><\/em><\/td><td class=\"has-text-align-center\" data-align=\"center\">Hotel ***<\/td><td class=\"has-text-align-center\" data-align=\"center\">540 &#8211; 690    <\/td><td class=\"has-text-align-center\" data-align=\"center\">870 &#8211; 1 410<\/td><\/tr><tr><td class=\"has-text-align-center\" data-align=\"center\"><strong><a href=\"http:\/\/orlegniazdo.jga.pl\/\" target=\"_blank\" rel=\"noreferrer noopener\">Pensjonat Orle Gniazdo<\/a><\/strong> <em><a href=\"https:\/\/g.page\/Pensjonat-Orle-Gniazdo?share\" target=\"_blank\" rel=\"noreferrer noopener\">um\u00edst\u011bn\u00ed<\/a><\/em><\/td><td class=\"has-text-align-center\" data-align=\"center\">Penzion<\/td><td class=\"has-text-align-center\" data-align=\"center\">336 &#8211; 400  <\/td><td class=\"has-text-align-center\" data-align=\"center\">396 &#8211; 468<\/td><\/tr><tr><td class=\"has-text-align-center\" data-align=\"center\"><a href=\"https:\/\/dom-wrzosowka.business.site\/\" target=\"_blank\" rel=\"noreferrer noopener\"><strong>Dom Wrzos\u00f3wka<\/strong><\/a> <a href=\"https:\/\/g.page\/DomWrzosowka?share\"><em>um\u00edst\u011bn\u00ed<\/em><\/a><\/td><td class=\"has-text-align-center\" data-align=\"center\">Penzion<\/td><td class=\"has-text-align-center\" data-align=\"center\">384 <\/td><td class=\"has-text-align-center\" data-align=\"center\">410 &#8211; 509<\/td><\/tr><tr><td class=\"has-text-align-center\" data-align=\"center\"><strong><a href=\"https:\/\/jagniatkowakoliba.pl\/\" target=\"_blank\" rel=\"noreferrer noopener\">Jagni\u0105tkowa Koliba<\/a><\/strong> <em><a href=\"https:\/\/g.page\/StaraWilla?share\" target=\"_blank\" rel=\"noreferrer noopener\">um\u00edst\u011bn\u00ed<\/a><\/em><\/td><td class=\"has-text-align-center\" data-align=\"center\">Penzion<\/td><td class=\"has-text-align-center\" data-align=\"center\">540 <\/td><td class=\"has-text-align-center\" data-align=\"center\">885<\/td><\/tr><tr><td class=\"has-text-align-center\" data-align=\"center\"><a href=\"https:\/\/www.booking.com\/hotel\/pl\/stara-willa.pl.html\"><strong>Stara Willa<\/strong><\/a> <a href=\"https:\/\/g.page\/StaraWilla?share\"><em>um\u00edst\u011bn\u00ed<\/em><\/a><\/td><td class=\"has-text-align-center\" data-align=\"center\">Penzion<\/td><td class=\"has-text-align-center\" data-align=\"center\">480 &#8211; 600  <\/td><td class=\"has-text-align-center\" data-align=\"center\">540 &#8211; 720<\/td><\/tr><\/tbody><\/table><\/figure>\n\n<p>Pro \u00fa\u010dastn\u00edky cestuj\u00edc\u00ed autem (nen\u00ed snadn\u00e9 se k nim dostat ve\u0159ejnou dopravou)<\/p>\n\n<figure class=\"wp-block-table alignwide is-style-stripes\"><table class=\"has-fixed-layout\"><thead><tr><th class=\"has-text-align-center\" data-align=\"center\"><strong>Hotel<\/strong><\/th><th class=\"has-text-align-center\" data-align=\"center\"><strong>Standardn\u00ed<\/strong><\/th><th class=\"has-text-align-center\" data-align=\"center\"><strong>Jednol\u016f\u017ekov\u00fd pokoj na 3 noci (PLN)<\/strong><\/th><th class=\"has-text-align-center\" data-align=\"center\"><strong>Dvoul\u016f\u017ekov\u00fd pokoj na 3 noci (PLN)<\/strong><\/th><\/tr><\/thead><tbody><tr><td class=\"has-text-align-center\" data-align=\"center\"><strong><a href=\"http:\/\/idar.pl\/\" target=\"_blank\" rel=\"noreferrer noopener\">Idar Apartamenty<\/a><\/strong> <em><a href=\"https:\/\/goo.gl\/maps\/2ynAhH6prR681z8j9\" target=\"_blank\" rel=\"noreferrer noopener\">um\u00edst\u011bn\u00ed<\/a><\/em><\/td><td class=\"has-text-align-center\" data-align=\"center\">Apartm\u00e1ny<\/td><td class=\"has-text-align-center\" data-align=\"center\">510 &#8211; 690<\/td><td class=\"has-text-align-center\" data-align=\"center\">630-780<\/td><\/tr><tr><td class=\"has-text-align-center\" data-align=\"center\"><a href=\"https:\/\/www.palac-pakoszow.pl\/\" target=\"_blank\" rel=\"noreferrer noopener\"><strong>Pa\u0142ac Pakosz\u00f3w<\/strong><\/a> <em><a href=\"https:\/\/g.page\/palacpakoszow?share\" target=\"_blank\" rel=\"noreferrer noopener\">um\u00edst\u011bn\u00ed<\/a><\/em><\/td><td class=\"has-text-align-center\" data-align=\"center\">Hotel *****<\/td><td class=\"has-text-align-center\" data-align=\"center\">1 197 &#8211; 2 865<\/td><td class=\"has-text-align-center\" data-align=\"center\">1 197 &#8211; 3 030<\/td><\/tr><tr><td class=\"has-text-align-center\" data-align=\"center\"><strong><a href=\"https:\/\/zasiodmagora.pl\/\" target=\"_blank\" rel=\"noreferrer noopener\">Za Si\u00f3dm\u0105 G\u00f3r\u0105<\/a><\/strong> <a href=\"https:\/\/goo.gl\/maps\/B3mUGWTdCvHhjhTs5\" target=\"_blank\" rel=\"noreferrer noopener\"><em>um\u00edst\u011bn\u00ed<\/em><\/a><\/td><td class=\"has-text-align-center\" data-align=\"center\">Penzion<\/td><td class=\"has-text-align-center\" data-align=\"center\">750 &#8211; 900  <\/td><td class=\"has-text-align-center\" data-align=\"center\">750 &#8211; 900<\/td><\/tr><tr><td class=\"has-text-align-center\" data-align=\"center\"><strong><a href=\"https:\/\/hotelconcordia.pl\/\" target=\"_blank\" rel=\"noreferrer noopener\">Hotel Concordia<\/a> <\/strong><a href=\"https:\/\/goo.gl\/maps\/B3mUGWTdCvHhjhTs5\" target=\"_blank\" rel=\"noreferrer noopener\"><em>um\u00edst\u011bn\u00ed<\/em><\/a><\/td><td class=\"has-text-align-center\" data-align=\"center\">Hotel ***<\/td><td class=\"has-text-align-center\" data-align=\"center\">930 &#8211; 1 290<\/td><td class=\"has-text-align-center\" data-align=\"center\">1 080 &#8211; 1 560<\/td><\/tr><tr><td class=\"has-text-align-center\" data-align=\"center\"><strong><a href=\"https:\/\/www.jeleniagorahotel.pl\/\" target=\"_blank\" rel=\"noreferrer noopener\">Mercure Jelenia G\u00f3ra<\/a><\/strong> <a href=\"https:\/\/goo.gl\/maps\/PHwQP8i3mbf4wKqW7\" target=\"_blank\" rel=\"noreferrer noopener\"><em>um\u00edst\u011bn\u00ed<\/em><\/a><\/td><td class=\"has-text-align-center\" data-align=\"center\">Hotel ***<\/td><td class=\"has-text-align-center\" data-align=\"center\">660 &#8211; 1 017<\/td><td class=\"has-text-align-center\" data-align=\"center\">660 &#8211; 1164<\/td><\/tr><\/tbody><\/table><\/figure>\n","protected":false},"excerpt":{"rendered":"<p>D\u011bkujeme za v\u00e1\u0161 z\u00e1jem o zahajovac\u00ed konferenci projektu LIFE Apollo2020 V\u011bda, ekologie a inovace pro ochranu Parnassius apollo ve st\u0159edn\u00ed<\/p>\n","protected":false},"author":33,"featured_media":0,"parent":0,"menu_order":0,"comment_status":"closed","ping_status":"closed","template":"","meta":{"colormag_page_container_layout":"default_layout","colormag_page_sidebar_layout":"default_layout","ghostkit_customizer_options":"","ghostkit_custom_css":"","ghostkit_custom_js_head":"","ghostkit_custom_js_foot":"","ghostkit_typography":"","jetpack_post_was_ever_published":false,"footnotes":""},"class_list":["post-9308","page","type-page","status-publish","hentry"],"yoast_head":"<!-- This site is optimized with the Yoast SEO Premium plugin v27.4 (Yoast SEO v27.4) - https:\/\/yoast.com\/product\/yoast-seo-premium-wordpress\/ -->\n<title>Informace o \u00fa\u010dastn\u00edc\u00edch - Parnassius apollo project LIFE Apollo2020<\/title>\n<meta name=\"robots\" content=\"index, follow, max-snippet:-1, max-image-preview:large, max-video-preview:-1\" \/>\n<link rel=\"canonical\" href=\"https:\/\/parnassius-apollo.life\/cs\/informace-o-ucastnicich\" \/>\n<meta property=\"og:locale\" content=\"cs_CZ\" \/>\n<meta property=\"og:type\" content=\"article\" \/>\n<meta property=\"og:title\" content=\"Informace o \u00fa\u010dastn\u00edc\u00edch\" \/>\n<meta property=\"og:description\" content=\"D\u011bkujeme za v\u00e1\u0161 z\u00e1jem o zahajovac\u00ed konferenci projektu LIFE Apollo2020 V\u011bda, ekologie a inovace pro ochranu Parnassius apollo ve st\u0159edn\u00ed\" \/>\n<meta property=\"og:url\" content=\"https:\/\/parnassius-apollo.life\/cs\/informace-o-ucastnicich\" \/>\n<meta property=\"og:site_name\" content=\"Parnassius apollo project LIFE Apollo2020\" \/>\n<meta property=\"article:modified_time\" content=\"2025-02-10T10:38:12+00:00\" \/>\n<meta property=\"og:image\" content=\"https:\/\/i0.wp.com\/parnassius-apollo.life\/wp-content\/uploads\/2022\/05\/LIFE_Apollo_Final-e1651506328254.png?fit=127%2C150&ssl=1\" \/>\n\t<meta property=\"og:image:width\" content=\"127\" \/>\n\t<meta property=\"og:image:height\" content=\"150\" \/>\n\t<meta property=\"og:image:type\" content=\"image\/png\" \/>\n<meta name=\"twitter:card\" content=\"summary_large_image\" \/>\n<meta name=\"twitter:label1\" content=\"Odhadovan\u00e1 doba \u010dten\u00ed\" \/>\n\t<meta name=\"twitter:data1\" content=\"3 minuty\" \/>\n<script type=\"application\/ld+json\" class=\"yoast-schema-graph\">{\"@context\":\"https:\\\/\\\/schema.org\",\"@graph\":[{\"@type\":\"WebPage\",\"@id\":\"https:\\\/\\\/parnassius-apollo.life\\\/cs\\\/informace-o-ucastnicich\",\"url\":\"https:\\\/\\\/parnassius-apollo.life\\\/cs\\\/informace-o-ucastnicich\",\"name\":\"Informace o \u00fa\u010dastn\u00edc\u00edch - Parnassius apollo project LIFE Apollo2020\",\"isPartOf\":{\"@id\":\"https:\\\/\\\/parnassius-apollo.life\\\/cs#website\"},\"datePublished\":\"2025-02-10T10:38:10+00:00\",\"dateModified\":\"2025-02-10T10:38:12+00:00\",\"breadcrumb\":{\"@id\":\"https:\\\/\\\/parnassius-apollo.life\\\/cs\\\/informace-o-ucastnicich#breadcrumb\"},\"inLanguage\":\"cs\",\"potentialAction\":[{\"@type\":\"ReadAction\",\"target\":[\"https:\\\/\\\/parnassius-apollo.life\\\/cs\\\/informace-o-ucastnicich\"]}]},{\"@type\":\"BreadcrumbList\",\"@id\":\"https:\\\/\\\/parnassius-apollo.life\\\/cs\\\/informace-o-ucastnicich#breadcrumb\",\"itemListElement\":[{\"@type\":\"ListItem\",\"position\":1,\"name\":\"Home\",\"item\":\"https:\\\/\\\/parnassius-apollo.life\\\/cs\"},{\"@type\":\"ListItem\",\"position\":2,\"name\":\"Informace o \u00fa\u010dastn\u00edc\u00edch\"}]},{\"@type\":\"WebSite\",\"@id\":\"https:\\\/\\\/parnassius-apollo.life\\\/cs#website\",\"url\":\"https:\\\/\\\/parnassius-apollo.life\\\/cs\",\"name\":\"Parnassius apollo project LIFE Apollo2020\",\"description\":\"Conservation of Parnassius apollo in Czechia, Poland and Austria\",\"publisher\":{\"@id\":\"https:\\\/\\\/parnassius-apollo.life\\\/cs#organization\"},\"potentialAction\":[{\"@type\":\"SearchAction\",\"target\":{\"@type\":\"EntryPoint\",\"urlTemplate\":\"https:\\\/\\\/parnassius-apollo.life\\\/cs?s={search_term_string}\"},\"query-input\":{\"@type\":\"PropertyValueSpecification\",\"valueRequired\":true,\"valueName\":\"search_term_string\"}}],\"inLanguage\":\"cs\"},{\"@type\":\"Organization\",\"@id\":\"https:\\\/\\\/parnassius-apollo.life\\\/cs#organization\",\"name\":\"LIFE Apollo 2020\",\"alternateName\":\"Parnassius Apollo LIFE Project\",\"url\":\"https:\\\/\\\/parnassius-apollo.life\\\/cs\",\"logo\":{\"@type\":\"ImageObject\",\"inLanguage\":\"cs\",\"@id\":\"https:\\\/\\\/parnassius-apollo.life\\\/cs#\\\/schema\\\/logo\\\/image\\\/\",\"url\":\"https:\\\/\\\/i0.wp.com\\\/parnassius-apollo.life\\\/wp-content\\\/uploads\\\/2022\\\/05\\\/LIFE_Apollo_Final-e1651506328254.png?fit=127%2C150&ssl=1\",\"contentUrl\":\"https:\\\/\\\/i0.wp.com\\\/parnassius-apollo.life\\\/wp-content\\\/uploads\\\/2022\\\/05\\\/LIFE_Apollo_Final-e1651506328254.png?fit=127%2C150&ssl=1\",\"width\":127,\"height\":150,\"caption\":\"LIFE Apollo 2020\"},\"image\":{\"@id\":\"https:\\\/\\\/parnassius-apollo.life\\\/cs#\\\/schema\\\/logo\\\/image\\\/\"},\"email\":\"info@apollo-2020.life\",\"legalName\":\"Karkonoski Park Narodowy\",\"numberOfEmployees\":{\"@type\":\"QuantitativeValue\",\"minValue\":\"51\",\"maxValue\":\"200\"}}]}<\/script>\n<!-- \/ Yoast SEO Premium plugin. -->","yoast_head_json":{"title":"Informace o \u00fa\u010dastn\u00edc\u00edch - Parnassius apollo project LIFE Apollo2020","robots":{"index":"index","follow":"follow","max-snippet":"max-snippet:-1","max-image-preview":"max-image-preview:large","max-video-preview":"max-video-preview:-1"},"canonical":"https:\/\/parnassius-apollo.life\/cs\/informace-o-ucastnicich","og_locale":"cs_CZ","og_type":"article","og_title":"Informace o \u00fa\u010dastn\u00edc\u00edch","og_description":"D\u011bkujeme za v\u00e1\u0161 z\u00e1jem o zahajovac\u00ed konferenci projektu LIFE Apollo2020 V\u011bda, ekologie a inovace pro ochranu Parnassius apollo ve st\u0159edn\u00ed","og_url":"https:\/\/parnassius-apollo.life\/cs\/informace-o-ucastnicich","og_site_name":"Parnassius apollo project LIFE Apollo2020","article_modified_time":"2025-02-10T10:38:12+00:00","og_image":[{"width":127,"height":150,"url":"https:\/\/i0.wp.com\/parnassius-apollo.life\/wp-content\/uploads\/2022\/05\/LIFE_Apollo_Final-e1651506328254.png?fit=127%2C150&ssl=1","type":"image\/png"}],"twitter_card":"summary_large_image","twitter_misc":{"Odhadovan\u00e1 doba \u010dten\u00ed":"3 minuty"},"schema":{"@context":"https:\/\/schema.org","@graph":[{"@type":"WebPage","@id":"https:\/\/parnassius-apollo.life\/cs\/informace-o-ucastnicich","url":"https:\/\/parnassius-apollo.life\/cs\/informace-o-ucastnicich","name":"Informace o \u00fa\u010dastn\u00edc\u00edch - Parnassius apollo project LIFE Apollo2020","isPartOf":{"@id":"https:\/\/parnassius-apollo.life\/cs#website"},"datePublished":"2025-02-10T10:38:10+00:00","dateModified":"2025-02-10T10:38:12+00:00","breadcrumb":{"@id":"https:\/\/parnassius-apollo.life\/cs\/informace-o-ucastnicich#breadcrumb"},"inLanguage":"cs","potentialAction":[{"@type":"ReadAction","target":["https:\/\/parnassius-apollo.life\/cs\/informace-o-ucastnicich"]}]},{"@type":"BreadcrumbList","@id":"https:\/\/parnassius-apollo.life\/cs\/informace-o-ucastnicich#breadcrumb","itemListElement":[{"@type":"ListItem","position":1,"name":"Home","item":"https:\/\/parnassius-apollo.life\/cs"},{"@type":"ListItem","position":2,"name":"Informace o \u00fa\u010dastn\u00edc\u00edch"}]},{"@type":"WebSite","@id":"https:\/\/parnassius-apollo.life\/cs#website","url":"https:\/\/parnassius-apollo.life\/cs","name":"Parnassius apollo project LIFE Apollo2020","description":"Conservation of Parnassius apollo in Czechia, Poland and Austria","publisher":{"@id":"https:\/\/parnassius-apollo.life\/cs#organization"},"potentialAction":[{"@type":"SearchAction","target":{"@type":"EntryPoint","urlTemplate":"https:\/\/parnassius-apollo.life\/cs?s={search_term_string}"},"query-input":{"@type":"PropertyValueSpecification","valueRequired":true,"valueName":"search_term_string"}}],"inLanguage":"cs"},{"@type":"Organization","@id":"https:\/\/parnassius-apollo.life\/cs#organization","name":"LIFE Apollo 2020","alternateName":"Parnassius Apollo LIFE Project","url":"https:\/\/parnassius-apollo.life\/cs","logo":{"@type":"ImageObject","inLanguage":"cs","@id":"https:\/\/parnassius-apollo.life\/cs#\/schema\/logo\/image\/","url":"https:\/\/i0.wp.com\/parnassius-apollo.life\/wp-content\/uploads\/2022\/05\/LIFE_Apollo_Final-e1651506328254.png?fit=127%2C150&ssl=1","contentUrl":"https:\/\/i0.wp.com\/parnassius-apollo.life\/wp-content\/uploads\/2022\/05\/LIFE_Apollo_Final-e1651506328254.png?fit=127%2C150&ssl=1","width":127,"height":150,"caption":"LIFE Apollo 2020"},"image":{"@id":"https:\/\/parnassius-apollo.life\/cs#\/schema\/logo\/image\/"},"email":"info@apollo-2020.life","legalName":"Karkonoski Park Narodowy","numberOfEmployees":{"@type":"QuantitativeValue","minValue":"51","maxValue":"200"}}]}},"jetpack_likes_enabled":true,"jetpack_sharing_enabled":true,"_links":{"self":[{"href":"https:\/\/parnassius-apollo.life\/cs\/wp-json\/wp\/v2\/pages\/9308","targetHints":{"allow":["GET"]}}],"collection":[{"href":"https:\/\/parnassius-apollo.life\/cs\/wp-json\/wp\/v2\/pages"}],"about":[{"href":"https:\/\/parnassius-apollo.life\/cs\/wp-json\/wp\/v2\/types\/page"}],"author":[{"embeddable":true,"href":"https:\/\/parnassius-apollo.life\/cs\/wp-json\/wp\/v2\/users\/33"}],"replies":[{"embeddable":true,"href":"https:\/\/parnassius-apollo.life\/cs\/wp-json\/wp\/v2\/comments?post=9308"}],"version-history":[{"count":0,"href":"https:\/\/parnassius-apollo.life\/cs\/wp-json\/wp\/v2\/pages\/9308\/revisions"}],"wp:attachment":[{"href":"https:\/\/parnassius-apollo.life\/cs\/wp-json\/wp\/v2\/media?parent=9308"}],"curies":[{"name":"wp","href":"https:\/\/api.w.org\/{rel}","templated":true}]}}