{"id":8452,"date":"2024-11-30T18:39:40","date_gmt":"2024-11-30T17:39:40","guid":{"rendered":"https:\/\/parnassius-apollo.life\/pawel-adamski"},"modified":"2024-11-30T18:39:41","modified_gmt":"2024-11-30T17:39:41","slug":"pawel-adamski","status":"publish","type":"page","link":"https:\/\/parnassius-apollo.life\/cs\/pawel-adamski","title":{"rendered":"Pawel Adamski"},"content":{"rendered":"\n<p style=\"font-size:18px\"><strong>ROLE V PROJEKTU<\/strong><\/p>\n\n<div class=\"ghostkit-icon-box\"><div class=\"ghostkit-icon-box-icon ghostkit-icon-box-icon-align-left\"><svg class=\"ghostkit-svg-icon\" width=\"24\" height=\"24\" viewBox=\"0 0 24 24\" fill=\"none\" xmlns=\"http:\/\/www.w3.org\/2000\/svg\"><path fill-rule=\"evenodd\" clip-rule=\"evenodd\" d=\"M9.21967 6.2197C9.51256 5.9268 9.98744 5.9268 10.2803 6.2197L15.5303 11.4697C15.8232 11.7626 15.8232 12.2374 15.5303 12.5303L10.2803 17.7803C9.98744 18.0732 9.51256 18.0732 9.21967 17.7803C8.92678 17.4874 8.92678 17.0126 9.21967 16.7197L13.9393 12L9.21967 7.2803C8.92678 6.9874 8.92678 6.5126 9.21967 6.2197Z\" fill=\"currentColor\"\/><\/svg><\/div><div class=\"ghostkit-icon-box-content is-layout-flow wp-block-ghostkit-icon-box-is-layout-flow\">\n<p>Extern\u00ed odborn\u00edk<\/p>\n<\/div><\/div>\n\n<p style=\"font-size:18px\"><strong>ZEM\u011a<\/strong><\/p>\n\n<div class=\"ghostkit-icon-box\"><div class=\"ghostkit-icon-box-icon ghostkit-icon-box-icon-align-left\"><svg class=\"ghostkit-svg-icon\" width=\"24\" height=\"24\" viewBox=\"0 0 24 24\" fill=\"none\" xmlns=\"http:\/\/www.w3.org\/2000\/svg\"><path d=\"M11.2806 20.6368C5.98328 13.2316 5 12.4715 5 9.75C5 6.02207 8.13399 3 12 3C15.866 3 19 6.02207 19 9.75C19 12.4715 18.0167 13.2316 12.7194 20.6368C12.3718 21.1211 11.6282 21.121 11.2806 20.6368ZM12 12.5625C13.6108 12.5625 14.9167 11.3033 14.9167 9.75C14.9167 8.19669 13.6108 6.9375 12 6.9375C10.3892 6.9375 9.08333 8.19669 9.08333 9.75C9.08333 11.3033 10.3892 12.5625 12 12.5625Z\" fill=\"currentColor\"\/><\/svg><\/div><div class=\"ghostkit-icon-box-content is-layout-flow wp-block-ghostkit-icon-box-is-layout-flow\">\n<p>Polsko<\/p>\n<\/div><\/div>\n\n<div class=\"wp-block-media-text alignwide is-stacked-on-mobile\" style=\"grid-template-columns:15% auto\"><figure class=\"wp-block-media-text__media\"><a href=\"https:\/\/www.kp.org.pl\/en\/\"><img data-recalc-dims=\"1\" loading=\"lazy\" decoding=\"async\" width=\"482\" height=\"451\" src=\"https:\/\/i0.wp.com\/parnassius-apollo.life\/wp-content\/uploads\/2023\/11\/Institute_of_Nature_Conservation_PAS.png?resize=482%2C451&#038;ssl=1\" alt=\"\" class=\"wp-image-6510 size-full\"\/><\/a><\/figure><div class=\"wp-block-media-text__content\">\n<p><mark style=\"background-color:rgba(0, 0, 0, 0)\" class=\"has-inline-color has-central-palette-7-color\">Institut ochrany p\u0159\u00edrody<\/mark> je instituc\u00ed II. odd\u011blen\u00ed Polsk\u00e9 akademie v\u011bd. \u00dastav prov\u00e1d\u00ed v\u00fdzkum v oblasti ekologie, ochran\u00e1\u0159sk\u00e9 biologie a geologie. Hlavn\u00edm \u00fakolem je vytv\u00e1\u0159et v\u011bdeck\u00e9 z\u00e1klady pro modern\u00ed ochranu p\u0159\u00edrody a \u017eivotn\u00edho prost\u0159ed\u00ed.  <\/p>\n<\/div><\/div>\n\n<p style=\"font-size:18px\"><strong>O MN\u011a<\/strong><\/p>\n\n<div class=\"ghostkit-icon-box\"><div class=\"ghostkit-icon-box-content is-layout-flow wp-block-ghostkit-icon-box-is-layout-flow\">\n<div class=\"wp-block-group alignfull is-vertical is-layout-flex wp-container-core-group-is-layout-fe9cc265 wp-block-group-is-layout-flex\">\n<p>Dr. Pawe\u0142 Adamski p\u016fsob\u00ed jako docent<strong> v \u00dastavu ochrany p\u0159\u00edrody Polsk\u00e9 akademie v\u011bd<\/strong>. Jeho v\u011bdeck\u00e1 a aplikovan\u00e1 pr\u00e1ce je zam\u011b\u0159ena na <strong>ekologii ohro\u017een\u00fdch populac\u00ed<\/strong>, zejm\u00e9na na uplat\u0148ov\u00e1n\u00ed metapopula\u010dn\u00ed ekologie v aktivn\u00ed ochran\u011b \u017eivo\u010dich\u016f. <\/p>\n\n\n\n<p>Pod\u00edlel se na n\u011bkolika projektech zam\u011b\u0159en\u00fdch na obnovu populac\u00ed \u017eivo\u010dich\u016f, nap\u0159\u00edklad <strong>mot\u00fdla Apollo v Pieninsk\u00e9m n\u00e1rodn\u00edm parku<\/strong>, sladkovodn\u00edho ml\u017ee <em>Unio crassus<\/em> v \u0159ece B\u011bl\u00e9, ku\u0148ky \u017elutob\u0159ich\u00e9<em>(Bombina variegata<\/em>) v \u00fadol\u00ed B\u011bl\u00e9 a ku\u0148ky ohniv\u00e9<em>(Bombina bombina<\/em>) ve vnitrozemsk\u00e9 delt\u011b Nidy.<\/p>\n\n\n\n<p>Pawe\u0142 se mot\u00fdlem Apollo zab\u00fdv\u00e1 <strong>od roku 1993,<\/strong> kdy se jako student zapojil do projektu obnovy tohoto druhu v Pieninsk\u00e9m n\u00e1rodn\u00edm parku. V roce 2005 se stal v\u011bdeck\u00fdm vedouc\u00edm ochran\u00e1\u0159sk\u00fdch aktivit pro tuto populaci. <\/p>\n\n\n\n<p>Krom\u011b pr\u00e1ce v oblasti ekologie obnovy se Pawe\u0142 v\u011bnuje <strong>sledov\u00e1n\u00ed ohro\u017een\u00e9ho hmyzu,<\/strong> p\u0159edev\u0161\u00edm mot\u00fdl\u016f, a <strong>zji\u0161\u0165ov\u00e1n\u00ed ohro\u017euj\u00edc\u00edch faktor\u016f<\/strong>. Krom\u011b toho jeho v\u011bdeck\u00e1 \u010dinnost zahrnuje studie o vztahu mezi voln\u011b \u017eij\u00edc\u00edmi \u017eivo\u010dichy a turistikou a rekrea\u010dn\u00edmi aktivitami. <\/p>\n<\/div>\n<\/div><\/div>\n","protected":false},"excerpt":{"rendered":"<p>ROLE V PROJEKTU Extern\u00ed odborn\u00edk ZEM\u011a Polsko Institut ochrany p\u0159\u00edrody je instituc\u00ed II. odd\u011blen\u00ed Polsk\u00e9 akademie v\u011bd. \u00dastav prov\u00e1d\u00ed v\u00fdzkum<\/p>\n","protected":false},"author":33,"featured_media":0,"parent":0,"menu_order":0,"comment_status":"closed","ping_status":"closed","template":"","meta":{"colormag_page_container_layout":"default_layout","colormag_page_sidebar_layout":"default_layout","ghostkit_customizer_options":"","ghostkit_custom_css":"","ghostkit_custom_js_head":"","ghostkit_custom_js_foot":"","ghostkit_typography":"","jetpack_post_was_ever_published":false,"footnotes":""},"class_list":["post-8452","page","type-page","status-publish","hentry"],"yoast_head":"<!-- This site is optimized with the Yoast SEO Premium plugin v27.3 (Yoast SEO v27.3) - https:\/\/yoast.com\/product\/yoast-seo-premium-wordpress\/ -->\n<title>Pawel Adamski - Parnassius apollo project LIFE Apollo2020<\/title>\n<meta name=\"robots\" content=\"index, follow, max-snippet:-1, max-image-preview:large, max-video-preview:-1\" \/>\n<link rel=\"canonical\" href=\"https:\/\/parnassius-apollo.life\/cs\/pawel-adamski\" \/>\n<meta property=\"og:locale\" content=\"cs_CZ\" \/>\n<meta property=\"og:type\" content=\"article\" \/>\n<meta property=\"og:title\" content=\"Pawel Adamski\" \/>\n<meta property=\"og:description\" content=\"ROLE V PROJEKTU Extern\u00ed odborn\u00edk ZEM\u011a Polsko Institut ochrany p\u0159\u00edrody je instituc\u00ed II. odd\u011blen\u00ed Polsk\u00e9 akademie v\u011bd. \u00dastav prov\u00e1d\u00ed v\u00fdzkum\" \/>\n<meta property=\"og:url\" content=\"https:\/\/parnassius-apollo.life\/cs\/pawel-adamski\" \/>\n<meta property=\"og:site_name\" content=\"Parnassius apollo project LIFE Apollo2020\" \/>\n<meta property=\"article:modified_time\" content=\"2024-11-30T17:39:41+00:00\" \/>\n<meta property=\"og:image\" content=\"https:\/\/parnassius-apollo.life\/wp-content\/uploads\/2023\/11\/Institute_of_Nature_Conservation_PAS.png\" \/>\n<meta name=\"twitter:card\" content=\"summary_large_image\" \/>\n<meta name=\"twitter:label1\" content=\"Odhadovan\u00e1 doba \u010dten\u00ed\" \/>\n\t<meta name=\"twitter:data1\" content=\"1 minuta\" \/>\n<script type=\"application\/ld+json\" class=\"yoast-schema-graph\">{\"@context\":\"https:\\\/\\\/schema.org\",\"@graph\":[{\"@type\":\"WebPage\",\"@id\":\"https:\\\/\\\/parnassius-apollo.life\\\/cs\\\/pawel-adamski\",\"url\":\"https:\\\/\\\/parnassius-apollo.life\\\/cs\\\/pawel-adamski\",\"name\":\"Pawel Adamski - Parnassius apollo project LIFE Apollo2020\",\"isPartOf\":{\"@id\":\"https:\\\/\\\/parnassius-apollo.life\\\/cs#website\"},\"primaryImageOfPage\":{\"@id\":\"https:\\\/\\\/parnassius-apollo.life\\\/cs\\\/pawel-adamski#primaryimage\"},\"image\":{\"@id\":\"https:\\\/\\\/parnassius-apollo.life\\\/cs\\\/pawel-adamski#primaryimage\"},\"thumbnailUrl\":\"https:\\\/\\\/parnassius-apollo.life\\\/wp-content\\\/uploads\\\/2023\\\/11\\\/Institute_of_Nature_Conservation_PAS.png\",\"datePublished\":\"2024-11-30T17:39:40+00:00\",\"dateModified\":\"2024-11-30T17:39:41+00:00\",\"breadcrumb\":{\"@id\":\"https:\\\/\\\/parnassius-apollo.life\\\/cs\\\/pawel-adamski#breadcrumb\"},\"inLanguage\":\"cs\",\"potentialAction\":[{\"@type\":\"ReadAction\",\"target\":[\"https:\\\/\\\/parnassius-apollo.life\\\/cs\\\/pawel-adamski\"]}]},{\"@type\":\"ImageObject\",\"inLanguage\":\"cs\",\"@id\":\"https:\\\/\\\/parnassius-apollo.life\\\/cs\\\/pawel-adamski#primaryimage\",\"url\":\"https:\\\/\\\/parnassius-apollo.life\\\/wp-content\\\/uploads\\\/2023\\\/11\\\/Institute_of_Nature_Conservation_PAS.png\",\"contentUrl\":\"https:\\\/\\\/parnassius-apollo.life\\\/wp-content\\\/uploads\\\/2023\\\/11\\\/Institute_of_Nature_Conservation_PAS.png\"},{\"@type\":\"BreadcrumbList\",\"@id\":\"https:\\\/\\\/parnassius-apollo.life\\\/cs\\\/pawel-adamski#breadcrumb\",\"itemListElement\":[{\"@type\":\"ListItem\",\"position\":1,\"name\":\"Home\",\"item\":\"https:\\\/\\\/parnassius-apollo.life\\\/cs\"},{\"@type\":\"ListItem\",\"position\":2,\"name\":\"Pawel Adamski\"}]},{\"@type\":\"WebSite\",\"@id\":\"https:\\\/\\\/parnassius-apollo.life\\\/cs#website\",\"url\":\"https:\\\/\\\/parnassius-apollo.life\\\/cs\",\"name\":\"Parnassius apollo project LIFE Apollo2020\",\"description\":\"Conservation of Parnassius apollo in Czechia, Poland and Austria\",\"publisher\":{\"@id\":\"https:\\\/\\\/parnassius-apollo.life\\\/cs#organization\"},\"potentialAction\":[{\"@type\":\"SearchAction\",\"target\":{\"@type\":\"EntryPoint\",\"urlTemplate\":\"https:\\\/\\\/parnassius-apollo.life\\\/cs?s={search_term_string}\"},\"query-input\":{\"@type\":\"PropertyValueSpecification\",\"valueRequired\":true,\"valueName\":\"search_term_string\"}}],\"inLanguage\":\"cs\"},{\"@type\":\"Organization\",\"@id\":\"https:\\\/\\\/parnassius-apollo.life\\\/cs#organization\",\"name\":\"LIFE Apollo 2020\",\"alternateName\":\"Parnassius Apollo LIFE Project\",\"url\":\"https:\\\/\\\/parnassius-apollo.life\\\/cs\",\"logo\":{\"@type\":\"ImageObject\",\"inLanguage\":\"cs\",\"@id\":\"https:\\\/\\\/parnassius-apollo.life\\\/cs#\\\/schema\\\/logo\\\/image\\\/\",\"url\":\"https:\\\/\\\/i0.wp.com\\\/parnassius-apollo.life\\\/wp-content\\\/uploads\\\/2022\\\/05\\\/LIFE_Apollo_Final-e1651506328254.png?fit=127%2C150&ssl=1\",\"contentUrl\":\"https:\\\/\\\/i0.wp.com\\\/parnassius-apollo.life\\\/wp-content\\\/uploads\\\/2022\\\/05\\\/LIFE_Apollo_Final-e1651506328254.png?fit=127%2C150&ssl=1\",\"width\":127,\"height\":150,\"caption\":\"LIFE Apollo 2020\"},\"image\":{\"@id\":\"https:\\\/\\\/parnassius-apollo.life\\\/cs#\\\/schema\\\/logo\\\/image\\\/\"},\"email\":\"info@apollo-2020.life\",\"legalName\":\"Karkonoski Park Narodowy\",\"numberOfEmployees\":{\"@type\":\"QuantitativeValue\",\"minValue\":\"51\",\"maxValue\":\"200\"}}]}<\/script>\n<!-- \/ Yoast SEO Premium plugin. -->","yoast_head_json":{"title":"Pawel Adamski - Parnassius apollo project LIFE Apollo2020","robots":{"index":"index","follow":"follow","max-snippet":"max-snippet:-1","max-image-preview":"max-image-preview:large","max-video-preview":"max-video-preview:-1"},"canonical":"https:\/\/parnassius-apollo.life\/cs\/pawel-adamski","og_locale":"cs_CZ","og_type":"article","og_title":"Pawel Adamski","og_description":"ROLE V PROJEKTU Extern\u00ed odborn\u00edk ZEM\u011a Polsko Institut ochrany p\u0159\u00edrody je instituc\u00ed II. odd\u011blen\u00ed Polsk\u00e9 akademie v\u011bd. \u00dastav prov\u00e1d\u00ed v\u00fdzkum","og_url":"https:\/\/parnassius-apollo.life\/cs\/pawel-adamski","og_site_name":"Parnassius apollo project LIFE Apollo2020","article_modified_time":"2024-11-30T17:39:41+00:00","og_image":[{"url":"https:\/\/parnassius-apollo.life\/wp-content\/uploads\/2023\/11\/Institute_of_Nature_Conservation_PAS.png","type":"","width":"","height":""}],"twitter_card":"summary_large_image","twitter_misc":{"Odhadovan\u00e1 doba \u010dten\u00ed":"1 minuta"},"schema":{"@context":"https:\/\/schema.org","@graph":[{"@type":"WebPage","@id":"https:\/\/parnassius-apollo.life\/cs\/pawel-adamski","url":"https:\/\/parnassius-apollo.life\/cs\/pawel-adamski","name":"Pawel Adamski - Parnassius apollo project LIFE Apollo2020","isPartOf":{"@id":"https:\/\/parnassius-apollo.life\/cs#website"},"primaryImageOfPage":{"@id":"https:\/\/parnassius-apollo.life\/cs\/pawel-adamski#primaryimage"},"image":{"@id":"https:\/\/parnassius-apollo.life\/cs\/pawel-adamski#primaryimage"},"thumbnailUrl":"https:\/\/parnassius-apollo.life\/wp-content\/uploads\/2023\/11\/Institute_of_Nature_Conservation_PAS.png","datePublished":"2024-11-30T17:39:40+00:00","dateModified":"2024-11-30T17:39:41+00:00","breadcrumb":{"@id":"https:\/\/parnassius-apollo.life\/cs\/pawel-adamski#breadcrumb"},"inLanguage":"cs","potentialAction":[{"@type":"ReadAction","target":["https:\/\/parnassius-apollo.life\/cs\/pawel-adamski"]}]},{"@type":"ImageObject","inLanguage":"cs","@id":"https:\/\/parnassius-apollo.life\/cs\/pawel-adamski#primaryimage","url":"https:\/\/parnassius-apollo.life\/wp-content\/uploads\/2023\/11\/Institute_of_Nature_Conservation_PAS.png","contentUrl":"https:\/\/parnassius-apollo.life\/wp-content\/uploads\/2023\/11\/Institute_of_Nature_Conservation_PAS.png"},{"@type":"BreadcrumbList","@id":"https:\/\/parnassius-apollo.life\/cs\/pawel-adamski#breadcrumb","itemListElement":[{"@type":"ListItem","position":1,"name":"Home","item":"https:\/\/parnassius-apollo.life\/cs"},{"@type":"ListItem","position":2,"name":"Pawel Adamski"}]},{"@type":"WebSite","@id":"https:\/\/parnassius-apollo.life\/cs#website","url":"https:\/\/parnassius-apollo.life\/cs","name":"Parnassius apollo project LIFE Apollo2020","description":"Conservation of Parnassius apollo in Czechia, Poland and Austria","publisher":{"@id":"https:\/\/parnassius-apollo.life\/cs#organization"},"potentialAction":[{"@type":"SearchAction","target":{"@type":"EntryPoint","urlTemplate":"https:\/\/parnassius-apollo.life\/cs?s={search_term_string}"},"query-input":{"@type":"PropertyValueSpecification","valueRequired":true,"valueName":"search_term_string"}}],"inLanguage":"cs"},{"@type":"Organization","@id":"https:\/\/parnassius-apollo.life\/cs#organization","name":"LIFE Apollo 2020","alternateName":"Parnassius Apollo LIFE Project","url":"https:\/\/parnassius-apollo.life\/cs","logo":{"@type":"ImageObject","inLanguage":"cs","@id":"https:\/\/parnassius-apollo.life\/cs#\/schema\/logo\/image\/","url":"https:\/\/i0.wp.com\/parnassius-apollo.life\/wp-content\/uploads\/2022\/05\/LIFE_Apollo_Final-e1651506328254.png?fit=127%2C150&ssl=1","contentUrl":"https:\/\/i0.wp.com\/parnassius-apollo.life\/wp-content\/uploads\/2022\/05\/LIFE_Apollo_Final-e1651506328254.png?fit=127%2C150&ssl=1","width":127,"height":150,"caption":"LIFE Apollo 2020"},"image":{"@id":"https:\/\/parnassius-apollo.life\/cs#\/schema\/logo\/image\/"},"email":"info@apollo-2020.life","legalName":"Karkonoski Park Narodowy","numberOfEmployees":{"@type":"QuantitativeValue","minValue":"51","maxValue":"200"}}]}},"jetpack_likes_enabled":true,"jetpack_sharing_enabled":true,"_links":{"self":[{"href":"https:\/\/parnassius-apollo.life\/cs\/wp-json\/wp\/v2\/pages\/8452","targetHints":{"allow":["GET"]}}],"collection":[{"href":"https:\/\/parnassius-apollo.life\/cs\/wp-json\/wp\/v2\/pages"}],"about":[{"href":"https:\/\/parnassius-apollo.life\/cs\/wp-json\/wp\/v2\/types\/page"}],"author":[{"embeddable":true,"href":"https:\/\/parnassius-apollo.life\/cs\/wp-json\/wp\/v2\/users\/33"}],"replies":[{"embeddable":true,"href":"https:\/\/parnassius-apollo.life\/cs\/wp-json\/wp\/v2\/comments?post=8452"}],"version-history":[{"count":0,"href":"https:\/\/parnassius-apollo.life\/cs\/wp-json\/wp\/v2\/pages\/8452\/revisions"}],"wp:attachment":[{"href":"https:\/\/parnassius-apollo.life\/cs\/wp-json\/wp\/v2\/media?parent=8452"}],"curies":[{"name":"wp","href":"https:\/\/api.w.org\/{rel}","templated":true}]}}