{"id":8287,"date":"2024-11-30T15:57:45","date_gmt":"2024-11-30T14:57:45","guid":{"rendered":"https:\/\/parnassius-apollo.life\/polsko"},"modified":"2024-11-30T15:58:28","modified_gmt":"2024-11-30T14:58:28","slug":"polsko","status":"publish","type":"page","link":"https:\/\/parnassius-apollo.life\/cs\/polsko","title":{"rendered":"Polsko"},"content":{"rendered":"\n<p>#bigwhitemotile #citizensciene<\/p>\n\n<h3 class=\"wp-block-heading\" id=\"h-rozejrzyj-sie-za-duzym-bialym-motylem\">Rozhl\u00e9dn\u011bte se po velk\u00e9m b\u00edl\u00e9m mot\u00fdlu!<\/h3>\n\n<p>P\u0159ipojte se k pozorov\u00e1n\u00ed NIEPYLAKA! Pokud naraz\u00edte na velk\u00e9ho b\u00edl\u00e9ho mot\u00fdla, m\u016f\u017ee to b\u00fdt jen mravenec. Vyfo\u0165te ho a spolu s datem a m\u00edstem setk\u00e1n\u00ed ho po\u0161lete na adresu: <strong>niepylak@kpnmab.pl<\/strong>.<\/p>\n\n<p>Va\u0161e pozorov\u00e1n\u00ed bude zaneseno do v\u011bdeck\u00e9 datab\u00e1ze a vy se stanete sou\u010d\u00e1st\u00ed d\u016fle\u017eit\u00e9ho projektu.<\/p>\n\n<p>Pouze s va\u0161\u00edm nasazen\u00edm m\u016f\u017eeme zmapovat v\u00fdskyt tohoto vz\u00e1cn\u00e9ho a ohro\u017een\u00e9ho druhu. Zjist\u011bte v\u00edce\/ Sledujte n\u00e1s na Facebooku a <a href=\"https:\/\/www.instagram.com\/karkonoski_pn\/\">Instagramu KPN<\/a> pro polsky mluv\u00edc\u00ed, <a href=\"https:\/\/www.instagram.com\/the_real_parnassius_apollo\/\">Instagramu the-real-parn apollo<\/a> pro anglicky mluv\u00edc\u00ed a na webov\u00fdch str\u00e1nk\u00e1ch, kter\u00e9 pr\u00e1v\u011b nav\u0161t\u011bvujete.<\/p>\n\n<p>Pokud pou\u017e\u00edv\u00e1te webov\u00e9 aplikace, <strong>st\u00e1hn\u011bte si iNaturalist-apps, kter\u00e9<\/strong> lze pou\u017e\u00edvat po cel\u00e9m sv\u011bt\u011b, a p\u0159ipojte se k na\u0161emu projektu:<\/p>\n\n<p><a href=\"https:\/\/www.inaturalist.org\/projects\/life-citizen-science-for-parnassius-apollo\">https:\/\/www.inaturalist.org\/projects\/life-citizen-science-for-parnassius-apollo<\/a><\/p>\n\n<p>Va\u0161e pozorov\u00e1n\u00ed z oblasti Sudet budou za\u0159azena do datab\u00e1ze mezin\u00e1rodn\u00edho projektu LIFEApollo2020. Spole\u010dn\u011b zjist\u00edme, zda na\u0161e \u00fasil\u00ed o obnovu mot\u00fdla p\u0159in\u00e1\u0161\u00ed pozitivn\u00ed v\u00fdsledky, a posoud\u00edme, jak mu m\u016f\u017eeme je\u0161t\u011b pomoci. Spole\u010dn\u011b dok\u00e1\u017eeme v\u00edc!<\/p>\n","protected":false},"excerpt":{"rendered":"<p>#bigwhitemotile #citizensciene Rozhl\u00e9dn\u011bte se po velk\u00e9m b\u00edl\u00e9m mot\u00fdlu! P\u0159ipojte se k pozorov\u00e1n\u00ed NIEPYLAKA! Pokud naraz\u00edte na velk\u00e9ho b\u00edl\u00e9ho mot\u00fdla, m\u016f\u017ee<\/p>\n","protected":false},"author":33,"featured_media":0,"parent":0,"menu_order":0,"comment_status":"closed","ping_status":"closed","template":"","meta":{"colormag_page_container_layout":"default_layout","colormag_page_sidebar_layout":"default_layout","ghostkit_customizer_options":"","ghostkit_custom_css":"","ghostkit_custom_js_head":"","ghostkit_custom_js_foot":"","ghostkit_typography":"","jetpack_post_was_ever_published":false,"footnotes":""},"class_list":["post-8287","page","type-page","status-publish","hentry"],"yoast_head":"<!-- This site is optimized with the Yoast SEO Premium plugin v27.3 (Yoast SEO v27.3) - https:\/\/yoast.com\/product\/yoast-seo-premium-wordpress\/ -->\n<title>Polsko - Parnassius apollo project LIFE Apollo2020<\/title>\n<meta name=\"robots\" content=\"index, follow, max-snippet:-1, max-image-preview:large, max-video-preview:-1\" \/>\n<link rel=\"canonical\" href=\"https:\/\/parnassius-apollo.life\/cs\/polsko\" \/>\n<meta property=\"og:locale\" content=\"cs_CZ\" \/>\n<meta property=\"og:type\" content=\"article\" \/>\n<meta property=\"og:title\" content=\"Polsko\" \/>\n<meta property=\"og:description\" content=\"#bigwhitemotile #citizensciene Rozhl\u00e9dn\u011bte se po velk\u00e9m b\u00edl\u00e9m mot\u00fdlu! P\u0159ipojte se k pozorov\u00e1n\u00ed NIEPYLAKA! Pokud naraz\u00edte na velk\u00e9ho b\u00edl\u00e9ho mot\u00fdla, m\u016f\u017ee\" \/>\n<meta property=\"og:url\" content=\"https:\/\/parnassius-apollo.life\/cs\/polsko\" \/>\n<meta property=\"og:site_name\" content=\"Parnassius apollo project LIFE Apollo2020\" \/>\n<meta property=\"article:modified_time\" content=\"2024-11-30T14:58:28+00:00\" \/>\n<meta property=\"og:image\" content=\"https:\/\/i0.wp.com\/parnassius-apollo.life\/wp-content\/uploads\/2022\/05\/LIFE_Apollo_Final-e1651506328254.png?fit=127%2C150&ssl=1\" \/>\n\t<meta property=\"og:image:width\" content=\"127\" \/>\n\t<meta property=\"og:image:height\" content=\"150\" \/>\n\t<meta property=\"og:image:type\" content=\"image\/png\" \/>\n<meta name=\"twitter:card\" content=\"summary_large_image\" \/>\n<meta name=\"twitter:label1\" content=\"Odhadovan\u00e1 doba \u010dten\u00ed\" \/>\n\t<meta name=\"twitter:data1\" content=\"1 minuta\" \/>\n<script type=\"application\/ld+json\" class=\"yoast-schema-graph\">{\"@context\":\"https:\\\/\\\/schema.org\",\"@graph\":[{\"@type\":\"WebPage\",\"@id\":\"https:\\\/\\\/parnassius-apollo.life\\\/cs\\\/polsko\",\"url\":\"https:\\\/\\\/parnassius-apollo.life\\\/cs\\\/polsko\",\"name\":\"Polsko - Parnassius apollo project LIFE Apollo2020\",\"isPartOf\":{\"@id\":\"https:\\\/\\\/parnassius-apollo.life\\\/cs#website\"},\"datePublished\":\"2024-11-30T14:57:45+00:00\",\"dateModified\":\"2024-11-30T14:58:28+00:00\",\"breadcrumb\":{\"@id\":\"https:\\\/\\\/parnassius-apollo.life\\\/cs\\\/polsko#breadcrumb\"},\"inLanguage\":\"cs\",\"potentialAction\":[{\"@type\":\"ReadAction\",\"target\":[\"https:\\\/\\\/parnassius-apollo.life\\\/cs\\\/polsko\"]}]},{\"@type\":\"BreadcrumbList\",\"@id\":\"https:\\\/\\\/parnassius-apollo.life\\\/cs\\\/polsko#breadcrumb\",\"itemListElement\":[{\"@type\":\"ListItem\",\"position\":1,\"name\":\"Home\",\"item\":\"https:\\\/\\\/parnassius-apollo.life\\\/cs\"},{\"@type\":\"ListItem\",\"position\":2,\"name\":\"Polsko\"}]},{\"@type\":\"WebSite\",\"@id\":\"https:\\\/\\\/parnassius-apollo.life\\\/cs#website\",\"url\":\"https:\\\/\\\/parnassius-apollo.life\\\/cs\",\"name\":\"Parnassius apollo project LIFE Apollo2020\",\"description\":\"Conservation of Parnassius apollo in Czechia, Poland and Austria\",\"publisher\":{\"@id\":\"https:\\\/\\\/parnassius-apollo.life\\\/cs#organization\"},\"potentialAction\":[{\"@type\":\"SearchAction\",\"target\":{\"@type\":\"EntryPoint\",\"urlTemplate\":\"https:\\\/\\\/parnassius-apollo.life\\\/cs?s={search_term_string}\"},\"query-input\":{\"@type\":\"PropertyValueSpecification\",\"valueRequired\":true,\"valueName\":\"search_term_string\"}}],\"inLanguage\":\"cs\"},{\"@type\":\"Organization\",\"@id\":\"https:\\\/\\\/parnassius-apollo.life\\\/cs#organization\",\"name\":\"LIFE Apollo 2020\",\"alternateName\":\"Parnassius Apollo LIFE Project\",\"url\":\"https:\\\/\\\/parnassius-apollo.life\\\/cs\",\"logo\":{\"@type\":\"ImageObject\",\"inLanguage\":\"cs\",\"@id\":\"https:\\\/\\\/parnassius-apollo.life\\\/cs#\\\/schema\\\/logo\\\/image\\\/\",\"url\":\"https:\\\/\\\/i0.wp.com\\\/parnassius-apollo.life\\\/wp-content\\\/uploads\\\/2022\\\/05\\\/LIFE_Apollo_Final-e1651506328254.png?fit=127%2C150&ssl=1\",\"contentUrl\":\"https:\\\/\\\/i0.wp.com\\\/parnassius-apollo.life\\\/wp-content\\\/uploads\\\/2022\\\/05\\\/LIFE_Apollo_Final-e1651506328254.png?fit=127%2C150&ssl=1\",\"width\":127,\"height\":150,\"caption\":\"LIFE Apollo 2020\"},\"image\":{\"@id\":\"https:\\\/\\\/parnassius-apollo.life\\\/cs#\\\/schema\\\/logo\\\/image\\\/\"},\"email\":\"info@apollo-2020.life\",\"legalName\":\"Karkonoski Park Narodowy\",\"numberOfEmployees\":{\"@type\":\"QuantitativeValue\",\"minValue\":\"51\",\"maxValue\":\"200\"}}]}<\/script>\n<!-- \/ Yoast SEO Premium plugin. -->","yoast_head_json":{"title":"Polsko - Parnassius apollo project LIFE Apollo2020","robots":{"index":"index","follow":"follow","max-snippet":"max-snippet:-1","max-image-preview":"max-image-preview:large","max-video-preview":"max-video-preview:-1"},"canonical":"https:\/\/parnassius-apollo.life\/cs\/polsko","og_locale":"cs_CZ","og_type":"article","og_title":"Polsko","og_description":"#bigwhitemotile #citizensciene Rozhl\u00e9dn\u011bte se po velk\u00e9m b\u00edl\u00e9m mot\u00fdlu! P\u0159ipojte se k pozorov\u00e1n\u00ed NIEPYLAKA! Pokud naraz\u00edte na velk\u00e9ho b\u00edl\u00e9ho mot\u00fdla, m\u016f\u017ee","og_url":"https:\/\/parnassius-apollo.life\/cs\/polsko","og_site_name":"Parnassius apollo project LIFE Apollo2020","article_modified_time":"2024-11-30T14:58:28+00:00","og_image":[{"width":127,"height":150,"url":"https:\/\/i0.wp.com\/parnassius-apollo.life\/wp-content\/uploads\/2022\/05\/LIFE_Apollo_Final-e1651506328254.png?fit=127%2C150&ssl=1","type":"image\/png"}],"twitter_card":"summary_large_image","twitter_misc":{"Odhadovan\u00e1 doba \u010dten\u00ed":"1 minuta"},"schema":{"@context":"https:\/\/schema.org","@graph":[{"@type":"WebPage","@id":"https:\/\/parnassius-apollo.life\/cs\/polsko","url":"https:\/\/parnassius-apollo.life\/cs\/polsko","name":"Polsko - Parnassius apollo project LIFE Apollo2020","isPartOf":{"@id":"https:\/\/parnassius-apollo.life\/cs#website"},"datePublished":"2024-11-30T14:57:45+00:00","dateModified":"2024-11-30T14:58:28+00:00","breadcrumb":{"@id":"https:\/\/parnassius-apollo.life\/cs\/polsko#breadcrumb"},"inLanguage":"cs","potentialAction":[{"@type":"ReadAction","target":["https:\/\/parnassius-apollo.life\/cs\/polsko"]}]},{"@type":"BreadcrumbList","@id":"https:\/\/parnassius-apollo.life\/cs\/polsko#breadcrumb","itemListElement":[{"@type":"ListItem","position":1,"name":"Home","item":"https:\/\/parnassius-apollo.life\/cs"},{"@type":"ListItem","position":2,"name":"Polsko"}]},{"@type":"WebSite","@id":"https:\/\/parnassius-apollo.life\/cs#website","url":"https:\/\/parnassius-apollo.life\/cs","name":"Parnassius apollo project LIFE Apollo2020","description":"Conservation of Parnassius apollo in Czechia, Poland and Austria","publisher":{"@id":"https:\/\/parnassius-apollo.life\/cs#organization"},"potentialAction":[{"@type":"SearchAction","target":{"@type":"EntryPoint","urlTemplate":"https:\/\/parnassius-apollo.life\/cs?s={search_term_string}"},"query-input":{"@type":"PropertyValueSpecification","valueRequired":true,"valueName":"search_term_string"}}],"inLanguage":"cs"},{"@type":"Organization","@id":"https:\/\/parnassius-apollo.life\/cs#organization","name":"LIFE Apollo 2020","alternateName":"Parnassius Apollo LIFE Project","url":"https:\/\/parnassius-apollo.life\/cs","logo":{"@type":"ImageObject","inLanguage":"cs","@id":"https:\/\/parnassius-apollo.life\/cs#\/schema\/logo\/image\/","url":"https:\/\/i0.wp.com\/parnassius-apollo.life\/wp-content\/uploads\/2022\/05\/LIFE_Apollo_Final-e1651506328254.png?fit=127%2C150&ssl=1","contentUrl":"https:\/\/i0.wp.com\/parnassius-apollo.life\/wp-content\/uploads\/2022\/05\/LIFE_Apollo_Final-e1651506328254.png?fit=127%2C150&ssl=1","width":127,"height":150,"caption":"LIFE Apollo 2020"},"image":{"@id":"https:\/\/parnassius-apollo.life\/cs#\/schema\/logo\/image\/"},"email":"info@apollo-2020.life","legalName":"Karkonoski Park Narodowy","numberOfEmployees":{"@type":"QuantitativeValue","minValue":"51","maxValue":"200"}}]}},"jetpack_likes_enabled":true,"jetpack_sharing_enabled":true,"_links":{"self":[{"href":"https:\/\/parnassius-apollo.life\/cs\/wp-json\/wp\/v2\/pages\/8287","targetHints":{"allow":["GET"]}}],"collection":[{"href":"https:\/\/parnassius-apollo.life\/cs\/wp-json\/wp\/v2\/pages"}],"about":[{"href":"https:\/\/parnassius-apollo.life\/cs\/wp-json\/wp\/v2\/types\/page"}],"author":[{"embeddable":true,"href":"https:\/\/parnassius-apollo.life\/cs\/wp-json\/wp\/v2\/users\/33"}],"replies":[{"embeddable":true,"href":"https:\/\/parnassius-apollo.life\/cs\/wp-json\/wp\/v2\/comments?post=8287"}],"version-history":[{"count":0,"href":"https:\/\/parnassius-apollo.life\/cs\/wp-json\/wp\/v2\/pages\/8287\/revisions"}],"wp:attachment":[{"href":"https:\/\/parnassius-apollo.life\/cs\/wp-json\/wp\/v2\/media?parent=8287"}],"curies":[{"name":"wp","href":"https:\/\/api.w.org\/{rel}","templated":true}]}}