{"id":5079,"date":"2023-02-07T07:45:40","date_gmt":"2023-02-07T06:45:40","guid":{"rendered":"https:\/\/parnassius-apollo.life\/kontakt"},"modified":"2023-02-07T07:45:41","modified_gmt":"2023-02-07T06:45:41","slug":"kontakt","status":"publish","type":"page","link":"https:\/\/parnassius-apollo.life\/cs\/kontakt","title":{"rendered":"Kontakt"},"content":{"rendered":"<div class=\"wpforms-container wpforms-container-full wpforms-block\" id=\"wpforms-103\"><form id=\"wpforms-form-103\" class=\"wpforms-validate wpforms-form\" data-formid=\"103\" method=\"post\" enctype=\"multipart\/form-data\" action=\"\/cs\/wp-json\/wp\/v2\/pages\/5079\" data-token=\"570e3aac316430aa0976894e91ba5cf7\" data-token-time=\"1775394844\"><noscript class=\"wpforms-error-noscript\">Chcete-li vyplnit tento formul\u00e1\u0159, pros\u00edm povolte v prohl\u00ed\u017ee\u010di JavaScript.<\/noscript><div class=\"wpforms-field-container\"><div id=\"wpforms-103-field_6-container\" class=\"wpforms-field wpforms-field-name\" data-field-id=\"6\"><label class=\"wpforms-field-label\">N\u00e1zev <span class=\"wpforms-required-label\">*<\/span><\/label><div class=\"wpforms-field-row wpforms-field-medium\"><div class=\"wpforms-field-row-block wpforms-first wpforms-one-half\"><input type=\"text\" id=\"wpforms-103-field_6\" class=\"wpforms-field-name-first wpforms-field-required\" name=\"wpforms[fields][6][first]\" required><label for=\"wpforms-103-field_6\" class=\"wpforms-field-sublabel after\">K\u0159estn\u00ed jm\u00e9no<\/label><\/div><div class=\"wpforms-field-row-block wpforms-one-half\"><input type=\"text\" id=\"wpforms-103-field_6-last\" class=\"wpforms-field-name-last wpforms-field-required\" name=\"wpforms[fields][6][last]\" required><label for=\"wpforms-103-field_6-last\" class=\"wpforms-field-sublabel after\">P\u0159\u00edjmen\u00ed<\/label><\/div><\/div><\/div><div id=\"wpforms-103-field_5-container\" class=\"wpforms-field wpforms-field-email\" data-field-id=\"5\"><label class=\"wpforms-field-label\" for=\"wpforms-103-field_5\">E-mail <span class=\"wpforms-required-label\">*<\/span><\/label><input type=\"email\" id=\"wpforms-103-field_5\" class=\"wpforms-field-medium wpforms-field-required\" name=\"wpforms[fields][5]\" spellcheck=\"false\" required><\/div><div id=\"wpforms-103-field_8-container\" class=\"wpforms-field wpforms-field-textarea\" data-field-id=\"8\"><label class=\"wpforms-field-label\" for=\"wpforms-103-field_8\">Va\u0161e zpr\u00e1va <span class=\"wpforms-required-label\">*<\/span><\/label><textarea id=\"wpforms-103-field_8\" class=\"wpforms-field-medium wpforms-field-required\" name=\"wpforms[fields][8]\" required><\/textarea><\/div><div id=\"wpforms-103-field_10-container\" class=\"wpforms-field wpforms-field-checkbox\" data-field-id=\"10\"><label class=\"wpforms-field-label\">Chci dost\u00e1vat pravideln\u00e9 informace o ochran\u011b druhu Parnassius apollo e-mailem.  <\/label><ul id=\"wpforms-103-field_10\"><li class=\"choice-1 depth-1 wpforms-selected\"><input type=\"checkbox\" id=\"wpforms-103-field_10_1\" name=\"wpforms[fields][10][]\" value=\"Ano\"   checked='checked'><label class=\"wpforms-field-label-inline\" for=\"wpforms-103-field_10_1\">Ano<\/label><\/li><\/ul><\/div><div id=\"wpforms-103-field_7-container\" class=\"wpforms-field wpforms-field-gdpr-checkbox\" data-field-id=\"7\"><label class=\"wpforms-field-label\">Dohoda o GDPR <span class=\"wpforms-required-label\">*<\/span><\/label><ul id=\"wpforms-103-field_7\" class=\"wpforms-field-required\"><li class=\"choice-1\"><input type=\"checkbox\" id=\"wpforms-103-field_7_1\" name=\"wpforms[fields][7][]\" value=\"Souhlas\u00edm s t\u00edm, aby tyto webov\u00e9 str\u00e1nky ukl\u00e1daly mnou zaslan\u00e9 informace a mohly tak odpov\u011bd\u011bt na m\u016fj dotaz.\" required ><label class=\"wpforms-field-label-inline\" for=\"wpforms-103-field_7_1\">Souhlas\u00edm s t\u00edm, aby tyto webov\u00e9 str\u00e1nky ukl\u00e1daly mnou zaslan\u00e9 informace a mohly tak odpov\u011bd\u011bt na m\u016fj dotaz.<\/label><\/li><\/ul><\/div><div id=\"wpforms-103-field_9-container\" class=\"wpforms-field wpforms-field-captcha\" data-field-id=\"9\"><label class=\"wpforms-field-label\" for=\"wpforms-103-field_9\">Captcha <span class=\"wpforms-required-label\">*<\/span><\/label>\t\t\t<div class=\"wpforms-captcha-math\">\n\t\t\t\t<span id=\"wpforms-103-field_9-question\" class=\"wpforms-captcha-equation\">\n\t\t\t\t\t<span class=\"n1\">13<\/span>\n\t\t\t\t\t\t\t<span class=\"cal\">+<\/span>\n\t\t\t\t\t\t\t<span class=\"n2\">3<\/span>\t\t\t\t\t<span class=\"e\">=<\/span>\n\t\t\t\t<\/span>\n\t\t\t\t<input type=\"text\" id=\"wpforms-103-field_9\" class=\"wpforms-field-medium wpforms-field-required a\" data-rule-wpf-captcha=\"math\" data-is-wrapped-field=\"1\" name=\"wpforms[fields][9][a]\" aria-describedby=\"wpforms-103-field_9-question\" required>\t\t\t\t<input type=\"hidden\" name=\"wpforms[fields][9][cal]\" class=\"cal\">\n\t\t\t\t<input type=\"hidden\" name=\"wpforms[fields][9][n2]\" class=\"n2\">\n\t\t\t\t<input type=\"hidden\" name=\"wpforms[fields][9][n1]\" class=\"n1\">\n\t\t\t<\/div>\n\t\t\t<\/div><\/div><!-- .wpforms-field-container --><input type=\"hidden\" name=\"nlang\" value=\"cs\"><div class=\"wpforms-submit-container\" ><input type=\"hidden\" name=\"wpforms[id]\" value=\"103\"><input type=\"hidden\" name=\"page_title\" value=\"\"><input type=\"hidden\" name=\"page_url\" value=\"https:\/\/parnassius-apollo.life\/cs\/wp-json\/wp\/v2\/pages\/5079\"><input type=\"hidden\" name=\"url_referer\" value=\"\"><button type=\"submit\" name=\"wpforms[submit]\" id=\"wpforms-submit-103\" class=\"wpforms-submit\" aria-live=\"assertive\" value=\"wpforms-submit\">Odeslat<\/button><\/div><\/form><\/div>  <!-- .wpforms-container -->","protected":false},"excerpt":{"rendered":"","protected":false},"author":1,"featured_media":0,"parent":0,"menu_order":0,"comment_status":"closed","ping_status":"closed","template":"","meta":{"colormag_page_container_layout":"default_layout","colormag_page_sidebar_layout":"default_layout","ghostkit_customizer_options":"","ghostkit_custom_css":"","ghostkit_custom_js_head":"","ghostkit_custom_js_foot":"","ghostkit_typography":"","jetpack_post_was_ever_published":false,"footnotes":""},"class_list":["post-5079","page","type-page","status-publish","hentry"],"yoast_head":"<!-- This site is optimized with the Yoast SEO Premium plugin v27.3 (Yoast SEO v27.3) - https:\/\/yoast.com\/product\/yoast-seo-premium-wordpress\/ -->\n<title>Kontakt - Parnassius apollo project LIFE Apollo2020<\/title>\n<meta name=\"robots\" content=\"index, follow, max-snippet:-1, max-image-preview:large, max-video-preview:-1\" \/>\n<link rel=\"canonical\" href=\"https:\/\/parnassius-apollo.life\/cs\/kontakt\" \/>\n<meta property=\"og:locale\" content=\"cs_CZ\" \/>\n<meta property=\"og:type\" content=\"article\" \/>\n<meta property=\"og:title\" content=\"Kontakt\" \/>\n<meta property=\"og:url\" content=\"https:\/\/parnassius-apollo.life\/cs\/kontakt\" \/>\n<meta property=\"og:site_name\" content=\"Parnassius apollo project LIFE Apollo2020\" \/>\n<meta property=\"article:modified_time\" content=\"2023-02-07T06:45:41+00:00\" \/>\n<meta property=\"og:image\" content=\"https:\/\/i0.wp.com\/parnassius-apollo.life\/wp-content\/uploads\/2022\/05\/LIFE_Apollo_Final-e1651506328254.png?fit=127%2C150&ssl=1\" \/>\n\t<meta property=\"og:image:width\" content=\"127\" \/>\n\t<meta property=\"og:image:height\" content=\"150\" \/>\n\t<meta property=\"og:image:type\" content=\"image\/png\" \/>\n<meta name=\"twitter:card\" content=\"summary_large_image\" \/>\n<script type=\"application\/ld+json\" class=\"yoast-schema-graph\">{\"@context\":\"https:\\\/\\\/schema.org\",\"@graph\":[{\"@type\":\"WebPage\",\"@id\":\"https:\\\/\\\/parnassius-apollo.life\\\/cs\\\/kontakt\",\"url\":\"https:\\\/\\\/parnassius-apollo.life\\\/cs\\\/kontakt\",\"name\":\"Kontakt - Parnassius apollo project LIFE Apollo2020\",\"isPartOf\":{\"@id\":\"https:\\\/\\\/parnassius-apollo.life\\\/cs#website\"},\"datePublished\":\"2023-02-07T06:45:40+00:00\",\"dateModified\":\"2023-02-07T06:45:41+00:00\",\"breadcrumb\":{\"@id\":\"https:\\\/\\\/parnassius-apollo.life\\\/cs\\\/kontakt#breadcrumb\"},\"inLanguage\":\"cs\",\"potentialAction\":[{\"@type\":\"ReadAction\",\"target\":[\"https:\\\/\\\/parnassius-apollo.life\\\/cs\\\/kontakt\"]}]},{\"@type\":\"BreadcrumbList\",\"@id\":\"https:\\\/\\\/parnassius-apollo.life\\\/cs\\\/kontakt#breadcrumb\",\"itemListElement\":[{\"@type\":\"ListItem\",\"position\":1,\"name\":\"Home\",\"item\":\"https:\\\/\\\/parnassius-apollo.life\\\/cs\"},{\"@type\":\"ListItem\",\"position\":2,\"name\":\"Kontakt\"}]},{\"@type\":\"WebSite\",\"@id\":\"https:\\\/\\\/parnassius-apollo.life\\\/cs#website\",\"url\":\"https:\\\/\\\/parnassius-apollo.life\\\/cs\",\"name\":\"Parnassius apollo project LIFE Apollo2020\",\"description\":\"Conservation of Parnassius apollo in Czechia, Poland and Austria\",\"publisher\":{\"@id\":\"https:\\\/\\\/parnassius-apollo.life\\\/cs#organization\"},\"potentialAction\":[{\"@type\":\"SearchAction\",\"target\":{\"@type\":\"EntryPoint\",\"urlTemplate\":\"https:\\\/\\\/parnassius-apollo.life\\\/cs?s={search_term_string}\"},\"query-input\":{\"@type\":\"PropertyValueSpecification\",\"valueRequired\":true,\"valueName\":\"search_term_string\"}}],\"inLanguage\":\"cs\"},{\"@type\":\"Organization\",\"@id\":\"https:\\\/\\\/parnassius-apollo.life\\\/cs#organization\",\"name\":\"LIFE Apollo 2020\",\"alternateName\":\"Parnassius Apollo LIFE Project\",\"url\":\"https:\\\/\\\/parnassius-apollo.life\\\/cs\",\"logo\":{\"@type\":\"ImageObject\",\"inLanguage\":\"cs\",\"@id\":\"https:\\\/\\\/parnassius-apollo.life\\\/cs#\\\/schema\\\/logo\\\/image\\\/\",\"url\":\"https:\\\/\\\/i0.wp.com\\\/parnassius-apollo.life\\\/wp-content\\\/uploads\\\/2022\\\/05\\\/LIFE_Apollo_Final-e1651506328254.png?fit=127%2C150&ssl=1\",\"contentUrl\":\"https:\\\/\\\/i0.wp.com\\\/parnassius-apollo.life\\\/wp-content\\\/uploads\\\/2022\\\/05\\\/LIFE_Apollo_Final-e1651506328254.png?fit=127%2C150&ssl=1\",\"width\":127,\"height\":150,\"caption\":\"LIFE Apollo 2020\"},\"image\":{\"@id\":\"https:\\\/\\\/parnassius-apollo.life\\\/cs#\\\/schema\\\/logo\\\/image\\\/\"},\"email\":\"info@apollo-2020.life\",\"legalName\":\"Karkonoski Park Narodowy\",\"numberOfEmployees\":{\"@type\":\"QuantitativeValue\",\"minValue\":\"51\",\"maxValue\":\"200\"}}]}<\/script>\n<!-- \/ Yoast SEO Premium plugin. -->","yoast_head_json":{"title":"Kontakt - Parnassius apollo project LIFE Apollo2020","robots":{"index":"index","follow":"follow","max-snippet":"max-snippet:-1","max-image-preview":"max-image-preview:large","max-video-preview":"max-video-preview:-1"},"canonical":"https:\/\/parnassius-apollo.life\/cs\/kontakt","og_locale":"cs_CZ","og_type":"article","og_title":"Kontakt","og_url":"https:\/\/parnassius-apollo.life\/cs\/kontakt","og_site_name":"Parnassius apollo project LIFE Apollo2020","article_modified_time":"2023-02-07T06:45:41+00:00","og_image":[{"width":127,"height":150,"url":"https:\/\/i0.wp.com\/parnassius-apollo.life\/wp-content\/uploads\/2022\/05\/LIFE_Apollo_Final-e1651506328254.png?fit=127%2C150&ssl=1","type":"image\/png"}],"twitter_card":"summary_large_image","schema":{"@context":"https:\/\/schema.org","@graph":[{"@type":"WebPage","@id":"https:\/\/parnassius-apollo.life\/cs\/kontakt","url":"https:\/\/parnassius-apollo.life\/cs\/kontakt","name":"Kontakt - Parnassius apollo project LIFE Apollo2020","isPartOf":{"@id":"https:\/\/parnassius-apollo.life\/cs#website"},"datePublished":"2023-02-07T06:45:40+00:00","dateModified":"2023-02-07T06:45:41+00:00","breadcrumb":{"@id":"https:\/\/parnassius-apollo.life\/cs\/kontakt#breadcrumb"},"inLanguage":"cs","potentialAction":[{"@type":"ReadAction","target":["https:\/\/parnassius-apollo.life\/cs\/kontakt"]}]},{"@type":"BreadcrumbList","@id":"https:\/\/parnassius-apollo.life\/cs\/kontakt#breadcrumb","itemListElement":[{"@type":"ListItem","position":1,"name":"Home","item":"https:\/\/parnassius-apollo.life\/cs"},{"@type":"ListItem","position":2,"name":"Kontakt"}]},{"@type":"WebSite","@id":"https:\/\/parnassius-apollo.life\/cs#website","url":"https:\/\/parnassius-apollo.life\/cs","name":"Parnassius apollo project LIFE Apollo2020","description":"Conservation of Parnassius apollo in Czechia, Poland and Austria","publisher":{"@id":"https:\/\/parnassius-apollo.life\/cs#organization"},"potentialAction":[{"@type":"SearchAction","target":{"@type":"EntryPoint","urlTemplate":"https:\/\/parnassius-apollo.life\/cs?s={search_term_string}"},"query-input":{"@type":"PropertyValueSpecification","valueRequired":true,"valueName":"search_term_string"}}],"inLanguage":"cs"},{"@type":"Organization","@id":"https:\/\/parnassius-apollo.life\/cs#organization","name":"LIFE Apollo 2020","alternateName":"Parnassius Apollo LIFE Project","url":"https:\/\/parnassius-apollo.life\/cs","logo":{"@type":"ImageObject","inLanguage":"cs","@id":"https:\/\/parnassius-apollo.life\/cs#\/schema\/logo\/image\/","url":"https:\/\/i0.wp.com\/parnassius-apollo.life\/wp-content\/uploads\/2022\/05\/LIFE_Apollo_Final-e1651506328254.png?fit=127%2C150&ssl=1","contentUrl":"https:\/\/i0.wp.com\/parnassius-apollo.life\/wp-content\/uploads\/2022\/05\/LIFE_Apollo_Final-e1651506328254.png?fit=127%2C150&ssl=1","width":127,"height":150,"caption":"LIFE Apollo 2020"},"image":{"@id":"https:\/\/parnassius-apollo.life\/cs#\/schema\/logo\/image\/"},"email":"info@apollo-2020.life","legalName":"Karkonoski Park Narodowy","numberOfEmployees":{"@type":"QuantitativeValue","minValue":"51","maxValue":"200"}}]}},"jetpack_likes_enabled":true,"jetpack_sharing_enabled":true,"_links":{"self":[{"href":"https:\/\/parnassius-apollo.life\/cs\/wp-json\/wp\/v2\/pages\/5079","targetHints":{"allow":["GET"]}}],"collection":[{"href":"https:\/\/parnassius-apollo.life\/cs\/wp-json\/wp\/v2\/pages"}],"about":[{"href":"https:\/\/parnassius-apollo.life\/cs\/wp-json\/wp\/v2\/types\/page"}],"author":[{"embeddable":true,"href":"https:\/\/parnassius-apollo.life\/cs\/wp-json\/wp\/v2\/users\/1"}],"replies":[{"embeddable":true,"href":"https:\/\/parnassius-apollo.life\/cs\/wp-json\/wp\/v2\/comments?post=5079"}],"version-history":[{"count":0,"href":"https:\/\/parnassius-apollo.life\/cs\/wp-json\/wp\/v2\/pages\/5079\/revisions"}],"wp:attachment":[{"href":"https:\/\/parnassius-apollo.life\/cs\/wp-json\/wp\/v2\/media?parent=5079"}],"curies":[{"name":"wp","href":"https:\/\/api.w.org\/{rel}","templated":true}]}}