{"id":4697,"date":"2022-11-02T13:39:45","date_gmt":"2022-11-02T12:39:45","guid":{"rendered":"https:\/\/parnassius-apollo.life\/o-projektu"},"modified":"2026-02-13T02:47:36","modified_gmt":"2026-02-13T01:47:36","slug":"o-projektu","status":"publish","type":"page","link":"https:\/\/parnassius-apollo.life\/cs","title":{"rendered":"O projektu"},"content":{"rendered":"\n<p>\u00dadaje ze zdroj\u016f, jako je Evropsk\u00fd \u010derven\u00fd seznam mot\u00fdl\u016f, <strong>ukazuj\u00ed negativn\u00ed trendy v po\u010dtu hmyzu v Evrop\u011b<\/strong>, ve skute\u010dnosti v\u00edce ne\u017e 30 % taxon\u016f vykazuje regresi. Jedn\u00edm z nejohro\u017een\u011bj\u0161\u00edch mot\u00fdl\u016f v Evrop\u011b je jaso\u0148 \u010dervenook\u00fd (<em>Parnassius apollo<\/em>). Jeho po\u010detnost se za posledn\u00edch 25 let sn\u00ed\u017eila o 20 &#8211; 50 %.<\/p>\n\n\n\n<p>C\u00edlem tohoto mezin\u00e1rodn\u00edho projektu je obnovit populace <em>jason\u011b \u010dervenook\u00e9ho<\/em> ve 3 funk\u010dn\u00edch oblastech: v kontinent\u00e1ln\u00edm bioregionu Sudety a B\u00edl\u00e9 Karpaty a pos\u00edlen\u00ed rakousk\u00e9 populace v alpsk\u00e9m bioregionu.<\/p>\n\n\n\n<h2 class=\"wp-block-heading has-central-palette-7-color has-text-color has-medium-font-size\">Prvn\u00ed sv\u00e9ho druhu<\/h2>\n\n\n\n<p>V r\u00e1mci projektu budou vytvo\u0159eny <strong>3 dal\u0161\u00ed chovn\u00e9 farmy<\/strong> a <strong>3 nov\u00e9 funk\u010dn\u00ed oblasti<\/strong>, kter\u00e9 upevn\u00ed populace v p\u0159\u00edrodn\u00edch podm\u00ednk\u00e1ch, a tak\u00e9 nejm\u00e9n\u011b <strong>38 &#8222;n\u00e1\u0161lapn\u00fdch kamen\u016f&#8220;<\/strong>, kter\u00e9 zajist\u00ed migra\u010dn\u00ed koridory druh\u016f mezi nov\u00fdmi lokalitami. Projekt je tedy prvn\u00edm, kter\u00fd realizuje testovac\u00ed a pilotn\u00ed opat\u0159en\u00ed pro dal\u0161\u00ed rozvoj populac\u00ed v bioregionech prost\u0159ednictv\u00edm:<\/p>\n\n\n\n<ul style=\"background-color:#fffefe\" class=\"wp-block-list is-style-default has-background\">\n<li class=\"has-colormag-color-6-color has-text-color\" style=\"font-size:14px;font-style:normal;font-weight:400;line-height:1.7\">Obnoven\u00ed populac\u00ed v Polsku a v \u010cesku v kontinent\u00e1ln\u00edm bioregionu a pos\u00edlen\u00ed rakousk\u00e9 populace v alpsk\u00e9m bioregionu<\/li>\n\n\n\n<li class=\"ghostkit-custom-Z2qJ8aR has-colormag-color-6-color has-text-color\" style=\"font-size:14px;font-style:normal;font-weight:400;line-height:1.7\">Vytvo\u0159en\u00ed ucelen\u00e9 metodiky ochrany jason\u011b \u010dervenook\u00e9ho v kontinent\u00e1ln\u00edm bioregionu<\/li>\n\n\n\n<li class=\"ghostkit-custom-ZoVMY has-colormag-color-6-color has-text-color\" style=\"font-size:14px;font-style:normal;font-weight:400;line-height:1.7\">Zv\u00fd\u0161en\u00ed ochrany rozmno\u017eovac\u00edch a potravn\u00edch stanovi\u0161\u0165 jason\u011b \u010dervenook\u00e9ho<\/li>\n\n\n\n<li class=\"ghostkit-custom-2ro5QR has-colormag-color-6-color has-text-color\" style=\"font-size:14px;font-style:normal;font-weight:400;line-height:1.7\">Vytv\u00e1\u0159en\u00ed ekologick\u00fdch koridor\u016f<\/li>\n\n\n\n<li class=\"ghostkit-custom-1PVivO has-colormag-color-6-color has-text-color\" style=\"font-size:14px;font-style:normal;font-weight:400;line-height:1.7\">Zvy\u0161ov\u00e1n\u00ed pov\u011bdom\u00ed o ochran\u011b a \u00fadr\u017eb\u011b stanovi\u0161\u0165 a druhu<\/li>\n\n\n\n<li class=\"ghostkit-custom-Z1oPvk5 has-colormag-color-6-color has-text-color\" style=\"font-size:14px;font-style:normal;font-weight:400;line-height:1.7\">Pos\u00edlen\u00ed zapojen\u00ed spole\u010dnosti do ochrany druh\u016f<\/li>\n<\/ul>\n\n\n\n<div class=\"ghostkit-grid ghostkit-grid-gap-md\"><div class=\"ghostkit-grid-inner\">\n<div class=\"ghostkit-col ghostkit-col-lg-12 ghostkit-col-4\"><div class=\"ghostkit-col-content is-layout-flow wp-block-ghostkit-grid-column-is-layout-flow\">\n<div class=\"ghostkit-counter-box ghostkit-custom-Z1pKoW1\"><div class=\"ghostkit-counter-box-number ghostkit-counter-box-number-align-top ghostkit-counter-box-number-top-align-center\"><div class=\"ghostkit-counter-box-number-wrap ghostkit-count-up\">3<\/div><\/div><div class=\"ghostkit-counter-box-content is-layout-flow wp-block-ghostkit-counter-box-is-layout-flow\">\n<h3 class=\"wp-block-heading has-text-align-center ghostkit-custom-ZyUYJy\" id=\"awards\"><a href=\"https:\/\/parnassius-apollo.life\/cs\/projektove-oblasti\" target=\"_blank\" rel=\"noreferrer noopener\">St\u00e1ty<\/a><\/h3>\n<\/div><\/div>\n<\/div><\/div>\n\n\n\n<div class=\"ghostkit-col ghostkit-col-lg-12 ghostkit-col-4\"><div class=\"ghostkit-col-content is-layout-flow wp-block-ghostkit-grid-column-is-layout-flow\">\n<div class=\"ghostkit-counter-box ghostkit-custom-2rjhRt\"><div class=\"ghostkit-counter-box-number ghostkit-counter-box-number-align-top ghostkit-counter-box-number-top-align-center\"><div class=\"ghostkit-counter-box-number-wrap ghostkit-count-up\">6<\/div><\/div><div class=\"ghostkit-counter-box-content is-layout-flow wp-block-ghostkit-counter-box-is-layout-flow\">\n<h3 class=\"wp-block-heading has-text-align-center ghostkit-custom-Z1XTwuP\" id=\"users\"><a href=\"https:\/\/parnassius-apollo.life\/cs\/projektovi-partneri\" target=\"_blank\" rel=\"noreferrer noopener\">Partner\u016f<\/a><\/h3>\n<\/div><\/div>\n<\/div><\/div>\n\n\n\n<div class=\"ghostkit-col ghostkit-col-lg-12 ghostkit-col-4\"><div class=\"ghostkit-col-content is-layout-flow wp-block-ghostkit-grid-column-is-layout-flow\">\n<div class=\"ghostkit-counter-box ghostkit-custom-2li0Xr\"><div class=\"ghostkit-counter-box-number ghostkit-counter-box-number-align-top ghostkit-counter-box-number-top-align-center\"><div class=\"ghostkit-counter-box-number-wrap ghostkit-count-up\">6,5<\/div><\/div><div class=\"ghostkit-counter-box-content is-layout-flow wp-block-ghostkit-counter-box-is-layout-flow\">\n<h3 class=\"wp-block-heading has-text-align-center ghostkit-custom-ZE1mum\" id=\"satisfy\">Let<\/h3>\n<\/div><\/div>\n<\/div><\/div>\n<\/div><\/div>\n\n\n\n<h2 class=\"wp-block-heading\" id=\"h-\"><\/h2>\n\n\n\n<div class=\"wp-block-group is-nowrap is-layout-flex wp-container-core-group-is-layout-6c531013 wp-block-group-is-layout-flex\"><\/div>\n\n\n\n<div class=\"wp-block-group is-content-justification-left is-layout-constrained wp-container-core-group-is-layout-12dd3699 wp-block-group-is-layout-constrained\">\n<div class=\"wp-block-group is-layout-constrained wp-block-group-is-layout-constrained\">\n<div class=\"wp-block-group alignwide is-content-justification-right is-layout-constrained wp-container-core-group-is-layout-f1f2ed93 wp-block-group-is-layout-constrained\"><\/div>\n<\/div>\n<\/div>\n\n\n\n<p><\/p>\n\n\n\n<p><\/p>\n\n\n\n<div class=\"wp-block-group is-layout-constrained wp-block-group-is-layout-constrained\">\n<figure class=\"wp-block-image alignleft size-full is-resized is-style-default\"><a href=\"https:\/\/kpn.gov.pl\/projekt-ochrona-niepylaka-apollo-na-terenie-polski-czech-i-austrii\"><img data-recalc-dims=\"1\" loading=\"lazy\" decoding=\"async\" width=\"800\" height=\"304\" src=\"https:\/\/i0.wp.com\/parnassius-apollo.life\/wp-content\/uploads\/2026\/02\/NFOSiGW_logo_dofinansowanie_RGB_ENG.png?resize=800%2C304&#038;ssl=1\" alt=\"Projekt &quot;Ochrana parmy obecn\u00e9 (Parnassius apollo) v Polsku, \u010cesku a Rakousku&quot; (LIFE20 NAT\/PL\/000151)\nje spolufinancov\u00e1n St\u00e1tn\u00edm fondem \u017eivotn\u00edho prost\u0159ed\u00ed a vodn\u00edho hospod\u00e1\u0159stv\u00ed na z\u00e1klad\u011b smlouvy \u010d. 839\/2021\/Wn50\/OP-RE-LF\/D v r\u00e1mci prioritn\u00edho programu spolufinancov\u00e1n\u00ed LIFE.\" class=\"wp-image-10744\" style=\"aspect-ratio:2.6333170916571924;width:348px;height:auto\"\/><\/a><\/figure>\n<\/div>\n\n\n\n<p><em>Projekt &#8222;Ochrana parmy obecn\u00e9 (Parnassius apollo) v Polsku, \u010cesku a Rakousku&#8220; (LIFE20 NAT\/PL\/000151) je spolufinancov\u00e1n St\u00e1tn\u00edm fondem \u017eivotn\u00edho prost\u0159ed\u00ed a vodn\u00edho hospod\u00e1\u0159stv\u00ed na z\u00e1klad\u011b smlouvy \u010d. 839\/2021\/Wn50\/OP-RE-LF\/D v r\u00e1mci prioritn\u00edho programu spolufinancov\u00e1n\u00ed LIFE.<\/em><\/p>\n\n\n\n<p><\/p>\n","protected":false},"excerpt":{"rendered":"<p>\u00dadaje ze zdroj\u016f, jako je Evropsk\u00fd \u010derven\u00fd seznam mot\u00fdl\u016f, ukazuj\u00ed negativn\u00ed trendy v po\u010dtu hmyzu v Evrop\u011b, ve skute\u010dnosti v\u00edce<\/p>\n","protected":false},"author":33,"featured_media":0,"parent":0,"menu_order":0,"comment_status":"closed","ping_status":"closed","template":"","meta":{"colormag_page_container_layout":"default_layout","colormag_page_sidebar_layout":"default_layout","ghostkit_customizer_options":"","ghostkit_custom_css":"","ghostkit_custom_js_head":"","ghostkit_custom_js_foot":"","ghostkit_typography":"","jetpack_post_was_ever_published":false,"footnotes":""},"class_list":["post-4697","page","type-page","status-publish","hentry"],"yoast_head":"<!-- This site is optimized with the Yoast SEO Premium plugin v27.3 (Yoast SEO v27.3) - https:\/\/yoast.com\/product\/yoast-seo-premium-wordpress\/ -->\n<title>O projektu - Parnassius apollo project LIFE Apollo2020<\/title>\n<meta name=\"robots\" content=\"index, follow, max-snippet:-1, max-image-preview:large, max-video-preview:-1\" \/>\n<link rel=\"canonical\" href=\"https:\/\/parnassius-apollo.life\/cs\" \/>\n<meta property=\"og:locale\" content=\"cs_CZ\" \/>\n<meta property=\"og:type\" content=\"article\" \/>\n<meta property=\"og:title\" content=\"O projektu\" \/>\n<meta property=\"og:description\" content=\"\u00dadaje ze zdroj\u016f, jako je Evropsk\u00fd \u010derven\u00fd seznam mot\u00fdl\u016f, ukazuj\u00ed negativn\u00ed trendy v po\u010dtu hmyzu v Evrop\u011b, ve skute\u010dnosti v\u00edce\" \/>\n<meta property=\"og:url\" content=\"https:\/\/parnassius-apollo.life\/cs\" \/>\n<meta property=\"og:site_name\" content=\"Parnassius apollo project LIFE Apollo2020\" \/>\n<meta property=\"article:modified_time\" content=\"2026-02-13T01:47:36+00:00\" \/>\n<meta property=\"og:image\" content=\"https:\/\/parnassius-apollo.life\/wp-content\/uploads\/2026\/02\/NFOSiGW_logo_dofinansowanie_RGB_ENG.png\" \/>\n<meta name=\"twitter:card\" content=\"summary_large_image\" \/>\n<meta name=\"twitter:label1\" content=\"Odhadovan\u00e1 doba \u010dten\u00ed\" \/>\n\t<meta name=\"twitter:data1\" content=\"2 minuty\" \/>\n<script type=\"application\/ld+json\" class=\"yoast-schema-graph\">{\"@context\":\"https:\\\/\\\/schema.org\",\"@graph\":[{\"@type\":\"WebPage\",\"@id\":\"https:\\\/\\\/parnassius-apollo.life\\\/cs\",\"url\":\"https:\\\/\\\/parnassius-apollo.life\\\/cs\",\"name\":\"O projektu - Parnassius apollo project LIFE Apollo2020\",\"isPartOf\":{\"@id\":\"https:\\\/\\\/parnassius-apollo.life\\\/cs#website\"},\"primaryImageOfPage\":{\"@id\":\"https:\\\/\\\/parnassius-apollo.life\\\/cs#primaryimage\"},\"image\":{\"@id\":\"https:\\\/\\\/parnassius-apollo.life\\\/cs#primaryimage\"},\"thumbnailUrl\":\"https:\\\/\\\/parnassius-apollo.life\\\/wp-content\\\/uploads\\\/2026\\\/02\\\/NFOSiGW_logo_dofinansowanie_RGB_ENG.png\",\"datePublished\":\"2022-11-02T12:39:45+00:00\",\"dateModified\":\"2026-02-13T01:47:36+00:00\",\"breadcrumb\":{\"@id\":\"https:\\\/\\\/parnassius-apollo.life\\\/cs#breadcrumb\"},\"inLanguage\":\"cs\",\"potentialAction\":[{\"@type\":\"ReadAction\",\"target\":[\"https:\\\/\\\/parnassius-apollo.life\\\/cs\"]}]},{\"@type\":\"ImageObject\",\"inLanguage\":\"cs\",\"@id\":\"https:\\\/\\\/parnassius-apollo.life\\\/cs#primaryimage\",\"url\":\"https:\\\/\\\/parnassius-apollo.life\\\/wp-content\\\/uploads\\\/2026\\\/02\\\/NFOSiGW_logo_dofinansowanie_RGB_ENG.png\",\"contentUrl\":\"https:\\\/\\\/parnassius-apollo.life\\\/wp-content\\\/uploads\\\/2026\\\/02\\\/NFOSiGW_logo_dofinansowanie_RGB_ENG.png\"},{\"@type\":\"BreadcrumbList\",\"@id\":\"https:\\\/\\\/parnassius-apollo.life\\\/cs#breadcrumb\",\"itemListElement\":[{\"@type\":\"ListItem\",\"position\":1,\"name\":\"Home\",\"item\":\"https:\\\/\\\/parnassius-apollo.life\\\/cs\"},{\"@type\":\"ListItem\",\"position\":2,\"name\":\"O projektu\"}]},{\"@type\":\"WebSite\",\"@id\":\"https:\\\/\\\/parnassius-apollo.life\\\/cs#website\",\"url\":\"https:\\\/\\\/parnassius-apollo.life\\\/cs\",\"name\":\"Parnassius apollo project LIFE Apollo2020\",\"description\":\"Conservation of Parnassius apollo in Czechia, Poland and Austria\",\"publisher\":{\"@id\":\"https:\\\/\\\/parnassius-apollo.life\\\/cs#organization\"},\"potentialAction\":[{\"@type\":\"SearchAction\",\"target\":{\"@type\":\"EntryPoint\",\"urlTemplate\":\"https:\\\/\\\/parnassius-apollo.life\\\/cs?s={search_term_string}\"},\"query-input\":{\"@type\":\"PropertyValueSpecification\",\"valueRequired\":true,\"valueName\":\"search_term_string\"}}],\"inLanguage\":\"cs\"},{\"@type\":\"Organization\",\"@id\":\"https:\\\/\\\/parnassius-apollo.life\\\/cs#organization\",\"name\":\"LIFE Apollo 2020\",\"alternateName\":\"Parnassius Apollo LIFE Project\",\"url\":\"https:\\\/\\\/parnassius-apollo.life\\\/cs\",\"logo\":{\"@type\":\"ImageObject\",\"inLanguage\":\"cs\",\"@id\":\"https:\\\/\\\/parnassius-apollo.life\\\/cs#\\\/schema\\\/logo\\\/image\\\/\",\"url\":\"https:\\\/\\\/i0.wp.com\\\/parnassius-apollo.life\\\/wp-content\\\/uploads\\\/2022\\\/05\\\/LIFE_Apollo_Final-e1651506328254.png?fit=127%2C150&ssl=1\",\"contentUrl\":\"https:\\\/\\\/i0.wp.com\\\/parnassius-apollo.life\\\/wp-content\\\/uploads\\\/2022\\\/05\\\/LIFE_Apollo_Final-e1651506328254.png?fit=127%2C150&ssl=1\",\"width\":127,\"height\":150,\"caption\":\"LIFE Apollo 2020\"},\"image\":{\"@id\":\"https:\\\/\\\/parnassius-apollo.life\\\/cs#\\\/schema\\\/logo\\\/image\\\/\"},\"email\":\"info@apollo-2020.life\",\"legalName\":\"Karkonoski Park Narodowy\",\"numberOfEmployees\":{\"@type\":\"QuantitativeValue\",\"minValue\":\"51\",\"maxValue\":\"200\"}}]}<\/script>\n<!-- \/ Yoast SEO Premium plugin. -->","yoast_head_json":{"title":"O projektu - Parnassius apollo project LIFE Apollo2020","robots":{"index":"index","follow":"follow","max-snippet":"max-snippet:-1","max-image-preview":"max-image-preview:large","max-video-preview":"max-video-preview:-1"},"canonical":"https:\/\/parnassius-apollo.life\/cs","og_locale":"cs_CZ","og_type":"article","og_title":"O projektu","og_description":"\u00dadaje ze zdroj\u016f, jako je Evropsk\u00fd \u010derven\u00fd seznam mot\u00fdl\u016f, ukazuj\u00ed negativn\u00ed trendy v po\u010dtu hmyzu v Evrop\u011b, ve skute\u010dnosti v\u00edce","og_url":"https:\/\/parnassius-apollo.life\/cs","og_site_name":"Parnassius apollo project LIFE Apollo2020","article_modified_time":"2026-02-13T01:47:36+00:00","og_image":[{"url":"https:\/\/parnassius-apollo.life\/wp-content\/uploads\/2026\/02\/NFOSiGW_logo_dofinansowanie_RGB_ENG.png","type":"","width":"","height":""}],"twitter_card":"summary_large_image","twitter_misc":{"Odhadovan\u00e1 doba \u010dten\u00ed":"2 minuty"},"schema":{"@context":"https:\/\/schema.org","@graph":[{"@type":"WebPage","@id":"https:\/\/parnassius-apollo.life\/cs","url":"https:\/\/parnassius-apollo.life\/cs","name":"O projektu - Parnassius apollo project LIFE Apollo2020","isPartOf":{"@id":"https:\/\/parnassius-apollo.life\/cs#website"},"primaryImageOfPage":{"@id":"https:\/\/parnassius-apollo.life\/cs#primaryimage"},"image":{"@id":"https:\/\/parnassius-apollo.life\/cs#primaryimage"},"thumbnailUrl":"https:\/\/parnassius-apollo.life\/wp-content\/uploads\/2026\/02\/NFOSiGW_logo_dofinansowanie_RGB_ENG.png","datePublished":"2022-11-02T12:39:45+00:00","dateModified":"2026-02-13T01:47:36+00:00","breadcrumb":{"@id":"https:\/\/parnassius-apollo.life\/cs#breadcrumb"},"inLanguage":"cs","potentialAction":[{"@type":"ReadAction","target":["https:\/\/parnassius-apollo.life\/cs"]}]},{"@type":"ImageObject","inLanguage":"cs","@id":"https:\/\/parnassius-apollo.life\/cs#primaryimage","url":"https:\/\/parnassius-apollo.life\/wp-content\/uploads\/2026\/02\/NFOSiGW_logo_dofinansowanie_RGB_ENG.png","contentUrl":"https:\/\/parnassius-apollo.life\/wp-content\/uploads\/2026\/02\/NFOSiGW_logo_dofinansowanie_RGB_ENG.png"},{"@type":"BreadcrumbList","@id":"https:\/\/parnassius-apollo.life\/cs#breadcrumb","itemListElement":[{"@type":"ListItem","position":1,"name":"Home","item":"https:\/\/parnassius-apollo.life\/cs"},{"@type":"ListItem","position":2,"name":"O projektu"}]},{"@type":"WebSite","@id":"https:\/\/parnassius-apollo.life\/cs#website","url":"https:\/\/parnassius-apollo.life\/cs","name":"Parnassius apollo project LIFE Apollo2020","description":"Conservation of Parnassius apollo in Czechia, Poland and Austria","publisher":{"@id":"https:\/\/parnassius-apollo.life\/cs#organization"},"potentialAction":[{"@type":"SearchAction","target":{"@type":"EntryPoint","urlTemplate":"https:\/\/parnassius-apollo.life\/cs?s={search_term_string}"},"query-input":{"@type":"PropertyValueSpecification","valueRequired":true,"valueName":"search_term_string"}}],"inLanguage":"cs"},{"@type":"Organization","@id":"https:\/\/parnassius-apollo.life\/cs#organization","name":"LIFE Apollo 2020","alternateName":"Parnassius Apollo LIFE Project","url":"https:\/\/parnassius-apollo.life\/cs","logo":{"@type":"ImageObject","inLanguage":"cs","@id":"https:\/\/parnassius-apollo.life\/cs#\/schema\/logo\/image\/","url":"https:\/\/i0.wp.com\/parnassius-apollo.life\/wp-content\/uploads\/2022\/05\/LIFE_Apollo_Final-e1651506328254.png?fit=127%2C150&ssl=1","contentUrl":"https:\/\/i0.wp.com\/parnassius-apollo.life\/wp-content\/uploads\/2022\/05\/LIFE_Apollo_Final-e1651506328254.png?fit=127%2C150&ssl=1","width":127,"height":150,"caption":"LIFE Apollo 2020"},"image":{"@id":"https:\/\/parnassius-apollo.life\/cs#\/schema\/logo\/image\/"},"email":"info@apollo-2020.life","legalName":"Karkonoski Park Narodowy","numberOfEmployees":{"@type":"QuantitativeValue","minValue":"51","maxValue":"200"}}]}},"jetpack_likes_enabled":true,"jetpack_sharing_enabled":true,"_links":{"self":[{"href":"https:\/\/parnassius-apollo.life\/cs\/wp-json\/wp\/v2\/pages\/4697","targetHints":{"allow":["GET"]}}],"collection":[{"href":"https:\/\/parnassius-apollo.life\/cs\/wp-json\/wp\/v2\/pages"}],"about":[{"href":"https:\/\/parnassius-apollo.life\/cs\/wp-json\/wp\/v2\/types\/page"}],"author":[{"embeddable":true,"href":"https:\/\/parnassius-apollo.life\/cs\/wp-json\/wp\/v2\/users\/33"}],"replies":[{"embeddable":true,"href":"https:\/\/parnassius-apollo.life\/cs\/wp-json\/wp\/v2\/comments?post=4697"}],"version-history":[{"count":35,"href":"https:\/\/parnassius-apollo.life\/cs\/wp-json\/wp\/v2\/pages\/4697\/revisions"}],"predecessor-version":[{"id":10924,"href":"https:\/\/parnassius-apollo.life\/cs\/wp-json\/wp\/v2\/pages\/4697\/revisions\/10924"}],"wp:attachment":[{"href":"https:\/\/parnassius-apollo.life\/cs\/wp-json\/wp\/v2\/media?parent=4697"}],"curies":[{"name":"wp","href":"https:\/\/api.w.org\/{rel}","templated":true}]}}