{"id":10589,"date":"2025-09-08T15:20:13","date_gmt":"2025-09-08T13:20:13","guid":{"rendered":"https:\/\/parnassius-apollo.life\/?page_id=10589"},"modified":"2025-09-08T15:21:45","modified_gmt":"2025-09-08T13:21:45","slug":"ceska-republika","status":"publish","type":"page","link":"https:\/\/parnassius-apollo.life\/cs\/ceska-republika","title":{"rendered":"\u010cesk\u00e1 republika"},"content":{"rendered":"\n<h3 class=\"wp-block-heading\" id=\"h-followapollo-with-citizen-science\">#followapollo s ob\u010danskou v\u011bdou<\/h3>\n\n<p>Pro \u00fasp\u011bch projektu je nezbytn\u00e9, abychom p\u0159esn\u011b v\u011bd\u011bli, kde se mot\u00fdl ok\u00e1\u010d rudook\u00fd (Apollo) v na\u0161ich projektov\u00fdch zem\u00edch Rakousku, Polsku a \u010cesk\u00e9 republice vyskytuje a kde jsou pro n\u011bj vhodn\u00e1 stanovi\u0161t\u011b. Proto\u017ee mnoh\u00e9 o\u010di vid\u00ed l\u00e9pe ne\u017e o\u010di projektov\u00e9ho t\u00fdmu, je nyn\u00ed \u0159ada na v\u00e1s.   <strong>Pomozte n\u00e1m shrom\u00e1\u017edit \u00fadaje o jasanu a jeho \u017eivn\u00fdch rostlin\u00e1ch!<\/strong><\/p>\n\n<h3 class=\"wp-block-heading\" id=\"h-where-to-look-for-parnassius-apollo\">Kde hledat Parnassius Apollo?<\/h3>\n\n<p><em>Parnassius apollo<\/em> je mot\u00fdl m\u00edrn\u00e9ho p\u00e1sma. Je to typick\u00fd horsk\u00fd druh, kter\u00fd d\u00e1v\u00e1 p\u0159ednost <strong>louk\u00e1m a pastvin\u00e1m v hor\u00e1ch kontinent\u00e1ln\u00ed Evropy a Asie<\/strong>. Obvykle se vyskytuje v <strong>pom\u011brn\u011b vysok\u00fdch nadmo\u0159sk\u00fdch v\u00fd\u0161k\u00e1ch<\/strong> (od 400 do 2300 m n. m.).    <\/p>\n\n<h3 class=\"wp-block-heading\" id=\"h-which-plants-to-look-for\">Jak\u00e9 rostliny hledat?<\/h3>\n\n<ul class=\"wp-block-list\">\n<li><em>Rhodiola rosea (Rhodiola rosea)<\/em><\/li>\n\n\n\n<li><em>Sedum acre (Sedum acre)<\/em><\/li>\n\n\n\n<li><em>Jovibarba globifera (Jovibarba globifera)<\/em><\/li>\n\n\n\n<li><em>Sedum maximum (Sedum maximum)<\/em><\/li>\n\n\n\n<li><em>Sedum alpestre<\/em><\/li>\n\n\n\n<li><em>rozchodn\u00edk b\u00edl\u00fd (Sedum album)<\/em><\/li>\n<\/ul>\n\n<p><\/p>\n\n<h3 class=\"wp-block-heading\" id=\"h-what-to-do-with-your-observations\">Jak nalo\u017eit se sv\u00fdmi pozorov\u00e1n\u00edmi?<\/h3>\n\n<p>Vyfo\u0165te a zapojte se do na\u0161eho projektu na <a href=\"https:\/\/www.inaturalist.org\">iNaturalist<\/a> &#8211; vyhledejte zde <strong>LIFE Citizen Science for <em>Parnassis apollo<\/em><\/strong> a zve\u0159ejn\u011bte zde sv\u00e1 pozorov\u00e1n\u00ed. T\u00edmto zp\u016fsobem m\u016f\u017eeme shrom\u00e1\u017edit \u00fadaje od v\u0161ech p\u0159isp\u011bvatel\u016f ze t\u0159\u00ed zem\u00ed na jednom m\u00edst\u011b, co\u017e n\u00e1m n\u00e1sledn\u011b umo\u017en\u00ed jejich vyhodnocen\u00ed.   <\/p>\n\n<p>D\u011bkujeme v\u00e1m za v\u00e1\u0161 cenn\u00fd p\u0159\u00edsp\u011bvek!<\/p>\n\n<figure class=\"wp-block-image size-full\"><img data-recalc-dims=\"1\" loading=\"lazy\" decoding=\"async\" width=\"800\" height=\"600\" src=\"https:\/\/i0.wp.com\/parnassius-apollo.life\/wp-content\/uploads\/2022\/09\/IMG_20220623_143343.jpg?resize=800%2C600&#038;ssl=1\" alt=\"\" class=\"wp-image-3563\"\/><\/figure>\n\n<p><\/p>\n\n<h3 class=\"wp-block-heading\" id=\"h-what-is-citizen-science\">CO JE OB\u010cANSK\u00c1 V\u011aDA?<\/h3>\n\n<p>Ob\u010dansk\u00e1 v\u011bda (\u010dasto se m\u016f\u017eete setkat s anglick\u00fdm Citizen science) je zapojen\u00ed ve\u0159ejnosti do v\u011bdeck\u00e9ho v\u00fdzkumu s c\u00edlem roz\u0161\u00ed\u0159it v\u011bdeck\u00e9 pozn\u00e1n\u00ed. Prost\u0159ednictv\u00edm ob\u010dansk\u00e9 v\u011bdy se lid\u00e9 mohou pod\u00edlet na mnoha f\u00e1z\u00edch v\u011bdeck\u00e9ho procesu, od n\u00e1vrhu v\u00fdzkumn\u00e9 ot\u00e1zky, p\u0159es sb\u011br a mapov\u00e1n\u00ed dat a\u017e po interpretaci, anal\u00fdzu dat a zve\u0159ejn\u011bn\u00ed a \u0161\u00ed\u0159en\u00ed v\u00fdsledk\u016f.   <\/p>\n\n<p>A\u010dkoli je ob\u010dansk\u00e1 v\u011bda pom\u011brn\u011b nov\u00fdm konceptem, mnoho lid\u00ed se do v\u011bdeck\u00e9ho v\u00fdzkumu zapojuje ji\u017e mnoho let. Dostupnost internetu a rychl\u00fd rozvoj chytr\u00fdch telefon\u016f usnadnily sd\u00edlen\u00ed informac\u00ed. Ve\u0159ejnost vyzbrojen\u00e1 chytr\u00fdmi telefony, kter\u00e9 maj\u00ed zabudovan\u00e9 p\u0159ij\u00edma\u010de sign\u00e1lu GPS, m\u016f\u017ee v re\u00e1ln\u00e9m \u010dase poskytovat informace o zem\u011bpisn\u00e9 poloze druh\u016f a nejr\u016fzn\u011bj\u0161\u00edch situac\u00edch. Ka\u017ed\u00fd den vznikaj\u00ed nov\u00e9 s\u00edt\u011b a komunity zainteresovan\u00fdch ob\u010dansk\u00fdch v\u011bdc\u016f, kte\u0159\u00ed se cht\u011bj\u00ed dozv\u011bd\u011bt v\u00edce o sv\u011bt\u011b a o tom, jak mohou prost\u0159ednictv\u00edm ob\u010dansk\u00e9 v\u011bdy p\u0159isp\u011bt k jeho dal\u0161\u00edmu pozn\u00e1n\u00ed.     <\/p>\n\n<p><em><strong>Ur\u010den\u00ed n\u011bkter\u00fdch rozchodn\u00edk\u016f rostouc\u00edch v p\u0159\u00edrod\u011b je \u010dasto obt\u00ed\u017en\u00e9 a ne ka\u017ed\u00fd takov\u00fd rozchodn\u00edk lze spolehliv\u011b ur\u010dit.<\/strong><\/em><\/p>\n","protected":false},"excerpt":{"rendered":"<p>#followapollo s ob\u010danskou v\u011bdou Pro \u00fasp\u011bch projektu je nezbytn\u00e9, abychom p\u0159esn\u011b v\u011bd\u011bli, kde se mot\u00fdl ok\u00e1\u010d rudook\u00fd (Apollo) v na\u0161ich<\/p>\n","protected":false},"author":1,"featured_media":0,"parent":0,"menu_order":0,"comment_status":"closed","ping_status":"closed","template":"","meta":{"colormag_page_container_layout":"default_layout","colormag_page_sidebar_layout":"default_layout","ghostkit_customizer_options":"","ghostkit_custom_css":"","ghostkit_custom_js_head":"","ghostkit_custom_js_foot":"","ghostkit_typography":"","jetpack_post_was_ever_published":false,"footnotes":""},"class_list":["post-10589","page","type-page","status-publish","hentry"],"yoast_head":"<!-- This site is optimized with the Yoast SEO Premium plugin v27.3 (Yoast SEO v27.3) - https:\/\/yoast.com\/product\/yoast-seo-premium-wordpress\/ -->\n<title>\u010cesk\u00e1 republika - Parnassius apollo project LIFE Apollo2020<\/title>\n<meta name=\"robots\" content=\"index, follow, max-snippet:-1, max-image-preview:large, max-video-preview:-1\" \/>\n<link rel=\"canonical\" href=\"https:\/\/parnassius-apollo.life\/cs\/ceska-republika\" \/>\n<meta property=\"og:locale\" content=\"cs_CZ\" \/>\n<meta property=\"og:type\" content=\"article\" \/>\n<meta property=\"og:title\" content=\"\u010cesk\u00e1 republika\" \/>\n<meta property=\"og:description\" content=\"#followapollo s ob\u010danskou v\u011bdou Pro \u00fasp\u011bch projektu je nezbytn\u00e9, abychom p\u0159esn\u011b v\u011bd\u011bli, kde se mot\u00fdl ok\u00e1\u010d rudook\u00fd (Apollo) v na\u0161ich\" \/>\n<meta property=\"og:url\" content=\"https:\/\/parnassius-apollo.life\/cs\/ceska-republika\" \/>\n<meta property=\"og:site_name\" content=\"Parnassius apollo project LIFE Apollo2020\" \/>\n<meta property=\"article:modified_time\" content=\"2025-09-08T13:21:45+00:00\" \/>\n<meta property=\"og:image\" content=\"https:\/\/parnassius-apollo.life\/wp-content\/uploads\/2022\/09\/IMG_20220623_143343.jpg\" \/>\n<meta name=\"twitter:card\" content=\"summary_large_image\" \/>\n<meta name=\"twitter:label1\" content=\"Odhadovan\u00e1 doba \u010dten\u00ed\" \/>\n\t<meta name=\"twitter:data1\" content=\"2 minuty\" \/>\n<script type=\"application\/ld+json\" class=\"yoast-schema-graph\">{\"@context\":\"https:\\\/\\\/schema.org\",\"@graph\":[{\"@type\":\"WebPage\",\"@id\":\"https:\\\/\\\/parnassius-apollo.life\\\/cs\\\/ceska-republika\",\"url\":\"https:\\\/\\\/parnassius-apollo.life\\\/cs\\\/ceska-republika\",\"name\":\"\u010cesk\u00e1 republika - Parnassius apollo project LIFE Apollo2020\",\"isPartOf\":{\"@id\":\"https:\\\/\\\/parnassius-apollo.life\\\/cs#website\"},\"primaryImageOfPage\":{\"@id\":\"https:\\\/\\\/parnassius-apollo.life\\\/cs\\\/ceska-republika#primaryimage\"},\"image\":{\"@id\":\"https:\\\/\\\/parnassius-apollo.life\\\/cs\\\/ceska-republika#primaryimage\"},\"thumbnailUrl\":\"https:\\\/\\\/parnassius-apollo.life\\\/wp-content\\\/uploads\\\/2022\\\/09\\\/IMG_20220623_143343.jpg\",\"datePublished\":\"2025-09-08T13:20:13+00:00\",\"dateModified\":\"2025-09-08T13:21:45+00:00\",\"breadcrumb\":{\"@id\":\"https:\\\/\\\/parnassius-apollo.life\\\/cs\\\/ceska-republika#breadcrumb\"},\"inLanguage\":\"cs\",\"potentialAction\":[{\"@type\":\"ReadAction\",\"target\":[\"https:\\\/\\\/parnassius-apollo.life\\\/cs\\\/ceska-republika\"]}]},{\"@type\":\"ImageObject\",\"inLanguage\":\"cs\",\"@id\":\"https:\\\/\\\/parnassius-apollo.life\\\/cs\\\/ceska-republika#primaryimage\",\"url\":\"https:\\\/\\\/parnassius-apollo.life\\\/wp-content\\\/uploads\\\/2022\\\/09\\\/IMG_20220623_143343.jpg\",\"contentUrl\":\"https:\\\/\\\/parnassius-apollo.life\\\/wp-content\\\/uploads\\\/2022\\\/09\\\/IMG_20220623_143343.jpg\"},{\"@type\":\"BreadcrumbList\",\"@id\":\"https:\\\/\\\/parnassius-apollo.life\\\/cs\\\/ceska-republika#breadcrumb\",\"itemListElement\":[{\"@type\":\"ListItem\",\"position\":1,\"name\":\"Home\",\"item\":\"https:\\\/\\\/parnassius-apollo.life\\\/cs\"},{\"@type\":\"ListItem\",\"position\":2,\"name\":\"\u010cesk\u00e1 republika\"}]},{\"@type\":\"WebSite\",\"@id\":\"https:\\\/\\\/parnassius-apollo.life\\\/cs#website\",\"url\":\"https:\\\/\\\/parnassius-apollo.life\\\/cs\",\"name\":\"Parnassius apollo project LIFE Apollo2020\",\"description\":\"Conservation of Parnassius apollo in Czechia, Poland and Austria\",\"publisher\":{\"@id\":\"https:\\\/\\\/parnassius-apollo.life\\\/cs#organization\"},\"potentialAction\":[{\"@type\":\"SearchAction\",\"target\":{\"@type\":\"EntryPoint\",\"urlTemplate\":\"https:\\\/\\\/parnassius-apollo.life\\\/cs?s={search_term_string}\"},\"query-input\":{\"@type\":\"PropertyValueSpecification\",\"valueRequired\":true,\"valueName\":\"search_term_string\"}}],\"inLanguage\":\"cs\"},{\"@type\":\"Organization\",\"@id\":\"https:\\\/\\\/parnassius-apollo.life\\\/cs#organization\",\"name\":\"LIFE Apollo 2020\",\"alternateName\":\"Parnassius Apollo LIFE Project\",\"url\":\"https:\\\/\\\/parnassius-apollo.life\\\/cs\",\"logo\":{\"@type\":\"ImageObject\",\"inLanguage\":\"cs\",\"@id\":\"https:\\\/\\\/parnassius-apollo.life\\\/cs#\\\/schema\\\/logo\\\/image\\\/\",\"url\":\"https:\\\/\\\/i0.wp.com\\\/parnassius-apollo.life\\\/wp-content\\\/uploads\\\/2022\\\/05\\\/LIFE_Apollo_Final-e1651506328254.png?fit=127%2C150&ssl=1\",\"contentUrl\":\"https:\\\/\\\/i0.wp.com\\\/parnassius-apollo.life\\\/wp-content\\\/uploads\\\/2022\\\/05\\\/LIFE_Apollo_Final-e1651506328254.png?fit=127%2C150&ssl=1\",\"width\":127,\"height\":150,\"caption\":\"LIFE Apollo 2020\"},\"image\":{\"@id\":\"https:\\\/\\\/parnassius-apollo.life\\\/cs#\\\/schema\\\/logo\\\/image\\\/\"},\"email\":\"info@apollo-2020.life\",\"legalName\":\"Karkonoski Park Narodowy\",\"numberOfEmployees\":{\"@type\":\"QuantitativeValue\",\"minValue\":\"51\",\"maxValue\":\"200\"}}]}<\/script>\n<!-- \/ Yoast SEO Premium plugin. -->","yoast_head_json":{"title":"\u010cesk\u00e1 republika - Parnassius apollo project LIFE Apollo2020","robots":{"index":"index","follow":"follow","max-snippet":"max-snippet:-1","max-image-preview":"max-image-preview:large","max-video-preview":"max-video-preview:-1"},"canonical":"https:\/\/parnassius-apollo.life\/cs\/ceska-republika","og_locale":"cs_CZ","og_type":"article","og_title":"\u010cesk\u00e1 republika","og_description":"#followapollo s ob\u010danskou v\u011bdou Pro \u00fasp\u011bch projektu je nezbytn\u00e9, abychom p\u0159esn\u011b v\u011bd\u011bli, kde se mot\u00fdl ok\u00e1\u010d rudook\u00fd (Apollo) v na\u0161ich","og_url":"https:\/\/parnassius-apollo.life\/cs\/ceska-republika","og_site_name":"Parnassius apollo project LIFE Apollo2020","article_modified_time":"2025-09-08T13:21:45+00:00","og_image":[{"url":"https:\/\/parnassius-apollo.life\/wp-content\/uploads\/2022\/09\/IMG_20220623_143343.jpg","type":"","width":"","height":""}],"twitter_card":"summary_large_image","twitter_misc":{"Odhadovan\u00e1 doba \u010dten\u00ed":"2 minuty"},"schema":{"@context":"https:\/\/schema.org","@graph":[{"@type":"WebPage","@id":"https:\/\/parnassius-apollo.life\/cs\/ceska-republika","url":"https:\/\/parnassius-apollo.life\/cs\/ceska-republika","name":"\u010cesk\u00e1 republika - Parnassius apollo project LIFE Apollo2020","isPartOf":{"@id":"https:\/\/parnassius-apollo.life\/cs#website"},"primaryImageOfPage":{"@id":"https:\/\/parnassius-apollo.life\/cs\/ceska-republika#primaryimage"},"image":{"@id":"https:\/\/parnassius-apollo.life\/cs\/ceska-republika#primaryimage"},"thumbnailUrl":"https:\/\/parnassius-apollo.life\/wp-content\/uploads\/2022\/09\/IMG_20220623_143343.jpg","datePublished":"2025-09-08T13:20:13+00:00","dateModified":"2025-09-08T13:21:45+00:00","breadcrumb":{"@id":"https:\/\/parnassius-apollo.life\/cs\/ceska-republika#breadcrumb"},"inLanguage":"cs","potentialAction":[{"@type":"ReadAction","target":["https:\/\/parnassius-apollo.life\/cs\/ceska-republika"]}]},{"@type":"ImageObject","inLanguage":"cs","@id":"https:\/\/parnassius-apollo.life\/cs\/ceska-republika#primaryimage","url":"https:\/\/parnassius-apollo.life\/wp-content\/uploads\/2022\/09\/IMG_20220623_143343.jpg","contentUrl":"https:\/\/parnassius-apollo.life\/wp-content\/uploads\/2022\/09\/IMG_20220623_143343.jpg"},{"@type":"BreadcrumbList","@id":"https:\/\/parnassius-apollo.life\/cs\/ceska-republika#breadcrumb","itemListElement":[{"@type":"ListItem","position":1,"name":"Home","item":"https:\/\/parnassius-apollo.life\/cs"},{"@type":"ListItem","position":2,"name":"\u010cesk\u00e1 republika"}]},{"@type":"WebSite","@id":"https:\/\/parnassius-apollo.life\/cs#website","url":"https:\/\/parnassius-apollo.life\/cs","name":"Parnassius apollo project LIFE Apollo2020","description":"Conservation of Parnassius apollo in Czechia, Poland and Austria","publisher":{"@id":"https:\/\/parnassius-apollo.life\/cs#organization"},"potentialAction":[{"@type":"SearchAction","target":{"@type":"EntryPoint","urlTemplate":"https:\/\/parnassius-apollo.life\/cs?s={search_term_string}"},"query-input":{"@type":"PropertyValueSpecification","valueRequired":true,"valueName":"search_term_string"}}],"inLanguage":"cs"},{"@type":"Organization","@id":"https:\/\/parnassius-apollo.life\/cs#organization","name":"LIFE Apollo 2020","alternateName":"Parnassius Apollo LIFE Project","url":"https:\/\/parnassius-apollo.life\/cs","logo":{"@type":"ImageObject","inLanguage":"cs","@id":"https:\/\/parnassius-apollo.life\/cs#\/schema\/logo\/image\/","url":"https:\/\/i0.wp.com\/parnassius-apollo.life\/wp-content\/uploads\/2022\/05\/LIFE_Apollo_Final-e1651506328254.png?fit=127%2C150&ssl=1","contentUrl":"https:\/\/i0.wp.com\/parnassius-apollo.life\/wp-content\/uploads\/2022\/05\/LIFE_Apollo_Final-e1651506328254.png?fit=127%2C150&ssl=1","width":127,"height":150,"caption":"LIFE Apollo 2020"},"image":{"@id":"https:\/\/parnassius-apollo.life\/cs#\/schema\/logo\/image\/"},"email":"info@apollo-2020.life","legalName":"Karkonoski Park Narodowy","numberOfEmployees":{"@type":"QuantitativeValue","minValue":"51","maxValue":"200"}}]}},"jetpack_likes_enabled":true,"jetpack_sharing_enabled":true,"_links":{"self":[{"href":"https:\/\/parnassius-apollo.life\/cs\/wp-json\/wp\/v2\/pages\/10589","targetHints":{"allow":["GET"]}}],"collection":[{"href":"https:\/\/parnassius-apollo.life\/cs\/wp-json\/wp\/v2\/pages"}],"about":[{"href":"https:\/\/parnassius-apollo.life\/cs\/wp-json\/wp\/v2\/types\/page"}],"author":[{"embeddable":true,"href":"https:\/\/parnassius-apollo.life\/cs\/wp-json\/wp\/v2\/users\/1"}],"replies":[{"embeddable":true,"href":"https:\/\/parnassius-apollo.life\/cs\/wp-json\/wp\/v2\/comments?post=10589"}],"version-history":[{"count":1,"href":"https:\/\/parnassius-apollo.life\/cs\/wp-json\/wp\/v2\/pages\/10589\/revisions"}],"predecessor-version":[{"id":10590,"href":"https:\/\/parnassius-apollo.life\/cs\/wp-json\/wp\/v2\/pages\/10589\/revisions\/10590"}],"wp:attachment":[{"href":"https:\/\/parnassius-apollo.life\/cs\/wp-json\/wp\/v2\/media?parent=10589"}],"curies":[{"name":"wp","href":"https:\/\/api.w.org\/{rel}","templated":true}]}}